{"id":29079,"date":"2022-09-30T16:08:07","date_gmt":"2022-09-30T09:08:07","guid":{"rendered":"https:\/\/havamall.vn\/?post_type=product&#038;p=29079"},"modified":"2022-11-21T09:50:57","modified_gmt":"2022-11-21T02:50:57","slug":"bo-suu-tap-tra-trai-cay-va-thao-moc-thuong-hang-richard-348g-fruit-herbal-tea-selection","status":"publish","type":"product","link":"https:\/\/havamall.vn\/en\/shop\/bo-suu-tap-tra-trai-cay-va-thao-moc-thuong-hang-richard-348g-fruit-herbal-tea-selection\/","title":{"rendered":"B\u1ed9 S\u01b0u T\u1eadp Tr\u00e0 Tr\u00e1i C\u00e2y V\u00e0 Th\u1ea3o M\u1ed9c Th\u01b0\u1ee3ng H\u1ea1ng Richard 34,8g &#8211; Fruit &amp; Herbal Tea Selection"},"content":{"rendered":"<p>Ra m\u1eaft th\u1ecb tr\u01b0\u1eddng v\u00e0o n\u0103m 2014, Richard nhanh ch\u00f3ng t\u1ea1o \u0111\u01b0\u1ee3c s\u1ef1 y\u00eau th\u00edch v\u00e0 quan t\u00e2m v\u1edbi ng\u01b0\u1eddi d\u00f9ng. C\u00e1c d\u00f2ng tr\u00e0 c\u1ee7a Richard r\u1ea5t phong ph\u00fa: tr\u00e0 c\u1ed5 \u0111i\u1ec3n ho\u1eb7c c\u00e1c lo\u1ea1i tr\u00e0 k\u1ebft h\u1ee3p c\u0169ng \u0111\u01b0\u1ee3c \u0111\u1ea7u t\u01b0 th\u1eed nghi\u1ec7m v\u00e0 s\u1ea3n xu\u1ea5t.<\/p>\n<p>Tr\u00e0 RICHARD l\u00e0 th\u01b0\u01a1ng hi\u1ec7u tr\u00e0 ho\u00e0ng gia n\u1ed5i ti\u1ebfng th\u1ebf gi\u1edbi. N\u00f3 l\u00e0 m\u1ed9t trong nh\u1eefng lo\u1ea1i tr\u00e0 \u0111\u01b0\u1ee3c \u01b0a chu\u1ed9ng b\u1eadc nh\u1ea5t Ch\u00e2u \u00c2u. M\u1ed7i t\u00e1ch tr\u00e0 RICHARD \u0111\u01b0\u1ee3c coi nh\u01b0 bi\u1ec3u t\u01b0\u1ee3ng c\u1ee7a phong c\u00e1ch s\u1ed1ng ho\u00e0ng gia \u0111\u1ea7y tao nh\u00e3.<\/p>\n<p>To\u00e0n b\u1ed9 qu\u00e1 tr\u00ecnh t\u1eeb kh\u00e2u tr\u1ed3ng tr\u00e0, cho \u0111\u1ebfn l\u00fac s\u1ea3n ph\u1ea9m t\u1edbi tay ng\u01b0\u1eddi ti\u00eau d\u00f9ng \u0111\u1ec1u \u0111\u01b0\u1ee3c NSX ki\u1ec3m so\u00e1t r\u1ea5t ch\u1eb7t ch\u1ebd \u0111\u1ec3 lu\u00f4n \u0111\u1ea3m b\u1ea3o \u0111\u01b0\u1ee3c ch\u1ea5t l\u01b0\u1ee3ng tr\u00e0 v\u00e0 th\u01b0\u01a1ng hi\u1ec7u.<\/p>\n<p><img fetchpriority=\"high\" decoding=\"async\" class=\"wp-image-29055 aligncenter\" src=\"https:\/\/havamall.vn\/wp-content\/uploads\/2022\/09\/281797868_427165512583168_5307860618885275391_n-300x169.png\" alt=\"\" width=\"611\" height=\"344\" srcset=\"https:\/\/havamall.vn\/wp-content\/uploads\/2022\/09\/281797868_427165512583168_5307860618885275391_n-300x169.png 300w, https:\/\/havamall.vn\/wp-content\/uploads\/2022\/09\/281797868_427165512583168_5307860618885275391_n-430x242.png 430w, https:\/\/havamall.vn\/wp-content\/uploads\/2022\/09\/281797868_427165512583168_5307860618885275391_n-150x84.png 150w, https:\/\/havamall.vn\/wp-content\/uploads\/2022\/09\/281797868_427165512583168_5307860618885275391_n-700x394.png 700w, https:\/\/havamall.vn\/wp-content\/uploads\/2022\/09\/281797868_427165512583168_5307860618885275391_n-768x432.png 768w, https:\/\/havamall.vn\/wp-content\/uploads\/2022\/09\/281797868_427165512583168_5307860618885275391_n-1024x576.png 1024w, https:\/\/havamall.vn\/wp-content\/uploads\/2022\/09\/281797868_427165512583168_5307860618885275391_n-1200x675.png 1200w, https:\/\/havamall.vn\/wp-content\/uploads\/2022\/09\/281797868_427165512583168_5307860618885275391_n-600x338.png 600w, https:\/\/havamall.vn\/wp-content\/uploads\/2022\/09\/281797868_427165512583168_5307860618885275391_n.png 1920w\" sizes=\"(max-width: 611px) 100vw, 611px\" \/><\/p>\n<p>M\u1ed9t b\u1ed9 s\u01b0u t\u1eadp c\u00e1c h\u01b0\u01a1ng v\u1ecb tr\u00e0 tr\u00e1i c\u00e2y v\u00e0 th\u1ea3o m\u1ed9c ph\u1ed5 bi\u1ebfn c\u1ee7a tr\u00e0 \u0111en v\u00e0 tr\u00e0 xanh RICHARD Fruit &amp; Herbal Tea Selection \u1edf d\u1ea1ng g\u00f3i ti\u1ec7n l\u1ee3i. M\u1ed9i lo\u1ea1i 5 h\u01b0\u01a1ng v\u1ecb v\u1edbi 4 g\u00f3i s\u1ebd cho ph\u00e9p b\u1ea1n th\u1eed t\u1ea5t c\u1ea3 c\u00e1c lo\u1ea1i tr\u00e0 v\u00e0 t\u00ecm th\u1ea5y lo\u1ea1i y\u00eau th\u00edch c\u1ee7a m\u00ecnh m\u00e0 kh\u00f4ng c\u1ea7n mua g\u00f3i k\u00edch th\u01b0\u1edbc \u0111\u1ea7y \u0111\u1ee7.<\/p>\n<p>To\u00e0n b\u1ed9 qu\u00e1 tr\u00ecnh t\u1eeb kh\u00e2u tr\u1ed3ng tr\u00e0, cho \u0111\u1ebfn l\u00fac s\u1ea3n ph\u1ea9m t\u1edbi tay ng\u01b0\u1eddi ti\u00eau d\u00f9ng \u0111\u1ec1u \u0111\u01b0\u1ee3c NSX ki\u1ec3m so\u00e1t r\u1ea5t ch\u1eb7t ch\u1ebd \u0111\u1ec3 lu\u00f4n \u0111\u1ea3m b\u1ea3o \u0111\u01b0\u1ee3c ch\u1ea5t l\u01b0\u1ee3ng tr\u00e0 v\u00e0 th\u01b0\u01a1ng hi\u1ec7u.<\/p>\n<p><img decoding=\"async\" class=\"wp-image-29057 aligncenter\" src=\"https:\/\/havamall.vn\/wp-content\/uploads\/2022\/09\/52240622376_e209c78a1e_o-1-213x300.jpg\" alt=\"\" width=\"617\" height=\"869\" srcset=\"https:\/\/havamall.vn\/wp-content\/uploads\/2022\/09\/52240622376_e209c78a1e_o-1-213x300.jpg 213w, https:\/\/havamall.vn\/wp-content\/uploads\/2022\/09\/52240622376_e209c78a1e_o-1-430x605.jpg 430w, https:\/\/havamall.vn\/wp-content\/uploads\/2022\/09\/52240622376_e209c78a1e_o-1-150x211.jpg 150w, https:\/\/havamall.vn\/wp-content\/uploads\/2022\/09\/52240622376_e209c78a1e_o-1-700x986.jpg 700w, https:\/\/havamall.vn\/wp-content\/uploads\/2022\/09\/52240622376_e209c78a1e_o-1-768x1081.jpg 768w, https:\/\/havamall.vn\/wp-content\/uploads\/2022\/09\/52240622376_e209c78a1e_o-1-727x1024.jpg 727w, https:\/\/havamall.vn\/wp-content\/uploads\/2022\/09\/52240622376_e209c78a1e_o-1-600x845.jpg 600w, https:\/\/havamall.vn\/wp-content\/uploads\/2022\/09\/52240622376_e209c78a1e_o-1.jpg 1000w\" sizes=\"(max-width: 617px) 100vw, 617px\" \/><\/p>\n<p>Tr\u00e0 Richard \u01b0\u1ee3c l\u1ef1a ch\u1ecdn c\u1ea9n th\u1eadn t\u1eeb c\u00e1c n\u00f4ng tr\u1ea1i tr\u00ean kh\u1eafp th\u1ebf gi\u1edbi. H\u01b0\u01a1ng v\u1ecb c\u1ee7a tr\u00e0 d\u1ef1a tr\u00ean c\u00f4ng th\u1ee9c c\u1ed5 \u0111i\u1ec3n c\u1ee7a Ng\u01b0\u1eddi Anh. T\u1eebng g\u00f3i tr\u00e0 mang t\u1edbi phong c\u00e1ch c\u1ee7a Ho\u00e0ng Gia Anh.<\/p>\n<p>V\u1edbi nh\u1eefng ai l\u00e0 fan c\u1ee7a th\u01b0\u01a1ng hi\u1ec7u tr\u00e0 n\u00e0y th\u00ec ch\u1eafc kh\u00f4ng c\u00f2n g\u00ec \u0111\u1ec3 b\u00e0n c\u00e3i khi m\u00e0 m\u1ed7i l\u1ea7n s\u1ea3n ph\u1ea9m n\u00e0y tung ra m\u1eabu m\u1edbi \u0111\u1ec1u nh\u1eadn \u0111\u01b0\u1ee3c nhi\u1ec1u s\u1ef1 quan t\u00e2m t\u1eeb kh\u00e1ch h\u00e0ng. T\u1ea1o h\u01b0\u01a1ng v\u1ecb quy\u1ebfn r\u0169 tr\u00e0 Richard t\u1ea1o n\u00ean s\u1ef1 tinh t\u1ebf nh\u1eb9 nh\u00e0ng \u0111\u1eadm ch\u1ea5t ho\u00e0ng gia, d\u1ec5 d\u00e0ng \u0111\u01b0a ng\u01b0\u1eddi u\u1ed1ng \u0111\u1eafm ch\u00ecm v\u00e0o nh\u1eefng c\u1ea3m x\u00fac th\u01b0 gi\u00e3n, th\u01b0 th\u00e1i, relax\u2026.<\/p>\n<p><img decoding=\"async\" class=\"wp-image-29080 aligncenter\" src=\"https:\/\/havamall.vn\/wp-content\/uploads\/2022\/09\/richard_rich_fruit_1_slide_3_720x720-291x300.png\" alt=\"\" width=\"625\" height=\"644\" srcset=\"https:\/\/havamall.vn\/wp-content\/uploads\/2022\/09\/richard_rich_fruit_1_slide_3_720x720-291x300.png 291w, https:\/\/havamall.vn\/wp-content\/uploads\/2022\/09\/richard_rich_fruit_1_slide_3_720x720-430x444.png 430w, https:\/\/havamall.vn\/wp-content\/uploads\/2022\/09\/richard_rich_fruit_1_slide_3_720x720-150x155.png 150w, https:\/\/havamall.vn\/wp-content\/uploads\/2022\/09\/richard_rich_fruit_1_slide_3_720x720-700x722.png 700w, https:\/\/havamall.vn\/wp-content\/uploads\/2022\/09\/richard_rich_fruit_1_slide_3_720x720-768x792.png 768w, https:\/\/havamall.vn\/wp-content\/uploads\/2022\/09\/richard_rich_fruit_1_slide_3_720x720-993x1024.png 993w, https:\/\/havamall.vn\/wp-content\/uploads\/2022\/09\/richard_rich_fruit_1_slide_3_720x720-1200x1238.png 1200w, https:\/\/havamall.vn\/wp-content\/uploads\/2022\/09\/richard_rich_fruit_1_slide_3_720x720-600x619.png 600w, https:\/\/havamall.vn\/wp-content\/uploads\/2022\/09\/richard_rich_fruit_1_slide_3_720x720.png 1396w\" sizes=\"(max-width: 625px) 100vw, 625px\" \/><\/p>\n<h3><strong>Th\u00e0nh ph\u1ea7n ch\u00ednh:<\/strong><\/h3>\n<ul>\n<li>ROYAL LEMON. Th\u00e0nh ph\u1ea7n: tr\u00e0 \u0111en, v\u1ecf chanh, h\u01b0\u01a1ng chanh.<\/li>\n<li>ROYAL GRAPE. Th\u00e0nh ph\u1ea7n: tr\u00e0 \u0111en, h\u01b0\u01a1ng nho, c\u00e1nh hoa h\u1ed3ng.<\/li>\n<li>ROYAL ROSE. Th\u00e0nh ph\u1ea7n: tr\u00e0 \u0111en, h\u01b0\u01a1ng hoa h\u1ed3ng, c\u00e1nh hoa h\u1ed3ng.<\/li>\n<li>1000 AND 1 ROYAL NIGHTS. Th\u00e0nh ph\u1ea7n: tr\u00e0 \u0111en l\u00e1 d\u00e0i, tr\u00e0 xanh l\u00e1 d\u00e0i, h\u01b0\u01a1ng d\u00e2u v\u00e0 nho, c\u00e1nh hoa h\u1ed3ng.<\/li>\n<li>ROYAL PEACH &amp; THYME. Th\u00e0nh ph\u1ea7n: tr\u00e0 \u0111en, h\u01b0\u01a1ng \u0111\u00e0o, b\u1ea1c h\u00e0, c\u1ecf x\u1ea1 h\u01b0\u01a1ng.<\/li>\n<\/ul>","protected":false},"excerpt":{"rendered":"<p>Ra m\u1eaft th\u1ecb tr\u01b0\u1eddng v\u00e0o n\u0103m 2014, Richard nhanh ch\u00f3ng t\u1ea1o \u0111\u01b0\u1ee3c s\u1ef1 y\u00eau th\u00edch v\u00e0 quan t\u00e2m v\u1edbi ng\u01b0\u1eddi<\/p>","protected":false},"featured_media":29081,"comment_status":"open","ping_status":"closed","template":"","meta":[],"product_brand":[],"product_cat":[36,135],"product_tag":[],"class_list":{"0":"post-29079","1":"product","2":"type-product","3":"status-publish","4":"has-post-thumbnail","6":"product_cat-thuc-pham-tieu-dung","7":"product_cat-sua-do-uong","9":"first","10":"outofstock","11":"sale","12":"shipping-taxable","13":"purchasable","14":"product-type-simple"},"_links":{"self":[{"href":"https:\/\/havamall.vn\/en\/wp-json\/wp\/v2\/product\/29079"}],"collection":[{"href":"https:\/\/havamall.vn\/en\/wp-json\/wp\/v2\/product"}],"about":[{"href":"https:\/\/havamall.vn\/en\/wp-json\/wp\/v2\/types\/product"}],"replies":[{"embeddable":true,"href":"https:\/\/havamall.vn\/en\/wp-json\/wp\/v2\/comments?post=29079"}],"version-history":[{"count":0,"href":"https:\/\/havamall.vn\/en\/wp-json\/wp\/v2\/product\/29079\/revisions"}],"wp:featuredmedia":[{"embeddable":true,"href":"https:\/\/havamall.vn\/en\/wp-json\/wp\/v2\/media\/29081"}],"wp:attachment":[{"href":"https:\/\/havamall.vn\/en\/wp-json\/wp\/v2\/media?parent=29079"}],"wp:term":[{"taxonomy":"product_brand","embeddable":true,"href":"https:\/\/havamall.vn\/en\/wp-json\/wp\/v2\/product_brand?post=29079"},{"taxonomy":"product_cat","embeddable":true,"href":"https:\/\/havamall.vn\/en\/wp-json\/wp\/v2\/product_cat?post=29079"},{"taxonomy":"product_tag","embeddable":true,"href":"https:\/\/havamall.vn\/en\/wp-json\/wp\/v2\/product_tag?post=29079"}],"curies":[{"name":"wp","href":"https:\/\/api.w.org\/{rel}","templated":true}]}}