{"id":29071,"date":"2022-09-30T15:39:47","date_gmt":"2022-09-30T08:39:47","guid":{"rendered":"https:\/\/havamall.vn\/?post_type=product&#038;p=29071"},"modified":"2022-11-07T15:42:42","modified_gmt":"2022-11-07T08:42:42","slug":"tra-den-thuong-hang-richard-hop-qua-hinh-trai-tim-30g-tea-richard-all-the-best-wishes","status":"publish","type":"product","link":"https:\/\/havamall.vn\/en\/shop\/tra-den-thuong-hang-richard-hop-qua-hinh-trai-tim-30g-tea-richard-all-the-best-wishes\/","title":{"rendered":"Tr\u00e0 \u0110en Th\u01b0\u1ee3ng H\u1ea1ng Richard H\u1ed9p Qu\u00e0 H\u00ecnh Tr\u00e1i Tim 30g &#8211; Tea Richard All The Best Wishes"},"content":{"rendered":"<p>Ra m\u1eaft th\u1ecb tr\u01b0\u1eddng v\u00e0o n\u0103m 2014, Richard nhanh ch\u00f3ng t\u1ea1o \u0111\u01b0\u1ee3c s\u1ef1 y\u00eau th\u00edch v\u00e0 quan t\u00e2m v\u1edbi ng\u01b0\u1eddi d\u00f9ng. C\u00e1c d\u00f2ng tr\u00e0 c\u1ee7a Richard r\u1ea5t phong ph\u00fa: tr\u00e0 c\u1ed5 \u0111i\u1ec3n ho\u1eb7c c\u00e1c lo\u1ea1i tr\u00e0 k\u1ebft h\u1ee3p c\u0169ng \u0111\u01b0\u1ee3c \u0111\u1ea7u t\u01b0 th\u1eed nghi\u1ec7m v\u00e0 s\u1ea3n xu\u1ea5t.<\/p>\n<p>Tr\u00e0 RICHARD l\u00e0 th\u01b0\u01a1ng hi\u1ec7u tr\u00e0 ho\u00e0ng gia n\u1ed5i ti\u1ebfng th\u1ebf gi\u1edbi. N\u00f3 l\u00e0 m\u1ed9t trong nh\u1eefng lo\u1ea1i tr\u00e0 \u0111\u01b0\u1ee3c \u01b0a chu\u1ed9ng b\u1eadc nh\u1ea5t Ch\u00e2u \u00c2u. M\u1ed7i t\u00e1ch tr\u00e0 RICHARD \u0111\u01b0\u1ee3c coi nh\u01b0 bi\u1ec3u t\u01b0\u1ee3ng c\u1ee7a phong c\u00e1ch s\u1ed1ng ho\u00e0ng gia \u0111\u1ea7y tao nh\u00e3.<\/p>\n<p>To\u00e0n b\u1ed9 qu\u00e1 tr\u00ecnh t\u1eeb kh\u00e2u tr\u1ed3ng tr\u00e0, cho \u0111\u1ebfn l\u00fac s\u1ea3n ph\u1ea9m t\u1edbi tay ng\u01b0\u1eddi ti\u00eau d\u00f9ng \u0111\u1ec1u \u0111\u01b0\u1ee3c NSX ki\u1ec3m so\u00e1t r\u1ea5t ch\u1eb7t ch\u1ebd \u0111\u1ec3 lu\u00f4n \u0111\u1ea3m b\u1ea3o \u0111\u01b0\u1ee3c ch\u1ea5t l\u01b0\u1ee3ng tr\u00e0 v\u00e0 th\u01b0\u01a1ng hi\u1ec7u.<\/p>\n<p><img fetchpriority=\"high\" decoding=\"async\" class=\"wp-image-29055 aligncenter\" src=\"https:\/\/havamall.vn\/wp-content\/uploads\/2022\/09\/281797868_427165512583168_5307860618885275391_n-300x169.png\" alt=\"\" width=\"613\" height=\"345\" srcset=\"https:\/\/havamall.vn\/wp-content\/uploads\/2022\/09\/281797868_427165512583168_5307860618885275391_n-300x169.png 300w, https:\/\/havamall.vn\/wp-content\/uploads\/2022\/09\/281797868_427165512583168_5307860618885275391_n-430x242.png 430w, https:\/\/havamall.vn\/wp-content\/uploads\/2022\/09\/281797868_427165512583168_5307860618885275391_n-150x84.png 150w, https:\/\/havamall.vn\/wp-content\/uploads\/2022\/09\/281797868_427165512583168_5307860618885275391_n-700x394.png 700w, https:\/\/havamall.vn\/wp-content\/uploads\/2022\/09\/281797868_427165512583168_5307860618885275391_n-768x432.png 768w, https:\/\/havamall.vn\/wp-content\/uploads\/2022\/09\/281797868_427165512583168_5307860618885275391_n-1024x576.png 1024w, https:\/\/havamall.vn\/wp-content\/uploads\/2022\/09\/281797868_427165512583168_5307860618885275391_n-1200x675.png 1200w, https:\/\/havamall.vn\/wp-content\/uploads\/2022\/09\/281797868_427165512583168_5307860618885275391_n-600x338.png 600w, https:\/\/havamall.vn\/wp-content\/uploads\/2022\/09\/281797868_427165512583168_5307860618885275391_n.png 1920w\" sizes=\"(max-width: 613px) 100vw, 613px\" \/><\/p>\n<p>Tra\u0300 Ceylon la\u0300 loa\u0323i tra\u0300 \u0111en pho\u0302\u0309 bie\u0302\u0301n co\u0300n \u0111u\u031bo\u031b\u0323c go\u0323i la\u0300 tra\u0300 Sri Lanka. No\u0301 \u0111u\u031bo\u031b\u0323c xem nhu\u031b la\u0300 \u0111a\u0323i die\u0323\u0302n tie\u0302u bie\u0302\u0309u la\u0300m ne\u0302n be\u0302\u0300 da\u0300y li\u0323ch su\u031b\u0309 tro\u0302\u0300ng va\u0300 sa\u0309n xua\u0302\u0301t tra\u0300 o\u031b\u0309 quo\u0302\u0301c gia Sri Lanka tru\u031bo\u031b\u0301c \u0111a\u0302y \u0111u\u031bo\u031b\u0323c go\u0323i la\u0300 \u201cCeylon\u201d.<\/p>\n<p>Gio\u0302\u0301ng nhu\u031b ca\u0301c loa\u0323i tra\u0300 kha\u0301c, tra\u0300 ceylon \u0111u\u031bo\u031b\u0323c sa\u0309n xua\u0302\u0301t tu\u031b\u0300 la\u0301 cu\u0309a ca\u0302y che\u0300 Camellia sinensis, sau \u0111o\u0301 \u0111u\u031bo\u031b\u0323c pho\u031bi kho\u0302 va\u0300 che\u0302\u0301 bie\u0302\u0301n tha\u0300nh ca\u0301c loa\u0323i tra\u0300 kha\u0301c nhau. \u0110a\u0323\u0306c bie\u0323\u0302t chi\u0309 co\u0301 nhu\u031b\u0303ng bu\u0301p tra\u0300 tre\u0302n ngo\u0323n mo\u031b\u0301i \u0111u\u031bo\u031b\u0323c la\u0302\u0301y la\u0300m nguye\u0302n lie\u0323\u0302u ne\u0302n cha\u0302\u0301t lu\u031bo\u031b\u0323ng cu\u0309a no\u0301 thu\u031b\u0323c su\u031b\u0323 hoa\u0300n ha\u0309o, \u0111a\u0309m ba\u0309o hu\u031bo\u031bng vi\u0323 tho\u031bm ngon tre\u0302n tu\u031b\u0300ng ta\u0301ch tra\u0300.<\/p>\n<p><img decoding=\"async\" class=\"wp-image-29072 aligncenter\" src=\"https:\/\/havamall.vn\/wp-content\/uploads\/2022\/09\/94976275_818008295358655_8534823757796081664_n-293x300.jpg\" alt=\"\" width=\"604\" height=\"618\" srcset=\"https:\/\/havamall.vn\/wp-content\/uploads\/2022\/09\/94976275_818008295358655_8534823757796081664_n-293x300.jpg 293w, https:\/\/havamall.vn\/wp-content\/uploads\/2022\/09\/94976275_818008295358655_8534823757796081664_n-430x440.jpg 430w, https:\/\/havamall.vn\/wp-content\/uploads\/2022\/09\/94976275_818008295358655_8534823757796081664_n-150x154.jpg 150w, https:\/\/havamall.vn\/wp-content\/uploads\/2022\/09\/94976275_818008295358655_8534823757796081664_n-700x717.jpg 700w, https:\/\/havamall.vn\/wp-content\/uploads\/2022\/09\/94976275_818008295358655_8534823757796081664_n-768x786.jpg 768w, https:\/\/havamall.vn\/wp-content\/uploads\/2022\/09\/94976275_818008295358655_8534823757796081664_n-1000x1024.jpg 1000w, https:\/\/havamall.vn\/wp-content\/uploads\/2022\/09\/94976275_818008295358655_8534823757796081664_n-600x614.jpg 600w, https:\/\/havamall.vn\/wp-content\/uploads\/2022\/09\/94976275_818008295358655_8534823757796081664_n.jpg 1080w\" sizes=\"(max-width: 604px) 100vw, 604px\" \/><\/p>\n<p>V\u1edbi nh\u1eefng ai l\u00e0 fan c\u1ee7a th\u01b0\u01a1ng hi\u1ec7u tr\u00e0 n\u00e0y th\u00ec ch\u1eafc kh\u00f4ng c\u00f2n g\u00ec \u0111\u1ec3 b\u00e0n c\u00e3i khi m\u00e0 m\u1ed7i l\u1ea7n s\u1ea3n ph\u1ea9m n\u00e0y tung ra m\u1eabu m\u1edbi \u0111\u1ec1u nh\u1eadn \u0111\u01b0\u1ee3c nhi\u1ec1u s\u1ef1 quan t\u00e2m t\u1eeb kh\u00e1ch h\u00e0ng. T\u1ea1o h\u01b0\u01a1ng v\u1ecb quy\u1ebfn r\u0169 tr\u00e0 \u0111en Flawoured Royal Love Richard 80g t\u1ea1o n\u00ean s\u1ef1 tinh t\u1ebf nh\u1eb9 nh\u00e0ng \u0111\u1eadm ch\u1ea5t ho\u00e0ng gia, d\u1ec5 d\u00e0ng \u0111\u01b0a ng\u01b0\u1eddi u\u1ed1ng \u0111\u1eafm ch\u00ecm v\u00e0o nh\u1eefng c\u1ea3m x\u00fac th\u01b0 gi\u00e3n, th\u01b0 th\u00e1i, relax&#8230;.<\/p>\n<p><img decoding=\"async\" class=\"wp-image-29073 aligncenter\" src=\"https:\/\/havamall.vn\/wp-content\/uploads\/2022\/09\/72693242_107581660653833_7154475741931896832_n-300x230.jpg\" alt=\"\" width=\"603\" height=\"462\" srcset=\"https:\/\/havamall.vn\/wp-content\/uploads\/2022\/09\/72693242_107581660653833_7154475741931896832_n-300x230.jpg 300w, https:\/\/havamall.vn\/wp-content\/uploads\/2022\/09\/72693242_107581660653833_7154475741931896832_n-430x329.jpg 430w, https:\/\/havamall.vn\/wp-content\/uploads\/2022\/09\/72693242_107581660653833_7154475741931896832_n-150x115.jpg 150w, https:\/\/havamall.vn\/wp-content\/uploads\/2022\/09\/72693242_107581660653833_7154475741931896832_n-700x536.jpg 700w, https:\/\/havamall.vn\/wp-content\/uploads\/2022\/09\/72693242_107581660653833_7154475741931896832_n-768x588.jpg 768w, https:\/\/havamall.vn\/wp-content\/uploads\/2022\/09\/72693242_107581660653833_7154475741931896832_n-1024x784.jpg 1024w, https:\/\/havamall.vn\/wp-content\/uploads\/2022\/09\/72693242_107581660653833_7154475741931896832_n-1200x919.jpg 1200w, https:\/\/havamall.vn\/wp-content\/uploads\/2022\/09\/72693242_107581660653833_7154475741931896832_n-600x459.jpg 600w, https:\/\/havamall.vn\/wp-content\/uploads\/2022\/09\/72693242_107581660653833_7154475741931896832_n.jpg 1349w\" sizes=\"(max-width: 603px) 100vw, 603px\" \/><\/p>\n<p>Tr\u00e0 \u0111en RICHARD v\u1edbi h\u01b0\u01a1ng v\u1ecb th\u01a1m ngon h\u1ea3o h\u1ea1ng, h\u1ed9p tr\u00e0 RICHARD \u0111\u01b0\u1ee3c thi\u1ebft k\u1ebf\u00a0h\u00ecnh tr\u00e1i tim ng\u1ecdt ng\u00e0o, tinh t\u1ebf l\u00e0 m\u1ed9t m\u00f3n qu\u00e0 ho\u00e0n h\u1ea3o cho ng\u01b0\u1eddi b\u1ea1n y\u00eau th\u01b0\u01a1ng, ng\u01b0\u1eddi c\u0169ng y\u00eau tr\u00e0t. Kh\u00f4ng ch\u1ec9 \u0111\u01a1n gi\u1ea3n l\u00e0 th\u1ee9c u\u1ed1ng m\u00e0 c\u00f2n l\u00e0 m\u00f3n \u0111\u1ed3 trang tr\u00ed, m\u00f3n qu\u00e0 \u00fd ngh\u0129a trong nh\u1eefng d\u1ecbp l\u1ec5 T\u1ebft, \u0111\u1eb7c bi\u1ec7t l\u00e0 d\u1ecbp gi\u00e1ng sinh s\u1eafp t\u1edbi.<\/p>\n<p><img loading=\"lazy\" decoding=\"async\" class=\"wp-image-29074 aligncenter\" src=\"https:\/\/havamall.vn\/wp-content\/uploads\/2022\/09\/vesna_09_1920x1204-300x188.png\" alt=\"\" width=\"606\" height=\"380\" srcset=\"https:\/\/havamall.vn\/wp-content\/uploads\/2022\/09\/vesna_09_1920x1204-300x188.png 300w, https:\/\/havamall.vn\/wp-content\/uploads\/2022\/09\/vesna_09_1920x1204-430x270.png 430w, https:\/\/havamall.vn\/wp-content\/uploads\/2022\/09\/vesna_09_1920x1204-150x94.png 150w, https:\/\/havamall.vn\/wp-content\/uploads\/2022\/09\/vesna_09_1920x1204-700x439.png 700w, https:\/\/havamall.vn\/wp-content\/uploads\/2022\/09\/vesna_09_1920x1204-768x482.png 768w, https:\/\/havamall.vn\/wp-content\/uploads\/2022\/09\/vesna_09_1920x1204-1024x642.png 1024w, https:\/\/havamall.vn\/wp-content\/uploads\/2022\/09\/vesna_09_1920x1204-1200x753.png 1200w, https:\/\/havamall.vn\/wp-content\/uploads\/2022\/09\/vesna_09_1920x1204-600x376.png 600w, https:\/\/havamall.vn\/wp-content\/uploads\/2022\/09\/vesna_09_1920x1204.png 1920w\" sizes=\"(max-width: 606px) 100vw, 606px\" \/><\/p>\n<p>\u0110\u00e2y l\u00e0 m\u00f3n qu\u00e0 ho\u00e0n h\u1ea3o d\u00e0nh cho gia \u0111\u00ecnh, ng\u01b0\u1eddi th\u00e2n. H\u1ed9p thi\u1ebfc \u0111\u01b0\u1ee3c trang tr\u00ed \u0111\u1eb9p m\u1eaft \u0111i k\u00e8m v\u1edbi gi\u00e1 treo t\u01b0\u1eddng, v\u00ec v\u1eady n\u00f3 c\u00f3 th\u1ec3 \u0111\u01b0\u1ee3c tr\u01b0ng b\u00e0y trong th\u1eddi gian d\u00e0i sau khi th\u01b0\u1edfng th\u1ee9c tr\u00e0. Tr\u00e0 \u0111en Ceylon h\u1ea3o h\u1ea1ng d\u1ea1ng l\u00e1, c\u00f3 v\u1ecb th\u01a1m , cam ng\u1ecdt v\u00e0 qu\u1ebf \u0111inh h\u01b0\u01a1ng cay \u1ea5m, n\u00f3 g\u1ee3i l\u00ean m\u1ecdi th\u1ee9 tuy\u1ec7t v\u1eddi v\u1ec1 kho\u1ea3nh kh\u1eafc \u0111\u00e1ng nh\u1edb n\u00e0y trong n\u0103m.<\/p>\n<p><img loading=\"lazy\" decoding=\"async\" class=\"wp-image-29075 aligncenter\" src=\"https:\/\/havamall.vn\/wp-content\/uploads\/2022\/09\/72693242_107581660653833_7154475741931896832_n-1-300x230.jpg\" alt=\"\" width=\"609\" height=\"467\" srcset=\"https:\/\/havamall.vn\/wp-content\/uploads\/2022\/09\/72693242_107581660653833_7154475741931896832_n-1-300x230.jpg 300w, https:\/\/havamall.vn\/wp-content\/uploads\/2022\/09\/72693242_107581660653833_7154475741931896832_n-1-430x329.jpg 430w, https:\/\/havamall.vn\/wp-content\/uploads\/2022\/09\/72693242_107581660653833_7154475741931896832_n-1-150x115.jpg 150w, https:\/\/havamall.vn\/wp-content\/uploads\/2022\/09\/72693242_107581660653833_7154475741931896832_n-1-700x536.jpg 700w, https:\/\/havamall.vn\/wp-content\/uploads\/2022\/09\/72693242_107581660653833_7154475741931896832_n-1-768x588.jpg 768w, https:\/\/havamall.vn\/wp-content\/uploads\/2022\/09\/72693242_107581660653833_7154475741931896832_n-1-1024x784.jpg 1024w, https:\/\/havamall.vn\/wp-content\/uploads\/2022\/09\/72693242_107581660653833_7154475741931896832_n-1-1200x919.jpg 1200w, https:\/\/havamall.vn\/wp-content\/uploads\/2022\/09\/72693242_107581660653833_7154475741931896832_n-1-600x459.jpg 600w, https:\/\/havamall.vn\/wp-content\/uploads\/2022\/09\/72693242_107581660653833_7154475741931896832_n-1.jpg 1349w\" sizes=\"(max-width: 609px) 100vw, 609px\" \/><\/p>\n<h3><strong>C\u00f4ng d\u1ee5ng c\u1ee7a Tr\u00e0 \u0111en<\/strong><\/h3>\n<p>&#8211; Theo nghi\u00ean c\u1ee9u c\u1ee7a c\u00e1c nh\u00e0 khoa h\u1ecdc, tr\u00e0 \u0111en ch\u1ee9a h\u00e0m l\u01b0\u1ee3ng ch\u1ea5t ch\u1ed1ng oxy ho\u00e1 cao gi\u00fap ch\u1ed1ng l\u00e3o ho\u00e1. Ngo\u00e0i ra, v\u1edbi l\u01b0\u1ee3ng caffein ch\u1ec9 b\u1eb1ng 1 n\u1eeda t\u00e1ch c\u00e0 ph\u00ea, tr\u00e0 \u0111en gi\u00fap t\u1ec9nh t\u00e1o v\u00e0 c\u1ea3i thi\u1ec7n c\u01a1 th\u1ec3 t\u1ed1t h\u01a1n.<\/p>\n<p>&#8211; Trong tr\u00e0 Ceylon c\u00f3 ch\u1ee9a r\u1ea5t nhi\u1ec1u ch\u1ea5t ch\u1ed1ng oxy h\u00f3a, polyphenol v\u00e0 flavonoid c\u00f3 th\u1ec3 \u0111em l\u1ea1i m\u1ed9t s\u1ed1 l\u1ee3i \u00edch r\u1ea5t t\u1ed1t cho s\u1ee9c kh\u1ecfe c\u1ee7a b\u1ea1n.<\/p>\n<p>&#8211; \u0110\u1eb7c bi\u1ec7t, u\u1ed1ng t\u1eeb 1-3 c\u1ed1c tr\u00e0 \u0111en h\u00e0ng ng\u00e0y gi\u00fap gi\u1ea3m thi\u1ec3u 20% kh\u1ea3 n\u0103ng b\u1ec7nh tim m\u1ea1ch v\u00e0 gi\u1ea3m 30% nguy c\u01a1 \u0111\u1ed9t qu\u1ef5.<\/p>\n<p>S\u1ea3n ph\u1ea9m \u0111\u00e3 c\u00f3 m\u1eb7t t\u1ea1i Havamall.<\/p>","protected":false},"excerpt":{"rendered":"<p>Ra m\u1eaft th\u1ecb tr\u01b0\u1eddng v\u00e0o n\u0103m 2014, Richard nhanh ch\u00f3ng t\u1ea1o \u0111\u01b0\u1ee3c s\u1ef1 y\u00eau th\u00edch v\u00e0 quan t\u00e2m v\u1edbi ng\u01b0\u1eddi<\/p>","protected":false},"featured_media":29078,"comment_status":"open","ping_status":"closed","template":"","meta":[],"product_brand":[],"product_cat":[36,135],"product_tag":[],"class_list":{"0":"post-29071","1":"product","2":"type-product","3":"status-publish","4":"has-post-thumbnail","6":"product_cat-thuc-pham-tieu-dung","7":"product_cat-sua-do-uong","9":"first","10":"outofstock","11":"sale","12":"shipping-taxable","13":"purchasable","14":"product-type-simple"},"_links":{"self":[{"href":"https:\/\/havamall.vn\/en\/wp-json\/wp\/v2\/product\/29071"}],"collection":[{"href":"https:\/\/havamall.vn\/en\/wp-json\/wp\/v2\/product"}],"about":[{"href":"https:\/\/havamall.vn\/en\/wp-json\/wp\/v2\/types\/product"}],"replies":[{"embeddable":true,"href":"https:\/\/havamall.vn\/en\/wp-json\/wp\/v2\/comments?post=29071"}],"version-history":[{"count":0,"href":"https:\/\/havamall.vn\/en\/wp-json\/wp\/v2\/product\/29071\/revisions"}],"wp:featuredmedia":[{"embeddable":true,"href":"https:\/\/havamall.vn\/en\/wp-json\/wp\/v2\/media\/29078"}],"wp:attachment":[{"href":"https:\/\/havamall.vn\/en\/wp-json\/wp\/v2\/media?parent=29071"}],"wp:term":[{"taxonomy":"product_brand","embeddable":true,"href":"https:\/\/havamall.vn\/en\/wp-json\/wp\/v2\/product_brand?post=29071"},{"taxonomy":"product_cat","embeddable":true,"href":"https:\/\/havamall.vn\/en\/wp-json\/wp\/v2\/product_cat?post=29071"},{"taxonomy":"product_tag","embeddable":true,"href":"https:\/\/havamall.vn\/en\/wp-json\/wp\/v2\/product_tag?post=29071"}],"curies":[{"name":"wp","href":"https:\/\/api.w.org\/{rel}","templated":true}]}}