{"id":29053,"date":"2022-09-30T14:16:00","date_gmt":"2022-09-30T07:16:00","guid":{"rendered":"https:\/\/havamall.vn\/?post_type=product&#038;p=29053"},"modified":"2022-11-21T09:51:09","modified_gmt":"2022-11-21T02:51:09","slug":"tra-xanh-tui-loc-thuong-hang-richard-huong-hoa-lai-hop-25-goi-50g-royal-green-jasmine-tea","status":"publish","type":"product","link":"https:\/\/havamall.vn\/en\/shop\/tra-xanh-tui-loc-thuong-hang-richard-huong-hoa-lai-hop-25-goi-50g-royal-green-jasmine-tea\/","title":{"rendered":"Tr\u00e0 Xanh T\u00fai L\u1ecdc Th\u01b0\u1ee3ng H\u1ea1ng Richard H\u01b0\u01a1ng Hoa L\u00e0i H\u1ed9p 25 G\u00f3i\/50g &#8211; Royal Green Jasmine Tea"},"content":{"rendered":"<p>Ra m\u1eaft th\u1ecb tr\u01b0\u1eddng v\u00e0o n\u0103m 2014, Richard nhanh ch\u00f3ng t\u1ea1o \u0111\u01b0\u1ee3c s\u1ef1 y\u00eau th\u00edch v\u00e0 quan t\u00e2m v\u1edbi ng\u01b0\u1eddi d\u00f9ng. C\u00e1c d\u00f2ng tr\u00e0 c\u1ee7a Richard r\u1ea5t phong ph\u00fa: tr\u00e0 c\u1ed5 \u0111i\u1ec3n ho\u1eb7c c\u00e1c lo\u1ea1i tr\u00e0 k\u1ebft h\u1ee3p c\u0169ng \u0111\u01b0\u1ee3c \u0111\u1ea7u t\u01b0 th\u1eed nghi\u1ec7m v\u00e0 s\u1ea3n xu\u1ea5t.<\/p>\n<p>Tr\u00e0 RICHARD l\u00e0 th\u01b0\u01a1ng hi\u1ec7u tr\u00e0 ho\u00e0ng gia n\u1ed5i ti\u1ebfng th\u1ebf gi\u1edbi. N\u00f3 l\u00e0 m\u1ed9t trong nh\u1eefng lo\u1ea1i tr\u00e0 \u0111\u01b0\u1ee3c \u01b0a chu\u1ed9ng b\u1eadc nh\u1ea5t Ch\u00e2u \u00c2u. M\u1ed7i t\u00e1ch tr\u00e0 RICHARD \u0111\u01b0\u1ee3c coi nh\u01b0 bi\u1ec3u t\u01b0\u1ee3ng c\u1ee7a phong c\u00e1ch s\u1ed1ng ho\u00e0ng gia \u0111\u1ea7y tao nh\u00e3.<\/p>\n<p><img fetchpriority=\"high\" decoding=\"async\" class=\"wp-image-29055 aligncenter\" src=\"https:\/\/havamall.vn\/wp-content\/uploads\/2022\/09\/281797868_427165512583168_5307860618885275391_n-300x169.png\" alt=\"\" width=\"721\" height=\"406\" srcset=\"https:\/\/havamall.vn\/wp-content\/uploads\/2022\/09\/281797868_427165512583168_5307860618885275391_n-300x169.png 300w, https:\/\/havamall.vn\/wp-content\/uploads\/2022\/09\/281797868_427165512583168_5307860618885275391_n-430x242.png 430w, https:\/\/havamall.vn\/wp-content\/uploads\/2022\/09\/281797868_427165512583168_5307860618885275391_n-150x84.png 150w, https:\/\/havamall.vn\/wp-content\/uploads\/2022\/09\/281797868_427165512583168_5307860618885275391_n-700x394.png 700w, https:\/\/havamall.vn\/wp-content\/uploads\/2022\/09\/281797868_427165512583168_5307860618885275391_n-768x432.png 768w, https:\/\/havamall.vn\/wp-content\/uploads\/2022\/09\/281797868_427165512583168_5307860618885275391_n-1024x576.png 1024w, https:\/\/havamall.vn\/wp-content\/uploads\/2022\/09\/281797868_427165512583168_5307860618885275391_n-1200x675.png 1200w, https:\/\/havamall.vn\/wp-content\/uploads\/2022\/09\/281797868_427165512583168_5307860618885275391_n-600x338.png 600w, https:\/\/havamall.vn\/wp-content\/uploads\/2022\/09\/281797868_427165512583168_5307860618885275391_n.png 1920w\" sizes=\"(max-width: 721px) 100vw, 721px\" \/><\/p>\n<p>To\u00e0n b\u1ed9 qu\u00e1 tr\u00ecnh t\u1eeb kh\u00e2u tr\u1ed3ng tr\u00e0, cho \u0111\u1ebfn l\u00fac s\u1ea3n ph\u1ea9m t\u1edbi tay ng\u01b0\u1eddi ti\u00eau d\u00f9ng \u0111\u1ec1u \u0111\u01b0\u1ee3c NSX ki\u1ec3m so\u00e1t r\u1ea5t ch\u1eb7t ch\u1ebd \u0111\u1ec3 lu\u00f4n \u0111\u1ea3m b\u1ea3o \u0111\u01b0\u1ee3c ch\u1ea5t l\u01b0\u1ee3ng tr\u00e0 v\u00e0 th\u01b0\u01a1ng hi\u1ec7u.<\/p>\n<p>Tr\u00e0 xanh h\u01b0\u01a1ng l\u00e0i Richard \u01b0\u1ee3c l\u1ef1a ch\u1ecdn c\u1ea9n th\u1eadn t\u1eeb c\u00e1c n\u00f4ng tr\u1ea1i tr\u00ean kh\u1eafp th\u1ebf gi\u1edbi. H\u01b0\u01a1ng v\u1ecb c\u1ee7a tr\u00e0 d\u1ef1a tr\u00ean c\u00f4ng th\u1ee9c c\u1ed5 \u0111i\u1ec3n c\u1ee7a Ng\u01b0\u1eddi Anh. T\u1eebng g\u00f3i tr\u00e0 mang t\u1edbi phong c\u00e1ch c\u1ee7a Ho\u00e0ng Gia Anh.<\/p>\n<p><img decoding=\"async\" class=\"wp-image-29057 aligncenter\" src=\"https:\/\/havamall.vn\/wp-content\/uploads\/2022\/09\/52240622376_e209c78a1e_o-1-213x300.jpg\" alt=\"\" width=\"715\" height=\"1007\" srcset=\"https:\/\/havamall.vn\/wp-content\/uploads\/2022\/09\/52240622376_e209c78a1e_o-1-213x300.jpg 213w, https:\/\/havamall.vn\/wp-content\/uploads\/2022\/09\/52240622376_e209c78a1e_o-1-430x605.jpg 430w, https:\/\/havamall.vn\/wp-content\/uploads\/2022\/09\/52240622376_e209c78a1e_o-1-150x211.jpg 150w, https:\/\/havamall.vn\/wp-content\/uploads\/2022\/09\/52240622376_e209c78a1e_o-1-700x986.jpg 700w, https:\/\/havamall.vn\/wp-content\/uploads\/2022\/09\/52240622376_e209c78a1e_o-1-768x1081.jpg 768w, https:\/\/havamall.vn\/wp-content\/uploads\/2022\/09\/52240622376_e209c78a1e_o-1-727x1024.jpg 727w, https:\/\/havamall.vn\/wp-content\/uploads\/2022\/09\/52240622376_e209c78a1e_o-1-600x845.jpg 600w, https:\/\/havamall.vn\/wp-content\/uploads\/2022\/09\/52240622376_e209c78a1e_o-1.jpg 1000w\" sizes=\"(max-width: 715px) 100vw, 715px\" \/><\/p>\n<p>Hoa l\u00e0i \u0111\u01b0\u1ee3c tr\u1ed3ng ch\u1ee7 y\u1ebfu \u1edf v\u00f9ng n\u00fai c\u00f3 \u0111\u1ed9 cao 500 &#8211; 1000m, lo\u1ea1i d\u00f9ng \u0111\u1ec3 \u01b0\u1edbp tr\u00e0 l\u00e0 lo\u1ea1i hoa l\u00e0i ta, hay c\u00f2n g\u1ecdi l\u00e0 l\u00e0i qu\u1ebf, tuy hoa \u0111\u01a1n, c\u00e1nh m\u1ecfng nh\u01b0ng v\u1ecb th\u01a1m ng\u00e1t d\u1ec5 ch\u1ecbu ch\u1ee9 kh\u00f4ng nh\u01b0 lo\u1ea1i hoa l\u00e0i g\u1ed1c Trung Qu\u1ed1c, c\u00e1nh d\u00e0y, nh\u00ecn th\u00ec th\u00edch m\u1eaft th\u1eadt \u0111\u1ea5y nh\u01b0ng h\u01b0\u01a1ng th\u01a1m n\u1ed3ng g\u1eaft r\u1ea5t kh\u00f3 ch\u1ecbu, \u0111em \u0111i \u01b0\u1edbp tr\u00e0 c\u00f3 m\u00f9i nh\u01b0 m\u00f9i h\u01b0\u01a1ng h\u00f3a h\u1ecdc v\u1eady.<\/p>\n<h3><img decoding=\"async\" class=\"wp-image-29058 aligncenter\" src=\"https:\/\/havamall.vn\/wp-content\/uploads\/2022\/09\/2-205x300.jpg\" alt=\"\" width=\"702\" height=\"1027\" srcset=\"https:\/\/havamall.vn\/wp-content\/uploads\/2022\/09\/2-205x300.jpg 205w, https:\/\/havamall.vn\/wp-content\/uploads\/2022\/09\/2-430x630.jpg 430w, https:\/\/havamall.vn\/wp-content\/uploads\/2022\/09\/2-150x220.jpg 150w, https:\/\/havamall.vn\/wp-content\/uploads\/2022\/09\/2-700x1025.jpg 700w, https:\/\/havamall.vn\/wp-content\/uploads\/2022\/09\/2-768x1124.jpg 768w, https:\/\/havamall.vn\/wp-content\/uploads\/2022\/09\/2-699x1024.jpg 699w, https:\/\/havamall.vn\/wp-content\/uploads\/2022\/09\/2-600x878.jpg 600w, https:\/\/havamall.vn\/wp-content\/uploads\/2022\/09\/2.jpg 1000w\" sizes=\"(max-width: 702px) 100vw, 702px\" \/><br \/>\n<strong>C\u00f4ng d\u1ee5ng c\u1ee7a tr\u00e0 xanh h\u01b0\u01a1ng l\u00e0i t\u1ef1 nhi\u00ean<\/strong><\/h3>\n<p>&#8211; T\u0103ng c\u01b0\u1eddng h\u1ec7 mi\u1ec5n d\u1ecbch: Tr\u00e0 l\u00e0i l\u00e0m t\u0103ng c\u01b0\u1eddng ho\u1ea1t \u0111\u1ed9ng c\u1ee7a c\u00e1c t\u1ebf b\u00e0o gamma-delta, gi\u00fap b\u1ea1n t\u0103ng c\u01b0\u1eddng h\u1ec7 mi\u1ec5n d\u1ecbch, ph\u00f2ng tr\u00e1nh m\u1ed9t s\u1ed1 b\u1ec7nh truy\u1ec1n nhi\u1ec5m.<\/p>\n<p>&#8211; Ph\u00f2ng ch\u1ed1ng b\u1ec7nh ung th\u01b0: c\u00f3 ch\u1ee9a EGCG c\u00f3 t\u00e1c d\u1ee5ng ch\u1ed1ng l\u1ea1i s\u1ef1 ph\u00e1t tri\u1ec3n c\u1ee7a kh\u1ed1i u v\u00e0 ng\u0103n ch\u1eb7n s\u1ef1 ph\u00e1t tri\u1ec3n c\u1ee7a t\u1ebf b\u00e0o g\u00e2y ung th\u01b0.<\/p>\n<p>&#8211; \u1ed4n \u0111\u1ecbnh n\u1ed3ng \u0111\u1ed9 Cholesterol: Tr\u00e0 h\u01b0\u01a1ng nh\u00e0i gi\u00fap ng\u0103n ch\u1eb7n s\u1ef1 chuy\u1ec3n h\u00f3a Cholesterol x\u1ea5u trong c\u01a1 th\u1ec3 sang d\u1ea1ng b\u1ecb o-xy h\u00f3a, gi\u1ea3m nguy c\u01a1 m\u1eafc c\u00e1c b\u1ec7nh tim m\u1ea1ch v\u00e0 \u0111\u1ed9t qu\u1ef5.<\/p>\n<p><img loading=\"lazy\" decoding=\"async\" class=\"wp-image-29056 aligncenter\" src=\"https:\/\/havamall.vn\/wp-content\/uploads\/2022\/09\/Untitled-2-300x190.png\" alt=\"\" width=\"704\" height=\"446\" srcset=\"https:\/\/havamall.vn\/wp-content\/uploads\/2022\/09\/Untitled-2-300x190.png 300w, https:\/\/havamall.vn\/wp-content\/uploads\/2022\/09\/Untitled-2-430x272.png 430w, https:\/\/havamall.vn\/wp-content\/uploads\/2022\/09\/Untitled-2-150x95.png 150w, https:\/\/havamall.vn\/wp-content\/uploads\/2022\/09\/Untitled-2-700x443.png 700w, https:\/\/havamall.vn\/wp-content\/uploads\/2022\/09\/Untitled-2-768x486.png 768w, https:\/\/havamall.vn\/wp-content\/uploads\/2022\/09\/Untitled-2-1024x648.png 1024w, https:\/\/havamall.vn\/wp-content\/uploads\/2022\/09\/Untitled-2-1200x760.png 1200w, https:\/\/havamall.vn\/wp-content\/uploads\/2022\/09\/Untitled-2-600x380.png 600w, https:\/\/havamall.vn\/wp-content\/uploads\/2022\/09\/Untitled-2.png 1512w\" sizes=\"(max-width: 704px) 100vw, 704px\" \/><\/p>\n<p>&#8211; Gi\u1ea3m c\u00e2n: V\u1edbi hai ly tr\u00e0 l\u00e0i m\u1ed7i ng\u00e0y, b\u1ea1n c\u00f3 th\u1ec3 ti\u00eau hao l\u01b0\u1ee3ng m\u1ee1 th\u1eeba trong c\u01a1 th\u1ec3, ch\u1ed1ng l\u1ea1i vi\u1ec7c gi\u1eef n\u01b0\u1edbc, gi\u00fap b\u1ea1n gi\u1ea3m c\u00e2n m\u00e0 kh\u00f4ng t\u1ed1n nhi\u1ec1u chi ph\u00ed<\/p>\n<p>&#8211; L\u00e0m \u0111\u1eb9p da v\u00e0 ch\u1ed1ng l\u00e3o h\u00f3a: Ch\u1ea5t EGCG c\u00f3 trong tr\u00e0 h\u01b0\u01a1ng l\u00e0i l\u00e0m lo\u1ea1i b\u1ecf nh\u1eefng \u0111\u1ed9c t\u1ed1 g\u00e2y s\u1ea1m da,\u0111en da, l\u00e0m da d\u1ebb tr\u1edf n\u00ean m\u1ecbn m\u00e0ng, h\u1ed3ng h\u00e0o \u0111\u1ed3ng th\u1eddi tr\u00e0 h\u01b0\u01a1ng l\u00e0i c\u0169ng g\u00f3p ph\u1ea7n l\u00e0m trung t\u00ednh c\u00e1c g\u1ed1c t\u1ef1 do, ng\u0103n ch\u1eb7n nguy c\u01a1 l\u00e3o h\u00f3a.<\/p>\n<p>&#8211; Ph\u00f2ng ng\u1eeba d\u1ecb \u1ee9ng: Tr\u00e0 hoa l\u00e0i l\u00e0m h\u1ea1n ch\u1ebf s\u1ea3n sinh ch\u1ea5t histamine v\u00e0 immunoglobulin E, ch\u1ea5t \u0111\u01b0\u1ee3c coi l\u00e0 t\u00e1c nh\u00e2n g\u00e2y d\u1ecb \u1ee9ng.<\/p>\n<p><img loading=\"lazy\" decoding=\"async\" class=\"wp-image-29059 aligncenter\" src=\"https:\/\/havamall.vn\/wp-content\/uploads\/2022\/09\/1-272x300.jpg\" alt=\"\" width=\"700\" height=\"772\" srcset=\"https:\/\/havamall.vn\/wp-content\/uploads\/2022\/09\/1-272x300.jpg 272w, https:\/\/havamall.vn\/wp-content\/uploads\/2022\/09\/1-430x475.jpg 430w, https:\/\/havamall.vn\/wp-content\/uploads\/2022\/09\/1-150x166.jpg 150w, https:\/\/havamall.vn\/wp-content\/uploads\/2022\/09\/1-700x773.jpg 700w, https:\/\/havamall.vn\/wp-content\/uploads\/2022\/09\/1-768x848.jpg 768w, https:\/\/havamall.vn\/wp-content\/uploads\/2022\/09\/1-928x1024.jpg 928w, https:\/\/havamall.vn\/wp-content\/uploads\/2022\/09\/1-600x662.jpg 600w, https:\/\/havamall.vn\/wp-content\/uploads\/2022\/09\/1.jpg 1000w\" sizes=\"(max-width: 700px) 100vw, 700px\" \/><\/p>","protected":false},"excerpt":{"rendered":"<p>Ra m\u1eaft th\u1ecb tr\u01b0\u1eddng v\u00e0o n\u0103m 2014, Richard nhanh ch\u00f3ng t\u1ea1o \u0111\u01b0\u1ee3c s\u1ef1 y\u00eau th\u00edch v\u00e0 quan t\u00e2m v\u1edbi ng\u01b0\u1eddi<\/p>","protected":false},"featured_media":29060,"comment_status":"open","ping_status":"closed","template":"","meta":[],"product_brand":[],"product_cat":[36,135],"product_tag":[],"class_list":{"0":"post-29053","1":"product","2":"type-product","3":"status-publish","4":"has-post-thumbnail","6":"product_cat-thuc-pham-tieu-dung","7":"product_cat-sua-do-uong","9":"first","10":"outofstock","11":"sale","12":"shipping-taxable","13":"purchasable","14":"product-type-simple"},"_links":{"self":[{"href":"https:\/\/havamall.vn\/en\/wp-json\/wp\/v2\/product\/29053"}],"collection":[{"href":"https:\/\/havamall.vn\/en\/wp-json\/wp\/v2\/product"}],"about":[{"href":"https:\/\/havamall.vn\/en\/wp-json\/wp\/v2\/types\/product"}],"replies":[{"embeddable":true,"href":"https:\/\/havamall.vn\/en\/wp-json\/wp\/v2\/comments?post=29053"}],"version-history":[{"count":0,"href":"https:\/\/havamall.vn\/en\/wp-json\/wp\/v2\/product\/29053\/revisions"}],"wp:featuredmedia":[{"embeddable":true,"href":"https:\/\/havamall.vn\/en\/wp-json\/wp\/v2\/media\/29060"}],"wp:attachment":[{"href":"https:\/\/havamall.vn\/en\/wp-json\/wp\/v2\/media?parent=29053"}],"wp:term":[{"taxonomy":"product_brand","embeddable":true,"href":"https:\/\/havamall.vn\/en\/wp-json\/wp\/v2\/product_brand?post=29053"},{"taxonomy":"product_cat","embeddable":true,"href":"https:\/\/havamall.vn\/en\/wp-json\/wp\/v2\/product_cat?post=29053"},{"taxonomy":"product_tag","embeddable":true,"href":"https:\/\/havamall.vn\/en\/wp-json\/wp\/v2\/product_tag?post=29053"}],"curies":[{"name":"wp","href":"https:\/\/api.w.org\/{rel}","templated":true}]}}