{"id":29041,"date":"2022-09-29T16:13:45","date_gmt":"2022-09-29T09:13:45","guid":{"rendered":"https:\/\/havamall.vn\/?post_type=product&#038;p=29041"},"modified":"2025-06-19T13:49:50","modified_gmt":"2025-06-19T06:49:50","slug":"que-cay-nguyen-vo-havafoodies-goi-80g-cinnamon-whole","status":"publish","type":"product","link":"https:\/\/havamall.vn\/en\/shop\/que-cay-nguyen-vo-havafoodies-goi-80g-cinnamon-whole\/","title":{"rendered":"Qu\u1ebf C\u00e2y Nguy\u00ean V\u1ecf Havafoodies G\u00f3i 80g &#8211; Cinnamon Whole"},"content":{"rendered":"<p>Qu\u1ebf\u00a0l\u00e0 c\u00e2y th\u00e2n g\u1ed7, cao kho\u1ea3ng 10 \u2013 20m, v\u1ecf th\u00e2n nh\u1eb5n. L\u00e1 qu\u1ebf m\u1ecdc so le, c\u00f3 cu\u1ed1ng ng\u1eafn, d\u1ec5 g\u00e3y, \u0111\u1ea7u nh\u1ecdn ho\u1eb7c h\u01a1i t\u00f9, c\u00f3 3 g\u00e2n h\u00ecnh cung \u1edf m\u1eb7t d\u01b0\u1edbi, m\u1eb7t tr\u00ean l\u00e1 c\u00f3 m\u00e0u xanh s\u1eabm, b\u00f3ng. Hoa qu\u1ebf m\u1ecdc theo ch\u00f9m, m\u1ecdc \u1edf n\u00e1ch ho\u1eb7c ng\u1ecdn, c\u00e0nh, hoa m\u00e0u tr\u1eafng. Qu\u1ea3 c\u00f3 m\u00e0u n\u00e2u t\u00edm, h\u00ecnh tr\u1ee9ng, nh\u1eb5n b\u00f3ng. Qu\u1ebf l\u00e0 m\u1ed9t v\u1ecb thu\u1ed1c qu\u00fd \u0111\u01b0\u1ee3c s\u1eed d\u1ee5ng r\u1ea5t nhi\u1ec1u trong \u0111\u00f4ng y, \u0111\u00e2y ch\u00ednh l\u00e0 ph\u1ea7n v\u1ecf v\u00e0 th\u00e2n nh\u1ecf c\u1ee7a c\u00e2y qu\u1ebf.<\/p>\n<p><img fetchpriority=\"high\" decoding=\"async\" class=\"wp-image-29045 aligncenter\" src=\"https:\/\/havamall.com\/wp-content\/uploads\/2025\/06\/Que-thanh-1024x1024-300x300.jpg\" alt=\"\" width=\"596\" height=\"596\" \/><\/p>\n<p>Qu\u1ebf kh\u00f4ng nh\u1eefng l\u00e0 lo\u1ea1i gia v\u1ecb mang l\u1ea1i s\u1ef1 h\u1ea5p d\u1eabn cho m\u00f3n \u0103n m\u00e0 c\u00f2n c\u00f3 nhi\u1ec1u l\u1ee3i \u00edch v\u1edbi s\u1ee9c kho\u1ebb. Nh\u1eefng l\u1ee3i \u00edch sau c\u1ee7a b\u1ed9t qu\u1ebf s\u1ebd khi\u1ebfn b\u1ea1n mu\u1ed1n b\u1ed5 sung ngay v\u00e0o ch\u1ebf \u0111\u1ed9 \u0103n h\u00e0ng ng\u00e0y c\u1ee7a gia \u0111\u00ecnh.<\/p>\n<p>Ngo\u00e0i ra b\u1ed9t qu\u1ebf c\u0169ng c\u00f3 nh\u1eefng c\u00f4ng d\u1ee5ng r\u1ea5t tuy\u1ec7t v\u1eddi m\u1ecdi ng\u01b0\u1eddi kh\u00f4ng th\u1ec3 ng\u1edd t\u1edbi. Kh\u00f4ng ch\u1ec9 n\u1ed5i b\u1eadt v\u1edbi v\u1ecb ng\u1ecdt, cay v\u00e0 m\u00f9i th\u01a1m n\u1ed3ng \u1ea5m, v\u1ecf qu\u1ebf c\u00f2n l\u00e0 ngu\u1ed3n cung c\u1ea5p c\u00e1c vitamin v\u00e0 kho\u00e1ng ch\u1ea5t nh\u01b0: vitamin A, niacin, axit pantothenic, pyridoxine, canxi, kali, mangan, s\u1eaft, k\u1ebdm v\u00e0 ma gi\u00ea.\u00a0 N\u00f3 c\u00f2n ch\u1ee9a m\u1ed9t l\u01b0\u1ee3ng l\u1edbn ch\u1ea5t x\u01a1 v\u00e0 ch\u1ea5t ch\u1ed1ng oxy ho\u00e1 n\u00ean t\u00e1c d\u1ee5ng c\u1ee7a v\u1ecf qu\u1ebf kh\u00f4 v\u1edbi s\u1ee9c kh\u1ecfe l\u00e0 r\u1ea5t t\u1ed1t.<\/p>\n<p><img decoding=\"async\" class=\"wp-image-29046 aligncenter\" src=\"https:\/\/havamall.com\/wp-content\/uploads\/2025\/06\/menueditor_item_3a98c78347454f98ac1213edb9beb88d_1663389806242371532-300x300.png\" alt=\"\" width=\"568\" height=\"568\" \/><\/p>\n<h3><strong>C\u00f4ng d\u1ee5ng c\u1ee7a v\u1ecf qu\u1ebf:<\/strong><\/h3>\n<p>&gt; K\u00ecm h\u00e3m s\u1ef1 ph\u00e1t tri\u1ec3n c\u1ee7a vi khu\u1ea9n: Nghi\u00ean c\u1ee9u c\u1ee7a c\u00e1c nh\u00e0 khoa h\u1ecdc M\u1ef9 thu\u1ed9c tr\u01b0\u1eddng \u0110\u1ea1i h\u1ecdc Kansas State kh\u1eb3ng \u0111\u1ecbnh, t\u00e1c d\u1ee5ng c\u1ee7a v\u1ecf qu\u1ebf kh\u00f4 l\u00e0 ti\u00eau di\u1ec7t khu\u1ea9n E.coli.<\/p>\n<p>&gt; Qu\u1ebf c\u00f3 th\u1ec3 ch\u1ed1ng l\u1ea1i vi tr\u00f9ng v\u00e0 ch\u1ed1ng n\u1ea5m hi\u1ec7u qu\u1ea3. V\u00ec th\u1ebf, n\u00f3 c\u00f3 th\u1ec3 \u0111\u01b0\u1ee3c s\u1eed d\u1ee5ng trong ng\u00e0nh c\u00f4ng nghi\u1ec7p th\u1ef1c ph\u1ea9m nh\u01b0 m\u1ed9t ch\u1ea5t b\u1ea3o qu\u1ea3n t\u1ef1 nhi\u00ean, kh\u00f4ng \u0111\u1ed9c h\u1ea1i.<\/p>\n<p>&gt; Gi\u1ea3m cholesterol x\u1ea5u: Qu\u1ebf trong y h\u1ecdc c\u00f2n \u0111\u01b0\u1ee3c nhi\u1ec1u nghi\u00ean c\u1ee9u ch\u1ec9 ra r\u1eb1ng ch\u1ec9 c\u1ea7n th\u00eam n\u1eeda th\u00eca b\u1ed9t qu\u1ebf v\u00e0o tr\u00e0, c\u00e0 ph\u00ea ho\u1eb7c m\u00f3n \u0103n h\u00e0ng ng\u00e0y s\u1ebd gi\u00fap h\u1ea1 th\u1ea5p cholesterol x\u1ea5u v\u00e0 h\u1ed7 tr\u1ee3 s\u1ee9c kh\u1ecfe tim m\u1ea1ch.<\/p>\n<p><img decoding=\"async\" class=\"wp-image-29047 aligncenter\" src=\"https:\/\/havamall.com\/wp-content\/uploads\/2025\/06\/Goi-gia-vi-nau-pho-gom-nhung-gi-2-300x200.jpg\" alt=\"\" width=\"581\" height=\"387\" \/><\/p>\n<p>&gt; Ki\u1ec3m so\u00e1t h\u00e0m l\u01b0\u1ee3ng \u0111\u01b0\u1eddng trong m\u00e1u: Nghi\u00ean c\u1ee9u cho th\u1ea5y, ch\u1ec9 c\u1ea7n u\u1ed1ng 1.3g v\u1ecf c\u00e2y qu\u1ebf d\u1ea1ng vi\u00ean n\u00e9n m\u1ed7i ng\u00e0y s\u1ebd r\u1ea5t t\u1ed1t cho nh\u1eefng ng\u01b0\u1eddi m\u1eafc b\u1ec7nh ti\u1ec3u \u0111\u01b0\u1eddng tu\u00fdp 2. \u0110\u00e2y l\u00e0 m\u1ed9t trong nh\u1eefng c\u00f4ng d\u1ee5ng tuy\u1ec7t v\u1eddi c\u1ee7a v\u1ecf qu\u1ebf kh\u00f4 \u0111\u1ed1i v\u1edbi s\u1ee9c kh\u1ecfe.<\/p>\n<p>&gt; V\u1ecf qu\u1ebf gi\u00fap gi\u1ea3m vi\u00eam: Nh\u1eefng v\u1ebft \u0111au do ng\u00e3, s\u01b0ng t\u1ea5y s\u1ebd gi\u1ea3m \u0111i nhanh ch\u00f3ng ch\u1ec9 v\u1edbi th\u00eca nh\u1ecf b\u1ed9t qu\u1ebf h\u00e0ng ng\u00e0y. V\u1ecf qu\u1ebf c\u0169ng gi\u00fap ng\u0103n ch\u1eb7n c\u00e1c ch\u1ee9ng vi\u00eam \u0111au x\u01b0\u01a1ng kh\u1edbp.<\/p>\n<p>&gt; H\u1ed7 tr\u1ee3 ti\u00eau h\u00f3a: H\u1ee3p ch\u1ea5t t\u1ef1 nhi\u00ean trong qu\u1ebf gi\u00fap gi\u1ea3m ch\u1ee9ng kh\u00f3 ti\u00eau, \u0111\u1ea7y h\u01a1i v\u00e0 bu\u1ed3n n\u00f4n. Ngo\u00e0i ra, th\u00e0nh ph\u1ea7n ch\u1ea5t x\u01a1 trong qu\u1ebf c\u00f2n gi\u00fap b\u1ea3o v\u1ec7 h\u1ec7 ti\u00eau h\u00f3a v\u00e0 tr\u1ee3 gi\u00fap cho nh\u1eefng ng\u01b0\u1eddi m\u1eafc h\u1ed9i ch\u1ee9ng ru\u1ed9t k\u00edch th\u00edch. V\u00ec th\u1ebf, qu\u1ebf ch\u00ednh l\u00e0 m\u1ed9t trong nh\u1eefng v\u1ecb thu\u1ed1c \u0111a n\u0103ng trong y h\u1ecdc.<\/p>\n<p>&gt; C\u00e2y qu\u1ebf l\u00e0 lo\u00e0i th\u1ea3o d\u01b0\u1ee3c qu\u00fd hi\u1ebfm \u0111\u01b0\u1ee3c tr\u1ed3ng nhi\u1ec1u \u1edf c\u00e1c khu v\u1ef1c mi\u1ec1n n\u00fai Vi\u1ec7t Nam. Theo y h\u1ecdc d\u00e2n gian truy\u1ec1n l\u1ea1i, c\u00e2y qu\u1ebf c\u00e0ng l\u00e2u n\u0103m th\u00ec v\u1ecf qu\u1ebf hay c\u00f2n g\u1ecdi l\u00e0 qu\u1ebf thanh c\u00e0ng ch\u1ea5t l\u01b0\u1ee3ng.<\/p>\n<h3><img loading=\"lazy\" decoding=\"async\" class=\"wp-image-29048 aligncenter\" src=\"https:\/\/havamall.com\/wp-content\/uploads\/2025\/06\/phobo-300x169.jpg\" alt=\"\" width=\"567\" height=\"319\" \/><\/h3>\n<h3><strong>C\u00c1CH S\u1eec D\u1ee4NG: <\/strong><\/h3>\n<p>&#8211; L\u1ea5y mi\u1ebfng qu\u1ebf m\u00e0i v\u1edbi n\u01b0\u1edbc m\u00e0 u\u1ed1ng ho\u1eb7c pha nh\u01b0 pha ch\u00e8: g\u1ecdt qu\u1ebf th\u00e0nh nh\u1eefng mi\u1ebfng m\u1ecfng, cho v\u00e0o c\u00e1i ch\u00e9n c\u00f3 n\u1eafp, \u0111\u1ed5 n\u01b0\u1edbc s\u00f4i v\u00e0o r\u1ed3i r\u00f3t ngay, n\u01b0\u1edbc n\u00e0y ta b\u1ecf \u0111i, cho th\u00eam n\u01b0\u1edbc s\u00f4i l\u1ea7n th\u1ee9 hai, l\u1ea7n n\u00e0y ch\u1edd ng\u1ea5m, \u0111\u1ec3 ngu\u1ed9i m\u1edbi u\u1ed1ng.<\/p>\n<p>&#8211; U\u1ed1ng h\u1ebft l\u1ea1i pha n\u01b0\u1edbc s\u00f4i. L\u1ea7n n\u00e0y n\u00ean \u0111\u1eb7t ch\u00e9n qu\u1ebf v\u00e0o m\u1ed9t ch\u00e9n hay b\u00e1t to h\u01a1n \u0111\u1ef1ng n\u01b0\u1edbc s\u00f4i \u0111\u1ec3 qu\u1ebf d\u1ec5 ng\u1ea5m h\u01a1n. M\u1ed9t l\u01b0\u1ee3t v\u1ecf qu\u1ebf c\u00f3 th\u1ec3 pha 2 hay 3 l\u1ea7n n\u01b0\u1edbc. Lo\u1ea1i t\u1ed1t c\u00f3 th\u1ec3 \u0111\u01b0\u1ee3c t\u1edbi 5-6 n\u01b0\u1edbc.<\/p>","protected":false},"excerpt":{"rendered":"<p>Qu\u1ebf\u00a0l\u00e0 c\u00e2y th\u00e2n g\u1ed7, cao kho\u1ea3ng 10 \u2013 20m, v\u1ecf th\u00e2n nh\u1eb5n. L\u00e1 qu\u1ebf m\u1ecdc so le, c\u00f3 cu\u1ed1ng ng\u1eafn,<\/p>","protected":false},"featured_media":39743,"comment_status":"open","ping_status":"closed","template":"","meta":[],"product_brand":[],"product_cat":[595,36,134],"product_tag":[],"class_list":{"0":"post-29041","1":"product","2":"type-product","3":"status-publish","4":"has-post-thumbnail","6":"product_cat-gia-vi-va-che-bien","7":"product_cat-thuc-pham-tieu-dung","8":"product_cat-thucpham-saykho","9":"pa_brand-skx","11":"first","12":"instock","13":"sale","14":"shipping-taxable","15":"purchasable","16":"product-type-simple"},"_links":{"self":[{"href":"https:\/\/havamall.vn\/en\/wp-json\/wp\/v2\/product\/29041"}],"collection":[{"href":"https:\/\/havamall.vn\/en\/wp-json\/wp\/v2\/product"}],"about":[{"href":"https:\/\/havamall.vn\/en\/wp-json\/wp\/v2\/types\/product"}],"replies":[{"embeddable":true,"href":"https:\/\/havamall.vn\/en\/wp-json\/wp\/v2\/comments?post=29041"}],"version-history":[{"count":0,"href":"https:\/\/havamall.vn\/en\/wp-json\/wp\/v2\/product\/29041\/revisions"}],"wp:featuredmedia":[{"embeddable":true,"href":"https:\/\/havamall.vn\/en\/wp-json\/wp\/v2\/media\/39743"}],"wp:attachment":[{"href":"https:\/\/havamall.vn\/en\/wp-json\/wp\/v2\/media?parent=29041"}],"wp:term":[{"taxonomy":"product_brand","embeddable":true,"href":"https:\/\/havamall.vn\/en\/wp-json\/wp\/v2\/product_brand?post=29041"},{"taxonomy":"product_cat","embeddable":true,"href":"https:\/\/havamall.vn\/en\/wp-json\/wp\/v2\/product_cat?post=29041"},{"taxonomy":"product_tag","embeddable":true,"href":"https:\/\/havamall.vn\/en\/wp-json\/wp\/v2\/product_tag?post=29041"}],"curies":[{"name":"wp","href":"https:\/\/api.w.org\/{rel}","templated":true}]}}