{"id":29039,"date":"2022-09-29T15:36:23","date_gmt":"2022-09-29T08:36:23","guid":{"rendered":"https:\/\/havamall.vn\/?post_type=product&#038;p=29039"},"modified":"2025-06-08T11:17:25","modified_gmt":"2025-06-08T04:17:25","slug":"hat-thao-duoc-ajwain-carom-havafoodies-goi-100g-ajwain-carom-seed","status":"publish","type":"product","link":"https:\/\/havamall.vn\/en\/shop\/hat-thao-duoc-ajwain-carom-havafoodies-goi-100g-ajwain-carom-seed\/","title":{"rendered":"H\u1ea1t Th\u1ea3o D\u01b0\u1ee3c Ajwain\/Carom Havafoodies G\u00f3i 100g \u2013 Ajwain\/Carom Seed"},"content":{"rendered":"<p>Gi\u1ed1ng nh\u01b0 rau m\u00f9i, th\u00ec l\u00e0, Ajwain thu\u1ed9c h\u1ecd th\u1ef1c v\u1eadt Apiaceae (hay Umbelliferae). L\u00e1 c\u1ee7a c\u00e2y gi\u1ed1ng nh\u01b0 l\u00f4ng v\u0169 v\u00e0 qu\u1ea3 &#8211; th\u01b0\u1eddng \u0111\u01b0\u1ee3c g\u1ecdi l\u00e0 h\u1ea1t &#8211; c\u00f3 m\u00e0u kaki nh\u1ea1t, v\u00e2n v\u00e0 h\u00ecnh b\u1ea7u d\u1ee5c. Carom \u0111\u00e3 \u0111\u01b0\u1ee3c s\u1eed d\u1ee5ng r\u1ed9ng r\u00e3i t\u1eeb th\u1eddi c\u1ed5 \u0111\u1ea1i trong n\u1ec1n \u1ea9m th\u1ef1c \u1ea4n \u0110\u1ed9, Trung \u0110\u00f4ng v\u00e0 Ch\u00e2u Phi v\u00e0 cho m\u1ee5c \u0111\u00edch y h\u1ecdc.<\/p>\n<p><img fetchpriority=\"high\" decoding=\"async\" class=\"wp-image-29029 aligncenter\" src=\"https:\/\/havamall.com\/wp-content\/uploads\/2025\/06\/maxresdefault-4-300x169.jpg\" alt=\"\" width=\"609\" height=\"343\" \/><\/p>\n<p>C\u00e2y Ajwain \u0111\u01b0\u1ee3c cho l\u00e0 c\u00f3 ngu\u1ed3n g\u1ed1c \u1edf Ba T\u01b0 (Iran) v\u00e0 Ti\u1ec3u \u00c1 (nay l\u00e0 Th\u1ed5 Nh\u0129 K\u1ef3). Sau \u0111\u00f3, n\u00f3 \u0111\u00e3 ph\u1ed5 bi\u1ebfn sang \u1ea4n \u0110\u1ed9 v\u00e0 hi\u1ec7n nay c\u0169ng \u0111\u01b0\u1ee3c tr\u1ed3ng \u1edf Trung \u0110\u00f4ng v\u00e0 B\u1eafc Phi. C\u00e1c t\u00ean kh\u00e1c c\u1ee7a ajwain l\u00e0 ajowan, ajowan caraway, ajave seed, ajvain, ajwan, Ethiopia cumin, omam v\u00e0 omum, t\u00f9y thu\u1ed9c v\u00e0o n\u01a1i n\u00f3 \u0111\u01b0\u1ee3c s\u1eed d\u1ee5ng tr\u00ean th\u1ebf gi\u1edbi.<\/p>\n<p>H\u1ea1t Carom\u00a0hay c\u00f2n \u0111\u01b0\u1ee3c g\u1ecdi l\u00e0\u00a0Ajwain\u00a0th\u01b0\u1eddng \u0111\u01b0\u1ee3c s\u1eed d\u1ee5ng trong n\u1ea5u \u0103n c\u1ee7a ng\u01b0\u1eddi \u1ea4n \u0110\u1ed9 nh\u01b0 m\u1ed9t ph\u1ea7n c\u1ee7a h\u1ed7n h\u1ee3p gia v\u1ecb.<strong>\u00a0<\/strong>N\u00f3 tr\u00f4ng t\u01b0\u01a1ng t\u1ef1 nh\u01b0 h\u1ea1t th\u00ec l\u00e0, c\u00f3 h\u01b0\u01a1ng v\u1ecb r\u1ea5t th\u01a1m v\u00e0 m\u00f9i nh\u01b0 c\u1ecf x\u1ea1 h\u01b0\u01a1ng.<strong>\u00a0<\/strong>Tuy nhi\u00ean, h\u01b0\u01a1ng v\u1ecb c\u1ee7a n\u00f3 gi\u1ed1ng oregano v\u00e0 h\u1ed3i h\u01a1n do c\u00f3 v\u1ecb \u0111\u1eafng v\u00e0 h\u01b0\u01a1ng v\u1ecb m\u1ea1nh.<\/p>\n<p><img decoding=\"async\" class=\"wp-image-29030 aligncenter\" src=\"https:\/\/havamall.com\/wp-content\/uploads\/2025\/06\/maxresdefault-5-300x182.jpg\" alt=\"\" width=\"609\" height=\"369\" \/><\/p>\n<p>H\u1ea1t Carom th\u01b0\u1eddng \u0111\u01b0\u1ee3c tr\u1ed3ng \u1edf \u1ea4n \u0110\u1ed9 v\u00e0 Iran hi\u1ebfm khi \u0111\u01b0\u1ee3c \u0103n s\u1ed1ng v\u00e0 thay v\u00e0o \u0111\u00f3 \u0111\u01b0\u1ee3c n\u1ea5u ch\u00edn tr\u01b0\u1edbc khi th\u00eam v\u00e0o c\u00f4ng th\u1ee9c n\u1ea5u \u0103n. N\u00f3 \u0111\u01b0\u1ee3c b\u00e1n \u1edf c\u1ea3 d\u1ea1ng h\u1ea1t v\u00e0 d\u1ea1ng b\u1ed9t, tuy nhi\u00ean c\u00e1ch n\u1ea5u v\u1edbi h\u1ea1t ph\u1ed5 bi\u1ebfn h\u01a1n.<\/p>\n<h3 id=\"9_sieu_loi_ich_cua_hat_carom\"><strong>L\u1ee3i \u00edch c\u1ee7a h\u1ea1t Carom<\/strong><\/h3>\n<h5 id=\"giam_axit_va_kho_tieu_tuc_thi\"><em><strong>Gi\u1ea3m axit v\u00e0 kh\u00f3 ti\u00eau t\u1ee9c th\u00ec<\/strong><\/em><\/h5>\n<p>M\u1ed9t trong nh\u1eefng l\u1ee3i \u00edch s\u1ee9c kh\u1ecfe quan tr\u1ecdng nh\u1ea5t c\u1ee7a h\u1ea1t Ajwain l\u00e0 gi\u1eef cho d\u1ea1 d\u00e0y c\u1ee7a b\u1ea1n kh\u1ecfe m\u1ea1nh. C\u00e1c enzym ho\u1ea1t t\u00ednh trong ajwain gi\u00fap th\u00fac \u0111\u1ea9y ch\u1ee9c n\u0103ng ti\u00eau h\u00f3a c\u1ee7a ch\u00fang ta b\u1eb1ng c\u00e1ch t\u1ea1o \u0111i\u1ec1u ki\u1ec7n gi\u1ea3i ph\u00f3ng d\u1ecbch v\u1ecb.<\/p>\n<h5 id=\"dieu_tri_cam_lanh_thong_thuong\"><em><strong>\u0110i\u1ec1u tr\u1ecb c\u1ea3m l\u1ea1nh th\u00f4ng th\u01b0\u1eddng<\/strong><\/em><\/h5>\n<p>Ajwain gi\u00fap tr\u00e1nh t\u1eafc m\u0169i b\u1eb1ng c\u00e1ch th\u1ea3i ch\u1ea5t nh\u1ea7y ra ngo\u00e0i d\u1ec5 d\u00e0ng. Chu\u1ea9n b\u1ecb h\u1ed7n h\u1ee3p h\u1ea1t ajwain v\u00e0 \u0111\u01b0\u1eddng th\u1ed1t n\u1ed1t b\u1eb1ng c\u00e1ch \u0111un n\u00f3ng v\u00e0 u\u1ed1ng 2 th\u00eca c\u00e0 ph\u00ea hai l\u1ea7n m\u1ed9t ng\u00e0y \u0111\u1ec3 c\u1ea3m th\u1ea5y d\u1ec5 ch\u1ecbu h\u01a1n. \u0110i\u1ec1u n\u00e0y c\u0169ng gi\u00fap \u0111\u1ed1i ph\u00f3 v\u1edbi c\u00e1c b\u1ec7nh v\u1ec1 \u0111\u01b0\u1eddng h\u00f4 h\u1ea5p nh\u01b0 hen suy\u1ec5n v\u00e0 vi\u00eam ph\u1ebf qu\u1ea3n.<\/p>\n<p><img decoding=\"async\" class=\"wp-image-29031 aligncenter\" src=\"https:\/\/havamall.com\/wp-content\/uploads\/2025\/06\/d05696-300x201.png\" alt=\"\" width=\"594\" height=\"398\" \/><\/p>\n<h5 id=\"doi_voi_cac_con_dau_tai_va_rang\"><em><strong>\u0110\u1ed1i v\u1edbi c\u00e1c c\u01a1n \u0111au tai v\u00e0 r\u0103ng<\/strong><\/em><\/h5>\n<p>\u0110\u1ec3 gi\u1ea3m b\u1edbt c\u01a1n \u0111au tai \u0111\u00e1ng s\u1ee3, hai gi\u1ecdt d\u1ea7u ajwain l\u00e0 \u0111\u1ee7. \u0110\u1ec3 gi\u1ea3m \u0111au nh\u1ee9c r\u0103ng t\u1ee9c th\u00ec, h\u00e3y s\u00fac mi\u1ec7ng b\u1eb1ng h\u1ed7n h\u1ee3p n\u01b0\u1edbc \u1ea5m, 1 th\u00eca c\u00e0 ph\u00ea mu\u1ed1i ajwain. Ch\u1ec9 c\u1ea7n h\u00edt kh\u00f3i c\u1ee7a h\u1ea1t Ajwain \u0111ang ch\u00e1y c\u00f3 th\u1ec3 l\u00e0m c\u01a1n \u0111au nh\u1ee9c r\u0103ng c\u1ee7a b\u1ea1n h\u1ebft lu\u00f4n l\u1eadp t\u1ee9c. B\u00ean c\u1ea1nh \u0111\u00f3, n\u00f3 c\u00f2n ho\u1ea1t \u0111\u1ed9ng nh\u01b0 m\u1ed9t ch\u1ea5t x\u00fac mi\u1ec7ng tuy\u1ec7t v\u1eddi v\u00e0 duy tr\u00ec v\u1ec7 sinh r\u0103ng mi\u1ec7ng t\u1ed1t.<\/p>\n<h5 id=\"lam_sach_vet_thuong\"><em><strong>L\u00e0m s\u1ea1ch v\u1ebft th\u01b0\u01a1ng<\/strong><\/em><\/h5>\n<p>M\u1ed9t th\u00e0nh ph\u1ea7n \u0111\u01b0\u1ee3c g\u1ecdi l\u00e0 thymol trong h\u1ea1t Carom c\u00f3 t\u00e1c d\u1ee5ng nh\u01b0 m\u1ed9t ch\u1ea5t di\u1ec7t khu\u1ea9n, n\u1ea5m. V\u00ec v\u1eady, h\u1ea1t ajwain c\u00f3 th\u1ec3 \u0111\u01b0\u1ee3c nghi\u1ec1n n\u00e1t v\u00e0 \u0111\u1eafp tr\u00ean da \u0111\u1ec3 \u0111i\u1ec1u tr\u1ecb nhi\u1ec5m tr\u00f9ng ho\u1eb7c v\u1ebft c\u1eafn.<\/p>\n<p><img loading=\"lazy\" decoding=\"async\" class=\"wp-image-29032 aligncenter\" src=\"https:\/\/havamall.com\/wp-content\/uploads\/2025\/06\/ajwaini-paneer-tikka-300x225.jpg\" alt=\"\" width=\"600\" height=\"450\" \/><\/p>\n<h5 id=\"ngan_chan_toc_bac\"><em><strong>Ng\u0103n ch\u1eb7n t\u00f3c b\u1ea1c<\/strong><\/em><\/h5>\n<p>H\u1ea1t Carom c\u00f2n \u0111\u01b0\u1ee3c bi\u1ebft \u0111\u1ebfn v\u1edbi t\u00e1c d\u1ee5ng gi\u00fap ng\u0103n ch\u1eb7n t\u00f3c b\u1ea1c tr\u01b0\u1edbc khi b\u1ea1n b\u01b0\u1edbc v\u00e0o giai \u0111o\u1ea1n l\u00e3o h\u00f3a. \u0110\u1ec3 chu\u1ea9n b\u1ecb h\u1ed7n h\u1ee3p n\u00e0y, th\u00eam l\u00e1 c\u00e0 ri, nho kh\u00f4, \u0111\u01b0\u1eddng v\u00e0 h\u1ea1t Carom v\u00e0o m\u1ed9t c\u1ed1c n\u01b0\u1edbc v\u00e0 n\u1ea5u n\u01b0\u1edbc u\u1ed1ng. U\u1ed1ng m\u1ed9t ly n\u00e0y m\u1ed7i ng\u00e0y cho \u0111\u1ebfn khi b\u1ea1n b\u1eaft \u0111\u1ea7u th\u1ea5y k\u1ebft qu\u1ea3.<\/p>\n<h5 id=\"thuoc_chong_muoi_tu_nhien\"><em><strong>Thu\u1ed1c ch\u1ed1ng mu\u1ed7i t\u1ef1 nhi\u00ean<\/strong><\/em><\/h5>\n<p>N\u1ebfu kem ch\u1ed1ng mu\u1ed7i c\u1ee7a b\u1ea1n kh\u00f4ng ho\u1ea1t \u0111\u1ed9ng hay \u0111ang kh\u00f4ng c\u00f3 s\u1eb5n th\u00ec b\u1ea1n c\u00f3 th\u1ec3 t\u1ef1 l\u00e0m m\u1ed9t lo\u1ea1i kem t\u1ef1 nhi\u00ean \u1edf nh\u00e0 b\u1eb1ng h\u1ea1t Carom. B\u1ea1n h\u00e3y s\u1eed d\u1ee5ng d\u1ea7u m\u00f9 t\u1ea1t v\u1edbi h\u1ea1t Ajwain v\u00e0 b\u00f4i l\u00ean c\u00e1c mi\u1ebfng b\u00eca c\u1ee9ng m\u00e0 b\u1ea1n c\u00f3 th\u1ec3 bu\u1ed9c \u1edf c\u00e1c g\u00f3c ph\u00f2ng \u0111\u1ec3 lo\u1ea1i b\u1ecf mu\u1ed7i. S\u1eed d\u1ee5ng gia v\u1ecb n\u00e0y nh\u01b0 m\u1ed9t ch\u1ea5t xua \u0111u\u1ed5i t\u1ef1 nhi\u00ean s\u1ebd mang \u0111\u1ebfn cho ng\u00f4i nh\u00e0 c\u1ee7a b\u1ea1n m\u1ed9t m\u00f9i h\u01b0\u01a1ng th\u01a1m m\u00e1t \u0111\u1ed3ng th\u1eddi d\u1eb9p h\u1ebft mu\u1ed7i m\u1ed9t c\u00e1ch an to\u00e0n.<\/p>\n<p><img loading=\"lazy\" decoding=\"async\" class=\"wp-image-29033 aligncenter\" src=\"https:\/\/havamall.com\/wp-content\/uploads\/2025\/06\/ajwain-carom-seed-1-274x300.jpg\" alt=\"\" width=\"597\" height=\"654\" \/><\/p>\n<h5 id=\"giam_dau_do_viem_khop\"><em><strong>Gi\u1ea3m \u0111au do vi\u00eam kh\u1edbp<\/strong><\/em><\/h5>\n<p>H\u1ea1t Carom c\u00f3 \u0111\u1eb7c t\u00ednh kh\u00e1ng sinh l\u00e0m gi\u1ea3m m\u1ea9n \u0111\u1ecf v\u00e0 ch\u1ed1ng vi\u00eam, \u0111\u1ed3ng th\u1eddi c\u00f3 \u0111\u1eb7c t\u00ednh g\u00e2y t\u00ea gi\u00fap l\u00e0m d\u1ecbu c\u01a1n \u0111au v\u00e0 s\u01b0ng t\u1ea5y. \u0110\u1ec3 ch\u1eefa tr\u1ecb t\u1ea1i nh\u00e0, b\u1ea1n c\u00f3 th\u1ec3 thoa h\u1ed7n h\u1ee3p h\u1ea1t \u0111\u00e3 nghi\u1ec1n n\u00e1t l\u00ean c\u00e1c kh\u1edbp ho\u1eb7c ng\u00e2m m\u00ecnh trong b\u1ed3n n\u01b0\u1edbc n\u00f3ng v\u1edbi m\u1ed9t n\u1eafm h\u1ea1t carom.<\/p>","protected":false},"excerpt":{"rendered":"<p>Gi\u1ed1ng nh\u01b0 rau m\u00f9i, th\u00ec l\u00e0, Ajwain thu\u1ed9c h\u1ecd th\u1ef1c v\u1eadt Apiaceae (hay Umbelliferae). L\u00e1 c\u1ee7a c\u00e2y gi\u1ed1ng nh\u01b0 l\u00f4ng<\/p>","protected":false},"featured_media":39177,"comment_status":"open","ping_status":"closed","template":"","meta":[],"product_brand":[],"product_cat":[595,36,134],"product_tag":[],"class_list":{"0":"post-29039","1":"product","2":"type-product","3":"status-publish","4":"has-post-thumbnail","6":"product_cat-gia-vi-va-che-bien","7":"product_cat-thuc-pham-tieu-dung","8":"product_cat-thucpham-saykho","9":"pa_brand-skx","11":"first","12":"instock","13":"sale","14":"shipping-taxable","15":"purchasable","16":"product-type-simple"},"_links":{"self":[{"href":"https:\/\/havamall.vn\/en\/wp-json\/wp\/v2\/product\/29039"}],"collection":[{"href":"https:\/\/havamall.vn\/en\/wp-json\/wp\/v2\/product"}],"about":[{"href":"https:\/\/havamall.vn\/en\/wp-json\/wp\/v2\/types\/product"}],"replies":[{"embeddable":true,"href":"https:\/\/havamall.vn\/en\/wp-json\/wp\/v2\/comments?post=29039"}],"version-history":[{"count":0,"href":"https:\/\/havamall.vn\/en\/wp-json\/wp\/v2\/product\/29039\/revisions"}],"wp:featuredmedia":[{"embeddable":true,"href":"https:\/\/havamall.vn\/en\/wp-json\/wp\/v2\/media\/39177"}],"wp:attachment":[{"href":"https:\/\/havamall.vn\/en\/wp-json\/wp\/v2\/media?parent=29039"}],"wp:term":[{"taxonomy":"product_brand","embeddable":true,"href":"https:\/\/havamall.vn\/en\/wp-json\/wp\/v2\/product_brand?post=29039"},{"taxonomy":"product_cat","embeddable":true,"href":"https:\/\/havamall.vn\/en\/wp-json\/wp\/v2\/product_cat?post=29039"},{"taxonomy":"product_tag","embeddable":true,"href":"https:\/\/havamall.vn\/en\/wp-json\/wp\/v2\/product_tag?post=29039"}],"curies":[{"name":"wp","href":"https:\/\/api.w.org\/{rel}","templated":true}]}}