{"id":29015,"date":"2022-09-28T16:05:55","date_gmt":"2022-09-28T09:05:55","guid":{"rendered":"https:\/\/havamall.vn\/?post_type=product&#038;p=29015"},"modified":"2022-09-29T14:37:08","modified_gmt":"2022-09-29T07:37:08","slug":"hop-dung-cu-uncle-bills-plastic-tool-box","status":"publish","type":"product","link":"https:\/\/havamall.vn\/en\/shop\/hop-dung-cu-uncle-bills-plastic-tool-box\/","title":{"rendered":"H\u1ed9p D\u1ee5ng C\u1ee5 Uncle Bills &#8211; Plastic Tool Box"},"content":{"rendered":"<p>H\u1ed9p \u0110\u1ef1ng D\u1ee5ng C\u1ee5\u00a0UBL HT0105\u00a0v\u00e0 v\u1eadt d\u1ee5ng l\u00fd t\u01b0\u1edfng \u0111\u1ec3 \u0111\u1ef1ng v\u00e0 c\u1ea5t gi\u1eef nhi\u1ec1u lo\u1ea1i d\u1ee5ng c\u1ee5, ph\u1ee5 t\u00f9ng, \u0111\u1ed3 \u0111i\u1ec7n kh\u00e1c nhau. H\u1ed9p c\u00f3 hai t\u1ea7ng \u0111\u01b0\u1ee3c chia l\u00e0m nhi\u1ec1u ng\u0103n to, nh\u1ecf s\u1eb5n s\u00e0ng \u0111\u1ec3 \u0111\u1ef1ng v\u00e0 c\u1ea5t gi\u1eef ng\u0103n n\u1eafp t\u1ea5t c\u1ea3 c\u00e1c lo\u1ea1i d\u1ee5ng c\u1ee5 c\u1ee7a b\u1ea1n.\u00a0M\u1ecdi d\u1ee5ng c\u1ee5 c\u1ee7a b\u1ea1n s\u1ebd \u0111\u01b0\u1ee3c ph\u00e2n lo\u1ea1i, c\u1ea5t gi\u1eef an to\u00e0n, kh\u00f4ng b\u1ecb r\u1edbt ra ngo\u00e0i. Gi\u1eef d\u1ee5ng c\u1ee5 lu\u00f4n s\u1ea1ch s\u1ebd, g\u1ecdn g\u00e0ng kh\u00f4ng b\u1ecb b\u00e1m b\u1ee5i b\u1ea9n d\u00f9 ph\u1ea3i c\u1ea5t gi\u1eef l\u00e2u ng\u00e0y.<\/p>\n<p><img fetchpriority=\"high\" decoding=\"async\" class=\"wp-image-29016 aligncenter\" src=\"https:\/\/havamall.vn\/wp-content\/uploads\/2022\/09\/upload_515b39676f124008a5fc938c5226b0a1_master-300x300.png\" alt=\"\" width=\"561\" height=\"561\" srcset=\"https:\/\/havamall.vn\/wp-content\/uploads\/2022\/09\/upload_515b39676f124008a5fc938c5226b0a1_master-300x300.png 300w, https:\/\/havamall.vn\/wp-content\/uploads\/2022\/09\/upload_515b39676f124008a5fc938c5226b0a1_master-430x430.png 430w, https:\/\/havamall.vn\/wp-content\/uploads\/2022\/09\/upload_515b39676f124008a5fc938c5226b0a1_master-150x150.png 150w, https:\/\/havamall.vn\/wp-content\/uploads\/2022\/09\/upload_515b39676f124008a5fc938c5226b0a1_master-700x700.png 700w, https:\/\/havamall.vn\/wp-content\/uploads\/2022\/09\/upload_515b39676f124008a5fc938c5226b0a1_master-768x768.png 768w, https:\/\/havamall.vn\/wp-content\/uploads\/2022\/09\/upload_515b39676f124008a5fc938c5226b0a1_master-600x600.png 600w, https:\/\/havamall.vn\/wp-content\/uploads\/2022\/09\/upload_515b39676f124008a5fc938c5226b0a1_master-100x100.png 100w, https:\/\/havamall.vn\/wp-content\/uploads\/2022\/09\/upload_515b39676f124008a5fc938c5226b0a1_master.png 850w\" sizes=\"(max-width: 561px) 100vw, 561px\" \/><\/p>\n<p>Ch\u1ea5t li\u1ec7u nh\u1ef1a b\u1ec1n ch\u1eafc.H\u1ed9p \u0110\u1ef1ng D\u1ee5ng C\u1ee5\u00a0\u0111\u01b0\u1ee3c l\u00e0m t\u1eeb ch\u1ea5t li\u1ec7u nh\u1ef1a r\u1eafn ch\u1eafc, ch\u1ecbu l\u1ef1c t\u1ed1t, ch\u1ecbu nhi\u1ec7t t\u1ed1i \u01b0u, ch\u1ed1ng bi\u1ebfn d\u1ea1ng khi b\u1ecb t\u00e1c \u0111\u1ed9ng m\u1ea1nh trong su\u1ed1t qu\u00e1 tr\u00ecnh s\u1eed d\u1ee5ng gi\u00fap b\u1ea1n y\u00ean t\u00e2m s\u1eed d\u1ee5ng s\u1ea3n ph\u1ea9m trong m\u1ed9t th\u1eddi gian d\u00e0i m\u00e0 kh\u00f4ng lo c\u00e1c v\u1ea5n \u0111\u1ec1 h\u01b0 h\u1ecfng th\u01b0\u1eddng g\u1eb7p nh\u01b0 c\u00e1c h\u1ed9p \u0111\u1ef1ng th\u00f4ng th\u01b0\u1eddng kh\u00e1c.<\/p>\n<p><img decoding=\"async\" class=\"wp-image-29017 aligncenter\" src=\"https:\/\/havamall.vn\/wp-content\/uploads\/2022\/09\/upload_3321be9924ba4dcc8bab5a574d12bf06-300x300.png\" alt=\"\" width=\"546\" height=\"546\" srcset=\"https:\/\/havamall.vn\/wp-content\/uploads\/2022\/09\/upload_3321be9924ba4dcc8bab5a574d12bf06-300x300.png 300w, https:\/\/havamall.vn\/wp-content\/uploads\/2022\/09\/upload_3321be9924ba4dcc8bab5a574d12bf06-430x430.png 430w, https:\/\/havamall.vn\/wp-content\/uploads\/2022\/09\/upload_3321be9924ba4dcc8bab5a574d12bf06-150x150.png 150w, https:\/\/havamall.vn\/wp-content\/uploads\/2022\/09\/upload_3321be9924ba4dcc8bab5a574d12bf06-700x700.png 700w, https:\/\/havamall.vn\/wp-content\/uploads\/2022\/09\/upload_3321be9924ba4dcc8bab5a574d12bf06-768x768.png 768w, https:\/\/havamall.vn\/wp-content\/uploads\/2022\/09\/upload_3321be9924ba4dcc8bab5a574d12bf06-600x600.png 600w, https:\/\/havamall.vn\/wp-content\/uploads\/2022\/09\/upload_3321be9924ba4dcc8bab5a574d12bf06-100x100.png 100w, https:\/\/havamall.vn\/wp-content\/uploads\/2022\/09\/upload_3321be9924ba4dcc8bab5a574d12bf06.png 850w\" sizes=\"(max-width: 546px) 100vw, 546px\" \/><\/p>\n<p>Thi\u1ebft k\u1ebf th\u00f4ng minh, ti\u1ec7n l\u1ee3i.S\u1ea3n ph\u1ea9m c\u00f3 kh\u00f3a nh\u1ef1a tr\u00ean th\u00e2n th\u00f9ng gi\u00fap c\u00e1c \u0111\u1ed3 \u0111\u1ea1c b\u00ean trong th\u00f9ng kh\u00f4ng b\u1ecb r\u01a1i ra ngo\u00e0i khi di chuy\u1ec3n, ch\u1ec9 b\u1eb1ng m\u1ed9t thao t\u00e1c \u1ea5n nh\u1eb9 l\u00e0 c\u00f3 th\u1ec3 \u0111\u00f3ng hay m\u1edf n\u1eafp th\u00f9ng r\u1ea5t d\u1ec5 d\u00e0ng. Thi\u1ebft k\u1ebf nh\u1ecf g\u1ecdn, H\u1ed9p r\u1ea5t b\u1ec1n v\u00e0 ch\u1eafc.<\/p>\n<p>Ph\u1ea7n tay c\u1ea7m ti\u1ec7n l\u1ee3i, gi\u00fap b\u1ea1n d\u1ec5 d\u00e0ng c\u1ea7m v\u00e0 di chuy\u1ec3n h\u1ed9p \u0111i kh\u1eafp n\u01a1i, nh\u1ea5t l\u00e0 di chuy\u1ec3n trong c\u00e1c c\u00f4ng tr\u00ecnh. Ng\u0103n nh\u1ecf \u0111\u1ec3 \u0111\u1ef1ng c\u00e1c lo\u1ea1i \u1ed1c v\u00edt. L\u00e0 d\u1ee5ng c\u1ee5 h\u1ed7 tr\u1ee3 \u0111\u1eafc l\u1ef1c ph\u1ee5c v\u1ee5 c\u00e1c c\u00f4ng vi\u1ec7c c\u1ee7a b\u1ea1n \u0111\u01b0\u1ee3c nhanh ch\u00f3ng v\u00e0 hi\u1ec7u qu\u1ea3 h\u01a1n r\u1ea5t nhi\u1ec1u.<\/p>\n<p><img decoding=\"async\" class=\"wp-image-29020 aligncenter\" src=\"https:\/\/havamall.vn\/wp-content\/uploads\/2022\/09\/71qKvdTN4mL._SL1500_-300x276.jpg\" alt=\"\" width=\"546\" height=\"503\" srcset=\"https:\/\/havamall.vn\/wp-content\/uploads\/2022\/09\/71qKvdTN4mL._SL1500_-300x276.jpg 300w, https:\/\/havamall.vn\/wp-content\/uploads\/2022\/09\/71qKvdTN4mL._SL1500_-430x396.jpg 430w, https:\/\/havamall.vn\/wp-content\/uploads\/2022\/09\/71qKvdTN4mL._SL1500_-150x138.jpg 150w, https:\/\/havamall.vn\/wp-content\/uploads\/2022\/09\/71qKvdTN4mL._SL1500_-700x644.jpg 700w, https:\/\/havamall.vn\/wp-content\/uploads\/2022\/09\/71qKvdTN4mL._SL1500_-768x707.jpg 768w, https:\/\/havamall.vn\/wp-content\/uploads\/2022\/09\/71qKvdTN4mL._SL1500_-1024x942.jpg 1024w, https:\/\/havamall.vn\/wp-content\/uploads\/2022\/09\/71qKvdTN4mL._SL1500_-1200x1104.jpg 1200w, https:\/\/havamall.vn\/wp-content\/uploads\/2022\/09\/71qKvdTN4mL._SL1500_-600x552.jpg 600w, https:\/\/havamall.vn\/wp-content\/uploads\/2022\/09\/71qKvdTN4mL._SL1500_.jpg 1500w\" sizes=\"(max-width: 546px) 100vw, 546px\" \/><\/p>\n<h3><strong>\u0110\u1eb6C \u0110I\u1ec2M N\u1ed4I B\u1eacT H\u1ed8P \u0110\u1ef0NG D\u1ee4NG C\u1ee4<\/strong><\/h3>\n<p>&#8211; Thi\u1ebft k\u1ebf ch\u1eafc ch\u1eafn, g\u1ecdn nh\u1eb9, s\u1eed d\u1ee5ng b\u1ec1n<\/p>\n<p>&#8211; H\u1ed9p c\u00f3 hai t\u1ea7ng, kh\u00f3a c\u00e0i tr\u00ean n\u1eafp v\u00e0 tay c\u1ea7m ti\u1ec7n d\u1ee5ng.<\/p>\n<p>&#8211; H\u1ed9p \u0111\u1ef1ng d\u1ee5ng c\u1ee5 s\u1edf h\u1eefu thi\u1ebft k\u1ebf nh\u1ecf g\u1ecdn, ti\u1ec7n \u00edch chuy\u00ean d\u00f9ng \u0111\u1ec3 \u0111\u1ef1ng nh\u1eefng thi\u1ebft b\u1ecb s\u1eeda ch\u1eefa, \u0111\u1ed3 DIY.<\/p>\n<p>&#8211; S\u1ea3n ph\u1ea9m \u0111\u01b0\u1ee3c l\u00e0m t\u1eeb ch\u1ea5t li\u1ec7u nh\u1ef1a b\u1ec1n ch\u1eafc, kh\u1ea3 n\u0103ng ch\u1ecbu l\u1ef1c t\u1ed1t v\u00e0 ch\u1ed1ng bi\u1ebfn d\u1ea1ng khi b\u1ecb t\u00e1c \u0111\u1ed9ng.<\/p>\n<p>&#8211; \u0110\u1ef1ng \u0111\u01b0\u1ee3c c\u00e1c lo\u1ea1i d\u1ee5ng c\u1ee5 c\u1ea7m tay, th\u01b0\u1edbc cu\u1ed9n c\u00f3 chi\u1ec1u d\u00e0i d\u01b0\u1edbi 30cm.<\/p>\n<h3><strong>H\u01af\u1edaNG D\u1eaaN S\u1eec D\u1ee4NG H\u1ed8P \u0110\u1ef0NG D\u1ee4NG C\u1ee4<\/strong><\/h3>\n<p>&#8211; H\u1ed9p \u0111\u1ef1ng d\u1ee5ng c\u1ee5 c\u00f3 hai t\u1ea7ng. M\u1ed9t t\u1ea7ng l\u1edbn v\u00e0 m\u1ed9t t\u1ea7ng nh\u1ecf. T\u1ea7ng nh\u1ecf b\u00ean tr\u00ean \u0111\u01b0\u1ee3c chia ra nhi\u1ec1u ng\u0103n nh\u1ecf v\u1edbi nhi\u1ec1u k\u00edch c\u1ee1 kh\u00e1c nhau \u0111\u1ec3 \u0111\u1ef1ng c\u00e1c d\u1ee5ng c\u1ee5, \u0111inh \u1ed1c ph\u00f9 h\u1ee3p, tr\u00e1nh t\u00ecnh tr\u1ea1ng b\u1ecb x\u00e1o tr\u1ed9n v\u00e0 gi\u00fap b\u1ea1n d\u1ec5 d\u00e0ng s\u1eed d\u1ee5ng.<\/p>","protected":false},"excerpt":{"rendered":"<p>H\u1ed9p \u0110\u1ef1ng D\u1ee5ng C\u1ee5\u00a0UBL HT0105\u00a0v\u00e0 v\u1eadt d\u1ee5ng l\u00fd t\u01b0\u1edfng \u0111\u1ec3 \u0111\u1ef1ng v\u00e0 c\u1ea5t gi\u1eef nhi\u1ec1u lo\u1ea1i d\u1ee5ng c\u1ee5, ph\u1ee5 t\u00f9ng,<\/p>","protected":false},"featured_media":29019,"comment_status":"open","ping_status":"closed","template":"","meta":[],"product_brand":[],"product_cat":[35],"product_tag":[],"class_list":{"0":"post-29015","1":"product","2":"type-product","3":"status-publish","4":"has-post-thumbnail","6":"product_cat-nha-cua-doi-song","7":"pa_brand-uncle-bills","9":"first","10":"instock","11":"sale","12":"shipping-taxable","13":"purchasable","14":"product-type-simple"},"_links":{"self":[{"href":"https:\/\/havamall.vn\/en\/wp-json\/wp\/v2\/product\/29015"}],"collection":[{"href":"https:\/\/havamall.vn\/en\/wp-json\/wp\/v2\/product"}],"about":[{"href":"https:\/\/havamall.vn\/en\/wp-json\/wp\/v2\/types\/product"}],"replies":[{"embeddable":true,"href":"https:\/\/havamall.vn\/en\/wp-json\/wp\/v2\/comments?post=29015"}],"version-history":[{"count":0,"href":"https:\/\/havamall.vn\/en\/wp-json\/wp\/v2\/product\/29015\/revisions"}],"wp:featuredmedia":[{"embeddable":true,"href":"https:\/\/havamall.vn\/en\/wp-json\/wp\/v2\/media\/29019"}],"wp:attachment":[{"href":"https:\/\/havamall.vn\/en\/wp-json\/wp\/v2\/media?parent=29015"}],"wp:term":[{"taxonomy":"product_brand","embeddable":true,"href":"https:\/\/havamall.vn\/en\/wp-json\/wp\/v2\/product_brand?post=29015"},{"taxonomy":"product_cat","embeddable":true,"href":"https:\/\/havamall.vn\/en\/wp-json\/wp\/v2\/product_cat?post=29015"},{"taxonomy":"product_tag","embeddable":true,"href":"https:\/\/havamall.vn\/en\/wp-json\/wp\/v2\/product_tag?post=29015"}],"curies":[{"name":"wp","href":"https:\/\/api.w.org\/{rel}","templated":true}]}}