{"id":29011,"date":"2022-09-28T15:14:01","date_gmt":"2022-09-28T08:14:01","guid":{"rendered":"https:\/\/havamall.vn\/?post_type=product&#038;p=29011"},"modified":"2022-09-28T16:57:49","modified_gmt":"2022-09-28T09:57:49","slug":"hop-nhua-dung-thuoc-theo-ngay-uncle-bills-pill-organiser","status":"publish","type":"product","link":"https:\/\/havamall.vn\/en\/shop\/hop-nhua-dung-thuoc-theo-ngay-uncle-bills-pill-organiser\/","title":{"rendered":"H\u1ed9p Nh\u1ef1a \u0110\u1ef1ng Thu\u1ed1c Theo Ng\u00e0y Uncle Bills &#8211; Pill Organiser"},"content":{"rendered":"<p><span style=\"font-weight: 400\">Uncle Bills (UBL) cung c\u1ea5p h\u01a1n 1800 s\u1ea3n ph\u1ea9m ti\u00eau d\u00f9ng phi th\u01b0\u0323c ph\u00e2\u0309m h\u00e2\u0301p d\u00e2\u0303n, ti\u00ea\u0323n i\u0301ch, gia\u0301 ph\u1ea3i ch\u0103ng. S\u1ea3n ph\u1ea9m bao g\u1ed3m nhi\u1ec1ulo\u1ea1i ha\u0300ng ho\u0301a kh\u00e1c nhau, t\u1eeb \u0111\u1ed3 du\u0300ng nh\u00e0 b\u1ebfp, ch\u0103m s\u00f3c c\u00e1 nh\u00e2n, l\u00e0m s\u1ea1ch nha\u0300 c\u01b0\u0309a, \u0111\u00f4\u0300 l\u01b0u tr\u1eef, ca\u0301c loa\u0323i du\u0323ng cu\u0323, v\u00e2\u0323t du\u0323ng ngo\u00e0i tr\u1eddi v\u00e0 ca\u0309 cho tr\u1ebb em.UBL Lu\u00f4n lu\u00f4n c\u00e2\u0323p nh\u00e2\u0323t ca\u0301c sa\u0309n ph\u00e2\u0309m m\u01a1\u0301i.<\/span><\/p>\n<p><span style=\"font-weight: 400\">S\u1ea3n ph\u1ea9m UBL \u0111\u01b0\u1ee3c s\u1ea3n xu\u1ea5t theo ti\u00eau chu\u1ea9n ch\u1ea5t l\u01b0\u1ee3ng nghi\u00eam ng\u1eb7t c\u1ee7a UBL Hongkong v\u00e0 b\u00e1n t\u1ea1i h\u01a1n 50 qu\u1ed1c gia v\u01a1\u0301i h\u01a1n 10.000 c\u1eeda h\u00e0ng, bao g\u1ed3m ch\u00e2u \u00c2u, \u00dac, Ch\u00e2u \u00c1, Ch\u00e2u Phi. S\u1ee9 m\u1ec7nh c\u1ee7a UBL l\u00e0 cung c\u1ea5p nh\u1eefng s\u1ea3n ph\u1ea9m ti\u1ec7n \u00edch v\u00e0 h\u1ea5p d\u1eabn cho ng\u00f4i nh\u00e0 hi\u1ec7n \u0111\u1ea1i c\u1ee7a ng\u01b0\u1eddi Vi\u1ec7t Nam.<\/span><\/p>\n<p><img fetchpriority=\"high\" decoding=\"async\" class=\"aligncenter\" src=\"https:\/\/cf.shopee.vn\/file\/f6797de1ee745a2dc0d45cb02727d617\" alt=\"T\u00fai \u0110\u1ef1ng R\u00e1c Th\u00fa C\u01b0ng T\u1ef1 Ph\u00e2n H\u1ee7y Uncle Bills PA3372 | Shopee Vi\u1ec7t Nam\" width=\"469\" height=\"469\" \/><\/p>\n<p><span style=\"font-weight: 400\">H\u1ed9p \u0111\u1ef1ng thu\u1ed1c 7 ng\u00e0y UBL gi\u00fap b\u1ea1n chia thu\u1ed1c u\u1ed1ng hi\u1ec7u qu\u1ea3, \u0111\u1eb7c bi\u1ec7t ph\u00e2n lo\u1ea1i c\u00e1c lo\u1ea1i thu\u1ed1c s\u00e1ng chi\u1ec1u kh\u00e1c nhau. H\u1ed9p \u0111\u1ef1ng thu\u1ed1c 7 ng\u00e0y Uncle Bills r\u1ea5t h\u1eefu \u00edch gi\u00fap b\u1ea1n c\u1ea5t tr\u1eef thu\u1ed1c an to\u00e0n ti\u1ec7n l\u1ee3i v\u00e0 nh\u1eafc nh\u1edf b\u1ea1n u\u1ed1ng thu\u1ed1c \u0111\u00fang ng\u00e0y v\u00e0 \u0111\u00fang li\u1ec1u l\u01b0\u1ee3ng.<\/span><\/p>\n<p><img decoding=\"async\" class=\"wp-image-29012 aligncenter\" src=\"https:\/\/havamall.vn\/wp-content\/uploads\/2022\/09\/upload_36041b8411a4490cb14c74cc5e6f8e89_master-300x300.png\" alt=\"\" width=\"481\" height=\"481\" srcset=\"https:\/\/havamall.vn\/wp-content\/uploads\/2022\/09\/upload_36041b8411a4490cb14c74cc5e6f8e89_master-300x300.png 300w, https:\/\/havamall.vn\/wp-content\/uploads\/2022\/09\/upload_36041b8411a4490cb14c74cc5e6f8e89_master-430x430.png 430w, https:\/\/havamall.vn\/wp-content\/uploads\/2022\/09\/upload_36041b8411a4490cb14c74cc5e6f8e89_master-150x150.png 150w, https:\/\/havamall.vn\/wp-content\/uploads\/2022\/09\/upload_36041b8411a4490cb14c74cc5e6f8e89_master-700x700.png 700w, https:\/\/havamall.vn\/wp-content\/uploads\/2022\/09\/upload_36041b8411a4490cb14c74cc5e6f8e89_master-768x768.png 768w, https:\/\/havamall.vn\/wp-content\/uploads\/2022\/09\/upload_36041b8411a4490cb14c74cc5e6f8e89_master-600x600.png 600w, https:\/\/havamall.vn\/wp-content\/uploads\/2022\/09\/upload_36041b8411a4490cb14c74cc5e6f8e89_master-100x100.png 100w, https:\/\/havamall.vn\/wp-content\/uploads\/2022\/09\/upload_36041b8411a4490cb14c74cc5e6f8e89_master.png 1024w\" sizes=\"(max-width: 481px) 100vw, 481px\" \/><\/p>\n<p><span style=\"font-weight: 400\">H\u1ed9p nh\u1ef1a \u0111\u1ef1ng thu\u1ed1c 7 ng\u00e0y Uncle Bills<\/span> <span style=\"font-weight: 400\">\u0111\u01b0\u1ee3c s\u1ea3n xu\u1ea5t t\u1eeb ch\u1ea5t li\u1ec7u nh\u1ef1a b\u1ec1n b\u1ec9, ho\u00e0n to\u00e0n kh\u00f4ng ch\u1ee9a c\u00e1c h\u00f3a ch\u1ea5t g\u00e2y h\u1ea1i l\u00e0m \u1ea3nh h\u01b0\u1edfng \u0111\u1ebfn thu\u1ed1c, \u0111\u1ea3m b\u1ea3o an to\u00e0n cho s\u1ee9c kh\u1ecfe ng\u01b0\u1eddi s\u1eed d\u1ee5ng. Ch\u1ea5t li\u1ec7u nh\u1ef1a trong su\u1ed1t gi\u00fap b\u1ea1n c\u00f3 th\u1ec3 nh\u00ecn th\u1ea5y v\u00e0 ki\u1ec3m tra l\u01b0\u1ee3ng thu\u1ed1c \u0111ang \u0111\u01b0\u1ee3c ch\u1ee9a b\u00ean trong. Thi\u1ebft k\u1ebf ti\u1ec7n l\u1ee3i v\u1edbi n\u1eafp \u0111\u1eady g\u00e0i ch\u1eafc ch\u1eafn s\u1ebd kh\u00f4ng l\u00e0m thu\u1ed1c r\u01a1i ra ngo\u00e0i trong khi di chuy\u1ec3n.<\/span><\/p>\n<p><img decoding=\"async\" class=\"wp-image-29013 aligncenter\" src=\"https:\/\/havamall.vn\/wp-content\/uploads\/2022\/09\/upload_cc947cf11b234463a889dc6e9d695f3d_master-300x300.png\" alt=\"\" width=\"487\" height=\"487\" srcset=\"https:\/\/havamall.vn\/wp-content\/uploads\/2022\/09\/upload_cc947cf11b234463a889dc6e9d695f3d_master-300x300.png 300w, https:\/\/havamall.vn\/wp-content\/uploads\/2022\/09\/upload_cc947cf11b234463a889dc6e9d695f3d_master-430x430.png 430w, https:\/\/havamall.vn\/wp-content\/uploads\/2022\/09\/upload_cc947cf11b234463a889dc6e9d695f3d_master-150x150.png 150w, https:\/\/havamall.vn\/wp-content\/uploads\/2022\/09\/upload_cc947cf11b234463a889dc6e9d695f3d_master-700x700.png 700w, https:\/\/havamall.vn\/wp-content\/uploads\/2022\/09\/upload_cc947cf11b234463a889dc6e9d695f3d_master-768x768.png 768w, https:\/\/havamall.vn\/wp-content\/uploads\/2022\/09\/upload_cc947cf11b234463a889dc6e9d695f3d_master-600x600.png 600w, https:\/\/havamall.vn\/wp-content\/uploads\/2022\/09\/upload_cc947cf11b234463a889dc6e9d695f3d_master-100x100.png 100w, https:\/\/havamall.vn\/wp-content\/uploads\/2022\/09\/upload_cc947cf11b234463a889dc6e9d695f3d_master.png 1001w\" sizes=\"(max-width: 487px) 100vw, 487px\" \/><\/p>\n<p><span style=\"font-weight: 400\">H\u1ed9p \u0111\u1ef1ng thu\u1ed1c theo ng\u00e0y ti\u1ec7n l\u1ee3i khi s\u1eed d\u1ee5ng v\u1edbi c\u00e1c ng\u0103n \u0111\u01b0\u1ee3c chia ri\u00eang bi\u1ec7t bao g\u1ed3m 4 bu\u1ed5i s\u00e1ng, chi\u1ec1u, t\u1ed1i v\u00e0 tr\u01b0\u1edbc khi ng\u1ee7 trong m\u1ed9t tu\u1ea7n, c\u00f3 th\u1ec3 th\u00e1o r\u1eddi khi c\u1ea7n. S\u1ea3n ph\u1ea9m gi\u00fap b\u1ea1n \u0111\u1ef1ng, b\u1ea3o qu\u1ea3n \u0111\u01b0\u1ee3c nhi\u1ec1u lo\u1ea1i thu\u1ed1c vi\u00ean kh\u00e1c nhau cho 7 ng\u00e0y trong tu\u1ea7n theo li\u1ec1u l\u01b0\u1ee3ng, kh\u00f4ng b\u1ecb nh\u1ea7m l\u1eabn c\u0169ng nh\u01b0 d\u1ec5 d\u00e0ng t\u00ecm th\u1ea5y khi c\u1ea7n s\u1eed d\u1ee5ng.<\/span><\/p>\n<p><img loading=\"lazy\" decoding=\"async\" class=\"aligncenter\" src=\"https:\/\/havamall.vn\/wp-content\/uploads\/2021\/03\/445c67f7eeaf1cf145be.jpg\" width=\"468\" height=\"468\" \/><\/p>\n<p>Kh\u00e2y \u0111\u1ef1ng thu\u1ed1c v\u1edbi m\u1ed7i ng\u0103n \u0111\u1ec1u c\u00f3 m\u1ed9t l\u00f2 so \u0111\u1ea9y kh\u00e2y thu\u1ed1c l\u00ean gi\u00fap b\u1ea1n d\u1ec5 d\u00e0ng l\u1ea5y ra kh\u1ecfi h\u1ed9p. M\u1ed7i h\u1ed9p thu\u1ed1c c\u00f3 k\u00edch th\u01b0\u1edbt r\u1ed9ng c\u00f3 th\u1ec3 ch\u1ee9a \u0111\u01b0\u1ee3c nh\u1eefng vi\u00ean thu\u1ed1c l\u1edbn.\u00a0<span style=\"font-weight: 400\">M\u1ed7i khay thu\u1ed1c theo ng\u00e0y c\u00f3 th\u1ec3 d\u1ec5 d\u00e0ng th\u00e1o ra gi\u00fap b\u1ea1n d\u1ec5 d\u00e0ng mang theo b\u00ean m\u00ecnh \u0111\u1ebfn b\u1ea5t c\u1ee9 n\u01a1i n\u00e0o.<\/span><\/p>\n<p><span style=\"font-weight: 400\">H\u1ed9p th\u00edch h\u1ee3p \u0111\u1ec3 ch\u1ee9a c\u00e1c lo\u1ea1i thu\u1ed1c nh\u1ecf ho\u1eb7c l\u1edbn, thu\u1ed1c lo\u1ea1i vi\u00ean n\u00e9n v\u00e0 vitamin b\u1ed5 sung. H\u1ed9p nh\u1ef1a \u0111\u1ef1ng thu\u1ed1c theo ng\u00e0y Uncle Bills\u00a0 s\u1ebd l\u00e0 m\u1ed9t v\u1eadt d\u1ee5ng c\u1ea7n thi\u1ebft \u0111\u1ec3 ph\u1ee5c v\u1ee5 nhu c\u1ea7u u\u1ed1ng thu\u1ed1c c\u1ee7a ng\u01b0\u1eddi b\u1ec7nh m\u1ed7i ng\u00e0y.<\/span><\/p>\n<p>S\u1ea3n ph\u1ea9m hi\u1ec7n \u0111\u00e3 c\u00f3 m\u1eb7t t\u1ea1i Havamall.<\/p>","protected":false},"excerpt":{"rendered":"<p>Uncle Bills (UBL) cung c\u1ea5p h\u01a1n 1800 s\u1ea3n ph\u1ea9m ti\u00eau d\u00f9ng phi th\u01b0\u0323c ph\u00e2\u0309m h\u00e2\u0301p d\u00e2\u0303n, ti\u00ea\u0323n i\u0301ch, gia\u0301 ph\u1ea3i<\/p>","protected":false},"featured_media":29014,"comment_status":"open","ping_status":"closed","template":"","meta":[],"product_brand":[],"product_cat":[35],"product_tag":[],"class_list":{"0":"post-29011","1":"product","2":"type-product","3":"status-publish","4":"has-post-thumbnail","6":"product_cat-nha-cua-doi-song","7":"pa_brand-uncle-bills","9":"first","10":"instock","11":"sale","12":"shipping-taxable","13":"purchasable","14":"product-type-simple"},"_links":{"self":[{"href":"https:\/\/havamall.vn\/en\/wp-json\/wp\/v2\/product\/29011"}],"collection":[{"href":"https:\/\/havamall.vn\/en\/wp-json\/wp\/v2\/product"}],"about":[{"href":"https:\/\/havamall.vn\/en\/wp-json\/wp\/v2\/types\/product"}],"replies":[{"embeddable":true,"href":"https:\/\/havamall.vn\/en\/wp-json\/wp\/v2\/comments?post=29011"}],"version-history":[{"count":0,"href":"https:\/\/havamall.vn\/en\/wp-json\/wp\/v2\/product\/29011\/revisions"}],"wp:featuredmedia":[{"embeddable":true,"href":"https:\/\/havamall.vn\/en\/wp-json\/wp\/v2\/media\/29014"}],"wp:attachment":[{"href":"https:\/\/havamall.vn\/en\/wp-json\/wp\/v2\/media?parent=29011"}],"wp:term":[{"taxonomy":"product_brand","embeddable":true,"href":"https:\/\/havamall.vn\/en\/wp-json\/wp\/v2\/product_brand?post=29011"},{"taxonomy":"product_cat","embeddable":true,"href":"https:\/\/havamall.vn\/en\/wp-json\/wp\/v2\/product_cat?post=29011"},{"taxonomy":"product_tag","embeddable":true,"href":"https:\/\/havamall.vn\/en\/wp-json\/wp\/v2\/product_tag?post=29011"}],"curies":[{"name":"wp","href":"https:\/\/api.w.org\/{rel}","templated":true}]}}