{"id":29006,"date":"2022-09-28T14:19:54","date_gmt":"2022-09-28T07:19:54","guid":{"rendered":"https:\/\/havamall.vn\/?post_type=product&#038;p=29006"},"modified":"2022-09-28T16:58:15","modified_gmt":"2022-09-28T09:58:15","slug":"keo-go-uncle-bills-480g-wood-glue","status":"publish","type":"product","link":"https:\/\/havamall.vn\/en\/shop\/keo-go-uncle-bills-480g-wood-glue\/","title":{"rendered":"Keo G\u1ed7 Uncle Bills 480g &#8211; Wood Glue"},"content":{"rendered":"<p>Uncle Bills (UBL) cung c\u1ea5p h\u01a1n 1800 s\u1ea3n ph\u1ea9m ti\u00eau d\u00f9ng phi th\u01b0\u0323c ph\u00e2\u0309m h\u00e2\u0301p d\u00e2\u0303n, ti\u00ea\u0323n i\u0301ch, gia\u0301 ph\u1ea3i ch\u0103ng. S\u1ea3n ph\u1ea9m bao g\u1ed3m nhi\u1ec1u lo\u1ea1i ha\u0300ng ho\u0301a kh\u00e1c nhau, t\u1eeb \u0111\u1ed3 du\u0300ng nh\u00e0 b\u1ebfp, ch\u0103m s\u00f3c c\u00e1 nh\u00e2n, l\u00e0m s\u1ea1ch nha\u0300 c\u01b0\u0309a, \u0111\u00f4\u0300 l\u01b0u tr\u1eef, ca\u0301c loa\u0323i du\u0323ng cu\u0323, v\u00e2\u0323t du\u0323ng ngo\u00e0i tr\u1eddi v\u00e0 ca\u0309 cho tr\u1ebb em. UBL Lu\u00f4n lu\u00f4n c\u00e2\u0323p nh\u00e2\u0323t ca\u0301c sa\u0309n ph\u00e2\u0309m m\u01a1\u0301i.<\/p>\n<p>S\u1ea3n ph\u1ea9m UBL \u0111\u01b0\u1ee3c s\u1ea3n xu\u1ea5t theo ti\u00eau chu\u1ea9n ch\u1ea5t l\u01b0\u1ee3ng nghi\u00eam ng\u1eb7t c\u1ee7a UBL Hongkong v\u00e0 b\u00e1n t\u1ea1i h\u01a1n 50 qu\u1ed1c gia v\u01a1\u0301i h\u01a1n 10.000 c\u1eeda h\u00e0ng, bao g\u1ed3m ch\u00e2u \u00c2u, \u00dac, Ch\u00e2u \u00c1, Ch\u00e2u Phi. S\u1ee9 m\u1ec7nh c\u1ee7a UBL l\u00e0 cung c\u1ea5p nh\u1eefng s\u1ea3n ph\u1ea9m ti\u1ec7n \u00edch v\u00e0 h\u1ea5p d\u1eabn cho ng\u00f4i nh\u00e0 hi\u1ec7n \u0111\u1ea1i c\u1ee7a ng\u01b0\u1eddi Vi\u1ec7t Nam.<\/p>\n<p><img fetchpriority=\"high\" decoding=\"async\" class=\"aligncenter\" src=\"https:\/\/cf.shopee.vn\/file\/f6797de1ee745a2dc0d45cb02727d617\" alt=\"T\u00fai \u0110\u1ef1ng R\u00e1c Th\u00fa C\u01b0ng T\u1ef1 Ph\u00e2n H\u1ee7y Uncle Bills PA3372 | Shopee Vi\u1ec7t Nam\" width=\"579\" height=\"579\" \/><\/p>\n<p>Keo d\u00e1n g\u1ed7 l\u00e0 lo\u1ea1i keo chuy\u00ean s\u1eed d\u1ee5ng \u0111\u1ec3 d\u00e1n g\u1ed7, \u0111\u01b0\u1ee3c s\u1eed d\u1ee5ng r\u1ed9ng r\u00e3i hi\u1ec7n nay do t\u00ednh n\u0103ng kh\u00f4ng m\u00e0u kh\u00f4ng m\u00f9i, an to\u00e0n cho ng\u01b0\u1eddi s\u1eed d\u1ee5ng.<\/p>\n<p>Keo d\u00e1n g\u1ed7 \u0111\u01b0\u1ee3c s\u1eed d\u1ee5ng r\u1ed9ng r\u00e3i trong ng\u00e0nh c\u00f4ng nghi\u1ec7p n\u1ed9i th\u1ea5t, keo d\u00e1n g\u1ed7 c\u00f3 \u01b0u \u0111i\u1ec3m l\u00e0 b\u1ea1n s\u1ebd s\u1eed d\u1ee5ng \u0111\u01b0\u1ee3c ngay m\u00e0 kh\u00f4ng c\u1ea7n pha tr\u1ed9n g\u00ec th\u00eam.<\/p>\n<p><img decoding=\"async\" class=\"wp-image-29007 aligncenter\" src=\"https:\/\/havamall.vn\/wp-content\/uploads\/2022\/09\/9-1-300x142.png\" alt=\"\" width=\"573\" height=\"271\" srcset=\"https:\/\/havamall.vn\/wp-content\/uploads\/2022\/09\/9-1-300x142.png 300w, https:\/\/havamall.vn\/wp-content\/uploads\/2022\/09\/9-1-430x204.png 430w, https:\/\/havamall.vn\/wp-content\/uploads\/2022\/09\/9-1-150x71.png 150w, https:\/\/havamall.vn\/wp-content\/uploads\/2022\/09\/9-1-700x332.png 700w, https:\/\/havamall.vn\/wp-content\/uploads\/2022\/09\/9-1-768x364.png 768w, https:\/\/havamall.vn\/wp-content\/uploads\/2022\/09\/9-1-1024x486.png 1024w, https:\/\/havamall.vn\/wp-content\/uploads\/2022\/09\/9-1-1200x569.png 1200w, https:\/\/havamall.vn\/wp-content\/uploads\/2022\/09\/9-1-600x285.png 600w, https:\/\/havamall.vn\/wp-content\/uploads\/2022\/09\/9-1.png 1695w\" sizes=\"(max-width: 573px) 100vw, 573px\" \/><\/p>\n<p>Keo d\u00e1n g\u1ed7 UBL \u0111\u1ea3m b\u1ea3o an to\u00e0n cho s\u1ee9c kh\u1ecfe ng\u01b0\u1eddi d\u00f9ng. S\u1ea3n ph\u1ea9m keo d\u00e1n g\u1ed7 kh\u00f4ng m\u00f9i h\u00f4i. C\u00f3 th\u1ec3 s\u1eed d\u1ee5ng b\u1eb1ng th\u1ee7 c\u00f4ng, m\u00e1y t\u1ef1 \u0111\u1ed9ng v\u00e0 b\u00e1n t\u1ef1 \u0111\u1ed9ng.<\/p>\n<p>L\u01b0\u1ee3ng keo ti\u00eau hao th\u1ea5p gi\u00fap ti\u1ebft ki\u1ec7m chi ph\u00ed, c\u00f3 \u0111\u1ed9 k\u1ebft d\u00ednh cao, kh\u00f4 nhanh, ch\u1ea5t l\u01b0\u1ee3ng keo \u1ed5n \u0111\u1ecbnh, d\u1ec5 s\u1eed d\u1ee5ng c\u0169ng nh\u01b0 b\u1ea3o qu\u1ea3n, ch\u1ecbu \u0111\u01b0\u1ee3c l\u1ea1nh v\u00e0 n\u00f3ng.<\/p>\n<p><img decoding=\"async\" class=\"wp-image-29008 aligncenter\" src=\"https:\/\/havamall.vn\/wp-content\/uploads\/2022\/09\/Untitled-1-300x298.png\" alt=\"\" width=\"561\" height=\"557\" srcset=\"https:\/\/havamall.vn\/wp-content\/uploads\/2022\/09\/Untitled-1-300x298.png 300w, https:\/\/havamall.vn\/wp-content\/uploads\/2022\/09\/Untitled-1-430x427.png 430w, https:\/\/havamall.vn\/wp-content\/uploads\/2022\/09\/Untitled-1-150x150.png 150w, https:\/\/havamall.vn\/wp-content\/uploads\/2022\/09\/Untitled-1-700x695.png 700w, https:\/\/havamall.vn\/wp-content\/uploads\/2022\/09\/Untitled-1-768x762.png 768w, https:\/\/havamall.vn\/wp-content\/uploads\/2022\/09\/Untitled-1-600x596.png 600w, https:\/\/havamall.vn\/wp-content\/uploads\/2022\/09\/Untitled-1-100x100.png 100w, https:\/\/havamall.vn\/wp-content\/uploads\/2022\/09\/Untitled-1.png 810w\" sizes=\"(max-width: 561px) 100vw, 561px\" \/><\/p>\n<h3><strong>\u01afu \u0111i\u1ec3m c\u1ee7a keo d\u00e1n g\u1ed7: <\/strong><\/h3>\n<ul>\n<li>\u0110\u1ed9 k\u1ebft d\u00ednh t\u1ed1t, keo c\u00f3 m\u00f4i tr\u01b0\u1eddng trung t\u00ednh n\u00ean kh\u00f4ng l\u00e0m thay \u0111\u1ed5i m\u00e0u s\u1eafc c\u1ee7a g\u1ed7.<\/li>\n<li>Keo D\u00e1n G\u1ed7 UBL si\u00eau d\u00ednh, d\u00ednh ch\u1eafc g\u1ed7 trong v\u00f2ng t\u1eeb 15 &#8211; 30 ph\u00fat.<\/li>\n<li>Keo d\u00e1n g\u1ed7 c\u00f3 m\u00e0u trong sau khi kh\u00f4.<\/li>\n<li>Th\u01b0\u1eddng d\u00f9ng \u0111\u1ec3 ch\u1ebf t\u1ea1o ho\u1eb7c s\u1eeda ch\u1eefa c\u00e1c \u0111\u1ed3 \u0111\u1ea1c b\u1eb1ng g\u1ed7. N<\/li>\n<li>\u1eafp \u0111\u1eady ch\u1eafc ch\u1eafn, d\u1ec5 d\u00e0ng m\u1edf v\u00e0 v\u1eb7n ch\u1eb7t khi l\u01b0u tr\u1eef.<\/li>\n<li>Ph\u1ea7n v\u00f2i nh\u1ecf ti\u1ec7n d\u1ee5ng khi d\u00e1n.<\/li>\n<\/ul>\n<p><img loading=\"lazy\" decoding=\"async\" class=\"wp-image-29009 aligncenter\" src=\"https:\/\/havamall.vn\/wp-content\/uploads\/2022\/09\/gg-wood-glue-in-use-H-300x167.png\" alt=\"\" width=\"548\" height=\"305\" srcset=\"https:\/\/havamall.vn\/wp-content\/uploads\/2022\/09\/gg-wood-glue-in-use-H-300x167.png 300w, https:\/\/havamall.vn\/wp-content\/uploads\/2022\/09\/gg-wood-glue-in-use-H-430x239.png 430w, https:\/\/havamall.vn\/wp-content\/uploads\/2022\/09\/gg-wood-glue-in-use-H-150x83.png 150w, https:\/\/havamall.vn\/wp-content\/uploads\/2022\/09\/gg-wood-glue-in-use-H-700x389.png 700w, https:\/\/havamall.vn\/wp-content\/uploads\/2022\/09\/gg-wood-glue-in-use-H-768x427.png 768w, https:\/\/havamall.vn\/wp-content\/uploads\/2022\/09\/gg-wood-glue-in-use-H-600x334.png 600w, https:\/\/havamall.vn\/wp-content\/uploads\/2022\/09\/gg-wood-glue-in-use-H.png 800w\" sizes=\"(max-width: 548px) 100vw, 548px\" \/><\/p>","protected":false},"excerpt":{"rendered":"<p>Uncle Bills (UBL) cung c\u1ea5p h\u01a1n 1800 s\u1ea3n ph\u1ea9m ti\u00eau d\u00f9ng phi th\u01b0\u0323c ph\u00e2\u0309m h\u00e2\u0301p d\u00e2\u0303n, ti\u00ea\u0323n i\u0301ch, gia\u0301 ph\u1ea3i<\/p>","protected":false},"featured_media":29010,"comment_status":"open","ping_status":"closed","template":"","meta":[],"product_brand":[],"product_cat":[35],"product_tag":[],"class_list":{"0":"post-29006","1":"product","2":"type-product","3":"status-publish","4":"has-post-thumbnail","6":"product_cat-nha-cua-doi-song","7":"pa_brand-uncle-bills","9":"first","10":"instock","11":"sale","12":"shipping-taxable","13":"purchasable","14":"product-type-simple"},"_links":{"self":[{"href":"https:\/\/havamall.vn\/en\/wp-json\/wp\/v2\/product\/29006"}],"collection":[{"href":"https:\/\/havamall.vn\/en\/wp-json\/wp\/v2\/product"}],"about":[{"href":"https:\/\/havamall.vn\/en\/wp-json\/wp\/v2\/types\/product"}],"replies":[{"embeddable":true,"href":"https:\/\/havamall.vn\/en\/wp-json\/wp\/v2\/comments?post=29006"}],"version-history":[{"count":0,"href":"https:\/\/havamall.vn\/en\/wp-json\/wp\/v2\/product\/29006\/revisions"}],"wp:featuredmedia":[{"embeddable":true,"href":"https:\/\/havamall.vn\/en\/wp-json\/wp\/v2\/media\/29010"}],"wp:attachment":[{"href":"https:\/\/havamall.vn\/en\/wp-json\/wp\/v2\/media?parent=29006"}],"wp:term":[{"taxonomy":"product_brand","embeddable":true,"href":"https:\/\/havamall.vn\/en\/wp-json\/wp\/v2\/product_brand?post=29006"},{"taxonomy":"product_cat","embeddable":true,"href":"https:\/\/havamall.vn\/en\/wp-json\/wp\/v2\/product_cat?post=29006"},{"taxonomy":"product_tag","embeddable":true,"href":"https:\/\/havamall.vn\/en\/wp-json\/wp\/v2\/product_tag?post=29006"}],"curies":[{"name":"wp","href":"https:\/\/api.w.org\/{rel}","templated":true}]}}