{"id":28997,"date":"2022-09-28T13:44:09","date_gmt":"2022-09-28T06:44:09","guid":{"rendered":"https:\/\/havamall.vn\/?post_type=product&#038;p=28997"},"modified":"2023-10-18T15:48:50","modified_gmt":"2023-10-18T08:48:50","slug":"pho-mai-mascarpone-sterilgarda-200g-sterilgarda-mascarpone-cheese","status":"publish","type":"product","link":"https:\/\/havamall.vn\/en\/shop\/pho-mai-mascarpone-sterilgarda-200g-sterilgarda-mascarpone-cheese\/","title":{"rendered":"Ph\u00f4 Mai Mascarpone Sterilgarda &#8211; Sterilgarda Mascarpone Cheese"},"content":{"rendered":"<section class=\"product_description\">\n<div class=\"gerenal\">\n<p id=\"tw-target-text\" class=\"tw-data-text tw-text-large tw-ta\" dir=\"ltr\"><span class=\"Y2IQFc\" lang=\"vi\">STERILGARDA\u00a0 ALIMENTI \u0111\u01b0\u1ee3c th\u00e0nh l\u1eadp v\u00e0o n\u0103m 1969.\u00a0<\/span>H\u1ea7u h\u1ebft t\u1ea5t c\u1ea3 c\u00e1c s\u1ea3n ph\u1ea9m c\u1ee7a\u00a0Cuore Italia \u0111\u1ec1u \u0111\u1ea1t DOP v\u00e0 IGP (c\u00e1c ch\u1ee9ng ch\u1ec9 \u0111\u1ea3m b\u1ea3o s\u1ea3n ph\u1ea9m th\u1ef1c s\u1ef1 \u0111\u01b0\u1ee3c s\u1ea3n xu\u1ea5t t\u1ea1i ho\u1eb7c \u0111\u01b0\u1ee3c ch\u1ebf bi\u1ebfn gi\u1ed1ng nh\u01b0 c\u00f4ng th\u1ee9c ban \u0111\u1ea7u c\u1ee7a n\u01a1i sinh c\u1ee7a n\u00f3). V\u00ec v\u1eady, m\u1ed7i s\u1ea3n ph\u1ea9m \u0111\u1ec1u th\u1ec3 hi\u1ec7n n\u00e9t v\u0103n h\u00f3a, truy\u1ec1n th\u1ed1ng c\u1ee7a v\u00f9ng v\u00e0 con ng\u01b0\u1eddi n\u01a1i \u0111\u00f3.<\/p>\n<p>S\u1ea3n ph\u1ea9m c\u1ee7a <span class=\"Y2IQFc\" lang=\"vi\">STERILGARDA\u00a0 ALIMENTI\u00a0<\/span>\u0111\u01b0\u1ee3c s\u1ea3n xu\u1ea5t t\u1eeb \u200b\u200b100% c\u00f4ng ngh\u1ec7, thi\u1ebft b\u1ecb, nguy\u00ean li\u1ec7u v\u00e0 c\u00f4ng th\u1ee9c n\u1ea5u \u0103n c\u1ee7a \u00dd \u0111\u1ec3 \u0111\u1ea3m b\u1ea3o h\u01b0\u01a1ng v\u1ecb nguy\u00ean b\u1ea3n.<\/p>\n<p><img fetchpriority=\"high\" decoding=\"async\" class=\"wp-image-28998 aligncenter\" src=\"https:\/\/havamall.vn\/wp-content\/uploads\/2022\/09\/278163326_3133861226835020_1189492054363552831_n-300x208.jpg\" alt=\"\" width=\"585\" height=\"406\" srcset=\"https:\/\/havamall.vn\/wp-content\/uploads\/2022\/09\/278163326_3133861226835020_1189492054363552831_n-300x208.jpg 300w, https:\/\/havamall.vn\/wp-content\/uploads\/2022\/09\/278163326_3133861226835020_1189492054363552831_n-430x299.jpg 430w, https:\/\/havamall.vn\/wp-content\/uploads\/2022\/09\/278163326_3133861226835020_1189492054363552831_n-150x104.jpg 150w, https:\/\/havamall.vn\/wp-content\/uploads\/2022\/09\/278163326_3133861226835020_1189492054363552831_n-700x486.jpg 700w, https:\/\/havamall.vn\/wp-content\/uploads\/2022\/09\/278163326_3133861226835020_1189492054363552831_n-768x533.jpg 768w, https:\/\/havamall.vn\/wp-content\/uploads\/2022\/09\/278163326_3133861226835020_1189492054363552831_n-1024x711.jpg 1024w, https:\/\/havamall.vn\/wp-content\/uploads\/2022\/09\/278163326_3133861226835020_1189492054363552831_n-220x154.jpg 220w, https:\/\/havamall.vn\/wp-content\/uploads\/2022\/09\/278163326_3133861226835020_1189492054363552831_n-1200x833.jpg 1200w, https:\/\/havamall.vn\/wp-content\/uploads\/2022\/09\/278163326_3133861226835020_1189492054363552831_n-600x417.jpg 600w, https:\/\/havamall.vn\/wp-content\/uploads\/2022\/09\/278163326_3133861226835020_1189492054363552831_n.jpg 2006w\" sizes=\"(max-width: 585px) 100vw, 585px\" \/><\/p>\n<p>Mascarpone l\u00e0 m\u1ed9t lo\u1ea1i ph\u00f4 m\u00e1t kem \u00dd, c\u00f3 v\u1ecb chua nh\u1eb9 nh\u1edd s\u1eed d\u1ee5ng n\u01b0\u1edbc chanh, gi\u1ea5m ho\u1eb7c h\u1ee3p ch\u1ea5t axit axetic hay axit citric. N\u00f3 c\u00f3 \u0111\u1ed9 m\u1ec1m m\u1ecbn, tho\u1ea1t nh\u00ecn nh\u01b0 kem cheese nh\u01b0ng mascarpone \u0111\u00e3 \u0111\u01b0\u1ee3c t\u00e1ch kem, c\u00f3 \u0111\u1ed9 b\u00e9o ng\u1eady h\u01a1n. Mascarpone \u0111\u01b0\u1ee3c \u0111\u01b0\u1ee3c l\u00e0m \u0111\u00f4ng b\u1eb1ng th\u00e0nh ph\u1ea7n c\u00f3 t\u00ednh ch\u1ea5t axit nh\u01b0 gi\u1ea5m, n\u01b0\u1edbc chanh, axit citric ho\u1eb7c axit axetic, m\u00e0 kh\u00f4ng c\u1ea7n ph\u1ea3i ch\u1edd l\u00ean men ho\u1eb7c \u00e9p.<\/p>\n<p><img decoding=\"async\" class=\"wp-image-28999 aligncenter\" src=\"https:\/\/havamall.vn\/wp-content\/uploads\/2022\/09\/118204364_1230048870668168_2815217111749165455_n-300x300.jpg\" alt=\"\" width=\"571\" height=\"571\" srcset=\"https:\/\/havamall.vn\/wp-content\/uploads\/2022\/09\/118204364_1230048870668168_2815217111749165455_n-300x300.jpg 300w, https:\/\/havamall.vn\/wp-content\/uploads\/2022\/09\/118204364_1230048870668168_2815217111749165455_n-430x430.jpg 430w, https:\/\/havamall.vn\/wp-content\/uploads\/2022\/09\/118204364_1230048870668168_2815217111749165455_n-150x150.jpg 150w, https:\/\/havamall.vn\/wp-content\/uploads\/2022\/09\/118204364_1230048870668168_2815217111749165455_n-700x700.jpg 700w, https:\/\/havamall.vn\/wp-content\/uploads\/2022\/09\/118204364_1230048870668168_2815217111749165455_n-768x768.jpg 768w, https:\/\/havamall.vn\/wp-content\/uploads\/2022\/09\/118204364_1230048870668168_2815217111749165455_n-1024x1024.jpg 1024w, https:\/\/havamall.vn\/wp-content\/uploads\/2022\/09\/118204364_1230048870668168_2815217111749165455_n-1200x1200.jpg 1200w, https:\/\/havamall.vn\/wp-content\/uploads\/2022\/09\/118204364_1230048870668168_2815217111749165455_n-600x600.jpg 600w, https:\/\/havamall.vn\/wp-content\/uploads\/2022\/09\/118204364_1230048870668168_2815217111749165455_n-100x100.jpg 100w, https:\/\/havamall.vn\/wp-content\/uploads\/2022\/09\/118204364_1230048870668168_2815217111749165455_n.jpg 1500w\" sizes=\"(max-width: 571px) 100vw, 571px\" \/><\/p>\n<p>Sau \u0111\u00f3, mascarpone \u0111\u01b0\u1ee3c \u0111\u1ec3 ngu\u1ed9i \u1edf nhi\u1ec7t \u0111\u1ed9 ph\u00f2ng tr\u01b0\u1edbc khi tr\u00fat v\u00e0o m\u1ed9t v\u1eadt \u0111\u1ef1ng (c\u00f3 l\u00f3t v\u1ea3i ph\u00f4 mai), r\u1ed3i mang \u0111i \u01b0\u1edbp l\u1ea1nh t\u1eeb 1 &#8211; 2 ng\u00e0y.<\/p>\n<p>S\u1ea3n ph\u1ea9m\u00a0c\u00f3 m\u00e0u tr\u1eafng s\u1eefa, m\u1ec1m\u00a0 m\u1ecbn\u00a0v\u00e0 \u0111\u01b0\u1ee3c s\u1eed d\u1ee5ng r\u1ea5t d\u1ec5 d\u00e0ng. \u0110\u00f4i khi Mascarpone \u0111\u01b0\u1ee3c s\u1eed d\u1ee5ng thay th\u1ebf cho b\u01a1 ho\u1eb7c ph\u00f4 mai c\u1ee9ng \u0111\u1ec3 l\u00e0m m\u00f3n risotto\u00a0t\u1ea1o \u0111\u1ed9 b\u00e9o ng\u1eady v\u00e0 \u0111\u1eb7c h\u01a1n.<\/p>\n<p><img decoding=\"async\" class=\"wp-image-29003 aligncenter\" src=\"https:\/\/havamall.vn\/wp-content\/uploads\/2022\/09\/mascarponesterilgarda_2914x-277x300.png\" alt=\"\" width=\"567\" height=\"615\" srcset=\"https:\/\/havamall.vn\/wp-content\/uploads\/2022\/09\/mascarponesterilgarda_2914x-277x300.png 277w, https:\/\/havamall.vn\/wp-content\/uploads\/2022\/09\/mascarponesterilgarda_2914x-430x466.png 430w, https:\/\/havamall.vn\/wp-content\/uploads\/2022\/09\/mascarponesterilgarda_2914x-150x163.png 150w, https:\/\/havamall.vn\/wp-content\/uploads\/2022\/09\/mascarponesterilgarda_2914x-700x759.png 700w, https:\/\/havamall.vn\/wp-content\/uploads\/2022\/09\/mascarponesterilgarda_2914x-768x833.png 768w, https:\/\/havamall.vn\/wp-content\/uploads\/2022\/09\/mascarponesterilgarda_2914x-944x1024.png 944w, https:\/\/havamall.vn\/wp-content\/uploads\/2022\/09\/mascarponesterilgarda_2914x-1200x1301.png 1200w, https:\/\/havamall.vn\/wp-content\/uploads\/2022\/09\/mascarponesterilgarda_2914x-600x651.png 600w\" sizes=\"(max-width: 567px) 100vw, 567px\" \/><\/p>\n<p>Ph\u00f4 Mai Mascarpone Sterilgarda 200g c\u00f3 th\u1ec3 \u0111\u01b0\u1ee3c \u0103n ngay k\u00e8m v\u1edbi c\u00e1c m\u00f3n tr\u00e1ng mi\u1ec7ng, v\u1edbi hoa qu\u1ea3, l\u00e0m cheesecake kh\u00f4ng c\u1ea7n n\u01b0\u1edbng, ho\u1eb7c th\u00eam v\u00e0o s\u00fap khi l\u00e0m c\u00e1c m\u00f3n s\u00fap kem \u0111\u1ec3 t\u0103ng \u0111\u1ed9 ng\u1eady b\u00e9o v\u00e0 th\u01a1m cho s\u00fap. Lo\u1ea1i nguy\u00ean li\u1ec7u n\u00e0y ch\u00ednh l\u00e0 m\u1ed9t ph\u1ea7n \u0111\u1ec3\u00a0t\u1ea1o th\u00e0nh\u00a0m\u00f3n b\u00e1nh n\u1ed5i ti\u1ebfng Tiramisu c\u1ee7a \u00dd.<\/p>\n<p><img loading=\"lazy\" decoding=\"async\" class=\"wp-image-29000 aligncenter\" src=\"https:\/\/havamall.vn\/wp-content\/uploads\/2022\/09\/176012601_4236406243050868_2428949039573519996_n-300x300.jpg\" alt=\"\" width=\"570\" height=\"570\" srcset=\"https:\/\/havamall.vn\/wp-content\/uploads\/2022\/09\/176012601_4236406243050868_2428949039573519996_n-300x300.jpg 300w, https:\/\/havamall.vn\/wp-content\/uploads\/2022\/09\/176012601_4236406243050868_2428949039573519996_n-430x430.jpg 430w, https:\/\/havamall.vn\/wp-content\/uploads\/2022\/09\/176012601_4236406243050868_2428949039573519996_n-150x150.jpg 150w, https:\/\/havamall.vn\/wp-content\/uploads\/2022\/09\/176012601_4236406243050868_2428949039573519996_n-700x700.jpg 700w, https:\/\/havamall.vn\/wp-content\/uploads\/2022\/09\/176012601_4236406243050868_2428949039573519996_n-768x768.jpg 768w, https:\/\/havamall.vn\/wp-content\/uploads\/2022\/09\/176012601_4236406243050868_2428949039573519996_n-1024x1024.jpg 1024w, https:\/\/havamall.vn\/wp-content\/uploads\/2022\/09\/176012601_4236406243050868_2428949039573519996_n-600x600.jpg 600w, https:\/\/havamall.vn\/wp-content\/uploads\/2022\/09\/176012601_4236406243050868_2428949039573519996_n-100x100.jpg 100w, https:\/\/havamall.vn\/wp-content\/uploads\/2022\/09\/176012601_4236406243050868_2428949039573519996_n.jpg 1080w\" sizes=\"(max-width: 570px) 100vw, 570px\" \/><\/p>\n<h3><strong>\u01afu \u0111i\u1ec3m<\/strong><\/h3>\n<p>\u2013 Ngu\u1ed3n s\u1eefa c\u1ea5u th\u00e0nh s\u1ea3n ph\u1ea9m \u0111\u01b0\u1ee3c tuy\u1ec3n ch\u1ecdn k\u1ef9 c\u00e0ng, k\u1ebft h\u1ee3p v\u1edbi th\u00e0nh ph\u1ea7n v\u00e0 nguy\u00ean li\u1ec7u ho\u00e0n to\u00e0n t\u1ef1 nhi\u00ean.<\/p>\n<p>\u2013Grand\u2019Or Mascarpone\u00a0\u0111em \u0111\u1ebfn cho ng\u01b0\u1eddi d\u00f9ng h\u01b0\u01a1ng v\u1ecb th\u01a1m ngon v\u00e0\u00a0\u0111\u1ea7y s\u1ee9c l\u00f4i cu\u1ed1n.\u00a0B\u1ea1n s\u1ebd c\u1ea3m nh\u1eadn \u0111\u01b0\u1ee3c \u0111\u1ed9 m\u1ec1m, h\u01b0\u01a1ng b\u00e9o th\u01a1m c\u00f9ng v\u1ecb ng\u1ecdt \u0111\u1eb7c tr\u01b0ng c\u1ee7a ph\u00f4 mai cao c\u1ea5p.<\/p>\n<p>\u2013 S\u1ea3n ph\u1ea9m \u0111\u00f3ng g\u00f3i nh\u1ecf g\u1ecdn lo\u1ea1i 250g cho b\u1ea1n v\u00e0 gia \u0111\u00ecnh d\u1ec5 d\u00e0ng s\u1eed d\u1ee5ng v\u00e0 b\u1ea3o qu\u1ea3n.<\/p>\n<p>\u2013 S\u1ea3n ph\u1ea9m r\u1ea5t d\u1ec5 \u0103n, ph\u00f9 h\u1ee3p v\u1edbi m\u1ecdi l\u1ee9a tu\u1ed5i.<\/p>\n<p><img loading=\"lazy\" decoding=\"async\" class=\"wp-image-29001 aligncenter\" src=\"https:\/\/havamall.vn\/wp-content\/uploads\/2022\/09\/17038559_1344158625654787_5754228358227902215_o-300x277.png\" alt=\"\" width=\"568\" height=\"525\" srcset=\"https:\/\/havamall.vn\/wp-content\/uploads\/2022\/09\/17038559_1344158625654787_5754228358227902215_o-300x277.png 300w, https:\/\/havamall.vn\/wp-content\/uploads\/2022\/09\/17038559_1344158625654787_5754228358227902215_o-430x397.png 430w, https:\/\/havamall.vn\/wp-content\/uploads\/2022\/09\/17038559_1344158625654787_5754228358227902215_o-150x138.png 150w, https:\/\/havamall.vn\/wp-content\/uploads\/2022\/09\/17038559_1344158625654787_5754228358227902215_o-700x646.png 700w, https:\/\/havamall.vn\/wp-content\/uploads\/2022\/09\/17038559_1344158625654787_5754228358227902215_o-768x708.png 768w, https:\/\/havamall.vn\/wp-content\/uploads\/2022\/09\/17038559_1344158625654787_5754228358227902215_o-1024x945.png 1024w, https:\/\/havamall.vn\/wp-content\/uploads\/2022\/09\/17038559_1344158625654787_5754228358227902215_o.png 1200w, https:\/\/havamall.vn\/wp-content\/uploads\/2022\/09\/17038559_1344158625654787_5754228358227902215_o-600x554.png 600w\" sizes=\"(max-width: 568px) 100vw, 568px\" \/><\/p>\n<h3><strong>C\u00f4ng d\u1ee5ng v\u00e0 c\u00e1ch ch\u1ebf bi\u1ebfn\u00a0<\/strong><\/h3>\n<p>\u2013\u00a0Mascarpone Sterilgarda \u0111\u01b0\u1ee3c d\u00f9ng cho nh\u1eefng m\u00f3n tr\u00e1ng mi\u1ec7ng \u0111\u1ec3 t\u0103ng th\u00eam v\u1ecb b\u00e9o ng\u1eady v\u00e0 h\u01b0\u01a1ng v\u1ecb cho m\u00f3n \u0103n, k\u1ec3 c\u1ea3\u00a0s\u00fap kem.<\/p>\n<p>\u2013 D\u00f9ng l\u00e0m kem ph\u00f4 mai, g\u00f3p ph\u1ea7n h\u1ed7 tr\u1ee3 \u0111\u1ecbnh h\u00ecnh cho Tiramisu \u2013 m\u00f3n b\u00e1nh n\u1ed5i ti\u1ebfng t\u1eeb n\u01b0\u1edbc \u00dd.<\/p>\n<p>\u2013 \u0110\u1eb7c bi\u1ec7t, b\u1ea1n s\u1ebd kh\u00f4ng c\u1ea7n l\u00e0m ch\u00edn b\u1eb1ng nhi\u1ec7t \u0111\u1ed9 m\u00e0 c\u00f3 th\u1ec3 \u0103n tr\u1ef1c ti\u1ebfp v\u00e0 cho v\u00e0o m\u00f3n \u0103n.<\/p>\n<p><img loading=\"lazy\" decoding=\"async\" class=\"wp-image-29002 aligncenter\" src=\"https:\/\/havamall.vn\/wp-content\/uploads\/2022\/09\/101400146_3298865716804930_1049040200065351680_n-300x300.jpg\" alt=\"\" width=\"578\" height=\"578\" srcset=\"https:\/\/havamall.vn\/wp-content\/uploads\/2022\/09\/101400146_3298865716804930_1049040200065351680_n-300x300.jpg 300w, https:\/\/havamall.vn\/wp-content\/uploads\/2022\/09\/101400146_3298865716804930_1049040200065351680_n-430x430.jpg 430w, https:\/\/havamall.vn\/wp-content\/uploads\/2022\/09\/101400146_3298865716804930_1049040200065351680_n-150x150.jpg 150w, https:\/\/havamall.vn\/wp-content\/uploads\/2022\/09\/101400146_3298865716804930_1049040200065351680_n-700x700.jpg 700w, https:\/\/havamall.vn\/wp-content\/uploads\/2022\/09\/101400146_3298865716804930_1049040200065351680_n-768x768.jpg 768w, https:\/\/havamall.vn\/wp-content\/uploads\/2022\/09\/101400146_3298865716804930_1049040200065351680_n-600x600.jpg 600w, https:\/\/havamall.vn\/wp-content\/uploads\/2022\/09\/101400146_3298865716804930_1049040200065351680_n-100x100.jpg 100w, https:\/\/havamall.vn\/wp-content\/uploads\/2022\/09\/101400146_3298865716804930_1049040200065351680_n.jpg 960w\" sizes=\"(max-width: 578px) 100vw, 578px\" \/><\/p>\n<\/div>\n<\/section>","protected":false},"excerpt":{"rendered":"<p>STERILGARDA\u00a0 ALIMENTI \u0111\u01b0\u1ee3c th\u00e0nh l\u1eadp v\u00e0o n\u0103m 1969.\u00a0H\u1ea7u h\u1ebft t\u1ea5t c\u1ea3 c\u00e1c s\u1ea3n ph\u1ea9m c\u1ee7a\u00a0Cuore Italia \u0111\u1ec1u \u0111\u1ea1t DOP v\u00e0<\/p>","protected":false},"featured_media":29004,"comment_status":"open","ping_status":"closed","template":"","meta":[],"product_brand":[],"product_cat":[275,36],"product_tag":[],"class_list":{"0":"post-28997","1":"product","2":"type-product","3":"status-publish","4":"has-post-thumbnail","6":"product_cat-thuc-pham-dong-lanh","7":"product_cat-thuc-pham-tieu-dung","9":"first","10":"instock","11":"sale","12":"shipping-taxable","13":"purchasable","14":"product-type-simple"},"_links":{"self":[{"href":"https:\/\/havamall.vn\/en\/wp-json\/wp\/v2\/product\/28997"}],"collection":[{"href":"https:\/\/havamall.vn\/en\/wp-json\/wp\/v2\/product"}],"about":[{"href":"https:\/\/havamall.vn\/en\/wp-json\/wp\/v2\/types\/product"}],"replies":[{"embeddable":true,"href":"https:\/\/havamall.vn\/en\/wp-json\/wp\/v2\/comments?post=28997"}],"version-history":[{"count":0,"href":"https:\/\/havamall.vn\/en\/wp-json\/wp\/v2\/product\/28997\/revisions"}],"wp:featuredmedia":[{"embeddable":true,"href":"https:\/\/havamall.vn\/en\/wp-json\/wp\/v2\/media\/29004"}],"wp:attachment":[{"href":"https:\/\/havamall.vn\/en\/wp-json\/wp\/v2\/media?parent=28997"}],"wp:term":[{"taxonomy":"product_brand","embeddable":true,"href":"https:\/\/havamall.vn\/en\/wp-json\/wp\/v2\/product_brand?post=28997"},{"taxonomy":"product_cat","embeddable":true,"href":"https:\/\/havamall.vn\/en\/wp-json\/wp\/v2\/product_cat?post=28997"},{"taxonomy":"product_tag","embeddable":true,"href":"https:\/\/havamall.vn\/en\/wp-json\/wp\/v2\/product_tag?post=28997"}],"curies":[{"name":"wp","href":"https:\/\/api.w.org\/{rel}","templated":true}]}}