{"id":28992,"date":"2022-09-28T11:38:24","date_gmt":"2022-09-28T04:38:24","guid":{"rendered":"https:\/\/havamall.vn\/?post_type=product&#038;p=28992"},"modified":"2025-08-18T16:54:08","modified_gmt":"2025-08-18T09:54:08","slug":"pho-mai-bot-formaggio-maser-formaggi-grancucina-cheese","status":"publish","type":"product","link":"https:\/\/havamall.vn\/en\/shop\/pho-mai-bot-formaggio-maser-formaggi-grancucina-cheese\/","title":{"rendered":"Ph\u00f4 Mai B\u1ed9t Formaggio Mase&#8217;r Formaggi 1000g \u2013 Grancucina Cheese"},"content":{"rendered":"<p>Ph\u00f4 Mai B\u1ed9t Fromagio Gran cucina l\u00e0 s\u1ef1 k\u1ebft h\u1ee3p gi\u1eefa ph\u00f4 mai c\u1ee9ng ch\u1ecdn l\u1ecdc v\u00e0 Grana Padano. Ngay khi \u0111\u1ea1t \u0111\u01b0\u1ee3c gia v\u1ecb th\u00edch h\u1ee3p, c\u00e1c b\u00e1nh ph\u00f4 mai s\u1ebd \u0111\u01b0\u1ee3c b\u00e0o ngay l\u1eadp t\u1ee9c \u0111\u1ec3 gi\u1eef \u0111\u01b0\u1ee3c \u0111\u1ed9 t\u01b0\u01a1i v\u00e0 m\u00f9i th\u01a1m.<\/p>\n<p>Ph\u00f4 mai b\u00e0o t\u01b0\u01a1i \u0111\u01b0\u1ee3c \u0111\u00f3ng g\u00f3i ch\u00e2n kh\u00f4ng ngay l\u1eadp t\u1ee9c trong m\u00f4i tr\u01b0\u1eddng b\u1ea3o v\u1ec7, kh\u00f4ng qua ch\u1ebf bi\u1ebfn s\u1ea5y kh\u00f4 v\u00e0 kh\u00f4ng c\u00f3 ch\u1ea5t ph\u1ee5 gia, kh\u00f4ng b\u1ecb kh\u00f4.<\/p>\n<p><img fetchpriority=\"high\" decoding=\"async\" class=\"wp-image-28993 aligncenter\" src=\"https:\/\/havamall.com\/wp-content\/uploads\/2025\/08\/1-front-mobile-300x151.png\" alt=\"\" width=\"565\" height=\"284\" \/><\/p>\n<p>Ph\u00f4 Mai B\u1ed9t Fromagio La Sicilia Gran cucina kh\u00f4ng ch\u1ec9 t\u1ed1t cho s\u1ef1 ph\u00e1t tri\u1ec3n c\u1ee7a tr\u1ebb em m\u00e0 c\u00f2n l\u00e0 th\u1ef1c ph\u1ea9m b\u1ed5 d\u01b0\u1ee1ng gi\u00fap b\u1ed5 sung dinh d\u01b0\u1ee1ng v\u00e0 canxi cho ng\u01b0\u1eddi l\u1edbn. S\u1ea3n ph\u1ea9m cung c\u1ea5p vitamin A gi\u00fap duy tr\u00ec s\u1ee9c kh\u1ecfe, t\u0103ng c\u01b0\u1eddng h\u1ec7 th\u1ed1ng mi\u1ec5n d\u1ecbch, s\u1ea3n xu\u1ea5t t\u1ebf b\u00e0o m\u00e1u.<\/p>\n<p>Canxi v\u00e0 ph\u1ed1t pho trong phomai gi\u00fap h\u1ed7 tr\u1ee3 h\u1ec7 r\u0103ng v\u00e0 x\u01b0\u01a1ng ph\u00e1t tri\u1ec3n, l\u00e0m gi\u1ea3m nguy c\u01a1 m\u1eafc b\u1ec7nh lo\u00e3ng x\u01b0\u01a1ng. Ngo\u00e0i ra, ph\u00f4 mai ch\u1ee9a men vi sinh, r\u1ea5t c\u00f3 l\u1ee3i cho \u0111\u01b0\u1eddng ti\u00eau h\u00f3a, gi\u00fap tr\u1ebb em h\u1ea5p thu th\u1ee9c \u0103n t\u1ed1t h\u01a1n.<\/p>\n<p><img decoding=\"async\" class=\"wp-image-28990 aligncenter\" src=\"https:\/\/havamall.com\/wp-content\/uploads\/2025\/08\/180-grammi-287x300.png\" alt=\"\" width=\"568\" height=\"594\" \/><\/p>\n<p>Ph\u00f4 mai b\u1ed9t Fromagio Gran cucina c\u1ee7a h\u01b0\u01a1ng v\u1ecb v\u00e0 \u0111\u1eb7c t\u00ednh dinh d\u01b0\u1ee1ng v\u1eabn kh\u00f4ng thay \u0111\u1ed5i v\u00ec n\u00f3 \u0111\u01b0\u1ee3c \u0111\u00f3ng g\u00f3i t\u01b0\u01a1i xay trong b\u1ea7u kh\u00f4ng kh\u00ed b\u1ea3o v\u1ec7 \u0111\u1ef1ng trong h\u1ed9p thi\u1ebfc kim lo\u1ea1i r\u1eafn.<\/p>\n<p><img decoding=\"async\" class=\"wp-image-28989 aligncenter\" src=\"https:\/\/havamall.com\/wp-content\/uploads\/2025\/08\/Nudeln-cacho-e-pepe-1200x900-300x225.jpg\" alt=\"\" width=\"547\" height=\"410\" \/><\/p>\n<h3><strong>C\u00f4ng d\u1ee5ng c\u1ee7a s\u1ea3n ph\u1ea9m:<\/strong><\/h3>\n<p>&#8211; Ph\u00f4 mai b\u1ed9t Fromagio Gran cucina \u0111\u1ec3 t\u1ea1o c\u00f4ng th\u1ee9c cho th\u1ee9c \u0103n l\u00e0m s\u1eb5n, n\u01b0\u1edbc s\u1ed1t v\u00e0 \u0111\u1ed3 \u0103n k\u00e8m, t\u1eadp trung v\u00e0o c\u00e1c xu h\u01b0\u1edbng th\u1ef1c ph\u1ea9m m\u1edbi.<\/p>\n<p>&#8211; Ph\u00f4 mai b\u1ed9t Formaggio Grana Cucina th\u00edch h\u1ee3p cho c\u00e1c m\u00f3n m\u00ec \u00dd, m\u00ec \u1ed0ng, risotto, gratin, s\u00fap, c\u00e1c m\u00f3n nh\u1ed3i, c\u00e1c lo\u1ea1i b\u00e1nh n\u01b0\u1edbng, g\u00e0 r\u00e1n,&#8230;<\/p>\n<h3><strong>Th\u00e0nh Ph\u1ea7n:<\/strong><\/h3>\n<p>Ph\u00f4 mai l\u00e2u n\u0103m ( s\u1eefa, mu\u1ed1i, rennet), Grana Padano ( s\u1eefa, mu\u1ed1i, rennet, ch\u1ea5t b\u1ea3o qu\u1ea3n: lysozyme protein tr\u1ee9ng t\u1ef1 nhi\u00ean ).<br \/>\nGrated Cheese 100%<\/p>\n<p><img loading=\"lazy\" decoding=\"async\" class=\"wp-image-28994 aligncenter\" src=\"https:\/\/havamall.com\/wp-content\/uploads\/2025\/08\/1db38c2a-4c36-4324-a6d5-d452e00c4870-300x250.jpg\" alt=\"\" width=\"552\" height=\"460\" \/><\/p>","protected":false},"excerpt":{"rendered":"<p>Ph\u00f4 Mai B\u1ed9t Fromagio Gran cucina l\u00e0 s\u1ef1 k\u1ebft h\u1ee3p gi\u1eefa ph\u00f4 mai c\u1ee9ng ch\u1ecdn l\u1ecdc v\u00e0 Grana Padano. Ngay<\/p>","protected":false},"featured_media":29024,"comment_status":"open","ping_status":"closed","template":"","meta":[],"product_brand":[],"product_cat":[672,130,36],"product_tag":[],"class_list":{"0":"post-28992","1":"product","2":"type-product","3":"status-publish","4":"has-post-thumbnail","6":"product_cat-nhap-khau-y","7":"product_cat-khuyen-mai","8":"product_cat-thuc-pham-tieu-dung","10":"first","11":"outofstock","12":"sale","13":"shipping-taxable","14":"purchasable","15":"product-type-simple"},"_links":{"self":[{"href":"https:\/\/havamall.vn\/en\/wp-json\/wp\/v2\/product\/28992"}],"collection":[{"href":"https:\/\/havamall.vn\/en\/wp-json\/wp\/v2\/product"}],"about":[{"href":"https:\/\/havamall.vn\/en\/wp-json\/wp\/v2\/types\/product"}],"replies":[{"embeddable":true,"href":"https:\/\/havamall.vn\/en\/wp-json\/wp\/v2\/comments?post=28992"}],"version-history":[{"count":0,"href":"https:\/\/havamall.vn\/en\/wp-json\/wp\/v2\/product\/28992\/revisions"}],"wp:featuredmedia":[{"embeddable":true,"href":"https:\/\/havamall.vn\/en\/wp-json\/wp\/v2\/media\/29024"}],"wp:attachment":[{"href":"https:\/\/havamall.vn\/en\/wp-json\/wp\/v2\/media?parent=28992"}],"wp:term":[{"taxonomy":"product_brand","embeddable":true,"href":"https:\/\/havamall.vn\/en\/wp-json\/wp\/v2\/product_brand?post=28992"},{"taxonomy":"product_cat","embeddable":true,"href":"https:\/\/havamall.vn\/en\/wp-json\/wp\/v2\/product_cat?post=28992"},{"taxonomy":"product_tag","embeddable":true,"href":"https:\/\/havamall.vn\/en\/wp-json\/wp\/v2\/product_tag?post=28992"}],"curies":[{"name":"wp","href":"https:\/\/api.w.org\/{rel}","templated":true}]}}