{"id":28978,"date":"2022-09-28T10:34:33","date_gmt":"2022-09-28T03:34:33","guid":{"rendered":"https:\/\/havamall.vn\/?post_type=product&#038;p=28978"},"modified":"2023-02-14T13:40:05","modified_gmt":"2023-02-14T06:40:05","slug":"banh-madi-gran-panettone-truyen-thong-nuoc-y-1000g-madi-gran-panettone-cake","status":"publish","type":"product","link":"https:\/\/havamall.vn\/en\/shop\/banh-madi-gran-panettone-truyen-thong-nuoc-y-1000g-madi-gran-panettone-cake\/","title":{"rendered":"B\u00e1nh Madi Gran Panettone Truy\u1ec1n Th\u1ed1ng N\u01b0\u1edbc \u00dd 1000G &#8211; Madi Gran Panettone Cake"},"content":{"rendered":"<p>B\u00e1nh Madi t\u1eeb x\u01b0a ch\u1ec9 d\u00e0nh cho gi\u1edbi th\u01b0\u1ee3ng l\u01b0u, b\u1edfi ch\u1ea5t l\u01b0\u1ee3ng v\u00e0 v\u1ecb ngon tinh t\u1ebf c\u1ee7a n\u00f3. C\u0169ng c\u00f3 th\u1ec3 n\u00f3i, \u0111\u00e2y l\u00e0 lo\u1ea1i b\u00e1nh mang \u0111\u1eadm n\u00e9t \u1ea9m th\u1ef1c c\u1ee7a ng\u01b0\u1eddi \u00dd.<\/p>\n<p>B\u00e1nh m\u00ec Madi Gran Panetton c\u1ee7a \u00dd \u0111\u01b0\u1ee3c t\u1ea1o n\u00ean b\u1edfi c\u00f4ng th\u1ee9c b\u00e1nh \u0111\u1ed9c \u0111\u00e1o, s\u1ef1 h\u00f2a quy\u1ec7n tuy\u1ec7t v\u1eddi gi\u1eefa v\u1ecb b\u00e1nh th\u01a1m m\u1ec1m ng\u1ecdt ng\u1ecdt c\u00f9ng v\u1edbi v\u1ecb c\u1ee7a tr\u00e1i c\u00e2y kh\u00f4 t\u1ef1 nhi\u00ean. B\u00e1nh \u0103n kh\u00f4ng qu\u00e1 ng\u1ecdt, b\u00ean c\u1ea1nh \u0111\u00f3 l\u1ea1i d\u1ea7u v\u00e0 b\u01a1 c\u0169ng kh\u00f4ng qu\u00e1 nhi\u1ec1u, n\u00ean lu\u00f4n t\u1ea1o c\u1ea3m gi\u00e1c ngon mi\u1ec7ng, kh\u00f4ng ng\u1ea5y.<\/p>\n<p><img fetchpriority=\"high\" decoding=\"async\" class=\"wp-image-28979 aligncenter\" src=\"https:\/\/havamall.vn\/wp-content\/uploads\/2022\/09\/25395831_1505633582838391_1718935516351493148_n-300x140.jpg\" alt=\"\" width=\"574\" height=\"268\" srcset=\"https:\/\/havamall.vn\/wp-content\/uploads\/2022\/09\/25395831_1505633582838391_1718935516351493148_n-300x140.jpg 300w, https:\/\/havamall.vn\/wp-content\/uploads\/2022\/09\/25395831_1505633582838391_1718935516351493148_n-430x201.jpg 430w, https:\/\/havamall.vn\/wp-content\/uploads\/2022\/09\/25395831_1505633582838391_1718935516351493148_n-150x70.jpg 150w, https:\/\/havamall.vn\/wp-content\/uploads\/2022\/09\/25395831_1505633582838391_1718935516351493148_n-700x327.jpg 700w, https:\/\/havamall.vn\/wp-content\/uploads\/2022\/09\/25395831_1505633582838391_1718935516351493148_n-768x359.jpg 768w, https:\/\/havamall.vn\/wp-content\/uploads\/2022\/09\/25395831_1505633582838391_1718935516351493148_n-600x281.jpg 600w, https:\/\/havamall.vn\/wp-content\/uploads\/2022\/09\/25395831_1505633582838391_1718935516351493148_n.jpg 1022w\" sizes=\"(max-width: 574px) 100vw, 574px\" \/><\/p>\n<p>Khi d\u00f9ng b\u00e1nh m\u00ec truy\u1ec1n th\u1ed1ng c\u1ee7a \u00dd Gran Panettone The Original Madi ngay l\u1eadp t\u1ee9c b\u1ea1n c\u1ea3m nh\u1eadn l\u00e0 n\u00f3 r\u1ea5t th\u01a1m v\u1ecb b\u01a1, ng\u1ecdt nh\u1eb9 nh\u00e0ng, v\u1ecb chua chua ng\u1ecdt ng\u1ecdt c\u1ee7a m\u1ee9t tr\u00e1i c\u00e2y kh\u00f4. \u0110\u1eb7c bi\u1ec7t mi\u1ebfng b\u00e1nh m\u00ec ng\u1ecdt Madi Gran Panettone th\u1ec9nh tho\u1ea3ng c\u00f2n k\u00edch th\u00edch v\u1ecb gi\u00e1c c\u1ee7a b\u1ea1n b\u1eb1ng m\u1ed9t ch\u00fat h\u01b0\u01a1ng r\u01b0\u1ee3u rum.<\/p>\n<p><img decoding=\"async\" class=\"wp-image-28980 aligncenter\" src=\"https:\/\/havamall.vn\/wp-content\/uploads\/2022\/09\/d7ae54bc-8802-4b4c-b3a5-405a7f8d5299_1.aefe7b712d47eb83d388ff3bc58b3d8e-300x158.png\" alt=\"\" width=\"566\" height=\"298\" srcset=\"https:\/\/havamall.vn\/wp-content\/uploads\/2022\/09\/d7ae54bc-8802-4b4c-b3a5-405a7f8d5299_1.aefe7b712d47eb83d388ff3bc58b3d8e-300x158.png 300w, https:\/\/havamall.vn\/wp-content\/uploads\/2022\/09\/d7ae54bc-8802-4b4c-b3a5-405a7f8d5299_1.aefe7b712d47eb83d388ff3bc58b3d8e-430x226.png 430w, https:\/\/havamall.vn\/wp-content\/uploads\/2022\/09\/d7ae54bc-8802-4b4c-b3a5-405a7f8d5299_1.aefe7b712d47eb83d388ff3bc58b3d8e-150x79.png 150w, https:\/\/havamall.vn\/wp-content\/uploads\/2022\/09\/d7ae54bc-8802-4b4c-b3a5-405a7f8d5299_1.aefe7b712d47eb83d388ff3bc58b3d8e-700x368.png 700w, https:\/\/havamall.vn\/wp-content\/uploads\/2022\/09\/d7ae54bc-8802-4b4c-b3a5-405a7f8d5299_1.aefe7b712d47eb83d388ff3bc58b3d8e-768x404.png 768w, https:\/\/havamall.vn\/wp-content\/uploads\/2022\/09\/d7ae54bc-8802-4b4c-b3a5-405a7f8d5299_1.aefe7b712d47eb83d388ff3bc58b3d8e-1024x539.png 1024w, https:\/\/havamall.vn\/wp-content\/uploads\/2022\/09\/d7ae54bc-8802-4b4c-b3a5-405a7f8d5299_1.aefe7b712d47eb83d388ff3bc58b3d8e-1200x631.png 1200w, https:\/\/havamall.vn\/wp-content\/uploads\/2022\/09\/d7ae54bc-8802-4b4c-b3a5-405a7f8d5299_1.aefe7b712d47eb83d388ff3bc58b3d8e-600x316.png 600w, https:\/\/havamall.vn\/wp-content\/uploads\/2022\/09\/d7ae54bc-8802-4b4c-b3a5-405a7f8d5299_1.aefe7b712d47eb83d388ff3bc58b3d8e.png 1711w\" sizes=\"(max-width: 566px) 100vw, 566px\" \/><\/p>\n<p>B\u00e1nh Madi \u0111\u01b0\u1ee3c t\u1ea1o n\u00ean b\u1edfi c\u00e1c th\u00e0nh ph\u1ea7n nguy\u00ean li\u1ec7u ch\u1ecdn l\u1ecdc, \u0111\u1ea1t chu\u1ea9n ch\u1ea5t l\u01b0\u1ee3ng. B\u1ed9t m\u00ec nguy\u00ean ch\u1ea5t, b\u01a1, c\u00e1c lo\u1ea1i tr\u00e1i c\u00e2y, m\u1ee9t kh\u00f4 nh\u01b0: Nho kh\u00f4, m\u1ee9t qu\u00fdt,\u2026 B\u00e1nh Madi ph\u00f9 h\u1ee3p v\u1edbi m\u1ecdi l\u1ee9a tu\u1ed5i, \u0111\u1ed1i t\u01b0\u1ee3ng, n\u00f3 cung c\u1ea5p n\u0103ng l\u01b0\u1ee3ng v\u00e0 1 s\u1ed1 d\u01b0\u1ee1ng ch\u1ea5t t\u1ed1t cho s\u1ee9c kh\u1ecfe.<\/p>\n<p><img decoding=\"async\" class=\"wp-image-28981 aligncenter\" src=\"https:\/\/havamall.vn\/wp-content\/uploads\/2022\/09\/81NhIyunveL._AC_SL1500_-300x300.png\" alt=\"\" width=\"564\" height=\"564\" srcset=\"https:\/\/havamall.vn\/wp-content\/uploads\/2022\/09\/81NhIyunveL._AC_SL1500_-300x300.png 300w, https:\/\/havamall.vn\/wp-content\/uploads\/2022\/09\/81NhIyunveL._AC_SL1500_-430x430.png 430w, https:\/\/havamall.vn\/wp-content\/uploads\/2022\/09\/81NhIyunveL._AC_SL1500_-150x150.png 150w, https:\/\/havamall.vn\/wp-content\/uploads\/2022\/09\/81NhIyunveL._AC_SL1500_-700x700.png 700w, https:\/\/havamall.vn\/wp-content\/uploads\/2022\/09\/81NhIyunveL._AC_SL1500_-768x768.png 768w, https:\/\/havamall.vn\/wp-content\/uploads\/2022\/09\/81NhIyunveL._AC_SL1500_-1024x1024.png 1024w, https:\/\/havamall.vn\/wp-content\/uploads\/2022\/09\/81NhIyunveL._AC_SL1500_-1200x1200.png 1200w, https:\/\/havamall.vn\/wp-content\/uploads\/2022\/09\/81NhIyunveL._AC_SL1500_-600x600.png 600w, https:\/\/havamall.vn\/wp-content\/uploads\/2022\/09\/81NhIyunveL._AC_SL1500_-100x100.png 100w, https:\/\/havamall.vn\/wp-content\/uploads\/2022\/09\/81NhIyunveL._AC_SL1500_.png 1500w\" sizes=\"(max-width: 564px) 100vw, 564px\" \/><\/p>\n<p>Ch\u1ea5t b\u00e1nh m\u1ec1m t\u1ef1a b\u00f4ng, dai dai c\u1ee7a tinh b\u1ed9t m\u00ec nguy\u00ean ch\u1ea5t, t\u01a1i x\u1ed1p nh\u01b0ng kh\u00f4ng kh\u00f4 khan. B\u00e1nh m\u00ec \u00dd The Original Gran Panettone Madi c\u0169ng kh\u00f4ng \u1ea9m \u01b0\u1edbt, nh\u00e3o s\u1ec7t, m\u00e0 r\u1ea5t \u0111\u1eadm \u0111\u00e0 trong t\u1eebng th\u1edb b\u00e1nh n\u1edf m\u1ec1m<\/p>\n<p>B\u00e1nh m\u00ec Madi Gran Panetton c\u1ee7a \u00dd thi\u1ebft k\u1ebf \u0111\u1eb9p, sang tr\u1ecdng, b\u1ea1n c\u00f3 th\u1ec3 d\u00f9ng l\u00e0m qu\u00e0 bi\u1ebfu t\u1eb7ng d\u1ecbp T\u1ebft ho\u1eb7c \u0111\u1ec3 gia \u0111\u00ecnh m\u00ecnh th\u01b0\u1edfng th\u1ee9c m\u00f3n b\u00e1nh ngon n\u1ee9c t\u1eeb \u0110\u1ea5t n\u01b0\u1edbc Italia.<\/p>\n<p><img loading=\"lazy\" decoding=\"async\" class=\"wp-image-28982 aligncenter\" src=\"https:\/\/havamall.vn\/wp-content\/uploads\/2022\/09\/maxresdefault-3-300x169.jpg\" alt=\"\" width=\"547\" height=\"308\" srcset=\"https:\/\/havamall.vn\/wp-content\/uploads\/2022\/09\/maxresdefault-3-300x169.jpg 300w, https:\/\/havamall.vn\/wp-content\/uploads\/2022\/09\/maxresdefault-3-430x242.jpg 430w, https:\/\/havamall.vn\/wp-content\/uploads\/2022\/09\/maxresdefault-3-150x84.jpg 150w, https:\/\/havamall.vn\/wp-content\/uploads\/2022\/09\/maxresdefault-3-700x394.jpg 700w, https:\/\/havamall.vn\/wp-content\/uploads\/2022\/09\/maxresdefault-3-768x432.jpg 768w, https:\/\/havamall.vn\/wp-content\/uploads\/2022\/09\/maxresdefault-3-1024x576.jpg 1024w, https:\/\/havamall.vn\/wp-content\/uploads\/2022\/09\/maxresdefault-3-1200x675.jpg 1200w, https:\/\/havamall.vn\/wp-content\/uploads\/2022\/09\/maxresdefault-3-600x338.jpg 600w, https:\/\/havamall.vn\/wp-content\/uploads\/2022\/09\/maxresdefault-3.jpg 1280w\" sizes=\"(max-width: 547px) 100vw, 547px\" \/><\/p>\n<h3><strong>C\u00f4ng d\u1ee5ng c\u1ee7a b\u00e1nh Madi<\/strong><\/h3>\n<p>&#8211; Cung c\u1ea5p dinh d\u01b0\u1ee1ng v\u00e0 n\u0103ng l\u01b0\u1ee3ng cho c\u01a1 th\u1ec3.<\/p>\n<p>&#8211; C\u00f3 th\u1ec3 l\u00e0m m\u00f3n \u0103n cho b\u1eefa ch\u00ednh ho\u1eb7c b\u1eefa ph\u1ee5.<\/p>\n<p>&#8211; L\u00e0m qu\u00e0 t\u1eb7ng cho ng\u01b0\u1eddi th\u00e2n v\u00e0 b\u1ea1n b\u00e8<\/p>\n<p>&#8211; L\u00e0m m\u00f3n\u00a0\u0103n v\u1eb7t\u00a0ngon tuy\u1ec7t cho gia \u0111\u00ecnh b\u1ea1n v\u00e0o b\u1ea5t c\u1ee9 th\u1eddi gian n\u00e0o trong ng\u00e0y.<\/p>\n<h3><img loading=\"lazy\" decoding=\"async\" class=\"wp-image-28983 aligncenter\" src=\"https:\/\/havamall.vn\/wp-content\/uploads\/2022\/09\/81vjXoeSixL._AC_SL1500_-300x266.png\" alt=\"\" width=\"538\" height=\"477\" srcset=\"https:\/\/havamall.vn\/wp-content\/uploads\/2022\/09\/81vjXoeSixL._AC_SL1500_-300x266.png 300w, https:\/\/havamall.vn\/wp-content\/uploads\/2022\/09\/81vjXoeSixL._AC_SL1500_-430x381.png 430w, https:\/\/havamall.vn\/wp-content\/uploads\/2022\/09\/81vjXoeSixL._AC_SL1500_-150x133.png 150w, https:\/\/havamall.vn\/wp-content\/uploads\/2022\/09\/81vjXoeSixL._AC_SL1500_-700x620.png 700w, https:\/\/havamall.vn\/wp-content\/uploads\/2022\/09\/81vjXoeSixL._AC_SL1500_-768x680.png 768w, https:\/\/havamall.vn\/wp-content\/uploads\/2022\/09\/81vjXoeSixL._AC_SL1500_-1024x907.png 1024w, https:\/\/havamall.vn\/wp-content\/uploads\/2022\/09\/81vjXoeSixL._AC_SL1500_-1200x1062.png 1200w, https:\/\/havamall.vn\/wp-content\/uploads\/2022\/09\/81vjXoeSixL._AC_SL1500_-600x531.png 600w, https:\/\/havamall.vn\/wp-content\/uploads\/2022\/09\/81vjXoeSixL._AC_SL1500_.png 1500w\" sizes=\"(max-width: 538px) 100vw, 538px\" \/><\/h3>\n<h3><strong>H\u01b0\u1edbng d\u1eabn s\u1eed d\u1ee5ng<\/strong><\/h3>\n<p>&#8211; M\u1edf g\u00f3i v\u00e0 d\u00f9ng tr\u1ef1c ti\u1ebfp kh\u00f4ng c\u1ea7n ch\u1ebf bi\u1ebfn ho\u1eb7c d\u00f9ng k\u00e8m v\u1edbi th\u1ee9c u\u1ed1ng v\u00e0o bu\u1ed5i s\u00e1ng.<\/p>\n<p>&#8211; S\u1ea3n ph\u1ea9m s\u1eed d\u1ee5ng t\u1ed1t cho m\u1ecdi \u0111\u1ed1i t\u01b0\u1ee3ng, tr\u1ebb em tr\u00ean 2 tu\u1ed5i c\u00f3 th\u1ec3 s\u1eed d\u1ee5ng s\u1ea3n ph\u1ea9m d\u01b0\u1edbi s\u1ef1 gi\u00e1m s\u00e1t c\u1ee7a b\u1ed1 m\u1eb9 ho\u1eb7c ng\u01b0\u1eddi l\u1edbn.<\/p>\n<p>S\u1ea3n ph\u1ea9m hi\u1ec7n \u0111\u00e3 c\u00f3 m\u1eb7t t\u1ea1i Havamall.<\/p>\n<p><img loading=\"lazy\" decoding=\"async\" class=\"wp-image-28984 aligncenter\" src=\"https:\/\/havamall.vn\/wp-content\/uploads\/2022\/09\/12274193_905062459562176_3279795858394032764_n-300x161.jpg\" alt=\"\" width=\"542\" height=\"291\" srcset=\"https:\/\/havamall.vn\/wp-content\/uploads\/2022\/09\/12274193_905062459562176_3279795858394032764_n-300x161.jpg 300w, https:\/\/havamall.vn\/wp-content\/uploads\/2022\/09\/12274193_905062459562176_3279795858394032764_n-430x230.jpg 430w, https:\/\/havamall.vn\/wp-content\/uploads\/2022\/09\/12274193_905062459562176_3279795858394032764_n-150x80.jpg 150w, https:\/\/havamall.vn\/wp-content\/uploads\/2022\/09\/12274193_905062459562176_3279795858394032764_n-700x375.jpg 700w, https:\/\/havamall.vn\/wp-content\/uploads\/2022\/09\/12274193_905062459562176_3279795858394032764_n-768x411.jpg 768w, https:\/\/havamall.vn\/wp-content\/uploads\/2022\/09\/12274193_905062459562176_3279795858394032764_n-600x321.jpg 600w, https:\/\/havamall.vn\/wp-content\/uploads\/2022\/09\/12274193_905062459562176_3279795858394032764_n.jpg 840w\" sizes=\"(max-width: 542px) 100vw, 542px\" \/><\/p>","protected":false},"excerpt":{"rendered":"<p>B\u00e1nh Madi t\u1eeb x\u01b0a ch\u1ec9 d\u00e0nh cho gi\u1edbi th\u01b0\u1ee3ng l\u01b0u, b\u1edfi ch\u1ea5t l\u01b0\u1ee3ng v\u00e0 v\u1ecb ngon tinh t\u1ebf c\u1ee7a n\u00f3.<\/p>","protected":false},"featured_media":28985,"comment_status":"open","ping_status":"closed","template":"","meta":[],"product_brand":[],"product_cat":[36,133],"product_tag":[],"class_list":{"0":"post-28978","1":"product","2":"type-product","3":"status-publish","4":"has-post-thumbnail","6":"product_cat-thuc-pham-tieu-dung","7":"product_cat-banh-keo-chocolate","9":"first","10":"outofstock","11":"sale","12":"shipping-taxable","13":"purchasable","14":"product-type-simple"},"_links":{"self":[{"href":"https:\/\/havamall.vn\/en\/wp-json\/wp\/v2\/product\/28978"}],"collection":[{"href":"https:\/\/havamall.vn\/en\/wp-json\/wp\/v2\/product"}],"about":[{"href":"https:\/\/havamall.vn\/en\/wp-json\/wp\/v2\/types\/product"}],"replies":[{"embeddable":true,"href":"https:\/\/havamall.vn\/en\/wp-json\/wp\/v2\/comments?post=28978"}],"version-history":[{"count":0,"href":"https:\/\/havamall.vn\/en\/wp-json\/wp\/v2\/product\/28978\/revisions"}],"wp:featuredmedia":[{"embeddable":true,"href":"https:\/\/havamall.vn\/en\/wp-json\/wp\/v2\/media\/28985"}],"wp:attachment":[{"href":"https:\/\/havamall.vn\/en\/wp-json\/wp\/v2\/media?parent=28978"}],"wp:term":[{"taxonomy":"product_brand","embeddable":true,"href":"https:\/\/havamall.vn\/en\/wp-json\/wp\/v2\/product_brand?post=28978"},{"taxonomy":"product_cat","embeddable":true,"href":"https:\/\/havamall.vn\/en\/wp-json\/wp\/v2\/product_cat?post=28978"},{"taxonomy":"product_tag","embeddable":true,"href":"https:\/\/havamall.vn\/en\/wp-json\/wp\/v2\/product_tag?post=28978"}],"curies":[{"name":"wp","href":"https:\/\/api.w.org\/{rel}","templated":true}]}}