{"id":28977,"date":"2022-09-28T11:12:42","date_gmt":"2022-09-28T04:12:42","guid":{"rendered":"https:\/\/havamall.vn\/?post_type=product&#038;p=28977"},"modified":"2025-08-18T16:53:52","modified_gmt":"2025-08-18T09:53:52","slug":"pho-mai-bot-formaggio-la-sicilia-160g-grancucina-cheese","status":"publish","type":"product","link":"https:\/\/havamall.vn\/en\/shop\/pho-mai-bot-formaggio-la-sicilia-160g-grancucina-cheese\/","title":{"rendered":"Ph\u00f4 Mai B\u1ed9t Formaggio La Sicilia 160g &#8211; Grancucina Cheese"},"content":{"rendered":"<p>\u0110\u01b0\u1ee3c th\u00e0nh l\u1eadp v\u00e0o n\u0103m 1890, Ph\u00f4 mai b\u00e0o La Sicilia Gran cucina ng\u00e0y nay l\u00e0 m\u1ed9t trong nh\u1eefng c\u00f4ng ty h\u00e0ng \u0111\u1ea7u v\u1ec1 s\u1ea3n xu\u1ea5t v\u00e0 kinh doanh ph\u00f4 mai b\u00e0o.<\/p>\n<p>M\u1ee5c ti\u00eau c\u1ee7a c\u00f4ng ty l\u00e0 s\u1ea3n xu\u1ea5t c\u00e1c s\u1ea3n ph\u1ea9m nh\u1eadt k\u00fd ch\u1ea5t l\u01b0\u1ee3ng t\u1ed1t, t\u00f4n tr\u1ecdng truy\u1ec1n th\u1ed1ng, coi tr\u1ecdng vi\u1ec7c \u0111\u1ed5i m\u1edbi. C\u00e1c s\u1ea3n ph\u1ea9m xu\u1ea5t s\u1eafc c\u1ee7a h\u1ecd, bao g\u1ed3m Grana Padano, Parmigiano Reggiano, PDO Pecorino Romano v\u00e0 c\u00e1c lo\u1ea1i ph\u00f4 mai l\u00e2u n\u0103m kh\u00e1c, \u0111\u01b0\u1ee3c \u0111\u00f3ng g\u00f3i trong bao b\u00ec \u0111\u00f3ng d\u1ea5u \u0111\u1ed9 t\u01b0\u01a1i v\u00e0 \u0111\u01b0\u1ee3c b\u1ea3o qu\u1ea3n theo c\u00e1c gi\u1ea3i ph\u00e1p ti\u00ean ti\u1ebfn.<\/p>\n<p><img fetchpriority=\"high\" decoding=\"async\" class=\"wp-image-28986 aligncenter\" src=\"https:\/\/havamall.com\/wp-content\/uploads\/2025\/08\/306706344_483835680422744_245452055168348797_n-300x300.jpg\" alt=\"\" width=\"561\" height=\"561\" \/><\/p>\n<p>Ph\u00f4 Mai B\u1ed9t Fromagio La Sicilia Gran cucina l\u00e0 s\u1ef1 k\u1ebft h\u1ee3p gi\u1eefa ph\u00f4 mai c\u1ee9ng ch\u1ecdn l\u1ecdc v\u00e0 Grana Padano. Ngay khi \u0111\u1ea1t \u0111\u01b0\u1ee3c gia v\u1ecb th\u00edch h\u1ee3p, c\u00e1c b\u00e1nh ph\u00f4 mai s\u1ebd \u0111\u01b0\u1ee3c b\u00e0o ngay l\u1eadp t\u1ee9c \u0111\u1ec3 gi\u1eef \u0111\u01b0\u1ee3c \u0111\u1ed9 t\u01b0\u01a1i v\u00e0 m\u00f9i th\u01a1m.<\/p>\n<p>Ph\u00f4 mai b\u00e0o t\u01b0\u01a1i \u0111\u01b0\u1ee3c \u0111\u00f3ng g\u00f3i ch\u00e2n kh\u00f4ng ngay l\u1eadp t\u1ee9c trong m\u00f4i tr\u01b0\u1eddng b\u1ea3o v\u1ec7, kh\u00f4ng qua ch\u1ebf bi\u1ebfn s\u1ea5y kh\u00f4 v\u00e0 kh\u00f4ng c\u00f3 ch\u1ea5t ph\u1ee5 gia, kh\u00f4ng b\u1ecb kh\u00f4.<\/p>\n<p><img decoding=\"async\" class=\"wp-image-29025 aligncenter\" src=\"https:\/\/havamall.com\/wp-content\/uploads\/2025\/08\/z3757594253216_6cb6d23067dee2882d6c940b12b4a886-300x223.jpg\" alt=\"\" width=\"560\" height=\"416\" \/><\/p>\n<p>Ph\u00f4 Mai B\u1ed9t Fromagio La Sicilia Gran cucina kh\u00f4ng ch\u1ec9 t\u1ed1t cho s\u1ef1 ph\u00e1t tri\u1ec3n c\u1ee7a tr\u1ebb em m\u00e0 c\u00f2n l\u00e0 th\u1ef1c ph\u1ea9m b\u1ed5 d\u01b0\u1ee1ng gi\u00fap b\u1ed5 sung dinh d\u01b0\u1ee1ng v\u00e0 canxi cho ng\u01b0\u1eddi l\u1edbn. S\u1ea3n ph\u1ea9m cung c\u1ea5p vitamin A gi\u00fap duy tr\u00ec s\u1ee9c kh\u1ecfe, t\u0103ng c\u01b0\u1eddng h\u1ec7 th\u1ed1ng mi\u1ec5n d\u1ecbch, s\u1ea3n xu\u1ea5t t\u1ebf b\u00e0o m\u00e1u.<\/p>\n<p>Canxi v\u00e0 ph\u1ed1t pho trong phomai gi\u00fap h\u1ed7 tr\u1ee3 h\u1ec7 r\u0103ng v\u00e0 x\u01b0\u01a1ng ph\u00e1t tri\u1ec3n, l\u00e0m gi\u1ea3m nguy c\u01a1 m\u1eafc b\u1ec7nh lo\u00e3ng x\u01b0\u01a1ng. Ngo\u00e0i ra, ph\u00f4 mai ch\u1ee9a men vi sinh, r\u1ea5t c\u00f3 l\u1ee3i cho \u0111\u01b0\u1eddng ti\u00eau h\u00f3a, gi\u00fap tr\u1ebb em h\u1ea5p thu th\u1ee9c \u0103n t\u1ed1t h\u01a1n.<\/p>\n<p><img decoding=\"async\" class=\"wp-image-28990 aligncenter\" src=\"https:\/\/havamall.com\/wp-content\/uploads\/2025\/08\/180-grammi-287x300.png\" alt=\"\" width=\"568\" height=\"594\" \/><\/p>\n<p>Ph\u00f4 mai b\u1ed9t Fromagio Gran cucina c\u1ee7a h\u01b0\u01a1ng v\u1ecb v\u00e0 \u0111\u1eb7c t\u00ednh dinh d\u01b0\u1ee1ng v\u1eabn kh\u00f4ng thay \u0111\u1ed5i v\u00ec n\u00f3 \u0111\u01b0\u1ee3c \u0111\u00f3ng g\u00f3i t\u01b0\u01a1i xay trong b\u1ea7u kh\u00f4ng kh\u00ed b\u1ea3o v\u1ec7 \u0111\u1ef1ng trong h\u1ed9p thi\u1ebfc kim lo\u1ea1i r\u1eafn.<\/p>\n<p><img loading=\"lazy\" decoding=\"async\" class=\"wp-image-28989 aligncenter\" src=\"https:\/\/havamall.com\/wp-content\/uploads\/2025\/08\/Nudeln-cacho-e-pepe-1200x900-300x225.jpg\" alt=\"\" width=\"547\" height=\"410\" \/><\/p>\n<h3><strong>C\u00f4ng d\u1ee5ng c\u1ee7a s\u1ea3n ph\u1ea9m:<\/strong><\/h3>\n<p>&#8211; Ph\u00f4 mai b\u1ed9t Fromagio Gran cucina \u0111\u1ec3 t\u1ea1o c\u00f4ng th\u1ee9c cho th\u1ee9c \u0103n l\u00e0m s\u1eb5n, n\u01b0\u1edbc s\u1ed1t v\u00e0 \u0111\u1ed3 \u0103n k\u00e8m, t\u1eadp trung v\u00e0o c\u00e1c xu h\u01b0\u1edbng th\u1ef1c ph\u1ea9m m\u1edbi.<\/p>\n<p>&#8211; Ph\u00f4 mai b\u1ed9t Formaggio Grana Cucina th\u00edch h\u1ee3p cho c\u00e1c m\u00f3n m\u00ec \u00dd, m\u00ec \u1ed0ng, risotto, gratin, s\u00fap, c\u00e1c m\u00f3n nh\u1ed3i, c\u00e1c lo\u1ea1i b\u00e1nh n\u01b0\u1edbng, g\u00e0 r\u00e1n,&#8230;<\/p>\n<h3><strong>Th\u00e0nh Ph\u1ea7n:<\/strong><\/h3>\n<p>Ph\u00f4 mai l\u00e2u n\u0103m ( s\u1eefa, mu\u1ed1i, rennet), Grana Padano ( s\u1eefa, mu\u1ed1i, rennet, ch\u1ea5t b\u1ea3o qu\u1ea3n: lysozyme protein tr\u1ee9ng t\u1ef1 nhi\u00ean ).<br \/>\nGrated Cheese 100%<\/p>\n<p><img loading=\"lazy\" decoding=\"async\" class=\"wp-image-28988 aligncenter\" src=\"https:\/\/havamall.com\/wp-content\/uploads\/2025\/08\/307456750_483835760422736_2932901471379779342_n-300x300.jpg\" alt=\"\" width=\"560\" height=\"560\" \/><\/p>","protected":false},"excerpt":{"rendered":"<p>\u0110\u01b0\u1ee3c th\u00e0nh l\u1eadp v\u00e0o n\u0103m 1890, Ph\u00f4 mai b\u00e0o La Sicilia Gran cucina ng\u00e0y nay l\u00e0 m\u1ed9t trong nh\u1eefng c\u00f4ng<\/p>","protected":false},"featured_media":29022,"comment_status":"open","ping_status":"closed","template":"","meta":[],"product_brand":[],"product_cat":[672,36],"product_tag":[],"class_list":{"0":"post-28977","1":"product","2":"type-product","3":"status-publish","4":"has-post-thumbnail","6":"product_cat-nhap-khau-y","7":"product_cat-thuc-pham-tieu-dung","9":"first","10":"outofstock","11":"sale","12":"shipping-taxable","13":"purchasable","14":"product-type-simple"},"_links":{"self":[{"href":"https:\/\/havamall.vn\/en\/wp-json\/wp\/v2\/product\/28977"}],"collection":[{"href":"https:\/\/havamall.vn\/en\/wp-json\/wp\/v2\/product"}],"about":[{"href":"https:\/\/havamall.vn\/en\/wp-json\/wp\/v2\/types\/product"}],"replies":[{"embeddable":true,"href":"https:\/\/havamall.vn\/en\/wp-json\/wp\/v2\/comments?post=28977"}],"version-history":[{"count":0,"href":"https:\/\/havamall.vn\/en\/wp-json\/wp\/v2\/product\/28977\/revisions"}],"wp:featuredmedia":[{"embeddable":true,"href":"https:\/\/havamall.vn\/en\/wp-json\/wp\/v2\/media\/29022"}],"wp:attachment":[{"href":"https:\/\/havamall.vn\/en\/wp-json\/wp\/v2\/media?parent=28977"}],"wp:term":[{"taxonomy":"product_brand","embeddable":true,"href":"https:\/\/havamall.vn\/en\/wp-json\/wp\/v2\/product_brand?post=28977"},{"taxonomy":"product_cat","embeddable":true,"href":"https:\/\/havamall.vn\/en\/wp-json\/wp\/v2\/product_cat?post=28977"},{"taxonomy":"product_tag","embeddable":true,"href":"https:\/\/havamall.vn\/en\/wp-json\/wp\/v2\/product_tag?post=28977"}],"curies":[{"name":"wp","href":"https:\/\/api.w.org\/{rel}","templated":true}]}}