{"id":28965,"date":"2022-09-27T16:57:42","date_gmt":"2022-09-27T09:57:42","guid":{"rendered":"https:\/\/havamall.vn\/?post_type=product&#038;p=28965"},"modified":"2025-09-11T20:02:33","modified_gmt":"2025-09-11T13:02:33","slug":"pho-mai-xanh-danablue-grandor-100g","status":"publish","type":"product","link":"https:\/\/havamall.vn\/en\/shop\/pho-mai-xanh-danablue-grandor-100g\/","title":{"rendered":"Ph\u00f4 Mai Xanh Danablue Grand&#8217;Or 100g"},"content":{"rendered":"<p>Ph\u00f4 mai xanh l\u00e0 lo\u1ea1i ph\u00f4 mai \u0111\u01b0\u1ee3c s\u1ea3n xu\u1ea5t v\u1edbi s\u1eefa b\u00f2 ti\u1ec7t tr\u00f9ng, s\u1eefa c\u1eebu ho\u1eb7c s\u1eefa d\u00ea v\u00e0 ch\u00edn v\u1edbi s\u1ef1 s\u1ea3n sinh c\u1ee7a n\u1ea5m penicillium.<\/p>\n<p>Ph\u00f4 mai xanh th\u01b0\u1eddng c\u00f3 v\u1ecb m\u1eb7n, s\u1eafc v\u00e0 m\u00f9i h\u0103ng. N\u00f3 th\u01b0\u1eddng t\u01b0\u01a1ng \u0111\u1ed1i \u00edt ch\u1ea5t b\u00e9o nh\u01b0ng c\u00f3 h\u00e0m l\u01b0\u1ee3ng natri cao. Ph\u00f4 mai xanh l\u00e0 m\u1ed9t ngu\u1ed3n protein, canxi v\u00e0 ph\u1ed1t pho t\u1ed1t.<\/p>\n<p><img fetchpriority=\"high\" decoding=\"async\" class=\"wp-image-28966 aligncenter\" src=\"https:\/\/havamall.com\/wp-content\/uploads\/2025\/08\/visual_sanphamle_t8_2022_phomaixanh_718d6a983d384120a20b37539ebf4258_master-300x250.png\" alt=\"\" width=\"551\" height=\"459\" \/><\/p>\n<p>Ph\u00f4 mai xanh Grand&#8217;Or 100gr Danish Blue Cheese l\u00e0 s\u1ef1 k\u1ebft h\u1ee3p tuy\u1ec7t v\u1eddi c\u1ee7a c\u00e1c nguy\u00ean li\u1ec7u ho\u00e0n to\u00e0n t\u1ef1 nhi\u00ean mang \u0111\u1ebfn h\u01b0\u01a1ng v\u1ecb th\u01a1m ngon, b\u00e9o ng\u1eady. S\u1ea3n ph\u1ea9m \u0111\u01b0\u1ee3c \u0111\u00f3ng g\u00f3i 100gr nh\u1ecf g\u1ecdn m\u00e0 v\u1eabn ch\u1ee9a \u0111\u1ea7y \u0111\u1ee7 h\u00e0m l\u01b0\u1ee3ng dinh d\u01b0\u1ee1ng (canxi, protein, &#8230;) cho ng\u00e0y l\u00e0m vi\u1ec7c, h\u1ecdc t\u1eadp hi\u1ec7u qu\u1ea3.<\/p>\n<p><img decoding=\"async\" class=\"wp-image-28967 aligncenter\" src=\"https:\/\/havamall.com\/wp-content\/uploads\/2025\/08\/297836589_565014355223874_5317475619645922120_n-300x300.png\" alt=\"\" width=\"553\" height=\"553\" \/><\/p>\n<p>Ph\u00f4 mai Danish Blue Cheese Grand&#8217;Or c\u00f3 h\u01b0\u01a1ng v\u1ecb th\u01a1m ngon v\u00e0 \u0111\u1ea7y s\u1ee9c l\u00f4i cu\u1ed1n. B\u1ea1n s\u1ebd c\u1ea3m nh\u1eadn \u0111\u01b0\u1ee3c \u0111\u1ed9 m\u1ec1m, h\u01b0\u01a1ng b\u00e9o th\u01a1m c\u00f9ng v\u1ecb m\u1eb1n m\u1eb7n \u0111\u1eb7c tr\u01b0ng c\u1ee7a ph\u00f4 mai cao c\u1ea5p.<\/p>\n<p>Ph\u00f4 mai Danish Blue Cheese Grand&#8217;Or \u0111em \u0111\u1ebfn cho ng\u01b0\u1eddi d\u00f9ng h\u01b0\u01a1ng v\u1ecb th\u01a1m ngon v\u00e0 \u0111\u1ea7y \u0111\u1ee7 ch\u1ea5t dinh d\u01b0\u1ee1ng, n\u0103ng l\u01b0\u1ee3ng c\u1ea7n thi\u1ebft cho m\u1ed9t ng\u00e0y l\u00e0m vi\u1ec7c, h\u1ecdc t\u1eadp n\u0103ng \u0111\u1ed9ng. S\u1ea3n ph\u1ea9m \u0111\u00f3ng g\u00f3i nh\u1ecf g\u1ecdn cho b\u1ea1n d\u1ec5 d\u00e0ng s\u1eed d\u1ee5ng v\u00e0 b\u1ea3o qu\u1ea3n.<\/p>\n<p><img decoding=\"async\" class=\"wp-image-28968 aligncenter\" src=\"https:\/\/havamall.com\/wp-content\/uploads\/2025\/08\/294048811_3381197675488180_6462236958884385086_n-300x241.jpg\" alt=\"\" width=\"541\" height=\"435\" \/><\/p>\n<h2 id=\"da-dang-loi-ich-cua-viec-an-pho-mai-moc-xanh\"><strong>L\u1ee3i \u00edch c\u1ee7a ph\u00f4 mai xanh\u00a0<\/strong><\/h2>\n<ul>\n<li>B\u1ed5 sung lo\u1ea1i ph\u00f4 mai n\u00e0y trong ch\u1ebf \u0111\u1ed9 \u0103n u\u1ed1ng c\u1ee7a b\u1ea1n c\u00f3 th\u1ec3 gi\u00fap gi\u1ea3m nguy c\u01a1 m\u1eafc c\u00e1c b\u1ec7nh tim m\u1ea1ch.\u00a0 N\u00f3 c\u0169ng gi\u00fap gi\u1ea3m m\u1ee9c cholesterol v\u00e0 ng\u0103n ng\u1eeba vi\u00eam \u0111\u1ed9ng m\u1ea1ch, c\u0169ng nh\u01b0 ng\u0103n ng\u1eeba \u0111\u00f4ng m\u00e1u trong t\u0129nh m\u1ea1ch ho\u1eb7c \u0111\u1ed9ng m\u1ea1ch.<\/li>\n<li>Ph\u00f4 mai n\u00e0y l\u00e0 m\u1ed9t ngu\u1ed3n canxi r\u1ea5t t\u1ed1t r\u1ea5t quan tr\u1ecdng cho s\u1ee9c kh\u1ecfe c\u1ee7a x\u01b0\u01a1ng. M\u1ed9t ounce ph\u00f4 mai xanh c\u00f3 kho\u1ea3ng 150 miligam canxi. Do \u0111\u00f3, ti\u00eau th\u1ee5 n\u00f3 s\u1ebd l\u00e0m cho x\u01b0\u01a1ng c\u1ee7a b\u1ea1n kh\u1ecfe m\u1ea1nh v\u00e0 gi\u00fap ng\u0103n ng\u1eeba c\u00e1c b\u1ec7nh nh\u01b0 lo\u00e3ng x\u01b0\u01a1ng.<\/li>\n<li>C\u00e1c ch\u1ea5t dinh d\u01b0\u1ee1ng c\u00f3 trong ph\u00f4 mai n\u00e0y gi\u00fap t\u0103ng c\u01b0\u1eddng tr\u00ed nh\u1edb v\u00e0 ch\u1ed1ng l\u1ea1i c\u00e1c v\u1ea5n \u0111\u1ec1 v\u1ec1 tr\u00ed nh\u1edb. Ti\u00eau th\u1ee5 ph\u00f4 mai n\u00e0y gi\u00fap t\u0103ng c\u01b0\u1eddng ch\u1ee9c n\u0103ng t\u1ebf b\u00e0o n\u00e3o. V\u00ec v\u1eady, h\u00e3y b\u1eaft \u0111\u1ea7u th\u00eam n\u00f3 v\u00e0o ch\u1ebf \u0111\u1ed9 \u0103n c\u1ee7a tr\u1ebb \u0111\u1ec3 c\u1ea3i thi\u1ec7n tr\u00ed nh\u1edb c\u1ee7a b\u1ea1n nh\u00e9.<\/li>\n<li>Lo\u1ea1i ph\u00f4 mai n\u00e0y l\u00e0 m\u1ed9t ngu\u1ed3n ph\u1ed1t pho r\u1ea5t t\u1ed1t. Kho\u00e1ng ch\u1ea5t n\u00e0y r\u1ea5t quan tr\u1ecdng cho x\u01b0\u01a1ng v\u00e0 r\u0103ng kh\u1ecfe m\u1ea1nh. Thi\u1ebfu ph\u1ed1t pho c\u00f3 th\u1ec3 d\u1eabn \u0111\u1ebfn c\u00e1c v\u1ea5n \u0111\u1ec1 li\u00ean quan \u0111\u1ebfn x\u01b0\u01a1ng nh\u01b0 c\u00f2i x\u01b0\u01a1ng. Ngo\u00e0i x\u01b0\u01a1ng v\u00e0 r\u0103ng kh\u1ecfe m\u1ea1nh, ph\u1ed1t pho c\u00f2n th\u1ef1c hi\u1ec7n nhi\u1ec1u ch\u1ee9c n\u0103ng quan tr\u1ecdng trong c\u01a1 th\u1ec3.<\/li>\n<\/ul>\n<p><img loading=\"lazy\" decoding=\"async\" class=\"wp-image-28969 aligncenter\" src=\"https:\/\/havamall.com\/wp-content\/uploads\/2025\/08\/241568029_122225376873487_446516176261798600_n-300x251.png\" alt=\"\" width=\"547\" height=\"458\" \/><\/p>\n<ul>\n<li>Ph\u00f4 mai xanh ch\u1ee9a protein s\u1eefa. V\u00ec v\u1eady nh\u1eefng ng\u01b0\u1eddi kh\u00f4ng th\u1ec3 u\u1ed1ng s\u1eefa tr\u1ef1c ti\u1ebfp do kh\u00f4ng dung n\u1ea1p \u0111\u01b0\u1eddng s\u1eefa c\u00f3 th\u1ec3 d\u00f9ng n\u00f3 \u0111\u1ec3 c\u00f3 \u0111\u01b0\u1ee3c l\u01b0\u1ee3ng protein c\u1ea7n thi\u1ebft.<\/li>\n<li>Ph\u00f4 mai n\u00e0y r\u1ea5t th\u00e2n thi\u1ec7n v\u1edbi nha khoa. S\u1ef1 hi\u1ec7n di\u1ec7n c\u1ee7a m\u1ed9t l\u01b0\u1ee3ng canxi t\u1ed1t l\u00e0m cho n\u00f3 t\u1ed1t cho r\u0103ng c\u1ee7a b\u1ea1n. Ti\u00eau th\u1ee5 ph\u00f4 mai n\u00e0y c\u00f2n gi\u00fap ng\u0103n ng\u1eeba v\u00e0 ch\u1ed1ng l\u1ea1i m\u1ea3ng b\u00e1m v\u00e0 s\u00e2u r\u0103ng.<\/li>\n<li>C\u00e1c nghi\u00ean c\u1ee9u \u0111\u00e3 ch\u1ec9 ra r\u1eb1ng ti\u00eau th\u1ee5 ph\u00f4 mai n\u00e0y gi\u00fap t\u0103ng c\u01b0\u1eddng h\u1ec7 th\u1ed1ng mi\u1ec5n d\u1ecbch. N\u00f3 c\u00f3 th\u1ec3 cung c\u1ea5p m\u1ed9t s\u1ed1 vitamin v\u00e0 kho\u00e1ng ch\u1ea5t thi\u1ebft y\u1ebfu, bao g\u1ed3m vitamin A, vitamin D, kali, natri v\u00e0 k\u1ebdm.<\/li>\n<li>Ph\u00f4 mai xanh c\u00f3 \u0111\u1eb7c t\u00ednh ch\u1ed1ng cellulite. Do \u0111\u00f3, n\u00f3 ng\u0103n ng\u1eeba ch\u1ea5t b\u00e9o t\u00edch t\u1ee5 d\u01b0\u1edbi d\u1ea1ng vi\u00eam m\u00f4 t\u1ebf b\u00e0o.<\/li>\n<li>Lo\u1ea1i ph\u00f4 mai n\u00e0y c\u00f3 \u0111\u1eb7c t\u00ednh ch\u1ed1ng vi\u00eam. V\u00ec v\u1eady, n\u00f3 gi\u00fap ch\u1ed1ng l\u1ea1i c\u00e1c v\u1ea5n \u0111\u1ec1 vi\u00eam kh\u00e1c nhau trong c\u01a1 th\u1ec3 ch\u00fang ta.<\/li>\n<\/ul>\n<h3><img loading=\"lazy\" decoding=\"async\" class=\"wp-image-28970 aligncenter\" src=\"https:\/\/havamall.com\/wp-content\/uploads\/2025\/08\/134070792_2914880882119864_2928538990748732588_n-300x300.jpg\" alt=\"\" width=\"528\" height=\"528\" \/><\/h3>\n<h3><strong>H\u01b0\u1edbng d\u1eabn s\u1eed d\u1ee5ng:<\/strong><\/h3>\n<p>&#8211; \u0102n tr\u1ef1c ti\u1ebfp v\u1edbi b\u00e1nh quy m\u1eb7n, qu\u1ea3 sung t\u01b0\u01a1i, m\u1ed9t s\u1ed1 h\u1ea1nh nh\u00e2n rang c\u00f3 th\u1ec3 v\u00e0 m\u1ed9t \u00edt m\u1ee9t. M\u1ee9t tuy\u1ec7t v\u1eddi \u0111\u1ec3 \u0111i v\u1edbi pho m\u00e1t l\u00e0 hoa h\u1ed3ng, v\u1ea3, l\u00ea, m\u1ed9c qua nh\u01b0ng h\u1ea7u h\u1ebft l\u00e0m vi\u1ec7c tuy\u1ec7t v\u1eddi. Ngo\u00e0i ra k\u1ebft h\u1ee3p v\u1edbi gi\u1ea5m ng\u1ecdt ho\u1eb7c tr\u00e1i c\u00e2y ng\u00e2m ho\u1eb7c th\u1eadm ch\u00ed l\u00e0 u\u1ed1ng v\u1edbi m\u1ed9t \u00edt r\u01b0\u1ee3u vang.<\/p>\n<p>&#8211; D\u00f9ng \u0111\u1ec3 nh\u00fang v\u1edbi c\u00e1c m\u00f3n rau l\u00e0 m\u1ed9t s\u1ef1 k\u1ebft h\u1ee3p c\u1ed5 \u0111i\u1ec3n.<\/p>\n<p>&#8211; Ph\u1ebft ph\u00f4 mai l\u00ean burger ho\u1eb7c sandwich.<\/p>\n<p>&#8211; Tr\u1ed9n v\u1edbi salad (rau, th\u1ecbt x\u00f4ng kh\u00f3i, rau di\u1ebfp romaine v\u00e0 t\u1ecfi t\u00e2y).<\/p>\n<p>&#8211; Ho\u00e0 v\u1edbi n\u01b0\u1edbc x\u1ed1t\/th\u1ecbt (\u00e1p d\u1ee5ng \u1edf b\u01b0\u1edbc \u0111ang ch\u1ebf bi\u1ebfn n\u01b0\u1edbc th\u1ecbt).<\/p>\n<p><img loading=\"lazy\" decoding=\"async\" class=\"wp-image-28971 aligncenter\" src=\"https:\/\/havamall.com\/wp-content\/uploads\/2025\/08\/207249068_3055169641424320_5782851319377268575_n-300x297.png\" alt=\"\" width=\"547\" height=\"541\" \/><\/p>","protected":false},"excerpt":{"rendered":"<p>Ph\u00f4 mai xanh l\u00e0 lo\u1ea1i ph\u00f4 mai \u0111\u01b0\u1ee3c s\u1ea3n xu\u1ea5t v\u1edbi s\u1eefa b\u00f2 ti\u1ec7t tr\u00f9ng, s\u1eefa c\u1eebu ho\u1eb7c s\u1eefa d\u00ea<\/p>","protected":false},"featured_media":28975,"comment_status":"open","ping_status":"closed","template":"","meta":[],"product_brand":[],"product_cat":[36],"product_tag":[],"class_list":{"0":"post-28965","1":"product","2":"type-product","3":"status-publish","4":"has-post-thumbnail","6":"product_cat-thuc-pham-tieu-dung","8":"first","9":"instock","10":"sale","11":"shipping-taxable","12":"purchasable","13":"product-type-simple"},"_links":{"self":[{"href":"https:\/\/havamall.vn\/en\/wp-json\/wp\/v2\/product\/28965"}],"collection":[{"href":"https:\/\/havamall.vn\/en\/wp-json\/wp\/v2\/product"}],"about":[{"href":"https:\/\/havamall.vn\/en\/wp-json\/wp\/v2\/types\/product"}],"replies":[{"embeddable":true,"href":"https:\/\/havamall.vn\/en\/wp-json\/wp\/v2\/comments?post=28965"}],"version-history":[{"count":0,"href":"https:\/\/havamall.vn\/en\/wp-json\/wp\/v2\/product\/28965\/revisions"}],"wp:featuredmedia":[{"embeddable":true,"href":"https:\/\/havamall.vn\/en\/wp-json\/wp\/v2\/media\/28975"}],"wp:attachment":[{"href":"https:\/\/havamall.vn\/en\/wp-json\/wp\/v2\/media?parent=28965"}],"wp:term":[{"taxonomy":"product_brand","embeddable":true,"href":"https:\/\/havamall.vn\/en\/wp-json\/wp\/v2\/product_brand?post=28965"},{"taxonomy":"product_cat","embeddable":true,"href":"https:\/\/havamall.vn\/en\/wp-json\/wp\/v2\/product_cat?post=28965"},{"taxonomy":"product_tag","embeddable":true,"href":"https:\/\/havamall.vn\/en\/wp-json\/wp\/v2\/product_tag?post=28965"}],"curies":[{"name":"wp","href":"https:\/\/api.w.org\/{rel}","templated":true}]}}