{"id":28951,"date":"2022-09-27T16:07:51","date_gmt":"2022-09-27T09:07:51","guid":{"rendered":"https:\/\/havamall.vn\/?post_type=product&#038;p=28951"},"modified":"2022-09-28T09:13:42","modified_gmt":"2022-09-28T02:13:42","slug":"pho-mai-brie-grandor-125gr-brie-cheese","status":"publish","type":"product","link":"https:\/\/havamall.vn\/en\/shop\/pho-mai-brie-grandor-125gr-brie-cheese\/","title":{"rendered":"Ph\u00f4 Mai Brie Grand&#8217;Or 125gr \u2013 Brie Cheese"},"content":{"rendered":"<p>Brie \u0111\u00e3 \u0111\u01b0\u1ee3c g\u1ecdi l\u00e0 \u201cVua pho m\u00e1t\u201d c\u1ee7a Ph\u00e1p \u2013 Le Roi des Fromages \u2013 k\u1ec3 t\u1eeb khi gi\u00e0nh ch\u1ee9c v\u00f4 \u0111\u1ecbch pho m\u00e1t v\u00e0o n\u0103m 1814. Brie l\u00e0 m\u1ed9t lo\u1ea1i pho m\u00e1t kem s\u1eefa b\u00f2 ch\u00edn m\u1ec1m, c\u00f3 nhi\u1ec1u b\u1ecdt, c\u00f3 c\u00f4ng th\u1ee9c t\u1eeb th\u1ebf k\u1ef7 th\u1ee9 8.\u00a0Ph\u00f4 mai Ph\u00e1p n\u1ed5i ti\u1ebfng \u0111\u01b0\u1ee3c \u0111\u1eb7t t\u00ean cho t\u1ec9nh Brie c\u1ee7a Ph\u00e1p.<\/p>\n<p>Brie l\u00e0 m\u1ed9t lo\u1ea1i ph\u00f4 mai \u0111\u01b0\u1ee3c l\u00e0m t\u1eeb s\u1eefa b\u00f2. M\u00f3n \u0103n n\u00e0y c\u00f3 ngu\u1ed3n g\u1ed1c t\u1eeb Ph\u00e1p nh\u01b0ng hi\u1ec7n \u0111\u00e3 tr\u1edf n\u00ean ph\u1ed5 bi\u1ebfn tr\u00ean b\u1ea3n \u0111\u1ed3 \u1ea9m th\u1ef1c to\u00e0n th\u1ebf gi\u1edbi. Ph\u00f4 mai brie c\u00f3 m\u00e0u v\u00e0ng nh\u1ea1t v\u1edbi m\u1ed9t l\u1edbp v\u1ecf tr\u1eafng ng\u00e0 b\u00ean ngo\u00e0i, k\u1ebft c\u1ea5u m\u1ec1m m\u1ecbn v\u00e0 m\u00f9i v\u1ecb \u0111\u1ed9c \u0111\u00e1o, d\u1ecbu nh\u1eb9 k\u1ebft h\u1ee3p c\u00f9ng h\u01b0\u01a1ng th\u01a1m \u0111\u1eb7c tr\u01b0ng. M\u1ecdi ng\u01b0\u1eddi th\u01b0\u1eddng \u0103n k\u00e8m ph\u00f4 mai brie v\u1edbi b\u00e1nh m\u00ec, b\u00e1nh quy gi\u00f2n ho\u1eb7c tr\u00e1i c\u00e2y.<\/p>\n<p><img fetchpriority=\"high\" decoding=\"async\" class=\"wp-image-28958 aligncenter\" src=\"https:\/\/havamall.vn\/wp-content\/uploads\/2022\/09\/9-262x300.png\" alt=\"\" width=\"563\" height=\"645\" srcset=\"https:\/\/havamall.vn\/wp-content\/uploads\/2022\/09\/9-262x300.png 262w, https:\/\/havamall.vn\/wp-content\/uploads\/2022\/09\/9-430x493.png 430w, https:\/\/havamall.vn\/wp-content\/uploads\/2022\/09\/9-150x172.png 150w, https:\/\/havamall.vn\/wp-content\/uploads\/2022\/09\/9-700x802.png 700w, https:\/\/havamall.vn\/wp-content\/uploads\/2022\/09\/9-768x880.png 768w, https:\/\/havamall.vn\/wp-content\/uploads\/2022\/09\/9-600x688.png 600w, https:\/\/havamall.vn\/wp-content\/uploads\/2022\/09\/9.png 822w\" sizes=\"(max-width: 563px) 100vw, 563px\" \/><\/p>\n<p>Ph\u00f4 mai Brie Grand\u2019Or 125g\u00a0\u0111\u01b0\u1ee3c ch\u1ebf bi\u1ebfn v\u00e0 s\u1ea3n xu\u1ea5t b\u1eb1ng c\u00f4ng th\u1ee9c, quy tr\u00ecnh s\u1ea3n xu\u1ea5t hi\u1ec7n \u0111\u1ea1i n\u00ean lu\u00f4n t\u1ea1o uy t\u00edn v\u1ec1 ch\u1ea5t l\u01b0\u1ee3ng v\u00e0 an to\u00e0n th\u1ef1c ph\u1ea9m. B\u1ea1n ho\u00e0n to\u00e0n y\u00ean t\u00e2m ch\u0103m s\u00f3c b\u1eefa \u0103n cho gia \u0111\u00ecnh khi d\u00f9ng ph\u00f4 mai Brie th\u01b0\u01a1ng hi\u1ec7u Grand\u2019Or.<\/p>\n<p><img decoding=\"async\" class=\"wp-image-28953 aligncenter\" src=\"https:\/\/havamall.vn\/wp-content\/uploads\/2022\/09\/1-300x200.png\" alt=\"\" width=\"559\" height=\"372\" srcset=\"https:\/\/havamall.vn\/wp-content\/uploads\/2022\/09\/1-300x200.png 300w, https:\/\/havamall.vn\/wp-content\/uploads\/2022\/09\/1-430x286.png 430w, https:\/\/havamall.vn\/wp-content\/uploads\/2022\/09\/1-150x100.png 150w, https:\/\/havamall.vn\/wp-content\/uploads\/2022\/09\/1-700x466.png 700w, https:\/\/havamall.vn\/wp-content\/uploads\/2022\/09\/1-768x511.png 768w, https:\/\/havamall.vn\/wp-content\/uploads\/2022\/09\/1-1024x682.png 1024w, https:\/\/havamall.vn\/wp-content\/uploads\/2022\/09\/1-1200x799.png 1200w, https:\/\/havamall.vn\/wp-content\/uploads\/2022\/09\/1-600x400.png 600w, https:\/\/havamall.vn\/wp-content\/uploads\/2022\/09\/1.png 1203w\" sizes=\"(max-width: 559px) 100vw, 559px\" \/><\/p>\n<p>Ph\u00f4 mai Brie Grand\u2019Or 125g\u00a0ch\u1ee9a men vi sinh, r\u1ea5t c\u00f3 l\u1ee3i cho \u0111\u01b0\u1eddng ti\u00eau h\u00f3a, gi\u00fap b\u1ea1n h\u1ea5p thu th\u1ee9c \u0103n t\u1ed1t h\u01a1n v\u00e0 c\u1ea3i thi\u1ec7n s\u1ee9c kh\u1ecfe. Protein l\u00e0 th\u00e0nh ph\u1ea7n ch\u00ednh c\u1ee7a t\u1ebf b\u00e0o c\u01a1 th\u1ec3 v\u00e0 ph\u00f4 mai l\u00e0 th\u1ef1c ph\u1ea9m cung c\u1ea5p l\u01b0\u1ee3ng protein \u0111\u00e1ng k\u1ec3. Ch\u00fang mang l\u1ea1i c\u00e1c axit amin thi\u1ebft y\u1ebfu gi\u00fap x\u00e2y d\u1ef1ng t\u1ebf b\u00e0o kh\u1ecfe m\u1ea1nh, r\u1ea5t t\u1ed1t cho s\u1ee9c kh\u1ecfe c\u1ee7a tr\u1ebb em v\u00e0 ng\u01b0\u1eddi l\u1edbn.<b><\/b><\/p>\n<p><img decoding=\"async\" class=\"wp-image-28954 aligncenter\" src=\"https:\/\/havamall.vn\/wp-content\/uploads\/2022\/09\/1000038822185_i1_1200-300x257.jpg\" alt=\"\" width=\"549\" height=\"471\" srcset=\"https:\/\/havamall.vn\/wp-content\/uploads\/2022\/09\/1000038822185_i1_1200-300x257.jpg 300w, https:\/\/havamall.vn\/wp-content\/uploads\/2022\/09\/1000038822185_i1_1200-430x368.jpg 430w, https:\/\/havamall.vn\/wp-content\/uploads\/2022\/09\/1000038822185_i1_1200-150x128.jpg 150w, https:\/\/havamall.vn\/wp-content\/uploads\/2022\/09\/1000038822185_i1_1200-700x599.jpg 700w, https:\/\/havamall.vn\/wp-content\/uploads\/2022\/09\/1000038822185_i1_1200-768x657.jpg 768w, https:\/\/havamall.vn\/wp-content\/uploads\/2022\/09\/1000038822185_i1_1200-1024x876.jpg 1024w\" sizes=\"(max-width: 549px) 100vw, 549px\" \/><\/p>\n<h3><strong>C\u00d4NG D\u1ee4NG S\u1ea2N PH\u1ea8M<\/strong><\/h3>\n<ul>\n<li>Cung c\u1ea5p vitamin v\u00e0 kho\u00e1ng ch\u1ea5t cho c\u01a1 th\u1ec3<\/li>\n<li>Gi\u00fap tr\u1ebb ph\u00e1t tri\u1ec3n kh\u1ecfe m\u1ea1nh<\/li>\n<li>H\u01b0\u01a1ng v\u1ecb th\u01a1m ngon, h\u1ea5p d\u1eabn<\/li>\n<li>L\u00e0 ngu\u1ed3n cung c\u1ea5p vitamin A v\u00e0 D r\u1ea5t phong ph\u00fa.<\/li>\n<\/ul>\n<h3><img loading=\"lazy\" decoding=\"async\" class=\"wp-image-28955 aligncenter\" src=\"https:\/\/havamall.vn\/wp-content\/uploads\/2022\/09\/b816ff6b-fb4f-417f-ab9c-02eddb2331e3-300x300.jpg\" alt=\"\" width=\"555\" height=\"555\" srcset=\"https:\/\/havamall.vn\/wp-content\/uploads\/2022\/09\/b816ff6b-fb4f-417f-ab9c-02eddb2331e3-300x300.jpg 300w, https:\/\/havamall.vn\/wp-content\/uploads\/2022\/09\/b816ff6b-fb4f-417f-ab9c-02eddb2331e3-430x430.jpg 430w, https:\/\/havamall.vn\/wp-content\/uploads\/2022\/09\/b816ff6b-fb4f-417f-ab9c-02eddb2331e3-150x150.jpg 150w, https:\/\/havamall.vn\/wp-content\/uploads\/2022\/09\/b816ff6b-fb4f-417f-ab9c-02eddb2331e3-700x700.jpg 700w, https:\/\/havamall.vn\/wp-content\/uploads\/2022\/09\/b816ff6b-fb4f-417f-ab9c-02eddb2331e3-768x768.jpg 768w, https:\/\/havamall.vn\/wp-content\/uploads\/2022\/09\/b816ff6b-fb4f-417f-ab9c-02eddb2331e3-600x600.jpg 600w, https:\/\/havamall.vn\/wp-content\/uploads\/2022\/09\/b816ff6b-fb4f-417f-ab9c-02eddb2331e3-100x100.jpg 100w, https:\/\/havamall.vn\/wp-content\/uploads\/2022\/09\/b816ff6b-fb4f-417f-ab9c-02eddb2331e3.jpg 1000w\" sizes=\"(max-width: 555px) 100vw, 555px\" \/><\/h3>\n<h3><strong>H\u01af\u1edaNG D\u1eaaN S\u1eec D\u1ee4NG<\/strong><\/h3>\n<p class=\"article-body__paragraph mc-mb-6\">Brie c\u00f3 th\u1ec3 \u0111\u01b0\u1ee3c \u0103n theo nhi\u1ec1u c\u00e1ch kh\u00e1c nhau v\u00e0 \u0111\u01b0\u1ee3c s\u1eed d\u1ee5ng trong nhi\u1ec1u c\u00f4ng th\u1ee9c n\u1ea5u \u0103n kh\u00e1c nhau, t\u1eeb m\u00f3n khai v\u1ecb \u0111\u1ebfn m\u00f3n tr\u00e1ng mi\u1ec7ng:<\/p>\n<p>&gt; L\u00e0 m\u1ed9t ph\u1ea7n nh\u1ecf khi \u0103n k\u00e8m c\u00f9ng nhi\u1ec1u lo\u1ea1i ph\u00f4 m\u00e1t kh\u00e1c: Brie th\u01b0\u1eddng \u0111\u01b0\u1ee3c ph\u1ee5c v\u1ee5 d\u01b0\u1edbi d\u1ea1ng n\u00eam nh\u1ecf tr\u00ean c\u00e1c t\u1ea5m pho m\u00e1t, th\u01b0\u1eddng \u0111i k\u00e8m v\u1edbi c\u00e1c lo\u1ea1i pho m\u00e1t kh\u00e1c, tr\u00e1i c\u00e2y c\u00e1c lo\u1ea1i, m\u1ed9t ly pinot noir v\u00e0 m\u1ed9t con dao pho m\u00e1t.<\/p>\n<p>&gt; \u0102n k\u00e8m v\u1edbi b\u00e1nh m\u00ec: Do k\u1ebft c\u1ea5u kem c\u1ee7a n\u00f3, brie r\u1ea5t d\u1ec5 t\u00e1n v\u00e0 l\u00e0 m\u1ed9t l\u1ef1a ch\u1ecdn tuy\u1ec7t v\u1eddi \u0111\u1ec3 \u0103n c\u00f9ng v\u1edbi nh\u1eefng l\u00e1t b\u00e1nh m\u00ec.<\/p>\n<p>&gt; N\u01b0\u1edbng: Brie n\u01b0\u1edbng \u0111\u01b0\u1ee3c l\u00e0m b\u1eb1ng c\u00e1ch g\u00f3i m\u1ed9t b\u00e1nh Brie trong b\u00e1nh ph\u1ed3ng v\u00e0 cho v\u00e0o l\u00f2 n\u01b0\u1edbng.\u00a0M\u00f3n n\u00e0y c\u00f3 th\u1ec3 \u0111\u01b0\u1ee3c l\u00e0m m\u1eb7n b\u1eb1ng c\u00e1ch cho prosciutto v\u00e0o b\u00e1nh ng\u1ecdt ho\u1eb7c ng\u1ecdt b\u1eb1ng c\u00e1ch cho nam vi\u1ec7t qu\u1ea5t ho\u1eb7c h\u1ed3 \u0111\u00e0o.<\/p>\n<p>&gt; \u0102n k\u00e8m b\u00e1nh m\u00ec k\u1eb9p th\u1ecbt:\u00a0\u0110\u1eb7c bi\u1ec7t \u1edf ch\u00e2u \u00c2u, brie l\u00e0 m\u1ed9t m\u00f3n \u0103n b\u1ed5 sung ph\u1ed5 bi\u1ebfn cho b\u00e1nh m\u00ec k\u1eb9p th\u1ecbt ngu\u1ed9i ho\u1eb7c g\u00e0 t\u00e2y.<\/p>\n<p><img loading=\"lazy\" decoding=\"async\" class=\"wp-image-28956 aligncenter\" src=\"https:\/\/havamall.vn\/wp-content\/uploads\/2022\/09\/upload-13-1637981877904-300x200.jpeg\" alt=\"\" width=\"551\" height=\"367\" srcset=\"https:\/\/havamall.vn\/wp-content\/uploads\/2022\/09\/upload-13-1637981877904-300x200.jpeg 300w, https:\/\/havamall.vn\/wp-content\/uploads\/2022\/09\/upload-13-1637981877904-430x286.jpeg 430w, https:\/\/havamall.vn\/wp-content\/uploads\/2022\/09\/upload-13-1637981877904-150x100.jpeg 150w, https:\/\/havamall.vn\/wp-content\/uploads\/2022\/09\/upload-13-1637981877904-700x466.jpeg 700w, https:\/\/havamall.vn\/wp-content\/uploads\/2022\/09\/upload-13-1637981877904-768x511.jpeg 768w, https:\/\/havamall.vn\/wp-content\/uploads\/2022\/09\/upload-13-1637981877904.jpeg 1024w, https:\/\/havamall.vn\/wp-content\/uploads\/2022\/09\/upload-13-1637981877904-600x399.jpeg 600w\" sizes=\"(max-width: 551px) 100vw, 551px\" \/><\/p>","protected":false},"excerpt":{"rendered":"<p>Brie \u0111\u00e3 \u0111\u01b0\u1ee3c g\u1ecdi l\u00e0 \u201cVua pho m\u00e1t\u201d c\u1ee7a Ph\u00e1p \u2013 Le Roi des Fromages \u2013 k\u1ec3 t\u1eeb khi gi\u00e0nh<\/p>","protected":false},"featured_media":28964,"comment_status":"open","ping_status":"closed","template":"","meta":[],"product_brand":[],"product_cat":[36],"product_tag":[],"class_list":{"0":"post-28951","1":"product","2":"type-product","3":"status-publish","4":"has-post-thumbnail","6":"product_cat-thuc-pham-tieu-dung","8":"first","9":"instock","10":"sale","11":"shipping-taxable","12":"purchasable","13":"product-type-simple"},"_links":{"self":[{"href":"https:\/\/havamall.vn\/en\/wp-json\/wp\/v2\/product\/28951"}],"collection":[{"href":"https:\/\/havamall.vn\/en\/wp-json\/wp\/v2\/product"}],"about":[{"href":"https:\/\/havamall.vn\/en\/wp-json\/wp\/v2\/types\/product"}],"replies":[{"embeddable":true,"href":"https:\/\/havamall.vn\/en\/wp-json\/wp\/v2\/comments?post=28951"}],"version-history":[{"count":0,"href":"https:\/\/havamall.vn\/en\/wp-json\/wp\/v2\/product\/28951\/revisions"}],"wp:featuredmedia":[{"embeddable":true,"href":"https:\/\/havamall.vn\/en\/wp-json\/wp\/v2\/media\/28964"}],"wp:attachment":[{"href":"https:\/\/havamall.vn\/en\/wp-json\/wp\/v2\/media?parent=28951"}],"wp:term":[{"taxonomy":"product_brand","embeddable":true,"href":"https:\/\/havamall.vn\/en\/wp-json\/wp\/v2\/product_brand?post=28951"},{"taxonomy":"product_cat","embeddable":true,"href":"https:\/\/havamall.vn\/en\/wp-json\/wp\/v2\/product_cat?post=28951"},{"taxonomy":"product_tag","embeddable":true,"href":"https:\/\/havamall.vn\/en\/wp-json\/wp\/v2\/product_tag?post=28951"}],"curies":[{"name":"wp","href":"https:\/\/api.w.org\/{rel}","templated":true}]}}