{"id":28943,"date":"2022-09-27T15:06:09","date_gmt":"2022-09-27T08:06:09","guid":{"rendered":"https:\/\/havamall.vn\/?post_type=product&#038;p=28943"},"modified":"2022-11-22T10:51:43","modified_gmt":"2022-11-22T03:51:43","slug":"pho-mai-mascarpone-grandor-hop-250g","status":"publish","type":"product","link":"https:\/\/havamall.vn\/en\/shop\/pho-mai-mascarpone-grandor-hop-250g\/","title":{"rendered":"Ph\u00f4 Mai Mascarpone Grand&#8217;Or H\u1ed9p 250g"},"content":{"rendered":"<p>Mascarpone\u00a0l\u00e0 m\u1ed9t lo\u1ea1i ph\u00f4 m\u00e1t \u0111\u01b0\u1ee3c l\u00e0m t\u1eeb ph\u1ea7n s\u1eefa t\u00e1ch kem, c\u00f3 v\u1ecb chua nh\u1eb9 nh\u1edd s\u1eed d\u1ee5ng n\u01b0\u1edbc chanh,\u00a0gi\u1ea5m\u00a0ho\u1eb7c h\u1ee3p ch\u1ea5t\u00a0axit axetic\u00a0hay\u00a0axit citric.<\/p>\n<p>Ph\u00f4 mai mascarpone Grand&#8217;Or c\u00f3 h\u01b0\u01a1ng v\u1ecb th\u01a1m ngon v\u00e0 \u0111\u1ea7y s\u1ee9c l\u00f4i cu\u1ed1n. B\u1ea1n s\u1ebd c\u1ea3m nh\u1eadn \u0111\u01b0\u1ee3c \u0111\u1ed9 m\u1ec1m, h\u01b0\u01a1ng b\u00e9o th\u01a1m c\u00f9ng v\u1ecb ng\u1ecdt \u0111\u1eb7c tr\u01b0ng c\u1ee7a ph\u00f4 mai cao c\u1ea5p.<\/p>\n<p><img fetchpriority=\"high\" decoding=\"async\" class=\"wp-image-28944 aligncenter\" src=\"https:\/\/havamall.vn\/wp-content\/uploads\/2022\/09\/239675396_379625577201494_5488754195227553681_n-300x270.jpg\" alt=\"\" width=\"518\" height=\"466\" srcset=\"https:\/\/havamall.vn\/wp-content\/uploads\/2022\/09\/239675396_379625577201494_5488754195227553681_n-300x270.jpg 300w, https:\/\/havamall.vn\/wp-content\/uploads\/2022\/09\/239675396_379625577201494_5488754195227553681_n-430x388.jpg 430w, https:\/\/havamall.vn\/wp-content\/uploads\/2022\/09\/239675396_379625577201494_5488754195227553681_n-150x135.jpg 150w, https:\/\/havamall.vn\/wp-content\/uploads\/2022\/09\/239675396_379625577201494_5488754195227553681_n-700x631.jpg 700w, https:\/\/havamall.vn\/wp-content\/uploads\/2022\/09\/239675396_379625577201494_5488754195227553681_n-768x692.jpg 768w, https:\/\/havamall.vn\/wp-content\/uploads\/2022\/09\/239675396_379625577201494_5488754195227553681_n-1024x923.jpg 1024w, https:\/\/havamall.vn\/wp-content\/uploads\/2022\/09\/239675396_379625577201494_5488754195227553681_n-600x541.jpg 600w, https:\/\/havamall.vn\/wp-content\/uploads\/2022\/09\/239675396_379625577201494_5488754195227553681_n.jpg 1076w\" sizes=\"(max-width: 518px) 100vw, 518px\" \/><\/p>\n<p>T\u1eeb ngu\u1ed3n s\u1eefa \u0111\u01b0\u1ee3c tuy\u1ec3n ch\u1ecdn k\u1ef9 c\u00e0ng, k\u1ebft h\u1ee3p v\u1edbi th\u00e0nh ph\u1ea7n v\u00e0 nguy\u00ean li\u1ec7u ho\u00e0n to\u00e0n t\u1ef1 nhi\u00ean, Grand&#8217;Or Mascarpone cheese \u0111em \u0111\u1ebfn cho ng\u01b0\u1eddi d\u00f9ng h\u01b0\u01a1ng v\u1ecb th\u01a1m ngon v\u00e0 \u0111\u1ea7y \u0111\u1ee7 ch\u1ea5t dinh d\u01b0\u1ee1ng, n\u0103ng l\u01b0\u1ee3ng c\u1ea7n thi\u1ebft cho m\u1ed9t ng\u00e0y l\u00e0m vi\u1ec7c, h\u1ecdc t\u1eadp n\u0103ng \u0111\u1ed9ng.<\/p>\n<p><img decoding=\"async\" class=\"wp-image-28945 aligncenter\" src=\"https:\/\/havamall.vn\/wp-content\/uploads\/2022\/09\/197226407_3980027695383967_5580557110259815504_n-300x192.png\" alt=\"\" width=\"513\" height=\"328\" srcset=\"https:\/\/havamall.vn\/wp-content\/uploads\/2022\/09\/197226407_3980027695383967_5580557110259815504_n-300x192.png 300w, https:\/\/havamall.vn\/wp-content\/uploads\/2022\/09\/197226407_3980027695383967_5580557110259815504_n-430x275.png 430w, https:\/\/havamall.vn\/wp-content\/uploads\/2022\/09\/197226407_3980027695383967_5580557110259815504_n-150x96.png 150w, https:\/\/havamall.vn\/wp-content\/uploads\/2022\/09\/197226407_3980027695383967_5580557110259815504_n-700x448.png 700w, https:\/\/havamall.vn\/wp-content\/uploads\/2022\/09\/197226407_3980027695383967_5580557110259815504_n-768x492.png 768w, https:\/\/havamall.vn\/wp-content\/uploads\/2022\/09\/197226407_3980027695383967_5580557110259815504_n-1024x656.png 1024w, https:\/\/havamall.vn\/wp-content\/uploads\/2022\/09\/197226407_3980027695383967_5580557110259815504_n-1200x769.png 1200w, https:\/\/havamall.vn\/wp-content\/uploads\/2022\/09\/197226407_3980027695383967_5580557110259815504_n-600x384.png 600w, https:\/\/havamall.vn\/wp-content\/uploads\/2022\/09\/197226407_3980027695383967_5580557110259815504_n.png 2048w\" sizes=\"(max-width: 513px) 100vw, 513px\" \/><\/p>\n<p>S\u1ea3n ph\u1ea9m\u00a0c\u00f3 m\u00e0u tr\u1eafng s\u1eefa, m\u1ec1m\u00a0 m\u1ecbn\u00a0v\u00e0 \u0111\u01b0\u1ee3c s\u1eed d\u1ee5ng r\u1ea5t d\u1ec5 d\u00e0ng. \u0110\u00f4i khi Mascarpone \u0111\u01b0\u1ee3c s\u1eed d\u1ee5ng thay th\u1ebf cho b\u01a1 ho\u1eb7c ph\u00f4 mai c\u1ee9ng \u0111\u1ec3 l\u00e0m m\u00f3n risotto\u00a0t\u1ea1o \u0111\u1ed9 b\u00e9o ng\u1eady v\u00e0 \u0111\u1eb7c h\u01a1n.<\/p>\n<p>Ph\u00f4 Mai Mascarpone Grand&#8217;Or c\u00f3 th\u1ec3 \u0111\u01b0\u1ee3c \u0103n ngay k\u00e8m v\u1edbi c\u00e1c m\u00f3n tr\u00e1ng mi\u1ec7ng, v\u1edbi hoa qu\u1ea3, l\u00e0m cheesecake kh\u00f4ng c\u1ea7n n\u01b0\u1edbng, ho\u1eb7c th\u00eam v\u00e0o s\u00fap khi l\u00e0m c\u00e1c m\u00f3n s\u00fap kem \u0111\u1ec3 t\u0103ng \u0111\u1ed9 ng\u1eady b\u00e9o v\u00e0 th\u01a1m cho s\u00fap. Lo\u1ea1i nguy\u00ean li\u1ec7u n\u00e0y ch\u00ednh l\u00e0 m\u1ed9t ph\u1ea7n \u0111\u1ec3\u00a0t\u1ea1o th\u00e0nh\u00a0m\u00f3n b\u00e1nh n\u1ed5i ti\u1ebfng Tiramisu c\u1ee7a \u00dd.<\/p>\n<p><img decoding=\"async\" class=\"wp-image-28946 aligncenter\" src=\"https:\/\/havamall.vn\/wp-content\/uploads\/2022\/09\/273476983_4730745863645476_5024168435633968672_n-300x189.jpg\" alt=\"\" width=\"512\" height=\"323\" srcset=\"https:\/\/havamall.vn\/wp-content\/uploads\/2022\/09\/273476983_4730745863645476_5024168435633968672_n-300x189.jpg 300w, https:\/\/havamall.vn\/wp-content\/uploads\/2022\/09\/273476983_4730745863645476_5024168435633968672_n-430x271.jpg 430w, https:\/\/havamall.vn\/wp-content\/uploads\/2022\/09\/273476983_4730745863645476_5024168435633968672_n-150x94.jpg 150w, https:\/\/havamall.vn\/wp-content\/uploads\/2022\/09\/273476983_4730745863645476_5024168435633968672_n-700x441.jpg 700w, https:\/\/havamall.vn\/wp-content\/uploads\/2022\/09\/273476983_4730745863645476_5024168435633968672_n-768x483.jpg 768w, https:\/\/havamall.vn\/wp-content\/uploads\/2022\/09\/273476983_4730745863645476_5024168435633968672_n-1024x644.jpg 1024w, https:\/\/havamall.vn\/wp-content\/uploads\/2022\/09\/273476983_4730745863645476_5024168435633968672_n-1200x755.jpg 1200w, https:\/\/havamall.vn\/wp-content\/uploads\/2022\/09\/273476983_4730745863645476_5024168435633968672_n-600x378.jpg 600w, https:\/\/havamall.vn\/wp-content\/uploads\/2022\/09\/273476983_4730745863645476_5024168435633968672_n.jpg 2010w\" sizes=\"(max-width: 512px) 100vw, 512px\" \/><\/p>\n<h3><strong>\u01afu \u0111i\u1ec3m<\/strong><\/h3>\n<p>\u2013 Ngu\u1ed3n s\u1eefa c\u1ea5u th\u00e0nh s\u1ea3n ph\u1ea9m \u0111\u01b0\u1ee3c tuy\u1ec3n ch\u1ecdn k\u1ef9 c\u00e0ng, k\u1ebft h\u1ee3p v\u1edbi th\u00e0nh ph\u1ea7n v\u00e0 nguy\u00ean li\u1ec7u ho\u00e0n to\u00e0n t\u1ef1 nhi\u00ean.<\/p>\n<p>\u2013Grand\u2019Or Mascarpone\u00a0\u0111em \u0111\u1ebfn cho ng\u01b0\u1eddi d\u00f9ng h\u01b0\u01a1ng v\u1ecb th\u01a1m ngon v\u00e0\u00a0\u0111\u1ea7y s\u1ee9c l\u00f4i cu\u1ed1n.\u00a0B\u1ea1n s\u1ebd c\u1ea3m nh\u1eadn \u0111\u01b0\u1ee3c \u0111\u1ed9 m\u1ec1m, h\u01b0\u01a1ng b\u00e9o th\u01a1m c\u00f9ng v\u1ecb ng\u1ecdt \u0111\u1eb7c tr\u01b0ng c\u1ee7a ph\u00f4 mai cao c\u1ea5p.<\/p>\n<p>\u2013 S\u1ea3n ph\u1ea9m \u0111\u00f3ng g\u00f3i nh\u1ecf g\u1ecdn lo\u1ea1i 250g cho b\u1ea1n v\u00e0 gia \u0111\u00ecnh d\u1ec5 d\u00e0ng s\u1eed d\u1ee5ng v\u00e0 b\u1ea3o qu\u1ea3n.<\/p>\n<p>\u2013 S\u1ea3n ph\u1ea9m r\u1ea5t d\u1ec5 \u0103n, ph\u00f9 h\u1ee3p v\u1edbi m\u1ecdi l\u1ee9a tu\u1ed5i.<\/p>\n<p><img loading=\"lazy\" decoding=\"async\" class=\"wp-image-28947 aligncenter\" src=\"https:\/\/havamall.vn\/wp-content\/uploads\/2022\/09\/275790762_4838969519489776_3201033871578304316_n-300x294.jpg\" alt=\"\" width=\"509\" height=\"499\" srcset=\"https:\/\/havamall.vn\/wp-content\/uploads\/2022\/09\/275790762_4838969519489776_3201033871578304316_n-300x294.jpg 300w, https:\/\/havamall.vn\/wp-content\/uploads\/2022\/09\/275790762_4838969519489776_3201033871578304316_n-430x422.jpg 430w, https:\/\/havamall.vn\/wp-content\/uploads\/2022\/09\/275790762_4838969519489776_3201033871578304316_n-150x147.jpg 150w, https:\/\/havamall.vn\/wp-content\/uploads\/2022\/09\/275790762_4838969519489776_3201033871578304316_n-700x686.jpg 700w, https:\/\/havamall.vn\/wp-content\/uploads\/2022\/09\/275790762_4838969519489776_3201033871578304316_n-768x753.jpg 768w, https:\/\/havamall.vn\/wp-content\/uploads\/2022\/09\/275790762_4838969519489776_3201033871578304316_n-600x588.jpg 600w, https:\/\/havamall.vn\/wp-content\/uploads\/2022\/09\/275790762_4838969519489776_3201033871578304316_n.jpg 828w\" sizes=\"(max-width: 509px) 100vw, 509px\" \/><\/p>\n<h3><strong>C\u00f4ng d\u1ee5ng v\u00e0 c\u00e1ch ch\u1ebf bi\u1ebfn\u00a0<\/strong><\/h3>\n<p>\u2013\u00a0Mascarpone\u00a0Grand\u2019or \u0111\u01b0\u1ee3c d\u00f9ng cho nh\u1eefng m\u00f3n tr\u00e1ng mi\u1ec7ng \u0111\u1ec3 t\u0103ng th\u00eam v\u1ecb b\u00e9o ng\u1eady v\u00e0 h\u01b0\u01a1ng v\u1ecb cho m\u00f3n \u0103n, k\u1ec3 c\u1ea3\u00a0s\u00fap kem.<\/p>\n<p>\u2013 D\u00f9ng l\u00e0m kem ph\u00f4 mai, g\u00f3p ph\u1ea7n h\u1ed7 tr\u1ee3 \u0111\u1ecbnh h\u00ecnh cho Tiramisu \u2013 m\u00f3n b\u00e1nh n\u1ed5i ti\u1ebfng t\u1eeb n\u01b0\u1edbc \u00dd.<\/p>\n<p>\u2013 \u0110\u1eb7c bi\u1ec7t, b\u1ea1n s\u1ebd kh\u00f4ng c\u1ea7n l\u00e0m ch\u00edn b\u1eb1ng nhi\u1ec7t \u0111\u1ed9 m\u00e0 c\u00f3 th\u1ec3 \u0103n tr\u1ef1c ti\u1ebfp v\u00e0 cho v\u00e0o m\u00f3n \u0103n.<\/p>\n<p><img loading=\"lazy\" decoding=\"async\" class=\"wp-image-28948 aligncenter\" src=\"https:\/\/havamall.vn\/wp-content\/uploads\/2022\/09\/304862493_525603096233914_6065233199931078712_n-255x300.jpg\" alt=\"\" width=\"499\" height=\"587\" srcset=\"https:\/\/havamall.vn\/wp-content\/uploads\/2022\/09\/304862493_525603096233914_6065233199931078712_n-255x300.jpg 255w, https:\/\/havamall.vn\/wp-content\/uploads\/2022\/09\/304862493_525603096233914_6065233199931078712_n-430x505.jpg 430w, https:\/\/havamall.vn\/wp-content\/uploads\/2022\/09\/304862493_525603096233914_6065233199931078712_n-150x176.jpg 150w, https:\/\/havamall.vn\/wp-content\/uploads\/2022\/09\/304862493_525603096233914_6065233199931078712_n-700x822.jpg 700w, https:\/\/havamall.vn\/wp-content\/uploads\/2022\/09\/304862493_525603096233914_6065233199931078712_n.jpg 768w, https:\/\/havamall.vn\/wp-content\/uploads\/2022\/09\/304862493_525603096233914_6065233199931078712_n-600x705.jpg 600w\" sizes=\"(max-width: 499px) 100vw, 499px\" \/><\/p>","protected":false},"excerpt":{"rendered":"<p>Mascarpone\u00a0l\u00e0 m\u1ed9t lo\u1ea1i ph\u00f4 m\u00e1t \u0111\u01b0\u1ee3c l\u00e0m t\u1eeb ph\u1ea7n s\u1eefa t\u00e1ch kem, c\u00f3 v\u1ecb chua nh\u1eb9 nh\u1edd s\u1eed d\u1ee5ng n\u01b0\u1edbc<\/p>","protected":false},"featured_media":28949,"comment_status":"open","ping_status":"closed","template":"","meta":[],"product_brand":[],"product_cat":[36],"product_tag":[],"class_list":{"0":"post-28943","1":"product","2":"type-product","3":"status-publish","4":"has-post-thumbnail","6":"product_cat-thuc-pham-tieu-dung","8":"first","9":"outofstock","10":"sale","11":"shipping-taxable","12":"purchasable","13":"product-type-simple"},"_links":{"self":[{"href":"https:\/\/havamall.vn\/en\/wp-json\/wp\/v2\/product\/28943"}],"collection":[{"href":"https:\/\/havamall.vn\/en\/wp-json\/wp\/v2\/product"}],"about":[{"href":"https:\/\/havamall.vn\/en\/wp-json\/wp\/v2\/types\/product"}],"replies":[{"embeddable":true,"href":"https:\/\/havamall.vn\/en\/wp-json\/wp\/v2\/comments?post=28943"}],"version-history":[{"count":0,"href":"https:\/\/havamall.vn\/en\/wp-json\/wp\/v2\/product\/28943\/revisions"}],"wp:featuredmedia":[{"embeddable":true,"href":"https:\/\/havamall.vn\/en\/wp-json\/wp\/v2\/media\/28949"}],"wp:attachment":[{"href":"https:\/\/havamall.vn\/en\/wp-json\/wp\/v2\/media?parent=28943"}],"wp:term":[{"taxonomy":"product_brand","embeddable":true,"href":"https:\/\/havamall.vn\/en\/wp-json\/wp\/v2\/product_brand?post=28943"},{"taxonomy":"product_cat","embeddable":true,"href":"https:\/\/havamall.vn\/en\/wp-json\/wp\/v2\/product_cat?post=28943"},{"taxonomy":"product_tag","embeddable":true,"href":"https:\/\/havamall.vn\/en\/wp-json\/wp\/v2\/product_tag?post=28943"}],"curies":[{"name":"wp","href":"https:\/\/api.w.org\/{rel}","templated":true}]}}