{"id":28936,"date":"2022-09-27T11:59:50","date_gmt":"2022-09-27T04:59:50","guid":{"rendered":"https:\/\/havamall.vn\/?post_type=product&#038;p=28936"},"modified":"2024-06-25T15:16:36","modified_gmt":"2024-06-25T08:16:36","slug":"28936","status":"publish","type":"product","link":"https:\/\/havamall.vn\/en\/shop\/28936\/","title":{"rendered":"S\u00fang B\u1eafn K\u1eb9o M\u00fat \u0110\u1ed3 Ch\u01a1i Cho B\u00e9"},"content":{"rendered":"<p>S\u00fang b\u1eafn k\u1eb9o m\u00fat \u0111\u01b0\u1ee3c l\u00e0m b\u1eb1ng nh\u1ef1a ABS cao c\u1ea5p, m\u00e0u s\u1eafc \u0111\u1eb9p, an to\u00e0n cho tr\u1ebb.v\u00f4 c\u00f9ng \u0111\u00e1o, \u0111\u00e1ng y\u00eau. Ch\u1ec9 c\u1ea7n b\u00f3p c\u00f2, k\u1eb9o m\u00fat s\u1ebd t\u1ef1 \u0111\u1ed9ng b\u1eafn ra.<\/p>\n<p><span class=\"a-list-item\">Thi\u1ebft k\u1ebf m\u1edbi l\u1ea1 \u0111\u1ed3 ch\u01a1i s\u00fang k\u1eb9o n\u00e0y tr\u00f4ng gi\u1ed1ng nh\u01b0 m\u1ed9t kh\u1ea9u s\u00fang k\u1eb9o s\u1ebd t\u1ef1 \u0111\u1ed9ng b\u1eafn ra\u00a0r\u1ea5t d\u1ec5 th\u01b0\u01a1ng v\u00e0 th\u00fa v\u1ecb \u0111\u1ec3 c\u1ea3i thi\u1ec7n t\u00e2m tr\u1ea1ng c\u1ee7a b\u1ea1n<\/span><\/p>\n<p><img fetchpriority=\"high\" decoding=\"async\" class=\"wp-image-28937 aligncenter\" src=\"https:\/\/havamall.vn\/wp-content\/uploads\/2022\/09\/81ja5c4KZNL._AC_SL1500_-300x300.jpg\" alt=\"\" width=\"546\" height=\"546\" srcset=\"https:\/\/havamall.vn\/wp-content\/uploads\/2022\/09\/81ja5c4KZNL._AC_SL1500_-300x300.jpg 300w, https:\/\/havamall.vn\/wp-content\/uploads\/2022\/09\/81ja5c4KZNL._AC_SL1500_-430x430.jpg 430w, https:\/\/havamall.vn\/wp-content\/uploads\/2022\/09\/81ja5c4KZNL._AC_SL1500_-150x150.jpg 150w, https:\/\/havamall.vn\/wp-content\/uploads\/2022\/09\/81ja5c4KZNL._AC_SL1500_-700x700.jpg 700w, https:\/\/havamall.vn\/wp-content\/uploads\/2022\/09\/81ja5c4KZNL._AC_SL1500_-768x768.jpg 768w, https:\/\/havamall.vn\/wp-content\/uploads\/2022\/09\/81ja5c4KZNL._AC_SL1500_-1024x1024.jpg 1024w, https:\/\/havamall.vn\/wp-content\/uploads\/2022\/09\/81ja5c4KZNL._AC_SL1500_-1200x1200.jpg 1200w, https:\/\/havamall.vn\/wp-content\/uploads\/2022\/09\/81ja5c4KZNL._AC_SL1500_-600x600.jpg 600w, https:\/\/havamall.vn\/wp-content\/uploads\/2022\/09\/81ja5c4KZNL._AC_SL1500_-100x100.jpg 100w, https:\/\/havamall.vn\/wp-content\/uploads\/2022\/09\/81ja5c4KZNL._AC_SL1500_.jpg 1500w\" sizes=\"(max-width: 546px) 100vw, 546px\" \/><\/p>\n<p><span class=\"a-list-item\">Ch\u1ea5t li\u1ec7u ch\u1ea5t l\u01b0\u1ee3ng \u0111\u1ed3 ch\u01a1i s\u00fang b\u1eafn k\u1eb9o \u0111\u01b0\u1ee3c l\u00e0m b\u1eb1ng nh\u1ef1a ch\u1ea5t l\u01b0\u1ee3ng, kh\u00f4ng c\u00f3 g\u00f3c nh\u1ecdn v\u00e0 b\u1ec1 m\u1eb7t nh\u1eb5n, b\u1ec1n, an to\u00e0n v\u00e0 kh\u00f4ng g\u00e2y h\u1ea1i cho da<\/span><\/p>\n<p><span class=\"a-list-item\">B\u1ea1n c\u00f3 th\u1ec3 t\u1eb7ng n\u00f3 cho con trai v\u00e0 con g\u00e1i, gia \u0111\u00ecnh, b\u1ea1n b\u00e8 ho\u1eb7c b\u1ea1n h\u1ecdc c\u1ee7a b\u1ea1n, v\u00e0 h\u1ecd s\u1ebd r\u1ea5t th\u00edch th\u00fa v\u1edbi m\u00f3n qu\u00e0 n\u00e0y.\u00a0<\/span>S\u00fang b\u1eafn k\u1eb9o m\u00fat v\u1edbi phong c\u00e1ch d\u1ec5 th\u01b0\u01a1ng, mini, d\u1ec5 d\u00e0ng thu h\u00fat s\u1ef1 ch\u00fa \u00fd c\u1ee7a c\u00e1c b\u00e9.<\/p>\n<p><img decoding=\"async\" class=\"wp-image-28938 aligncenter\" src=\"https:\/\/havamall.vn\/wp-content\/uploads\/2022\/09\/H9756e2caa7c54301ac33228612464d53O-300x300.jpg\" alt=\"\" width=\"547\" height=\"547\" srcset=\"https:\/\/havamall.vn\/wp-content\/uploads\/2022\/09\/H9756e2caa7c54301ac33228612464d53O-300x300.jpg 300w, https:\/\/havamall.vn\/wp-content\/uploads\/2022\/09\/H9756e2caa7c54301ac33228612464d53O-430x430.jpg 430w, https:\/\/havamall.vn\/wp-content\/uploads\/2022\/09\/H9756e2caa7c54301ac33228612464d53O-150x150.jpg 150w, https:\/\/havamall.vn\/wp-content\/uploads\/2022\/09\/H9756e2caa7c54301ac33228612464d53O-700x700.jpg 700w, https:\/\/havamall.vn\/wp-content\/uploads\/2022\/09\/H9756e2caa7c54301ac33228612464d53O-768x768.jpg 768w, https:\/\/havamall.vn\/wp-content\/uploads\/2022\/09\/H9756e2caa7c54301ac33228612464d53O-600x600.jpg 600w, https:\/\/havamall.vn\/wp-content\/uploads\/2022\/09\/H9756e2caa7c54301ac33228612464d53O-100x100.jpg 100w, https:\/\/havamall.vn\/wp-content\/uploads\/2022\/09\/H9756e2caa7c54301ac33228612464d53O.jpg 1020w\" sizes=\"(max-width: 547px) 100vw, 547px\" \/><\/p>\n<h3><strong>\u0110\u1eb7c \u0111i\u1ec3m n\u1ed5i b\u1eadt c\u1ee7a s\u1ea3n ph\u1ea9m<\/strong><\/h3>\n<ul>\n<li>S\u00fang b\u1eafn k\u1eb9o m\u00fat v\u00f4 c\u00f9ng \u0111\u1ed9c \u0111\u00e1o, \u0111\u00e1ng y\u00eau. Ch\u1ec9 c\u1ea7n b\u00f3p c\u00f2, k\u1eb9o m\u00fat s\u1ebd t\u1ef1 \u0111\u1ed9ng b\u1eafn ra.<\/li>\n<li>L\u00e0m b\u1eb1ng nh\u1ef1a ABS cao c\u1ea5p, m\u00e0u s\u1eafc \u0111\u1eb9p, an to\u00e0n cho tr\u1ebb.<\/li>\n<li>Gi\u00fap b\u1ea3o qu\u1ea3n k\u1eb9o m\u00fat khi kh\u00f4ng s\u1eed d\u1ee5ng.<\/li>\n<\/ul>\n<p><img decoding=\"async\" class=\"wp-image-28942 aligncenter\" src=\"https:\/\/havamall.vn\/wp-content\/uploads\/2022\/09\/Hcc0052f0a9634f8584ccc2d1e9433720A-300x300.jpg\" alt=\"\" width=\"542\" height=\"542\" srcset=\"https:\/\/havamall.vn\/wp-content\/uploads\/2022\/09\/Hcc0052f0a9634f8584ccc2d1e9433720A-300x300.jpg 300w, https:\/\/havamall.vn\/wp-content\/uploads\/2022\/09\/Hcc0052f0a9634f8584ccc2d1e9433720A-430x430.jpg 430w, https:\/\/havamall.vn\/wp-content\/uploads\/2022\/09\/Hcc0052f0a9634f8584ccc2d1e9433720A-150x150.jpg 150w, https:\/\/havamall.vn\/wp-content\/uploads\/2022\/09\/Hcc0052f0a9634f8584ccc2d1e9433720A-700x700.jpg 700w, https:\/\/havamall.vn\/wp-content\/uploads\/2022\/09\/Hcc0052f0a9634f8584ccc2d1e9433720A-768x768.jpg 768w, https:\/\/havamall.vn\/wp-content\/uploads\/2022\/09\/Hcc0052f0a9634f8584ccc2d1e9433720A-600x600.jpg 600w, https:\/\/havamall.vn\/wp-content\/uploads\/2022\/09\/Hcc0052f0a9634f8584ccc2d1e9433720A-100x100.jpg 100w, https:\/\/havamall.vn\/wp-content\/uploads\/2022\/09\/Hcc0052f0a9634f8584ccc2d1e9433720A.jpg 800w\" sizes=\"(max-width: 542px) 100vw, 542px\" \/><\/p>","protected":false},"excerpt":{"rendered":"<p>S\u00fang b\u1eafn k\u1eb9o m\u00fat \u0111\u01b0\u1ee3c l\u00e0m b\u1eb1ng nh\u1ef1a ABS cao c\u1ea5p, m\u00e0u s\u1eafc \u0111\u1eb9p, an to\u00e0n cho tr\u1ebb.v\u00f4 c\u00f9ng \u0111\u00e1o,<\/p>","protected":false},"featured_media":28950,"comment_status":"open","ping_status":"closed","template":"","meta":[],"product_brand":[],"product_cat":[397,35,36,133],"product_tag":[],"class_list":{"0":"post-28936","1":"product","2":"type-product","3":"status-publish","4":"has-post-thumbnail","6":"product_cat-hang-me-be-do-choi","7":"product_cat-nha-cua-doi-song","8":"product_cat-thuc-pham-tieu-dung","9":"product_cat-banh-keo-chocolate","11":"first","12":"outofstock","13":"sale","14":"shipping-taxable","15":"purchasable","16":"product-type-simple"},"_links":{"self":[{"href":"https:\/\/havamall.vn\/en\/wp-json\/wp\/v2\/product\/28936"}],"collection":[{"href":"https:\/\/havamall.vn\/en\/wp-json\/wp\/v2\/product"}],"about":[{"href":"https:\/\/havamall.vn\/en\/wp-json\/wp\/v2\/types\/product"}],"replies":[{"embeddable":true,"href":"https:\/\/havamall.vn\/en\/wp-json\/wp\/v2\/comments?post=28936"}],"version-history":[{"count":0,"href":"https:\/\/havamall.vn\/en\/wp-json\/wp\/v2\/product\/28936\/revisions"}],"wp:featuredmedia":[{"embeddable":true,"href":"https:\/\/havamall.vn\/en\/wp-json\/wp\/v2\/media\/28950"}],"wp:attachment":[{"href":"https:\/\/havamall.vn\/en\/wp-json\/wp\/v2\/media?parent=28936"}],"wp:term":[{"taxonomy":"product_brand","embeddable":true,"href":"https:\/\/havamall.vn\/en\/wp-json\/wp\/v2\/product_brand?post=28936"},{"taxonomy":"product_cat","embeddable":true,"href":"https:\/\/havamall.vn\/en\/wp-json\/wp\/v2\/product_cat?post=28936"},{"taxonomy":"product_tag","embeddable":true,"href":"https:\/\/havamall.vn\/en\/wp-json\/wp\/v2\/product_tag?post=28936"}],"curies":[{"name":"wp","href":"https:\/\/api.w.org\/{rel}","templated":true}]}}