{"id":28928,"date":"2022-09-27T10:58:00","date_gmt":"2022-09-27T03:58:00","guid":{"rendered":"https:\/\/havamall.vn\/?post_type=product&#038;p=28928"},"modified":"2023-03-23T10:37:34","modified_gmt":"2023-03-23T03:37:34","slug":"dau-hoa-cai-ajinomoto-1000g","status":"publish","type":"product","link":"https:\/\/havamall.vn\/en\/shop\/dau-hoa-cai-ajinomoto-1000g\/","title":{"rendered":"D\u1ea7u H\u1ea1t C\u1ea3i Ajinomoto 1000g"},"content":{"rendered":"<p>D\u1ea7u \u0103n h\u1ea1t c\u1ea3i Ajinomoto \u0111\u01b0\u1ee3c tri\u1ebft xu\u1ea5t 100% t\u1eeb hoa c\u1ea3i thi\u00ean nhi\u00ean v\u1edbi h\u00e0m l\u01b0\u1ee3ng Omega3 v\u00e0 Omega6 r\u1ea5t cao c\u00f9ng c\u00e1c d\u01b0\u1ee1ng ch\u1ea5t c\u1ea7n thi\u1ebft r\u1ea5t t\u1ed1t cho s\u1ef1 ph\u00e1t tri\u1ec3n c\u1ee7a tr\u1ebb nh\u1ecf, thai nhi v\u00e0 b\u00e0 b\u1ea7u. Ngo\u00e0i ra v\u1edbi h\u00e0m l\u01b0\u1ee3ng ch\u1ea5t b\u00e9o b\u00e3o h\u00f2a v\u00e0 cholesterol th\u1ea5p r\u1ea5t t\u1ed1t cho ng\u01b0\u1eddi b\u00e9o ph\u00ec, mu\u1ed1n gi\u1ea3m c\u00e2n v\u00e0 ng\u0103n ng\u1eeba c\u00e1c b\u1ec7nh tim m\u1ea1ch, \u0111\u1ed9t qu\u1ef5.<\/p>\n<p>D\u1ea7u \u0103n h\u1ea1t c\u1ea3i c\u00f3 h\u01b0\u01a1ng v\u1ecb nh\u1eb9 kh\u00f4ng l\u1ea5n \u00e1t h\u01b0\u01a1ng v\u1ecb c\u1ee7a m\u00f3n \u0103n, l\u00e0m m\u1ea5t h\u01b0\u01a1ng v\u1ecb \u0111\u1eb7c tr\u01b0ng v\u1ed1n c\u00f3 c\u1ee7a th\u1ee9c \u0103n. Ngo\u00e0i ra, d\u1ea7u \u0103n hoa c\u1ea3i c\u00f3 kh\u1ea3 n\u0103ng ch\u1ecbu nhi\u1ec7t cao n\u00ean d\u00f9ng trong vi\u1ec7c chi\u00ean x\u00e0o th\u1ee9c \u0103n l\u00e0 r\u1ea5t t\u1ed1t.<\/p>\n<p><img fetchpriority=\"high\" decoding=\"async\" class=\"wp-image-28929 aligncenter\" src=\"https:\/\/havamall.vn\/wp-content\/uploads\/2022\/09\/81UHpPMcwFL._AC_SL1500_-300x219.png\" alt=\"\" width=\"534\" height=\"390\" srcset=\"https:\/\/havamall.vn\/wp-content\/uploads\/2022\/09\/81UHpPMcwFL._AC_SL1500_-300x219.png 300w, https:\/\/havamall.vn\/wp-content\/uploads\/2022\/09\/81UHpPMcwFL._AC_SL1500_-430x314.png 430w, https:\/\/havamall.vn\/wp-content\/uploads\/2022\/09\/81UHpPMcwFL._AC_SL1500_-150x109.png 150w, https:\/\/havamall.vn\/wp-content\/uploads\/2022\/09\/81UHpPMcwFL._AC_SL1500_-700x511.png 700w, https:\/\/havamall.vn\/wp-content\/uploads\/2022\/09\/81UHpPMcwFL._AC_SL1500_-768x560.png 768w, https:\/\/havamall.vn\/wp-content\/uploads\/2022\/09\/81UHpPMcwFL._AC_SL1500_-1024x747.png 1024w, https:\/\/havamall.vn\/wp-content\/uploads\/2022\/09\/81UHpPMcwFL._AC_SL1500_-1200x875.png 1200w, https:\/\/havamall.vn\/wp-content\/uploads\/2022\/09\/81UHpPMcwFL._AC_SL1500_-600x438.png 600w, https:\/\/havamall.vn\/wp-content\/uploads\/2022\/09\/81UHpPMcwFL._AC_SL1500_.png 1500w\" sizes=\"(max-width: 534px) 100vw, 534px\" \/><\/p>\n<p>D\u1ea7u \u0103n h\u1ea1t c\u1ea3i Ajinomoto n\u1ed9i \u0111\u1ecba Nh\u1eadt \u0111\u01b0\u1ee3c nh\u00f3m nghi\u00ean c\u1ee9u tr\u01b0\u1eddng \u0110\u1ea1i h\u1ecdc Harvard \u0111\u00e1nh gi\u00e1 l\u00e0 lo\u1ea1i d\u1ea7u \u0103n t\u1ed1t nh\u1ea5t hi\u1ec7n nay. So v\u1edbi d\u1ea7u \u0111\u1eadu n\u00e0nh, d\u1ea7u oliu, d\u1ea7u \u00f3c ch\u00f3 v\u00e0 c\u00e1c lo\u1ea1i d\u1ea7u th\u1ef1c v\u1eadt kh\u00e1c, d\u1ea7u hoa c\u1ea3i ho\u00e0n to\u00e0n kh\u00f4ng thua k\u00e9m v\u1ec1 c\u00e1c lo\u1ea1i d\u01b0\u1ee1ng ch\u1ea5t cao \u0111\u00e3 \u0111\u01b0\u1ee3c ch\u1ee9ng minh l\u00e2m s\u00e0ng tr\u00ean tr\u1ebb em t\u1ea1i Australia.<\/p>\n<p><img decoding=\"async\" class=\"wp-image-28935 aligncenter\" src=\"https:\/\/havamall.vn\/wp-content\/uploads\/2022\/09\/1-401ba894-da38-40ca-8d95-49c8faa47cca-300x169.png\" alt=\"\" width=\"532\" height=\"300\" srcset=\"https:\/\/havamall.vn\/wp-content\/uploads\/2022\/09\/1-401ba894-da38-40ca-8d95-49c8faa47cca-300x169.png 300w, https:\/\/havamall.vn\/wp-content\/uploads\/2022\/09\/1-401ba894-da38-40ca-8d95-49c8faa47cca-430x242.png 430w, https:\/\/havamall.vn\/wp-content\/uploads\/2022\/09\/1-401ba894-da38-40ca-8d95-49c8faa47cca-150x85.png 150w, https:\/\/havamall.vn\/wp-content\/uploads\/2022\/09\/1-401ba894-da38-40ca-8d95-49c8faa47cca-700x394.png 700w, https:\/\/havamall.vn\/wp-content\/uploads\/2022\/09\/1-401ba894-da38-40ca-8d95-49c8faa47cca-768x433.png 768w, https:\/\/havamall.vn\/wp-content\/uploads\/2022\/09\/1-401ba894-da38-40ca-8d95-49c8faa47cca-600x338.png 600w, https:\/\/havamall.vn\/wp-content\/uploads\/2022\/09\/1-401ba894-da38-40ca-8d95-49c8faa47cca.png 820w\" sizes=\"(max-width: 532px) 100vw, 532px\" \/><\/p>\n<p>D\u1ea7u \u0103n h\u1ea1t c\u1ea3i chai 1 l\u00edt c\u1ee7a Nh\u1eadt c\u0169ng l\u00e0 lo\u1ea1i d\u1ea7u \u0103n d\u00e0nh cho b\u00e9 \u0103n d\u1eb7m v\u00ec \u0111\u00e2y l\u00e0 nh\u00f3m ch\u1ea5t dinh d\u01b0\u1ee1ng r\u1ea5t quan tr\u1ecdng, \u0111\u00f3ng vai tr\u00f2 ch\u00ednh trong cung c\u1ea5p n\u0103ng l\u01b0\u1ee3ng cho tr\u1ebb, gi\u00fap h\u00ecnh th\u00e0nh m\u00f4 m\u1ee1 c\u00f3 ch\u1ee9c n\u0103ng \u0111i\u1ec1u h\u00f2a th\u00e2n nhi\u1ec7t, cung c\u1ea5p ch\u1ea5t b\u00e9o gi\u00fap cho qu\u00e1 tr\u00ecnh h\u1ea5p thu c\u00e1c vitamin quan tr\u1ecdng trong c\u01a1 th\u1ec3 (A, D, E, K ), gi\u00fap ho\u00e0n thi\u1ec7n c\u1ea5u tr\u00fac nh\u01b0 m\u00f4 n\u00e3o v\u00e0 m\u1ed9t s\u1ed1 h\u00f3c-m\u00f4n quan tr\u1ecdng kh\u00e1c\u2026<\/p>\n<p><img decoding=\"async\" class=\"wp-image-28931 aligncenter\" src=\"https:\/\/havamall.vn\/wp-content\/uploads\/2022\/09\/81IKZg-3j0L._AC_SL1500_-300x209.png\" alt=\"\" width=\"521\" height=\"363\" srcset=\"https:\/\/havamall.vn\/wp-content\/uploads\/2022\/09\/81IKZg-3j0L._AC_SL1500_-300x209.png 300w, https:\/\/havamall.vn\/wp-content\/uploads\/2022\/09\/81IKZg-3j0L._AC_SL1500_-430x299.png 430w, https:\/\/havamall.vn\/wp-content\/uploads\/2022\/09\/81IKZg-3j0L._AC_SL1500_-150x104.png 150w, https:\/\/havamall.vn\/wp-content\/uploads\/2022\/09\/81IKZg-3j0L._AC_SL1500_-700x487.png 700w, https:\/\/havamall.vn\/wp-content\/uploads\/2022\/09\/81IKZg-3j0L._AC_SL1500_-768x534.png 768w, https:\/\/havamall.vn\/wp-content\/uploads\/2022\/09\/81IKZg-3j0L._AC_SL1500_-1024x712.png 1024w, https:\/\/havamall.vn\/wp-content\/uploads\/2022\/09\/81IKZg-3j0L._AC_SL1500_-220x154.png 220w, https:\/\/havamall.vn\/wp-content\/uploads\/2022\/09\/81IKZg-3j0L._AC_SL1500_-1200x834.png 1200w, https:\/\/havamall.vn\/wp-content\/uploads\/2022\/09\/81IKZg-3j0L._AC_SL1500_-600x417.png 600w, https:\/\/havamall.vn\/wp-content\/uploads\/2022\/09\/81IKZg-3j0L._AC_SL1500_.png 1500w\" sizes=\"(max-width: 521px) 100vw, 521px\" \/><\/p>\n<h3><strong>C\u00f4ng D\u1ee5ng C\u1ee7a D\u1ea7u H\u1ea1t C\u1ea3i Ajinomoto<\/strong><\/h3>\n<p>&#8211; B\u1ed5 sung Omega3 v\u00e0 Omega6 gi\u00fap thai nhi ph\u00e1t tri\u1ec3n t\u1ed1t trong giai \u0111o\u1ea1n \u0111\u1ea7u v\u1ec1 n\u00e3o b\u1ed9 \u0111\u1ec3 khi sinh ra gi\u00fap tr\u1ebb kh\u1ecfe m\u1ea1nh v\u00e0 th\u00f4ng minh h\u01a1n. V\u1edbi tr\u1ebb nh\u1ecf, Omega3 v\u00e0 Omega6 gi\u00fap t\u0103ng c\u01b0\u1eddng chi\u1ec1u cao, th\u1ec3 l\u1ef1c, tr\u00ed tu\u1ec7 minh m\u1eabn, ph\u00e1t tri\u1ec3n th\u1ecb l\u1ef1c cho b\u00e9 cao l\u1edbn, th\u00f4ng minh v\u01b0\u1ee3t tr\u1ed9i.<\/p>\n<p>&#8211; D\u1ea7u \u0103n h\u1ea1t c\u1ea3i Ajinomoto cung c\u1ea5p d\u01b0\u1edbi 7% ch\u1ea5t b\u00e9o b\u00e3o h\u00f2a v\u00e0 kh\u00f4ng qu\u00e1 300mg cholesterol m\u1ed7i ng\u00e0y nh\u01b0ng l\u1ea1i ch\u1ee9a h\u00e0m l\u01b0\u1ee3ng axit b\u00e9o ch\u01b0a b\u00e3o h\u00f2a cao gi\u00fap ng\u0103n ng\u1eeba b\u1ec7nh m\u1ee1 m\u00e1u, huy\u1ebft \u00e1p th\u1ea5p, tim m\u1ea1ch, x\u01a1 v\u1eeba \u0111\u1ed9ng m\u1ea1ch, nh\u1ed3i m\u00e1u c\u01a1 tim v\u00e0 ch\u1ee9ng \u0111\u1ed9t qu\u1ef5.<\/p>\n<p>&#8211; Gi\u00fap \u0111\u1ed1t ch\u00e1y v\u00e0 gi\u1ea3m h\u1ea5p thu ch\u1ea5t b\u00e9o, r\u1ea5t ph\u00f9 h\u1ee3p v\u1edbi ng\u01b0\u1eddi th\u1eeba c\u00e2n, gi\u1ea3m m\u1ee1 b\u1ee5ng, \u0111ang mu\u1ed1n gi\u1ea3m c\u00e2n.<\/p>\n<p>&#8211; D\u1ea7u \u0103n h\u1ea1t c\u1ea3i Ajinomoto r\u1ea5t gi\u00e0u Vitamin E &amp; K gi\u00fap ng\u0103n ng\u1eeba t\u00ecnh tr\u1ea1ng l\u00e3o h\u00f3a c\u1ee7a c\u01a1 th\u1ec3, l\u00e0m ch\u1eadm qu\u00e1 tr\u00ecnh oxy h\u00f3a.<\/p>\n<p>&#8211; D\u1ea7u \u0103n hoa c\u1ea3i Ajinomoto ph\u00f9 h\u1ee3p v\u1edbi t\u1ea5t c\u1ea3 c\u00e1c m\u00f3n: x\u00f2a, chi\u00ean, r\u00e1n, salad, n\u01b0\u1edbng th\u1ecbt, c\u00e1 v\u00e0 l\u00e0m b\u00e1nh ng\u1ecdt,&#8230;<\/p>\n<p><img loading=\"lazy\" decoding=\"async\" class=\"wp-image-28933 aligncenter\" src=\"https:\/\/havamall.vn\/wp-content\/uploads\/2022\/09\/81lmISxNohL._AC_SL1500_-300x263.png\" alt=\"\" width=\"538\" height=\"472\" srcset=\"https:\/\/havamall.vn\/wp-content\/uploads\/2022\/09\/81lmISxNohL._AC_SL1500_-300x263.png 300w, https:\/\/havamall.vn\/wp-content\/uploads\/2022\/09\/81lmISxNohL._AC_SL1500_-430x377.png 430w, https:\/\/havamall.vn\/wp-content\/uploads\/2022\/09\/81lmISxNohL._AC_SL1500_-150x132.png 150w, https:\/\/havamall.vn\/wp-content\/uploads\/2022\/09\/81lmISxNohL._AC_SL1500_-700x614.png 700w, https:\/\/havamall.vn\/wp-content\/uploads\/2022\/09\/81lmISxNohL._AC_SL1500_-768x674.png 768w, https:\/\/havamall.vn\/wp-content\/uploads\/2022\/09\/81lmISxNohL._AC_SL1500_-1024x898.png 1024w, https:\/\/havamall.vn\/wp-content\/uploads\/2022\/09\/81lmISxNohL._AC_SL1500_-1200x1053.png 1200w, https:\/\/havamall.vn\/wp-content\/uploads\/2022\/09\/81lmISxNohL._AC_SL1500_-600x526.png 600w, https:\/\/havamall.vn\/wp-content\/uploads\/2022\/09\/81lmISxNohL._AC_SL1500_.png 1500w\" sizes=\"(max-width: 538px) 100vw, 538px\" \/><\/p>\n<h3><strong>Th\u00e0nh ph\u1ea7n dinh d\u01b0\u1ee1ng\u00a0trong 14g d\u1ea7u c\u1ea3i Ajinomoto :<\/strong><\/h3>\n<p>&#8211; N\u0103ng l\u01b0\u1ee3ng: 126Kcal<\/p>\n<p>&#8211; Protein: 0g<\/p>\n<p>&#8211; Ch\u1ea5t b\u00e9o: 14g<\/p>\n<p>&#8211; Axit b\u00e9o n-3 : 1.2g<\/p>\n<p>&#8211; Cholesterol: 0mg<\/p>\n<p>&#8211; Carbohydrate: 0g<\/p>\n<p>&#8211; Natri clorua t\u01b0\u01a1ng \u0111\u01b0\u01a1ng: 0g<\/p>\n<p>&#8211; H\u00e0m l\u01b0\u1ee3ng axit b\u00e9o b\u00e3o h\u00f2a: 7%<\/p>\n<p><img loading=\"lazy\" decoding=\"async\" class=\"wp-image-28930 aligncenter\" src=\"https:\/\/havamall.vn\/wp-content\/uploads\/2022\/09\/z4902590109643-300x235.jpg\" alt=\"\" width=\"525\" height=\"412\" srcset=\"https:\/\/havamall.vn\/wp-content\/uploads\/2022\/09\/z4902590109643-300x235.jpg 300w, https:\/\/havamall.vn\/wp-content\/uploads\/2022\/09\/z4902590109643-430x337.jpg 430w, https:\/\/havamall.vn\/wp-content\/uploads\/2022\/09\/z4902590109643-150x118.jpg 150w, https:\/\/havamall.vn\/wp-content\/uploads\/2022\/09\/z4902590109643-700x549.jpg 700w, https:\/\/havamall.vn\/wp-content\/uploads\/2022\/09\/z4902590109643-600x470.jpg 600w, https:\/\/havamall.vn\/wp-content\/uploads\/2022\/09\/z4902590109643.jpg 750w\" sizes=\"(max-width: 525px) 100vw, 525px\" \/><\/p>","protected":false},"excerpt":{"rendered":"<p>D\u1ea7u \u0103n h\u1ea1t c\u1ea3i Ajinomoto \u0111\u01b0\u1ee3c tri\u1ebft xu\u1ea5t 100% t\u1eeb hoa c\u1ea3i thi\u00ean nhi\u00ean v\u1edbi h\u00e0m l\u01b0\u1ee3ng Omega3 v\u00e0 Omega6<\/p>","protected":false},"featured_media":28934,"comment_status":"open","ping_status":"closed","template":"","meta":[],"product_brand":[],"product_cat":[36],"product_tag":[],"class_list":{"0":"post-28928","1":"product","2":"type-product","3":"status-publish","4":"has-post-thumbnail","6":"product_cat-thuc-pham-tieu-dung","8":"first","9":"outofstock","10":"sale","11":"shipping-taxable","12":"purchasable","13":"product-type-simple"},"_links":{"self":[{"href":"https:\/\/havamall.vn\/en\/wp-json\/wp\/v2\/product\/28928"}],"collection":[{"href":"https:\/\/havamall.vn\/en\/wp-json\/wp\/v2\/product"}],"about":[{"href":"https:\/\/havamall.vn\/en\/wp-json\/wp\/v2\/types\/product"}],"replies":[{"embeddable":true,"href":"https:\/\/havamall.vn\/en\/wp-json\/wp\/v2\/comments?post=28928"}],"version-history":[{"count":0,"href":"https:\/\/havamall.vn\/en\/wp-json\/wp\/v2\/product\/28928\/revisions"}],"wp:featuredmedia":[{"embeddable":true,"href":"https:\/\/havamall.vn\/en\/wp-json\/wp\/v2\/media\/28934"}],"wp:attachment":[{"href":"https:\/\/havamall.vn\/en\/wp-json\/wp\/v2\/media?parent=28928"}],"wp:term":[{"taxonomy":"product_brand","embeddable":true,"href":"https:\/\/havamall.vn\/en\/wp-json\/wp\/v2\/product_brand?post=28928"},{"taxonomy":"product_cat","embeddable":true,"href":"https:\/\/havamall.vn\/en\/wp-json\/wp\/v2\/product_cat?post=28928"},{"taxonomy":"product_tag","embeddable":true,"href":"https:\/\/havamall.vn\/en\/wp-json\/wp\/v2\/product_tag?post=28928"}],"curies":[{"name":"wp","href":"https:\/\/api.w.org\/{rel}","templated":true}]}}