{"id":28923,"date":"2022-09-27T10:00:55","date_gmt":"2022-09-27T03:00:55","guid":{"rendered":"https:\/\/havamall.vn\/?post_type=product&#038;p=28923"},"modified":"2026-01-22T10:34:16","modified_gmt":"2026-01-22T03:34:16","slug":"keo-socola-dong-tien-steenland-hop-180g-steenland-chocolate","status":"publish","type":"product","link":"https:\/\/havamall.vn\/en\/shop\/keo-socola-dong-tien-steenland-hop-180g-steenland-chocolate\/","title":{"rendered":"K\u1eb9o Socola \u0110\u1ed3ng Ti\u1ec1n Steenland H\u1ed9p 180g &#8211; Steenland Chocolate"},"content":{"rendered":"<p>Th\u01b0\u01a1ng hi\u1ec7u Steenland xu\u1ea5t x\u1ee9 th\u01b0\u01a1ng hi\u1ec7u H\u00e0 Lan, l\u00e0 S\u00f4 c\u00f4 la ch\u1ea5t l\u01b0\u1ee3ng h\u00e0ng \u0111\u1ea7u H\u00e0 Lan. Sheenland c\u00f3 l\u1ecbch s\u1eed l\u00e2u \u0111\u1eddi trong vi\u1ec7c mang l\u1ea1i c\u00e1c s\u1ea3n ph\u1ea9m socola ch\u1ea5t l\u01b0\u1ee3ng cao cho nhi\u1ec1u \u0111\u1ed1i t\u01b0\u1ee3ng kh\u00e1ch h\u00e0ng. Ng\u00e0y nay Sreenland \u0111\u00e3 tr\u1edf th\u00e0nh c\u00f4ng ty h\u00e0ng \u0111\u1ea7u th\u1ebf gi\u1edbi v\u1ec1 s\u1ea3n xu\u1ea5t socola \u0111\u1ed3ng ti\u1ec1n v\u00e0 huy ch\u01b0\u01a1ng xu\u1ea5t kh\u1ea9u sang h\u01a1n 50 qu\u1ed1c gia.<\/p>\n<p><img fetchpriority=\"high\" decoding=\"async\" class=\"wp-image-28924 aligncenter\" src=\"https:\/\/havamall.com\/wp-content\/uploads\/2026\/01\/keo-so-co-la-dong-xu-steenland-hop-180g-202201110944281213-300x225.jpg\" alt=\"\" width=\"575\" height=\"431\" \/><\/p>\n<p>K\u1eb9o socola Steenland\u00a0v\u1edbi nh\u1eefng chi\u1ebfc \u0111\u1ed3ng xu nh\u1ecf b\u00ean trong h\u1ed9p nh\u00ecn r\u1ea5t th\u00edch th\u00fa v\u00e0 tinh t\u1ebf.\u00a0K\u1eb9o s\u00f4 c\u00f4 la \u0111\u1ed3ng xu Steenland h\u1ed9p 180g\u00a0\u0111\u01b0\u1ee3c l\u00e0m t\u1eeb socola s\u1eefa b\u00e9o ng\u1eady, kh\u00f4ng b\u1ecb \u0111\u1eafng v\u00e0 r\u1ea5t ngon.\u00a0Socola\u00a0\u0111\u1ed3ng xu r\u1ea5t th\u00edch h\u1ee3p chia s\u1ebb nhau, c\u00f9ng nhau qu\u00e2y qu\u1ea7n d\u1ecbp l\u1ec5, T\u1ebft.<\/p>\n<p>S\u1ea3n ph\u1ea9m kh\u00f4ng ch\u1ee9a h\u00f3a ch\u1ea5t, ch\u1ea5t b\u1ea3o qu\u1ea3n \u0111\u1ed9c h\u1ea1i, \u0111\u1ea3m b\u1ea3o an to\u00e0n cho s\u1ee9c kh\u1ecfe ng\u01b0\u1eddi ti\u00eau d\u00f9ng. S\u1ea3n ph\u1ea9m c\u00f3 h\u01b0\u01a1ng v\u1ecb th\u01a1m ngon c\u1ee7a nh\u1eefng nguy\u00ean li\u1ec7u t\u1ef1 nhi\u00ean \u0111\u01b0\u1ee3c ch\u1ecdn l\u1ecdc k\u1ef9 c\u00e0ng, s\u1ebd mang l\u1ea1i cho b\u1ea1n nh\u1eefng ph\u00fat gi\u1ea3i tr\u00ed v\u00e0 th\u01b0\u1edfng th\u1ee9c th\u1eadt tuy\u1ec7t v\u1eddi b\u00ean c\u1ea1nh b\u1ea1n b\u00e8 ho\u1eb7c ng\u01b0\u1eddi th\u00e2n.<\/p>\n<p><img decoding=\"async\" class=\"wp-image-28925 aligncenter\" src=\"https:\/\/havamall.com\/wp-content\/uploads\/2026\/01\/SOCOLA-DONG-TIEN-VANG-STEENLAND-HA-LAN-2-300x300.jpg\" alt=\"\" width=\"567\" height=\"567\" \/><\/p>\n<h3 id=\"toctoc-1\"><strong>Ch\u1ee9ng nh\u1eadn c\u1ee7a k\u1eb9o socola\u00a0Steenland<\/strong><\/h3>\n<ul>\n<li>Ch\u1ee9ng nh\u1eadn BRC<\/li>\n<li>Ch\u1ee9ng nh\u1eadn GMP<\/li>\n<li>Ch\u1ee9ng nh\u1eadn HACCP<\/li>\n<\/ul>\n<p><img decoding=\"async\" class=\"wp-image-28926 aligncenter\" src=\"https:\/\/havamall.com\/wp-content\/uploads\/2026\/01\/306151723_5496823213766501_7486273297652872738_n-249x300.jpg\" alt=\"\" width=\"537\" height=\"647\" \/><\/p>","protected":false},"excerpt":{"rendered":"<p>Th\u01b0\u01a1ng hi\u1ec7u Steenland xu\u1ea5t x\u1ee9 th\u01b0\u01a1ng hi\u1ec7u H\u00e0 Lan, l\u00e0 S\u00f4 c\u00f4 la ch\u1ea5t l\u01b0\u1ee3ng h\u00e0ng \u0111\u1ea7u H\u00e0 Lan. Sheenland<\/p>","protected":false},"featured_media":44170,"comment_status":"open","ping_status":"closed","template":"","meta":[],"product_brand":[],"product_cat":[36,133],"product_tag":[],"class_list":{"0":"post-28923","1":"product","2":"type-product","3":"status-publish","4":"has-post-thumbnail","6":"product_cat-thuc-pham-tieu-dung","7":"product_cat-banh-keo-chocolate","9":"first","10":"instock","11":"sale","12":"shipping-taxable","13":"purchasable","14":"product-type-simple"},"_links":{"self":[{"href":"https:\/\/havamall.vn\/en\/wp-json\/wp\/v2\/product\/28923"}],"collection":[{"href":"https:\/\/havamall.vn\/en\/wp-json\/wp\/v2\/product"}],"about":[{"href":"https:\/\/havamall.vn\/en\/wp-json\/wp\/v2\/types\/product"}],"replies":[{"embeddable":true,"href":"https:\/\/havamall.vn\/en\/wp-json\/wp\/v2\/comments?post=28923"}],"version-history":[{"count":0,"href":"https:\/\/havamall.vn\/en\/wp-json\/wp\/v2\/product\/28923\/revisions"}],"wp:featuredmedia":[{"embeddable":true,"href":"https:\/\/havamall.vn\/en\/wp-json\/wp\/v2\/media\/44170"}],"wp:attachment":[{"href":"https:\/\/havamall.vn\/en\/wp-json\/wp\/v2\/media?parent=28923"}],"wp:term":[{"taxonomy":"product_brand","embeddable":true,"href":"https:\/\/havamall.vn\/en\/wp-json\/wp\/v2\/product_brand?post=28923"},{"taxonomy":"product_cat","embeddable":true,"href":"https:\/\/havamall.vn\/en\/wp-json\/wp\/v2\/product_cat?post=28923"},{"taxonomy":"product_tag","embeddable":true,"href":"https:\/\/havamall.vn\/en\/wp-json\/wp\/v2\/product_tag?post=28923"}],"curies":[{"name":"wp","href":"https:\/\/api.w.org\/{rel}","templated":true}]}}