{"id":28916,"date":"2022-09-26T17:18:13","date_gmt":"2022-09-26T10:18:13","guid":{"rendered":"https:\/\/havamall.vn\/?post_type=product&#038;p=28916"},"modified":"2023-02-23T13:51:00","modified_gmt":"2023-02-23T06:51:00","slug":"ruong-socola-dong-tien-vang-100g","status":"publish","type":"product","link":"https:\/\/havamall.vn\/en\/shop\/ruong-socola-dong-tien-vang-100g\/","title":{"rendered":"R\u01b0\u01a1ng Socola \u0110\u1ed3ng Ti\u1ec1n V\u00e0ng 100G"},"content":{"rendered":"<p>S\u00f4 c\u00f4 la \u0111\u1ed3ng ti\u1ec1n \u0111\u01b0\u1ee3c l\u00e0m t\u1eeb ngu\u1ed3n nguy\u00ean li\u1ec7u an to\u00e0n, \u0111\u01b0\u1ee3c ki\u1ec3m duy\u1ec7t ch\u1eb7t ch\u1ebd, \u0111\u1ea3m b\u1ea3o an to\u00e0n ch\u1ea5t l\u01b0\u1ee3ng. C\u00f4ng ngh\u1ec7 s\u1ea3n xu\u1ea5t hi\u1ec7n \u0111\u1ea1i c\u1ee7a Th\u00e1i Lan mang \u0111\u1ebfn cho ng\u01b0\u1eddi d\u00f9ng nh\u1eefng s\u1ea3n ph\u1ea9m \u0111\u1eb9p m\u1eaft v\u00e0 ch\u1ea5t l\u01b0\u1ee3ng tuy\u1ec7t v\u1eddi.<\/p>\n<p>V\u1edbi thi\u1ebft k\u1ebf t\u1eebng s\u1ea3n ph\u1ea9m trong h\u00ecnh d\u00e1ng \u0111\u1ed3ng ti\u1ec1n, s\u1ea3n ph\u1ea9m kh\u00f4ng ch\u1ec9 l\u00e0 m\u1ed9t m\u00f3n \u0103n v\u1eb7t b\u1ed5 d\u01b0\u1ee1ng m\u00e0 c\u00f2n r\u1ea5t ph\u00f9 h\u1ee3p l\u00e0m qu\u00e0 t\u1eb7ng mang \u00fd ngh\u0129a may m\u1eafn cho ng\u01b0\u1eddi kh\u00e1c, \u0111\u1eb7c bi\u1ec7t trong d\u1ecbp T\u1ebft. S\u1ea3n ph\u1ea9m s\u1ebd thay b\u1ea1n n\u00f3i l\u00ean nh\u1eefng l\u1eddi ch\u00fac may m\u1eafn, ph\u00fa l\u1ed9c cho ng\u01b0\u1eddi nh\u1eadn.<\/p>\n<p><img fetchpriority=\"high\" decoding=\"async\" class=\"wp-image-28918 aligncenter\" src=\"https:\/\/havamall.vn\/wp-content\/uploads\/2022\/09\/8c94e8a3d2e4796596916edf18931cd8-268x300.jpg\" alt=\"\" width=\"470\" height=\"526\" srcset=\"https:\/\/havamall.vn\/wp-content\/uploads\/2022\/09\/8c94e8a3d2e4796596916edf18931cd8-268x300.jpg 268w, https:\/\/havamall.vn\/wp-content\/uploads\/2022\/09\/8c94e8a3d2e4796596916edf18931cd8-430x482.jpg 430w, https:\/\/havamall.vn\/wp-content\/uploads\/2022\/09\/8c94e8a3d2e4796596916edf18931cd8-150x168.jpg 150w, https:\/\/havamall.vn\/wp-content\/uploads\/2022\/09\/8c94e8a3d2e4796596916edf18931cd8-700x785.jpg 700w, https:\/\/havamall.vn\/wp-content\/uploads\/2022\/09\/8c94e8a3d2e4796596916edf18931cd8-600x673.jpg 600w, https:\/\/havamall.vn\/wp-content\/uploads\/2022\/09\/8c94e8a3d2e4796596916edf18931cd8.jpg 717w\" sizes=\"(max-width: 470px) 100vw, 470px\" \/><\/p>\n<p><span style=\"font-family: Arial;\">K\u1eb9o socola r\u01b0\u01a1ng v\u00e0ng Th\u00e1i Lan nh\u01b0 m\u1ed9t m\u00f3n qu\u00e0 trao t\u1eb7ng nhau ng\u00e0y t\u1ebft nh\u01b0 m\u1ed9t l\u1eddi ch\u00fac cho m\u1ed9t n\u0103m m\u01b0a thu\u1eadn gi\u00f3 ho\u00e0 v\u00e0 ph\u00e1t t\u00e0i.\u00a0<\/span>M\u00e0u v\u00e0ng t\u01b0\u1ee3ng tr\u01b0ng cho t\u00e0i l\u1ed9c may m\u1eafn, g\u01b0\u01a1ng v\u00e0ng t\u01b0\u1ee3ng tr\u01b0ng cho ti\u1ec1n t\u00e0i d\u1ed3i d\u00e0o, socola h\u00ecnh \u0111\u1ed3ng ti\u1ec1n c\u1ea7u 1 n\u0103m l\u00e0m \u0103n may m\u1eafn \u0111\u1ea1i c\u00e1t \u0111\u1ea1i l\u1ee3i ti\u1ec1n l\u1ed9c d\u1ed3i d\u00e0o.<\/p>\n<p><img decoding=\"async\" class=\"wp-image-28919 aligncenter\" src=\"https:\/\/havamall.vn\/wp-content\/uploads\/2022\/09\/7e953709ef7b7ee5403d36ab7a435db7-248x300.jpg\" alt=\"\" width=\"457\" height=\"553\" srcset=\"https:\/\/havamall.vn\/wp-content\/uploads\/2022\/09\/7e953709ef7b7ee5403d36ab7a435db7-248x300.jpg 248w, https:\/\/havamall.vn\/wp-content\/uploads\/2022\/09\/7e953709ef7b7ee5403d36ab7a435db7-430x520.jpg 430w, https:\/\/havamall.vn\/wp-content\/uploads\/2022\/09\/7e953709ef7b7ee5403d36ab7a435db7-150x181.jpg 150w, https:\/\/havamall.vn\/wp-content\/uploads\/2022\/09\/7e953709ef7b7ee5403d36ab7a435db7-700x846.jpg 700w, https:\/\/havamall.vn\/wp-content\/uploads\/2022\/09\/7e953709ef7b7ee5403d36ab7a435db7-768x929.jpg 768w, https:\/\/havamall.vn\/wp-content\/uploads\/2022\/09\/7e953709ef7b7ee5403d36ab7a435db7-600x725.jpg 600w, https:\/\/havamall.vn\/wp-content\/uploads\/2022\/09\/7e953709ef7b7ee5403d36ab7a435db7.jpg 794w\" sizes=\"(max-width: 457px) 100vw, 457px\" \/><\/p>\n<p><span style=\"font-family: Arial;\">V\u1edbi thi\u1ebft k\u1ebf r\u01b0\u01a1ng v\u00e0ng \u0111\u1eb9p m\u1eaft thu\u1eadn ti\u1ec7n cho vi\u1ec7c trang tr\u00ed tr\u00ean b\u00e0n ph\u00f2ng kh\u00e1ch, k\u1eb9o socolo \u0111\u1ed3ng ti\u1ec1n r\u01b0\u01a1ng v\u00e0ng Th\u00e1i Lan s\u1ebd l\u00e0 m\u1ed9t v\u1eadt trang tr\u00ed v\u00e0 th\u1ee9c \u0103n m\u00e0 c\u00e1c tr\u1ebb r\u1ea5t th\u00edch.<\/span><\/p>\n<p><span style=\"font-family: Arial;\">K\u1eb9o Socola \u0110\u1ed3ng Ti\u1ec1n Gold (R\u01b0\u01a1ng Kho B\u00e1u) 112g\u00a0nh\u01b0 m\u1ed9t m\u00f3n qu\u00e0 trao t\u1eb7ng nhau ng\u00e0y t\u1ebft nh\u01b0 m\u1ed9t l\u1eddi ch\u00fac cho m\u1ed9t n\u0103m m\u01b0a thu\u1eadn gi\u00f3 ho\u00e0 v\u00e0 ph\u00e1t t\u00e0i, \u0111\u1ed3ng th\u1eddi l\u00e0 m\u1ed9t h\u1ed9p trang tr\u00ed tr\u00ean b\u00e0n th\u1edd t\u1ed5 ti\u00ean \u0111\u1eb9p m\u1eaft trong nh\u1eefng ng\u00e0y t\u1ebft.<\/span><\/p>\n<p><img decoding=\"async\" class=\"wp-image-28920 aligncenter\" src=\"https:\/\/havamall.vn\/wp-content\/uploads\/2022\/09\/Hef5b16f8542f47798d7a124752199921t-300x208.jpg\" alt=\"\" width=\"470\" height=\"326\" srcset=\"https:\/\/havamall.vn\/wp-content\/uploads\/2022\/09\/Hef5b16f8542f47798d7a124752199921t-300x208.jpg 300w, https:\/\/havamall.vn\/wp-content\/uploads\/2022\/09\/Hef5b16f8542f47798d7a124752199921t-430x298.jpg 430w, https:\/\/havamall.vn\/wp-content\/uploads\/2022\/09\/Hef5b16f8542f47798d7a124752199921t-150x104.jpg 150w, https:\/\/havamall.vn\/wp-content\/uploads\/2022\/09\/Hef5b16f8542f47798d7a124752199921t-700x484.jpg 700w, https:\/\/havamall.vn\/wp-content\/uploads\/2022\/09\/Hef5b16f8542f47798d7a124752199921t-768x531.jpg 768w, https:\/\/havamall.vn\/wp-content\/uploads\/2022\/09\/Hef5b16f8542f47798d7a124752199921t-1024x708.jpg 1024w, https:\/\/havamall.vn\/wp-content\/uploads\/2022\/09\/Hef5b16f8542f47798d7a124752199921t-220x154.jpg 220w, https:\/\/havamall.vn\/wp-content\/uploads\/2022\/09\/Hef5b16f8542f47798d7a124752199921t-1200x830.jpg 1200w, https:\/\/havamall.vn\/wp-content\/uploads\/2022\/09\/Hef5b16f8542f47798d7a124752199921t-600x415.jpg 600w, https:\/\/havamall.vn\/wp-content\/uploads\/2022\/09\/Hef5b16f8542f47798d7a124752199921t.jpg 1389w\" sizes=\"(max-width: 470px) 100vw, 470px\" \/><\/p>\n<h3><span style=\"font-family: Arial;\"><b>Th\u00e0nh ph\u1ea7n k\u1eb9o s\u00f4 c\u00f4 la \u0111\u1ed3ng ti\u1ec1n v\u00e0ng Choc Coin Th\u00e1i Lan:<\/b><\/span><\/h3>\n<p><span style=\"font-family: Arial;\">Sugar 49.7%, Palm Kernel Fat 28%, Milk Powder 14.5%, Cocoa 4.5%, Chocolate 2.8%, Emulsifier (INS322(i)) 0.3%, Artificial Flavours.<\/span><\/p>\n<h3><span style=\"font-family: Arial;\"><b>H\u01b0\u1edbng d\u1eabn s\u1eed d\u1ee5ng:\u00a0<\/b><\/span><\/h3>\n<p><span style=\"font-family: Arial;\">L\u1ed9t v\u1ecf v\u00e0 \u0103n tr\u1ef1c ti\u1ebfp.<\/span><\/p>","protected":false},"excerpt":{"rendered":"<p>S\u00f4 c\u00f4 la \u0111\u1ed3ng ti\u1ec1n \u0111\u01b0\u1ee3c l\u00e0m t\u1eeb ngu\u1ed3n nguy\u00ean li\u1ec7u an to\u00e0n, \u0111\u01b0\u1ee3c ki\u1ec3m duy\u1ec7t ch\u1eb7t ch\u1ebd, \u0111\u1ea3m b\u1ea3o<\/p>","protected":false},"featured_media":28921,"comment_status":"open","ping_status":"closed","template":"","meta":[],"product_brand":[],"product_cat":[36,133],"product_tag":[],"class_list":{"0":"post-28916","1":"product","2":"type-product","3":"status-publish","4":"has-post-thumbnail","6":"product_cat-thuc-pham-tieu-dung","7":"product_cat-banh-keo-chocolate","9":"first","10":"instock","11":"sale","12":"shipping-taxable","13":"purchasable","14":"product-type-simple"},"_links":{"self":[{"href":"https:\/\/havamall.vn\/en\/wp-json\/wp\/v2\/product\/28916"}],"collection":[{"href":"https:\/\/havamall.vn\/en\/wp-json\/wp\/v2\/product"}],"about":[{"href":"https:\/\/havamall.vn\/en\/wp-json\/wp\/v2\/types\/product"}],"replies":[{"embeddable":true,"href":"https:\/\/havamall.vn\/en\/wp-json\/wp\/v2\/comments?post=28916"}],"version-history":[{"count":0,"href":"https:\/\/havamall.vn\/en\/wp-json\/wp\/v2\/product\/28916\/revisions"}],"wp:featuredmedia":[{"embeddable":true,"href":"https:\/\/havamall.vn\/en\/wp-json\/wp\/v2\/media\/28921"}],"wp:attachment":[{"href":"https:\/\/havamall.vn\/en\/wp-json\/wp\/v2\/media?parent=28916"}],"wp:term":[{"taxonomy":"product_brand","embeddable":true,"href":"https:\/\/havamall.vn\/en\/wp-json\/wp\/v2\/product_brand?post=28916"},{"taxonomy":"product_cat","embeddable":true,"href":"https:\/\/havamall.vn\/en\/wp-json\/wp\/v2\/product_cat?post=28916"},{"taxonomy":"product_tag","embeddable":true,"href":"https:\/\/havamall.vn\/en\/wp-json\/wp\/v2\/product_tag?post=28916"}],"curies":[{"name":"wp","href":"https:\/\/api.w.org\/{rel}","templated":true}]}}