{"id":28910,"date":"2022-09-26T16:46:51","date_gmt":"2022-09-26T09:46:51","guid":{"rendered":"https:\/\/havamall.vn\/?post_type=product&#038;p=28910"},"modified":"2023-02-23T16:24:40","modified_gmt":"2023-02-23T09:24:40","slug":"sua-dac-vi-khoai-lang-tim-dang-tuyp-thai-lan-teapot-150g","status":"publish","type":"product","link":"https:\/\/havamall.vn\/en\/shop\/sua-dac-vi-khoai-lang-tim-dang-tuyp-thai-lan-teapot-150g\/","title":{"rendered":"S\u1eefa \u0110\u1eb7c V\u1ecb Khoai Lang T\u00edm D\u1ea1ng Tu\u00fdp Th\u00e1i Lan Teapot 150G"},"content":{"rendered":"<p>F&amp;N Dairies (Th\u00e1i Lan) Limited \u0111\u00e3 ra m\u1eaft\u00a0 s\u1ea3n ph\u1ea9m\u00a0S\u1eefa \u0111\u1eb7c c\u00f3 \u0111\u01b0\u1eddng\u00a0TEAPOT v\u1edbi h\u01b0\u01a1ng v\u1ecb khoai lang t\u00edm \u0111\u1ec3 c\u00e1c \u0111\u1ea7u b\u1ebfp t\u1ea1i gia c\u00f3 th\u1ec3 t\u1ea1o ra nhi\u1ec1u m\u00f3n tr\u00e1ng mi\u1ec7ng kh\u00e1c nhau ngay t\u1ea1i nh\u00e0.<\/p>\n<p>S\u1eefa \u0111\u1eb7c socola Teapot Th\u00e1i Lan \u0111\u01b0\u1ee3c l\u00e0m t\u1eeb c\u00e1c th\u00e0nh ph\u1ea7n t\u1ef1 nhi\u00ean nguy\u00ean ch\u1ea5t, mang \u0111\u1ebfn h\u01b0\u01a1ng v\u1ecb tuy\u1ec7t v\u1eddi gi\u00fap b\u1ea1n pha ch\u1ebf nhi\u1ec1u m\u00f3n th\u1ee9c u\u1ed1ng cho gia \u0111\u00ecnh. H\u01b0\u01a1ng v\u1ecb socola th\u1eadt l\u00e0 tuy\u1ec7t v\u1eddi.<\/p>\n<p><img fetchpriority=\"high\" decoding=\"async\" class=\"wp-image-28911 aligncenter\" src=\"https:\/\/havamall.vn\/wp-content\/uploads\/2022\/09\/300215515_2007333756120211_6433328081073833943_n-240x300.jpg\" alt=\"\" width=\"559\" height=\"699\" srcset=\"https:\/\/havamall.vn\/wp-content\/uploads\/2022\/09\/300215515_2007333756120211_6433328081073833943_n-240x300.jpg 240w, https:\/\/havamall.vn\/wp-content\/uploads\/2022\/09\/300215515_2007333756120211_6433328081073833943_n-430x538.jpg 430w, https:\/\/havamall.vn\/wp-content\/uploads\/2022\/09\/300215515_2007333756120211_6433328081073833943_n-150x188.jpg 150w, https:\/\/havamall.vn\/wp-content\/uploads\/2022\/09\/300215515_2007333756120211_6433328081073833943_n-700x875.jpg 700w, https:\/\/havamall.vn\/wp-content\/uploads\/2022\/09\/300215515_2007333756120211_6433328081073833943_n-768x960.jpg 768w, https:\/\/havamall.vn\/wp-content\/uploads\/2022\/09\/300215515_2007333756120211_6433328081073833943_n-819x1024.jpg 819w, https:\/\/havamall.vn\/wp-content\/uploads\/2022\/09\/300215515_2007333756120211_6433328081073833943_n-600x750.jpg 600w, https:\/\/havamall.vn\/wp-content\/uploads\/2022\/09\/300215515_2007333756120211_6433328081073833943_n.jpg 1040w\" sizes=\"(max-width: 559px) 100vw, 559px\" \/><\/p>\n<p>S\u1eefa \u0111\u1eb7c c\u00f3 \u0111\u01b0\u1eddng Teapot mang \u0111\u1ebfn v\u1ecb kem b\u00e9o ng\u1eady, th\u01a1m ngon, c\u00f4 \u0111\u1eb7c h\u01a1n s\u1eefa t\u01b0\u01a1i th\u00f4ng th\u01b0\u1eddng.\u00a0N\u00f3 c\u00f3 m\u1ed9t m\u00e0u tr\u1eafng d\u1ec5 ch\u1ecbu v\u00e0 l\u00e0m cho \u0111\u1ed3 u\u1ed1ng v\u00e0 m\u00f3n \u0103n y\u00eau th\u00edch c\u1ee7a b\u1ea1n tr\u1edf n\u00ean ngon mi\u1ec7ng.\u00a0K\u1ebft c\u1ea5u d\u1ea1ng kem b\u00e9o ng\u1eady, \u00eam d\u1ecbu h\u01a1n n\u00ean c\u00f3 th\u1ec3 d\u00f9ng v\u1edbi l\u01b0\u1ee3ng \u00edt h\u01a1n so v\u1edbi s\u1eefa \u0111\u1eb7c th\u00f4ng th\u01b0\u1eddng, kho\u1ea3ng 25-50% l\u01b0\u1ee3ng s\u1eed d\u1ee5ng.<\/p>\n<p><img decoding=\"async\" class=\"wp-image-28912 aligncenter\" src=\"https:\/\/havamall.vn\/wp-content\/uploads\/2022\/09\/297604283_1997384067115180_8854882020698470526_n-276x300.jpg\" alt=\"\" width=\"564\" height=\"613\" srcset=\"https:\/\/havamall.vn\/wp-content\/uploads\/2022\/09\/297604283_1997384067115180_8854882020698470526_n-276x300.jpg 276w, https:\/\/havamall.vn\/wp-content\/uploads\/2022\/09\/297604283_1997384067115180_8854882020698470526_n-430x467.jpg 430w, https:\/\/havamall.vn\/wp-content\/uploads\/2022\/09\/297604283_1997384067115180_8854882020698470526_n-150x163.jpg 150w, https:\/\/havamall.vn\/wp-content\/uploads\/2022\/09\/297604283_1997384067115180_8854882020698470526_n-700x761.jpg 700w, https:\/\/havamall.vn\/wp-content\/uploads\/2022\/09\/297604283_1997384067115180_8854882020698470526_n-768x834.jpg 768w, https:\/\/havamall.vn\/wp-content\/uploads\/2022\/09\/297604283_1997384067115180_8854882020698470526_n-942x1024.jpg 942w, https:\/\/havamall.vn\/wp-content\/uploads\/2022\/09\/297604283_1997384067115180_8854882020698470526_n-600x652.jpg 600w, https:\/\/havamall.vn\/wp-content\/uploads\/2022\/09\/297604283_1997384067115180_8854882020698470526_n.jpg 1040w\" sizes=\"(max-width: 564px) 100vw, 564px\" \/><\/p>\n<p>D\u1ea1ng tu\u00fdp gi\u00fap ng\u01b0\u1eddi d\u00f9ng d\u1ec5 d\u00e0ng \u00e1p d\u1ee5ng s\u1eefa \u0111\u1eb7c c\u00f3 \u0111\u01b0\u1eddng v\u00e0o c\u00e1c m\u00f3n \u0103n c\u1ee7a m\u00ecnh. \u0110\u00f3ng g\u00f3i d\u1ea1ng tu\u00fdp nh\u1ecf g\u1ecdn gi\u00fap b\u1ea1n d\u1ec5 d\u00e0ng mang theo m\u1ecdi n\u01a1i \u0111\u1ec3 c\u00f3 th\u1ec3 s\u1eed d\u1ee5ng b\u1ea5t c\u1ee9 khi n\u00e0o c\u1ea7n.<\/p>\n<p><img decoding=\"async\" class=\"wp-image-28913 aligncenter\" src=\"https:\/\/havamall.vn\/wp-content\/uploads\/2022\/09\/293987956_1982642718589315_4282418847773908918_n-240x300.jpg\" alt=\"\" width=\"555\" height=\"694\" srcset=\"https:\/\/havamall.vn\/wp-content\/uploads\/2022\/09\/293987956_1982642718589315_4282418847773908918_n-240x300.jpg 240w, https:\/\/havamall.vn\/wp-content\/uploads\/2022\/09\/293987956_1982642718589315_4282418847773908918_n-430x538.jpg 430w, https:\/\/havamall.vn\/wp-content\/uploads\/2022\/09\/293987956_1982642718589315_4282418847773908918_n-150x188.jpg 150w, https:\/\/havamall.vn\/wp-content\/uploads\/2022\/09\/293987956_1982642718589315_4282418847773908918_n-700x875.jpg 700w, https:\/\/havamall.vn\/wp-content\/uploads\/2022\/09\/293987956_1982642718589315_4282418847773908918_n-768x960.jpg 768w, https:\/\/havamall.vn\/wp-content\/uploads\/2022\/09\/293987956_1982642718589315_4282418847773908918_n-819x1024.jpg 819w, https:\/\/havamall.vn\/wp-content\/uploads\/2022\/09\/293987956_1982642718589315_4282418847773908918_n-600x750.jpg 600w, https:\/\/havamall.vn\/wp-content\/uploads\/2022\/09\/293987956_1982642718589315_4282418847773908918_n.jpg 1040w\" sizes=\"(max-width: 555px) 100vw, 555px\" \/><\/p>\n<h3><strong>\u0110\u1eb7c \u0111i\u1ec3m n\u1ed5i b\u1eadt c\u1ee7a s\u1ea3n ph\u1ea9m:<\/strong><\/h3>\n<p>\u2013 H\u01b0\u01a1ng v\u1ecb th\u01a1m ngon, v\u1ecb ng\u1ecdt v\u1eeba ph\u1ea3i, v\u1ecb khoai lang t\u00edm \u0111\u1eadm \u0111\u00e0.<\/p>\n<p>\u2013 Thi\u1ebft k\u1ebf d\u1ea1ng tu\u00fdp ti\u1ec7n l\u1ee3i, d\u1ec5 d\u00e0ng \u0111em theo m\u1ecdi l\u00fac m\u1ecdi n\u01a1i v\u00e0 s\u1eed d\u1ee5ng.<\/p>\n<p>\u2013 Kh\u00f4ng ch\u1ee9a ch\u1ea5t b\u1ea3o qu\u1ea3n, h\u01b0\u01a1ng li\u1ec7u t\u1ea1o m\u00e0u nh\u00e2n t\u1ea1o.<\/p>\n<p><img loading=\"lazy\" decoding=\"async\" class=\"wp-image-28914 aligncenter\" src=\"https:\/\/havamall.vn\/wp-content\/uploads\/2022\/09\/288185713_1960423117477942_8128121104628518782_n-240x300.jpg\" alt=\"\" width=\"545\" height=\"681\" srcset=\"https:\/\/havamall.vn\/wp-content\/uploads\/2022\/09\/288185713_1960423117477942_8128121104628518782_n-240x300.jpg 240w, https:\/\/havamall.vn\/wp-content\/uploads\/2022\/09\/288185713_1960423117477942_8128121104628518782_n-430x538.jpg 430w, https:\/\/havamall.vn\/wp-content\/uploads\/2022\/09\/288185713_1960423117477942_8128121104628518782_n-150x188.jpg 150w, https:\/\/havamall.vn\/wp-content\/uploads\/2022\/09\/288185713_1960423117477942_8128121104628518782_n-700x875.jpg 700w, https:\/\/havamall.vn\/wp-content\/uploads\/2022\/09\/288185713_1960423117477942_8128121104628518782_n-768x960.jpg 768w, https:\/\/havamall.vn\/wp-content\/uploads\/2022\/09\/288185713_1960423117477942_8128121104628518782_n-819x1024.jpg 819w, https:\/\/havamall.vn\/wp-content\/uploads\/2022\/09\/288185713_1960423117477942_8128121104628518782_n-600x750.jpg 600w, https:\/\/havamall.vn\/wp-content\/uploads\/2022\/09\/288185713_1960423117477942_8128121104628518782_n.jpg 1040w\" sizes=\"(max-width: 545px) 100vw, 545px\" \/><\/p>\n<h3><strong>H\u01b0\u1edbng d\u1eabn s\u1eed d\u1ee5ng:<\/strong><\/h3>\n<p>\u2013 C\u00f3 th\u1ec3 s\u1eed d\u1ee5ng tr\u1ef1c ti\u1ebfp \u0111\u1ec3 \u0103n v\u1edbi b\u00e1nh m\u1ef3, \u01b0\u1edbp th\u1ef1c ph\u1ea9m.<\/p>\n<p>\u2013 C\u00f3 th\u1ec3 d\u00f9ng \u0111\u1ec3 u\u1ed1ng tr\u1ef1c ti\u1ebfp ho\u1eb7c d\u00f9ng pha ch\u1ebf th\u1ee9c u\u1ed1ng, l\u00e0m b\u00e1nh, l\u00e0m kem, l\u00e0m s\u1eefa chua, pha caf\u00e9\u2026<\/p>\n<p>\u2013\u00a0Ngo\u00e0i ra c\u00f2n c\u00f3 th\u1ec3 r\u01b0\u1edbi l\u00ean b\u00e1nh \u0111\u1ec3 t\u0103ng \u0111\u1ed9 b\u00e9o<\/p>\n<p>\u2013 \u0110\u1ec3 n\u01a1i kh\u00f4 r\u00e1o, tho\u00e1ng m\u00e1t, s\u1ea3n ph\u1ea9m n\u00ean b\u1ea3o qu\u1ea3n trong t\u1ee7 l\u1ea1nh sau khi m\u1edf n\u1eafp.<\/p>\n<p>S\u1ea3n ph\u1ea9m hi\u1ec7n \u0111\u00e3 c\u00f3 m\u1eb7t t\u1ea1i Havamall.<\/p>","protected":false},"excerpt":{"rendered":"<p>F&amp;N Dairies (Th\u00e1i Lan) Limited \u0111\u00e3 ra m\u1eaft\u00a0 s\u1ea3n ph\u1ea9m\u00a0S\u1eefa \u0111\u1eb7c c\u00f3 \u0111\u01b0\u1eddng\u00a0TEAPOT v\u1edbi h\u01b0\u01a1ng v\u1ecb khoai lang t\u00edm \u0111\u1ec3<\/p>","protected":false},"featured_media":28915,"comment_status":"open","ping_status":"closed","template":"","meta":[],"product_brand":[],"product_cat":[36,135],"product_tag":[],"class_list":{"0":"post-28910","1":"product","2":"type-product","3":"status-publish","4":"has-post-thumbnail","6":"product_cat-thuc-pham-tieu-dung","7":"product_cat-sua-do-uong","9":"first","10":"instock","11":"sale","12":"shipping-taxable","13":"purchasable","14":"product-type-simple"},"_links":{"self":[{"href":"https:\/\/havamall.vn\/en\/wp-json\/wp\/v2\/product\/28910"}],"collection":[{"href":"https:\/\/havamall.vn\/en\/wp-json\/wp\/v2\/product"}],"about":[{"href":"https:\/\/havamall.vn\/en\/wp-json\/wp\/v2\/types\/product"}],"replies":[{"embeddable":true,"href":"https:\/\/havamall.vn\/en\/wp-json\/wp\/v2\/comments?post=28910"}],"version-history":[{"count":0,"href":"https:\/\/havamall.vn\/en\/wp-json\/wp\/v2\/product\/28910\/revisions"}],"wp:featuredmedia":[{"embeddable":true,"href":"https:\/\/havamall.vn\/en\/wp-json\/wp\/v2\/media\/28915"}],"wp:attachment":[{"href":"https:\/\/havamall.vn\/en\/wp-json\/wp\/v2\/media?parent=28910"}],"wp:term":[{"taxonomy":"product_brand","embeddable":true,"href":"https:\/\/havamall.vn\/en\/wp-json\/wp\/v2\/product_brand?post=28910"},{"taxonomy":"product_cat","embeddable":true,"href":"https:\/\/havamall.vn\/en\/wp-json\/wp\/v2\/product_cat?post=28910"},{"taxonomy":"product_tag","embeddable":true,"href":"https:\/\/havamall.vn\/en\/wp-json\/wp\/v2\/product_tag?post=28910"}],"curies":[{"name":"wp","href":"https:\/\/api.w.org\/{rel}","templated":true}]}}