{"id":28904,"date":"2022-09-26T16:23:05","date_gmt":"2022-09-26T09:23:05","guid":{"rendered":"https:\/\/havamall.vn\/?post_type=product&#038;p=28904"},"modified":"2023-02-01T17:14:13","modified_gmt":"2023-02-01T10:14:13","slug":"sua-dac-vi-socola-dang-tuyp-thai-lan-teapot-150g","status":"publish","type":"product","link":"https:\/\/havamall.vn\/en\/shop\/sua-dac-vi-socola-dang-tuyp-thai-lan-teapot-150g\/","title":{"rendered":"S\u1eefa \u0110\u1eb7c V\u1ecb Socola D\u1ea1ng Tu\u00fdp Th\u00e1i Lan Teapot 150G"},"content":{"rendered":"<p>S\u1eefa \u0111\u1eb7c socola Teapot Th\u00e1i Lan \u0111\u01b0\u1ee3c l\u00e0m t\u1eeb c\u00e1c th\u00e0nh ph\u1ea7n t\u1ef1 nhi\u00ean nguy\u00ean ch\u1ea5t, mang \u0111\u1ebfn h\u01b0\u01a1ng v\u1ecb tuy\u1ec7t v\u1eddi gi\u00fap b\u1ea1n pha ch\u1ebf nhi\u1ec1u m\u00f3n th\u1ee9c u\u1ed1ng cho gia \u0111\u00ecnh. H\u01b0\u01a1ng v\u1ecb socola th\u1eadt l\u00e0 tuy\u1ec7t v\u1eddi.<\/p>\n<p><img fetchpriority=\"high\" decoding=\"async\" class=\"wp-image-28905 aligncenter\" src=\"https:\/\/havamall.vn\/wp-content\/uploads\/2022\/09\/248429007_1795318117321777_7006404752013528419_n-240x300.jpg\" alt=\"\" width=\"569\" height=\"712\" srcset=\"https:\/\/havamall.vn\/wp-content\/uploads\/2022\/09\/248429007_1795318117321777_7006404752013528419_n-240x300.jpg 240w, https:\/\/havamall.vn\/wp-content\/uploads\/2022\/09\/248429007_1795318117321777_7006404752013528419_n-430x538.jpg 430w, https:\/\/havamall.vn\/wp-content\/uploads\/2022\/09\/248429007_1795318117321777_7006404752013528419_n-150x188.jpg 150w, https:\/\/havamall.vn\/wp-content\/uploads\/2022\/09\/248429007_1795318117321777_7006404752013528419_n-700x875.jpg 700w, https:\/\/havamall.vn\/wp-content\/uploads\/2022\/09\/248429007_1795318117321777_7006404752013528419_n-768x960.jpg 768w, https:\/\/havamall.vn\/wp-content\/uploads\/2022\/09\/248429007_1795318117321777_7006404752013528419_n-819x1024.jpg 819w, https:\/\/havamall.vn\/wp-content\/uploads\/2022\/09\/248429007_1795318117321777_7006404752013528419_n-600x750.jpg 600w, https:\/\/havamall.vn\/wp-content\/uploads\/2022\/09\/248429007_1795318117321777_7006404752013528419_n.jpg 1040w\" sizes=\"(max-width: 569px) 100vw, 569px\" \/><\/p>\n<p>S\u1eefa \u0111\u1eb7c socola Teapot Th\u00e1i Lan l\u00e0 s\u1ea3n ph\u1ea9m \u0111\u01b0\u1ee3c \u01b0a chu\u1ed9ng t\u1ea1i Th\u00e1i Lan. S\u1ea3n ph\u1ea9m mang v\u1ecb ngon c\u1ee7a s\u1eefa t\u01b0\u01a1i ti\u1ec7t tr\u00f9ng, \u0111\u1eadm \u0111\u00e0 h\u01b0\u01a1ng kem, gi\u00e0u canxi v\u00e0 protein, h\u00e0m l\u01b0\u1ee3ng ch\u1ea5t b\u00e9o trong kho\u1ea3ng 8.5%, t\u1ed1t cho s\u1ee9c kh\u1ecfe gia \u0111\u00ecnh.<\/p>\n<p>Th\u00e0nh ph\u1ea7n s\u1eefa bao g\u1ed3m s\u1eefa b\u00f2, ch\u1ea5t b\u00e9o, protein, \u0111\u01b0\u1eddng, socola. Nh\u1eefng th\u00e0nh ph\u1ea7n n\u00e0y \u0111\u1ec1u c\u00f3 l\u1ee3i cho qu\u00e1 tr\u00ecnh t\u0103ng c\u00e2n nhanh cho ng\u01b0\u1eddi g\u1ea7y, nh\u1eefng ng\u01b0\u1eddi k\u00e9n \u0103n, \u0103n kh\u00f4ng ti\u00eau, c\u01a1 th\u1ec3 kh\u00f3 h\u1ea5p th\u1ee5 d\u01b0\u1ee1ng ch\u1ea5t t\u1eeb th\u1ee9c \u0103n th\u00ec s\u1eefa \u0111\u1eb7c l\u1ea1i c\u00f3 th\u1ec3 l\u00e0m t\u1ed1t nhi\u1ec7m v\u1ee5 \u0111\u00f3.<\/p>\n<p><img decoding=\"async\" class=\"wp-image-28906 aligncenter\" src=\"https:\/\/havamall.vn\/wp-content\/uploads\/2022\/09\/241278669_1755750381278551_1047464040160206192_n-240x300.jpg\" alt=\"\" width=\"566\" height=\"708\" srcset=\"https:\/\/havamall.vn\/wp-content\/uploads\/2022\/09\/241278669_1755750381278551_1047464040160206192_n-240x300.jpg 240w, https:\/\/havamall.vn\/wp-content\/uploads\/2022\/09\/241278669_1755750381278551_1047464040160206192_n-430x538.jpg 430w, https:\/\/havamall.vn\/wp-content\/uploads\/2022\/09\/241278669_1755750381278551_1047464040160206192_n-150x188.jpg 150w, https:\/\/havamall.vn\/wp-content\/uploads\/2022\/09\/241278669_1755750381278551_1047464040160206192_n-700x875.jpg 700w, https:\/\/havamall.vn\/wp-content\/uploads\/2022\/09\/241278669_1755750381278551_1047464040160206192_n-768x960.jpg 768w, https:\/\/havamall.vn\/wp-content\/uploads\/2022\/09\/241278669_1755750381278551_1047464040160206192_n-819x1024.jpg 819w, https:\/\/havamall.vn\/wp-content\/uploads\/2022\/09\/241278669_1755750381278551_1047464040160206192_n-600x750.jpg 600w, https:\/\/havamall.vn\/wp-content\/uploads\/2022\/09\/241278669_1755750381278551_1047464040160206192_n.jpg 1040w\" sizes=\"(max-width: 566px) 100vw, 566px\" \/><\/p>\n<p>Pha s\u1eefa \u0111\u1eb7c socola Teapot Th\u00e1i Lan v\u1edbi n\u01b0\u1edbc \u1ea5m u\u1ed1ng v\u00e0o bu\u1ed5i s\u00e1ng, ch\u1ec9 c\u1ea7n \u0111\u1ed5 1 l\u01b0\u1ee3ng s\u1eefa \u0111\u1eb7c ra 1 c\u1ed1c v\u00e0 th\u00eam n\u01b0\u1edbc \u1ea5m, sau \u0111\u00f3 khu\u1ea5y \u0111\u1ec1u cho \u0111\u1ebfn khi s\u1eefa d\u01b0\u1edbi \u0111\u00e1y tan to\u00e0n b\u1ed9. \u0102n nh\u1eb9 v\u00e0o bu\u1ed5i s\u00e1ng v\u1edbi b\u00e1nh m\u00ec ch\u1ee9a tinh b\u1ed9t cung c\u1ea5p n\u0103ng l\u01b0\u1ee3ng cho ng\u00e0y m\u1edbi, \u0103n c\u00f9ng s\u1eefa \u0111\u1eb7c v\u1eeba d\u1ec5 \u0103n, v\u1eeba c\u00f3 th\u1ec3 gi\u00fap t\u0103ng c\u00e2n nhanh ch\u00f3ng.<\/p>\n<p><img decoding=\"async\" class=\"wp-image-28907 aligncenter\" src=\"https:\/\/havamall.vn\/wp-content\/uploads\/2022\/09\/241491619_1765526160300973_6250369645782901628_n-240x300.jpg\" alt=\"\" width=\"568\" height=\"710\" srcset=\"https:\/\/havamall.vn\/wp-content\/uploads\/2022\/09\/241491619_1765526160300973_6250369645782901628_n-240x300.jpg 240w, https:\/\/havamall.vn\/wp-content\/uploads\/2022\/09\/241491619_1765526160300973_6250369645782901628_n-430x538.jpg 430w, https:\/\/havamall.vn\/wp-content\/uploads\/2022\/09\/241491619_1765526160300973_6250369645782901628_n-150x188.jpg 150w, https:\/\/havamall.vn\/wp-content\/uploads\/2022\/09\/241491619_1765526160300973_6250369645782901628_n-700x875.jpg 700w, https:\/\/havamall.vn\/wp-content\/uploads\/2022\/09\/241491619_1765526160300973_6250369645782901628_n-768x960.jpg 768w, https:\/\/havamall.vn\/wp-content\/uploads\/2022\/09\/241491619_1765526160300973_6250369645782901628_n-819x1024.jpg 819w, https:\/\/havamall.vn\/wp-content\/uploads\/2022\/09\/241491619_1765526160300973_6250369645782901628_n-600x750.jpg 600w, https:\/\/havamall.vn\/wp-content\/uploads\/2022\/09\/241491619_1765526160300973_6250369645782901628_n.jpg 1040w\" sizes=\"(max-width: 568px) 100vw, 568px\" \/><\/p>\n<h4><strong>\u0110\u1eb7c \u0111i\u1ec3m n\u1ed5i b\u1eadt c\u1ee7a s\u1ea3n ph\u1ea9m:<\/strong><\/h4>\n<p>\u2013 H\u01b0\u01a1ng v\u1ecb th\u01a1m ngon, v\u1ecb ng\u1ecdt v\u1eeba ph\u1ea3i, v\u1ecb Socola \u0111\u1eadm \u0111\u00e0.<\/p>\n<p>\u2013 Thi\u1ebft k\u1ebf d\u1ea1ng tu\u00fdp ti\u1ec7n l\u1ee3i, d\u1ec5 d\u00e0ng \u0111em theo m\u1ecdi l\u00fac m\u1ecdi n\u01a1i v\u00e0 s\u1eed d\u1ee5ng.<\/p>\n<p>\u2013 Kh\u00f4ng ch\u1ee9a ch\u1ea5t b\u1ea3o qu\u1ea3n, h\u01b0\u01a1ng li\u1ec7u t\u1ea1o m\u00e0u nh\u00e2n t\u1ea1o.<\/p>\n<p><img loading=\"lazy\" decoding=\"async\" class=\"wp-image-28908 aligncenter\" src=\"https:\/\/havamall.vn\/wp-content\/uploads\/2022\/09\/304887665_2017784838408436_7095157549902117050_n-240x300.jpg\" alt=\"\" width=\"561\" height=\"701\" srcset=\"https:\/\/havamall.vn\/wp-content\/uploads\/2022\/09\/304887665_2017784838408436_7095157549902117050_n-240x300.jpg 240w, https:\/\/havamall.vn\/wp-content\/uploads\/2022\/09\/304887665_2017784838408436_7095157549902117050_n-430x538.jpg 430w, https:\/\/havamall.vn\/wp-content\/uploads\/2022\/09\/304887665_2017784838408436_7095157549902117050_n-150x188.jpg 150w, https:\/\/havamall.vn\/wp-content\/uploads\/2022\/09\/304887665_2017784838408436_7095157549902117050_n-700x875.jpg 700w, https:\/\/havamall.vn\/wp-content\/uploads\/2022\/09\/304887665_2017784838408436_7095157549902117050_n-768x960.jpg 768w, https:\/\/havamall.vn\/wp-content\/uploads\/2022\/09\/304887665_2017784838408436_7095157549902117050_n-819x1024.jpg 819w, https:\/\/havamall.vn\/wp-content\/uploads\/2022\/09\/304887665_2017784838408436_7095157549902117050_n-600x750.jpg 600w, https:\/\/havamall.vn\/wp-content\/uploads\/2022\/09\/304887665_2017784838408436_7095157549902117050_n.jpg 1040w\" sizes=\"(max-width: 561px) 100vw, 561px\" \/><\/p>\n<h4><strong>H\u01b0\u1edbng d\u1eabn s\u1eed d\u1ee5ng:<\/strong><\/h4>\n<p>\u2013 C\u00f3 th\u1ec3 s\u1eed d\u1ee5ng tr\u1ef1c ti\u1ebfp \u0111\u1ec3 \u0103n v\u1edbi b\u00e1nh m\u1ef3, \u01b0\u1edbp th\u1ef1c ph\u1ea9m.<\/p>\n<p>\u2013 C\u00f3 th\u1ec3 d\u00f9ng \u0111\u1ec3 u\u1ed1ng tr\u1ef1c ti\u1ebfp ho\u1eb7c d\u00f9ng pha ch\u1ebf th\u1ee9c u\u1ed1ng, l\u00e0m b\u00e1nh, l\u00e0m kem, l\u00e0m s\u1eefa chua, pha caf\u00e9\u2026<\/p>\n<p>\u2013\u00a0Ngo\u00e0i ra c\u00f2n c\u00f3 th\u1ec3 r\u01b0\u1edbi l\u00ean b\u00e1nh \u0111\u1ec3 t\u0103ng \u0111\u1ed9 b\u00e9o<\/p>\n<p>\u2013 \u0110\u1ec3 n\u01a1i kh\u00f4 r\u00e1o, tho\u00e1ng m\u00e1t, s\u1ea3n ph\u1ea9m n\u00ean b\u1ea3o qu\u1ea3n trong t\u1ee7 l\u1ea1nh sau khi m\u1edf n\u1eafp.<\/p>\n<p>S\u1ea3n ph\u1ea9m hi\u1ec7n \u0111\u00e3 c\u00f3 m\u1eb7t t\u1ea1i Havamall.<\/p>","protected":false},"excerpt":{"rendered":"<p>S\u1eefa \u0111\u1eb7c socola Teapot Th\u00e1i Lan \u0111\u01b0\u1ee3c l\u00e0m t\u1eeb c\u00e1c th\u00e0nh ph\u1ea7n t\u1ef1 nhi\u00ean nguy\u00ean ch\u1ea5t, mang \u0111\u1ebfn h\u01b0\u01a1ng v\u1ecb<\/p>","protected":false},"featured_media":28909,"comment_status":"open","ping_status":"closed","template":"","meta":[],"product_brand":[],"product_cat":[36,135],"product_tag":[],"class_list":{"0":"post-28904","1":"product","2":"type-product","3":"status-publish","4":"has-post-thumbnail","6":"product_cat-thuc-pham-tieu-dung","7":"product_cat-sua-do-uong","9":"first","10":"outofstock","11":"sale","12":"shipping-taxable","13":"purchasable","14":"product-type-simple"},"_links":{"self":[{"href":"https:\/\/havamall.vn\/en\/wp-json\/wp\/v2\/product\/28904"}],"collection":[{"href":"https:\/\/havamall.vn\/en\/wp-json\/wp\/v2\/product"}],"about":[{"href":"https:\/\/havamall.vn\/en\/wp-json\/wp\/v2\/types\/product"}],"replies":[{"embeddable":true,"href":"https:\/\/havamall.vn\/en\/wp-json\/wp\/v2\/comments?post=28904"}],"version-history":[{"count":0,"href":"https:\/\/havamall.vn\/en\/wp-json\/wp\/v2\/product\/28904\/revisions"}],"wp:featuredmedia":[{"embeddable":true,"href":"https:\/\/havamall.vn\/en\/wp-json\/wp\/v2\/media\/28909"}],"wp:attachment":[{"href":"https:\/\/havamall.vn\/en\/wp-json\/wp\/v2\/media?parent=28904"}],"wp:term":[{"taxonomy":"product_brand","embeddable":true,"href":"https:\/\/havamall.vn\/en\/wp-json\/wp\/v2\/product_brand?post=28904"},{"taxonomy":"product_cat","embeddable":true,"href":"https:\/\/havamall.vn\/en\/wp-json\/wp\/v2\/product_cat?post=28904"},{"taxonomy":"product_tag","embeddable":true,"href":"https:\/\/havamall.vn\/en\/wp-json\/wp\/v2\/product_tag?post=28904"}],"curies":[{"name":"wp","href":"https:\/\/api.w.org\/{rel}","templated":true}]}}