{"id":28862,"date":"2022-09-19T15:50:39","date_gmt":"2022-09-19T08:50:39","guid":{"rendered":"https:\/\/havamall.vn\/?post_type=product&#038;p=28862"},"modified":"2023-10-30T10:29:50","modified_gmt":"2023-10-30T03:29:50","slug":"tuong-den-pho-2-to-dac-san-gia-lai-250g","status":"publish","type":"product","link":"https:\/\/havamall.vn\/en\/shop\/tuong-den-pho-2-to-dac-san-gia-lai-250g\/","title":{"rendered":"T\u01b0\u01a1ng \u0110en Ph\u1edf 2 T\u00f4 \u0110\u1eb7c S\u1ea3n Gia Lai 250g"},"content":{"rendered":"<p>S\u1ea3n ph\u1ea9m \u0111\u1ea3m b\u1ea3o ch\u1ea5t l\u01b0\u1ee3ng an to\u00e0n, kh\u00f4ng c\u00f3 \u0111\u01b0\u1eddng h\u00f3a h\u1ecdc, kh\u00f4ng ch\u1ee9a h\u00f3a ch\u1ea5t \u0111\u1ed9c h\u1ea1i, mang \u0111\u1ebfn s\u1ef1 an t\u00e2m cho b\u1ea1n.\u00a0T\u01b0\u01a1ng \u0111en ph\u1edf kh\u00f4 c\u00f3 th\u00e0nh ph\u1ea7n an to\u00e0n cho ng\u01b0\u1eddi d\u00f9ng, m\u00e0u s\u1eafc t\u1ef1 nhi\u00ean, th\u01a1m v\u1ecb \u0111\u1eadu n\u00e0nh. T\u01b0\u01a1ng d\u00f9ng v\u1edbi b\u00f2 vi\u00ean, c\u00e1 vi\u00ean, t\u00f4m vi\u00ean, th\u1ecbt chi\u00ean hay n\u01b0\u1edbng, h\u1ea3i s\u1ea3n lu\u1ed9c v\u00e0 \u0111\u1eb7c bi\u1ec7t ngon khi d\u00f9ng v\u1edbi ph\u1edf. T\u01b0\u01a1ng \u0111en l\u00e0m cho m\u00f3n \u0103n th\u00eam h\u01b0\u01a1ng v\u1ecb \u0111\u1eadm \u0111\u00e0, th\u01a1m ngon.<br \/>\n<img fetchpriority=\"high\" decoding=\"async\" class=\"wp-image-28842 aligncenter\" src=\"https:\/\/havamall.vn\/wp-content\/uploads\/2022\/09\/pho-kho3-15244080650982055900006-300x197.png\" alt=\"\" width=\"580\" height=\"381\" srcset=\"https:\/\/havamall.vn\/wp-content\/uploads\/2022\/09\/pho-kho3-15244080650982055900006-300x197.png 300w, https:\/\/havamall.vn\/wp-content\/uploads\/2022\/09\/pho-kho3-15244080650982055900006-430x283.png 430w, https:\/\/havamall.vn\/wp-content\/uploads\/2022\/09\/pho-kho3-15244080650982055900006-150x99.png 150w, https:\/\/havamall.vn\/wp-content\/uploads\/2022\/09\/pho-kho3-15244080650982055900006-700x461.png 700w, https:\/\/havamall.vn\/wp-content\/uploads\/2022\/09\/pho-kho3-15244080650982055900006-768x505.png 768w, https:\/\/havamall.vn\/wp-content\/uploads\/2022\/09\/pho-kho3-15244080650982055900006-1024x674.png 1024w, https:\/\/havamall.vn\/wp-content\/uploads\/2022\/09\/pho-kho3-15244080650982055900006-1200x790.png 1200w, https:\/\/havamall.vn\/wp-content\/uploads\/2022\/09\/pho-kho3-15244080650982055900006-600x395.png 600w, https:\/\/havamall.vn\/wp-content\/uploads\/2022\/09\/pho-kho3-15244080650982055900006.png 2000w\" sizes=\"(max-width: 580px) 100vw, 580px\" \/><\/p>\n<p>T\u01b0\u01a1ng \u0111en \u0111\u01b0\u1ee3c \u0111\u00f3ng l\u1ecd th\u1ee7y tinh c\u00f3 n\u1eafp \u0111\u1eady k\u00edn \u0111\u00e1o, h\u1ee3p v\u1ec7 sinh, d\u00f9ng \u0111\u01b0\u1ee3c l\u00e2u. Ng\u01b0\u1eddi d\u00f9ng c\u00f3 th\u1ec3 b\u1ea3o qu\u1ea3n d\u1ec5 d\u00e0ng n\u01a1i kh\u00f4 m\u00e1t m\u00e0 kh\u00f4ng s\u1ee3 s\u1ea3n ph\u1ea9m h\u01b0 h\u1ecfng hay bi\u1ebfn ch\u1ea5t. \u0110\u00e2y l\u00e0 lo\u1ea1i s\u1ea3n ph\u1ea9m thi\u1ebft y\u1ebfu trong t\u1ee7 b\u1ebfp c\u1ee7a m\u1ed7i gia \u0111\u00ecnh.<\/p>\n<p><img decoding=\"async\" class=\"wp-image-28843 aligncenter\" src=\"https:\/\/havamall.vn\/wp-content\/uploads\/2022\/09\/pho-kho-gia-lai-o-sai-gon-Tung-im-hungry-1-1024x1024-300x268.jpg\" alt=\"\" width=\"586\" height=\"524\" srcset=\"https:\/\/havamall.vn\/wp-content\/uploads\/2022\/09\/pho-kho-gia-lai-o-sai-gon-Tung-im-hungry-1-1024x1024-300x268.jpg 300w, https:\/\/havamall.vn\/wp-content\/uploads\/2022\/09\/pho-kho-gia-lai-o-sai-gon-Tung-im-hungry-1-1024x1024-430x385.jpg 430w, https:\/\/havamall.vn\/wp-content\/uploads\/2022\/09\/pho-kho-gia-lai-o-sai-gon-Tung-im-hungry-1-1024x1024-150x134.jpg 150w, https:\/\/havamall.vn\/wp-content\/uploads\/2022\/09\/pho-kho-gia-lai-o-sai-gon-Tung-im-hungry-1-1024x1024-700x626.jpg 700w, https:\/\/havamall.vn\/wp-content\/uploads\/2022\/09\/pho-kho-gia-lai-o-sai-gon-Tung-im-hungry-1-1024x1024-768x687.jpg 768w, https:\/\/havamall.vn\/wp-content\/uploads\/2022\/09\/pho-kho-gia-lai-o-sai-gon-Tung-im-hungry-1-1024x1024.jpg 1024w, https:\/\/havamall.vn\/wp-content\/uploads\/2022\/09\/pho-kho-gia-lai-o-sai-gon-Tung-im-hungry-1-1024x1024-600x537.jpg 600w\" sizes=\"(max-width: 586px) 100vw, 586px\" \/><\/p>\n<p>T\u01b0\u01a1ng \u0111en \u0111\u01b0\u1ee3c l\u00e0m t\u1eeb nh\u1eefng h\u1ea1t \u0111\u1eadu t\u01b0\u01a1ng v\u00f9ng cao nguy\u00ean, ch\u1eafc m\u1ecbn v\u00e0 to, b\u00f3ng. \u0110\u01b0\u1ee3c n\u1ea5u v\u00e0 \u1ee7 c\u1ef1c k\u00ec c\u00f4ng. T\u01b0\u01a1ng c\u00e0ng \u1ee7 l\u00e2u th\u00ec \u0111\u1ed9 th\u01a1m ngon c\u1ee7a t\u01b0\u01a1ng c\u00e0ng ch\u1eafc, m\u00e0u c\u00e0ng s\u00e1nh m\u1ecbn. N\u00f3 mang l\u1ea1i m\u1ed9t h\u01b0\u01a1ng v\u1ecb th\u01a1m ngon r\u1ea5t ri\u00eang. G\u1eafp m\u1ed9t mi\u1ebfng ph\u1edf, chan th\u00eam ch\u00fat t\u01b0\u01a1ng \u0111en, m\u1ed9t ch\u00fat rau th\u01a1m v\u00e0 \u0103n mi\u1ebfng th\u1ecbt th\u00eam ch\u00fat h\u00e0nh phi b\u1ea1n s\u1ebd c\u1ea3m nh\u1eadn \u0111\u01b0\u1ee3c h\u1ebft v\u1ecb ngon c\u1ee7a m\u00f3n ph\u1edf kh\u00f4. V\u1eeba b\u00e9o b\u00f9i v\u1eeba th\u01a1m ng\u1eady.<\/p>\n<p><img decoding=\"async\" class=\"aligncenter\" src=\"https:\/\/havamall.vn\/wp-content\/uploads\/2022\/09\/maxresdefault.jpg\" alt=\"C\u00e1ch l\u00e0m N\u01af\u1edaC S\u1ed0T T\u01af\u01a0NG \u0110EN \u0103n M\u00ec Kh\u00f4, H\u1ee7 Ti\u1ebfu Kh\u00f4, B\u00fan Tr\u1ed9n, Ch\u1ea5m G\u1ecfi cu\u1ed1n - YouTube\" width=\"585\" height=\"329\" \/><\/p>\n<h3><strong>H\u01b0\u1edbng d\u1eabn s\u1eed d\u1ee5ng:<\/strong><\/h3>\n<p>\u2013 D\u00f9ng \u0111\u1ec3 \u0103n tr\u1ef1c ti\u1ebfp v\u1edbi ph\u1edf, b\u00f2 vi\u00ean, m\u1ef3,\u2026<\/p>\n<p>\u2013 Ch\u1ebf bi\u1ebfn c\u00e1c m\u00f3n \u0103n ho\u1eb7c th\u00eam gia v\u1ecb t\u00f9y th\u00edch<\/p>\n<p><img loading=\"lazy\" decoding=\"async\" class=\"wp-image-28865 aligncenter\" src=\"https:\/\/havamall.vn\/wp-content\/uploads\/2022\/09\/G\u1ecfi-cu\u1ed1n-t\u00f4-768x403-1-300x157.png\" alt=\"\" width=\"587\" height=\"307\" srcset=\"https:\/\/havamall.vn\/wp-content\/uploads\/2022\/09\/G\u1ecfi-cu\u1ed1n-t\u00f4-768x403-1-300x157.png 300w, https:\/\/havamall.vn\/wp-content\/uploads\/2022\/09\/G\u1ecfi-cu\u1ed1n-t\u00f4-768x403-1-430x226.png 430w, https:\/\/havamall.vn\/wp-content\/uploads\/2022\/09\/G\u1ecfi-cu\u1ed1n-t\u00f4-768x403-1-150x79.png 150w, https:\/\/havamall.vn\/wp-content\/uploads\/2022\/09\/G\u1ecfi-cu\u1ed1n-t\u00f4-768x403-1-700x367.png 700w, https:\/\/havamall.vn\/wp-content\/uploads\/2022\/09\/G\u1ecfi-cu\u1ed1n-t\u00f4-768x403-1.png 768w, https:\/\/havamall.vn\/wp-content\/uploads\/2022\/09\/G\u1ecfi-cu\u1ed1n-t\u00f4-768x403-1-600x315.png 600w\" sizes=\"(max-width: 587px) 100vw, 587px\" \/><\/p>\n<h3 id=\"nhung-cong-dung-cua-dau-nanh-den-voi-suc-khoe-6\"><strong>Nh\u1eefng c\u00f4ng d\u1ee5ng c\u1ee7a \u0111\u1eadu n\u00e0nh \u0111en v\u1edbi s\u1ee9c kho\u1ebb:<\/strong><\/h3>\n<p>\u2013 \u0110\u1eadu t\u01b0\u01a1ng \u0111en l\u00e0 v\u1ecb thu\u1ed1c qu\u00fd kh\u00f4ng ch\u1ec9 \u0111\u01b0\u1ee3c \u1ee9ng d\u1ee5ng trong th\u1eddi gian g\u1ea7n \u0111\u00e2y. Tr\u00e1i l\u1ea1i, \u0111\u1eadu t\u01b0\u01a1ng \u0111en \u0111\u00e3 \u0111\u01b0\u1ee3c s\u1eed d\u1ee5ng t\u1eeb r\u1ea5t xa x\u01b0a \u0111\u1ec3 ch\u1eefa b\u1ec7nh v\u00e0 l\u00e0m \u0111\u1eb9p.<\/p>\n<p>\u2013 \u0110\u1eadu t\u01b0\u01a1ng \u0111en l\u00e0 lo\u1ea1i h\u1ea1t ch\u1ee9a nhi\u1ec1u Protein, ch\u1ea5t b\u00e9o, Hydrocacbon, nhi\u1ec1u lo\u1ea1i vitamin quan tr\u1ecdng nh\u01b0 B1, B2, B12\u2026 c\u0169ng nh\u01b0 c\u00e1c lo\u1ea1i kho\u00e1ng ch\u1ea5t nh\u01b0 Kali, s\u1eaft\u2026<\/p>\n<p>\u2013 \u0110\u1eb7c bi\u1ec7t, \u0111\u1eadu t\u01b0\u01a1ng \u0111en ch\u1ee9a h\u00e0m l\u01b0\u1ee3ng Carotenoid, Omega 3, Omega 6 cao h\u01a1n so v\u1edbi \u0111\u1eadu t\u01b0\u01a1ng v\u00e0ng t\u1eeb 10 \u2013 60%.<\/p>\n<p>S\u1ea3n ph\u1ea9m hi\u1ec7n \u0111\u00e3 c\u00f3 m\u1eb7t t\u1ea1i Havamall.<\/p>","protected":false},"excerpt":{"rendered":"<p>S\u1ea3n ph\u1ea9m \u0111\u1ea3m b\u1ea3o ch\u1ea5t l\u01b0\u1ee3ng an to\u00e0n, kh\u00f4ng c\u00f3 \u0111\u01b0\u1eddng h\u00f3a h\u1ecdc, kh\u00f4ng ch\u1ee9a h\u00f3a ch\u1ea5t \u0111\u1ed9c h\u1ea1i, mang<\/p>","protected":false},"featured_media":29257,"comment_status":"open","ping_status":"closed","template":"","meta":[],"product_brand":[],"product_cat":[130,36],"product_tag":[],"class_list":{"0":"post-28862","1":"product","2":"type-product","3":"status-publish","4":"has-post-thumbnail","6":"product_cat-khuyen-mai","7":"product_cat-thuc-pham-tieu-dung","9":"first","10":"instock","11":"sale","12":"shipping-taxable","13":"purchasable","14":"product-type-simple"},"_links":{"self":[{"href":"https:\/\/havamall.vn\/en\/wp-json\/wp\/v2\/product\/28862"}],"collection":[{"href":"https:\/\/havamall.vn\/en\/wp-json\/wp\/v2\/product"}],"about":[{"href":"https:\/\/havamall.vn\/en\/wp-json\/wp\/v2\/types\/product"}],"replies":[{"embeddable":true,"href":"https:\/\/havamall.vn\/en\/wp-json\/wp\/v2\/comments?post=28862"}],"version-history":[{"count":0,"href":"https:\/\/havamall.vn\/en\/wp-json\/wp\/v2\/product\/28862\/revisions"}],"wp:featuredmedia":[{"embeddable":true,"href":"https:\/\/havamall.vn\/en\/wp-json\/wp\/v2\/media\/29257"}],"wp:attachment":[{"href":"https:\/\/havamall.vn\/en\/wp-json\/wp\/v2\/media?parent=28862"}],"wp:term":[{"taxonomy":"product_brand","embeddable":true,"href":"https:\/\/havamall.vn\/en\/wp-json\/wp\/v2\/product_brand?post=28862"},{"taxonomy":"product_cat","embeddable":true,"href":"https:\/\/havamall.vn\/en\/wp-json\/wp\/v2\/product_cat?post=28862"},{"taxonomy":"product_tag","embeddable":true,"href":"https:\/\/havamall.vn\/en\/wp-json\/wp\/v2\/product_tag?post=28862"}],"curies":[{"name":"wp","href":"https:\/\/api.w.org\/{rel}","templated":true}]}}