{"id":28838,"date":"2022-09-15T11:37:55","date_gmt":"2022-09-15T04:37:55","guid":{"rendered":"https:\/\/havamall.vn\/?post_type=product&#038;p=28838"},"modified":"2022-09-21T17:26:59","modified_gmt":"2022-09-21T10:26:59","slug":"thung-12-hu-sot-my-spaghetti-arrabbiata-divella-340g-salsa-arrabbiata-sauce","status":"publish","type":"product","link":"https:\/\/havamall.vn\/en\/shop\/thung-12-hu-sot-my-spaghetti-arrabbiata-divella-340g-salsa-arrabbiata-sauce\/","title":{"rendered":"Th\u00f9ng 12 H\u1ee7 S\u1ed1t M\u1ef3 Spaghetti Arrabbiata Divella 340g \u2013 Salsa Arrabbiata Sauce"},"content":{"rendered":"<h3><strong>TH\u00d4NG TIN TH\u01af\u01a0NG HI\u1ec6U<\/strong><\/h3>\n<p>Divella l\u00e0 c\u00f4ng ty c\u00f3 l\u1ecbch s\u1eed h\u01a1n 130 n\u0103m trong ng\u00e0nh ch\u1ebf bi\u1ebfn m\u1ef3 pastase molina t\u1eeb b\u1ed9t m\u00ec durum. N\u0103m 1890, \u00f4ng Francesco Divella \u0111\u00e3 x\u00e2y d\u1ef1ng nh\u00e0 m\u00e1y b\u1ed9t m\u00ec \u0111\u1ea7u ti\u00ean t\u1ea1i Rutigliano \u1edf mi\u1ec1n \u0110\u00f4ng Nam n\u01b0\u1edbc \u00dd, tr\u00e1i tim c\u1ee7a v\u00f9ng \u0111\u1ed3ng b\u1eb1ng Apulian, n\u1ed5i ti\u1ebfng l\u00e0 n\u01a1i c\u00f3 ch\u1ea5t l\u01b0\u1ee3ng b\u1ed9t m\u00ec t\u1ed1t nh\u1ea5t n\u01b0\u1edbc.<\/p>\n<p>Hi\u1ec7n Divella \u0111ang \u0111\u01b0\u1ee3c xu\u1ea5t kh\u1ea9u \u0111i h\u01a1n 100 n\u01b0\u1edbc v\u00e0 \u0111\u00e3 \u0111ang chi\u1ebfm v\u1ecb tr\u00ed s\u1ed1 1 t\u1ea1i th\u1ecb tr\u01b0\u1eddng nhi\u1ec1u n\u01b0\u1edbc tr\u00ean th\u1ebf gi\u1edbi.<\/p>\n<p><img fetchpriority=\"high\" decoding=\"async\" class=\"wp-image-28884 aligncenter\" src=\"https:\/\/havamall.vn\/wp-content\/uploads\/2022\/09\/274933577_970713456796133_8186169965235841110_n-300x209.jpg\" alt=\"\" width=\"726\" height=\"506\" srcset=\"https:\/\/havamall.vn\/wp-content\/uploads\/2022\/09\/274933577_970713456796133_8186169965235841110_n-300x209.jpg 300w, https:\/\/havamall.vn\/wp-content\/uploads\/2022\/09\/274933577_970713456796133_8186169965235841110_n-430x300.jpg 430w, https:\/\/havamall.vn\/wp-content\/uploads\/2022\/09\/274933577_970713456796133_8186169965235841110_n-150x105.jpg 150w, https:\/\/havamall.vn\/wp-content\/uploads\/2022\/09\/274933577_970713456796133_8186169965235841110_n-700x489.jpg 700w, https:\/\/havamall.vn\/wp-content\/uploads\/2022\/09\/274933577_970713456796133_8186169965235841110_n-768x536.jpg 768w, https:\/\/havamall.vn\/wp-content\/uploads\/2022\/09\/274933577_970713456796133_8186169965235841110_n-1024x715.jpg 1024w, https:\/\/havamall.vn\/wp-content\/uploads\/2022\/09\/274933577_970713456796133_8186169965235841110_n-220x154.jpg 220w, https:\/\/havamall.vn\/wp-content\/uploads\/2022\/09\/274933577_970713456796133_8186169965235841110_n-1200x838.jpg 1200w, https:\/\/havamall.vn\/wp-content\/uploads\/2022\/09\/274933577_970713456796133_8186169965235841110_n-600x419.jpg 600w, https:\/\/havamall.vn\/wp-content\/uploads\/2022\/09\/274933577_970713456796133_8186169965235841110_n.jpg 2048w\" sizes=\"(max-width: 726px) 100vw, 726px\" \/><\/p>\n<p><span style=\"font-weight: 400\">S\u1ed1t arrabbiata l\u00e0 m\u1ed9t lo\u1ea1i s\u1ed1t c\u1ed5 \u0111i\u1ec3n v\u1edbi c\u00e0 chua, \u1edbt \u0111\u1ecf nghi\u1ec1n v\u00e0 nhi\u1ec1u t\u1ecfi, \u0111\u01b0\u1ee3c n\u1ea5u theo ki\u1ec3u n\u00f3ng, b\u1ed1c l\u1eeda v\u1edbi t\u1ecfi, c\u00e0 chua v\u00e0 \u1edbt.\u00a0<\/span><span style=\"font-weight: 400\">\u0110\u00f3 l\u00e0 m\u1ed9t lo\u1ea1i s\u1ed1t c\u00e0 chua cay c\u00f3 ngu\u1ed3n g\u1ed1c t\u1eeb Rome, \u00dd.<\/span><\/p>\n<p><span style=\"font-weight: 400\">Trong ti\u1ebfng \u00dd, arrabbiata c\u00f3 ngh\u0129a l\u00e0 \u0111i\u00ean ho\u1eb7c ph\u1eabn n\u1ed9. \u0110\u00e2y l\u00e0 l\u00fd do t\u1ea1i sao n\u01b0\u1edbc s\u1ed1t n\u00e0y c\u00f3 v\u1ecb cay v\u00e0 n\u00f3ng.<\/span><span style=\"font-weight: 400\">\u00a0\u0110\u00f3 l\u00e0 m\u1ed9t lo\u1ea1i s\u1ed1t s\u00e1nh m\u1ecbn, tan ch\u1ea3y trong mi\u1ec7ng. M\u1ed9t s\u1ef1 pha tr\u1ed9n th\u01a1m ngon c\u1ee7a c\u00e0 chua \u00dd v\u00e0 c\u00e1c lo\u1ea1i gia v\u1ecb th\u01b0\u1ee3ng h\u1ea1ng.<\/span><\/p>\n<p><img decoding=\"async\" class=\"wp-image-22733 aligncenter\" src=\"https:\/\/havamall.vn\/wp-content\/uploads\/2021\/10\/s\u1ed1t-ch\u00e0-chua-300x193.png\" alt=\"\" width=\"715\" height=\"460\" srcset=\"https:\/\/havamall.vn\/wp-content\/uploads\/2021\/10\/s\u1ed1t-ch\u00e0-chua-300x193.png 300w, https:\/\/havamall.vn\/wp-content\/uploads\/2021\/10\/s\u1ed1t-ch\u00e0-chua-430x276.png 430w, https:\/\/havamall.vn\/wp-content\/uploads\/2021\/10\/s\u1ed1t-ch\u00e0-chua-150x96.png 150w, https:\/\/havamall.vn\/wp-content\/uploads\/2021\/10\/s\u1ed1t-ch\u00e0-chua-700x450.png 700w, https:\/\/havamall.vn\/wp-content\/uploads\/2021\/10\/s\u1ed1t-ch\u00e0-chua-768x494.png 768w, https:\/\/havamall.vn\/wp-content\/uploads\/2021\/10\/s\u1ed1t-ch\u00e0-chua-600x386.png 600w, https:\/\/havamall.vn\/wp-content\/uploads\/2021\/10\/s\u1ed1t-ch\u00e0-chua.png 1000w\" sizes=\"(max-width: 715px) 100vw, 715px\" \/><\/p>\n<p><span style=\"font-weight: 400\">S\u1ed1t Arrabbiata Divella kh\u00f4ng c\u00f3 th\u00eam ch\u1ea5t b\u1ea3o qu\u1ea3n, t\u1ea5t c\u1ea3 c\u00e1c th\u00e0nh ph\u1ea7n t\u1ef1 nhi\u00ean n\u00e0y \u0111\u01b0\u1ee3c n\u1ea5u ch\u00edn t\u1eeb t\u1eeb \u0111\u1ec3 t\u1ea1o ra m\u1ed9t lo\u1ea1i n\u01b0\u1edbc s\u1ed1t \u0111\u1eb7c ngon. Kh\u00f4ng ch\u1ee9a gluten.<\/span><\/p>\n<p><img decoding=\"async\" class=\"wp-image-22731 aligncenter\" src=\"https:\/\/havamall.vn\/wp-content\/uploads\/2021\/10\/s\u1ed1t-cag-chua-1-300x225.png\" alt=\"\" width=\"691\" height=\"519\" srcset=\"https:\/\/havamall.vn\/wp-content\/uploads\/2021\/10\/s\u1ed1t-cag-chua-1-300x225.png 300w, https:\/\/havamall.vn\/wp-content\/uploads\/2021\/10\/s\u1ed1t-cag-chua-1-430x323.png 430w, https:\/\/havamall.vn\/wp-content\/uploads\/2021\/10\/s\u1ed1t-cag-chua-1-150x113.png 150w, https:\/\/havamall.vn\/wp-content\/uploads\/2021\/10\/s\u1ed1t-cag-chua-1-700x525.png 700w, https:\/\/havamall.vn\/wp-content\/uploads\/2021\/10\/s\u1ed1t-cag-chua-1-768x576.png 768w, https:\/\/havamall.vn\/wp-content\/uploads\/2021\/10\/s\u1ed1t-cag-chua-1-1024x768.png 1024w, https:\/\/havamall.vn\/wp-content\/uploads\/2021\/10\/s\u1ed1t-cag-chua-1-1200x900.png 1200w, https:\/\/havamall.vn\/wp-content\/uploads\/2021\/10\/s\u1ed1t-cag-chua-1-600x450.png 600w, https:\/\/havamall.vn\/wp-content\/uploads\/2021\/10\/s\u1ed1t-cag-chua-1.png 2000w\" sizes=\"(max-width: 691px) 100vw, 691px\" \/><\/p>\n<h3><strong>\u0110\u1eb7c \u0111i\u1ec3m n\u1ed5i b\u1eadt c\u1ee7a s\u1ea3n ph\u1ea9m:<\/strong><\/h3>\n<p><span style=\"font-weight: 400\">&#8211; Ch\u1ec9 c\u1ea7n m\u1ed9t th\u00eca nh\u1ecf c\u00f3 th\u1ec3 bi\u1ebfn \u0111\u1ed5i m\u1ed9t m\u00f3n \u0103n, truy\u1ec1n h\u01b0\u01a1ng v\u1ecb m\u1edbi gi\u00fap nh\u1eefng ng\u01b0\u1eddi k\u00e9n \u0103n th\u1eed c\u00e1c m\u00f3n \u0103n m\u1edbi.<\/span><\/p>\n<p><span style=\"font-weight: 400\">&#8211; S\u1ea3n ph\u1ea9m \u0111\u01b0\u1ee3c s\u1ea3n xu\u1ea5t theo c\u00f4ng ngh\u1ec7 Ch\u00e2u \u00c2u hi\u1ec7n \u0111\u1ea1i v\u1edbi d\u00e2y chuy\u1ec1n kh\u00e9p k\u00edn nghi\u00eam ng\u1eb7t.<\/span><\/p>\n<p><span style=\"font-weight: 400\">&#8211; S\u1ed1t c\u00e0 chua \u1edbt Arrabbiata Divella 400g l\u00e0 d\u00f2ng s\u1ed1t c\u00e0 chua truy\u1ec1n th\u1ed1ng.<\/span><\/p>\n<p><span style=\"font-weight: 400\">&#8211; S\u1ed1t arrabbiata l\u00e0 m\u1ed9t lo\u1ea1i s\u1ed1t c\u1ed5 \u0111i\u1ec3n v\u1edbi c\u00e0 chua, \u1edbt \u0111\u1ecf nghi\u1ec1n v\u00e0 nhi\u1ec1u t\u1ecfi, \u0111\u01b0\u1ee3c n\u1ea5u theo ki\u1ec3u n\u00f3ng, b\u1ed1c l\u1eeda v\u1edbi t\u1ecfi, c\u00e0 chua v\u00e0 \u1edbt.<\/span><\/p>\n<p><span style=\"font-weight: 400\">&#8211; \u0110\u00f3 l\u00e0 m\u1ed9t lo\u1ea1i s\u1ed1t c\u00e0 chua cay c\u00f3 ngu\u1ed3n g\u1ed1c t\u1eeb Rome, \u00dd.<\/span><\/p>\n<p>S\u1ea3n ph\u1ea9m hi\u1ec7n \u0111\u00e3 c\u00f3 m\u1eb7t t\u1ea1i Havamall.<\/p>\n<p><img loading=\"lazy\" decoding=\"async\" class=\"wp-image-22730 aligncenter\" src=\"https:\/\/havamall.vn\/wp-content\/uploads\/2021\/10\/s\u1ed1t-c\u00e0-chua-1-300x300.png\" alt=\"\" width=\"695\" height=\"695\" srcset=\"https:\/\/havamall.vn\/wp-content\/uploads\/2021\/10\/s\u1ed1t-c\u00e0-chua-1-300x300.png 300w, https:\/\/havamall.vn\/wp-content\/uploads\/2021\/10\/s\u1ed1t-c\u00e0-chua-1-430x430.png 430w, https:\/\/havamall.vn\/wp-content\/uploads\/2021\/10\/s\u1ed1t-c\u00e0-chua-1-150x150.png 150w, https:\/\/havamall.vn\/wp-content\/uploads\/2021\/10\/s\u1ed1t-c\u00e0-chua-1-700x700.png 700w, https:\/\/havamall.vn\/wp-content\/uploads\/2021\/10\/s\u1ed1t-c\u00e0-chua-1-768x768.png 768w, https:\/\/havamall.vn\/wp-content\/uploads\/2021\/10\/s\u1ed1t-c\u00e0-chua-1-1024x1024.png 1024w, https:\/\/havamall.vn\/wp-content\/uploads\/2021\/10\/s\u1ed1t-c\u00e0-chua-1-600x600.png 600w, https:\/\/havamall.vn\/wp-content\/uploads\/2021\/10\/s\u1ed1t-c\u00e0-chua-1-100x100.png 100w, https:\/\/havamall.vn\/wp-content\/uploads\/2021\/10\/s\u1ed1t-c\u00e0-chua-1.png 1080w\" sizes=\"(max-width: 695px) 100vw, 695px\" \/><\/p>","protected":false},"excerpt":{"rendered":"<p>TH\u00d4NG TIN TH\u01af\u01a0NG HI\u1ec6U Divella l\u00e0 c\u00f4ng ty c\u00f3 l\u1ecbch s\u1eed h\u01a1n 130 n\u0103m trong ng\u00e0nh ch\u1ebf bi\u1ebfn m\u1ef3 pastase<\/p>","protected":false},"featured_media":28839,"comment_status":"open","ping_status":"closed","template":"","meta":[],"product_brand":[],"product_cat":[40,36],"product_tag":[],"class_list":{"0":"post-28838","1":"product","2":"type-product","3":"status-publish","4":"has-post-thumbnail","6":"product_cat-sieuthi-giasi","7":"product_cat-thuc-pham-tieu-dung","8":"pa_brand-divella","10":"first","11":"instock","12":"sale","13":"shipping-taxable","14":"purchasable","15":"product-type-simple"},"_links":{"self":[{"href":"https:\/\/havamall.vn\/en\/wp-json\/wp\/v2\/product\/28838"}],"collection":[{"href":"https:\/\/havamall.vn\/en\/wp-json\/wp\/v2\/product"}],"about":[{"href":"https:\/\/havamall.vn\/en\/wp-json\/wp\/v2\/types\/product"}],"replies":[{"embeddable":true,"href":"https:\/\/havamall.vn\/en\/wp-json\/wp\/v2\/comments?post=28838"}],"version-history":[{"count":0,"href":"https:\/\/havamall.vn\/en\/wp-json\/wp\/v2\/product\/28838\/revisions"}],"wp:featuredmedia":[{"embeddable":true,"href":"https:\/\/havamall.vn\/en\/wp-json\/wp\/v2\/media\/28839"}],"wp:attachment":[{"href":"https:\/\/havamall.vn\/en\/wp-json\/wp\/v2\/media?parent=28838"}],"wp:term":[{"taxonomy":"product_brand","embeddable":true,"href":"https:\/\/havamall.vn\/en\/wp-json\/wp\/v2\/product_brand?post=28838"},{"taxonomy":"product_cat","embeddable":true,"href":"https:\/\/havamall.vn\/en\/wp-json\/wp\/v2\/product_cat?post=28838"},{"taxonomy":"product_tag","embeddable":true,"href":"https:\/\/havamall.vn\/en\/wp-json\/wp\/v2\/product_tag?post=28838"}],"curies":[{"name":"wp","href":"https:\/\/api.w.org\/{rel}","templated":true}]}}