{"id":28806,"date":"2022-09-14T14:52:52","date_gmt":"2022-09-14T07:52:52","guid":{"rendered":"https:\/\/havamall.vn\/?post_type=product&#038;p=28806"},"modified":"2025-03-18T14:38:56","modified_gmt":"2025-03-18T07:38:56","slug":"thung-24-goi-nui-penne-so-27-divella-500g-box-24-packs-of-penne-ziti-rigate-27","status":"publish","type":"product","link":"https:\/\/havamall.vn\/en\/shop\/thung-24-goi-nui-penne-so-27-divella-500g-box-24-packs-of-penne-ziti-rigate-27\/","title":{"rendered":"Th\u00f9ng 24 G\u00f3i Nui Penne S\u1ed1 27 Divella 500g &#8211; Box 24 Packs Of Penne Ziti Rigate 27"},"content":{"rendered":"<p>Divellal\u00e0 c\u00f4ng ty c\u00f3 l\u1ecbch s\u1eed h\u01a1n 130 n\u0103m trong ng\u00e0nh ch\u1ebf bi\u1ebfn m\u1ef3 pastase molina t\u1eeb b\u1ed9t m\u00ec durum. N\u0103m 1890, \u00f4ng Francesco Divella \u0111\u00e3 x\u00e2y d\u1ef1ng nh\u00e0 m\u00e1y b\u1ed9t m\u00ec \u0111\u1ea7u ti\u00ean t\u1ea1i Rutigliano \u1edf mi\u1ec1n \u0110\u00f4ng Nam n\u01b0\u1edbc \u00dd, tr\u00e1i tim c\u1ee7a v\u00f9ng \u0111\u1ed3ng b\u1eb1ng Apulian, n\u1ed5i ti\u1ebfng l\u00e0 n\u01a1i c\u00f3 ch\u1ea5t l\u01b0\u1ee3ng b\u1ed9t m\u00ec t\u1ed1t nh\u1ea5t n\u01b0\u1edbc.<\/p>\n<p>V\u1edbi truy\u1ec1n th\u1ed1ng, kinh nghi\u1ec7m v\u00e0 k\u1ef9 thu\u1eadt, Divella lu\u00f4n cho ra \u0111\u1eddi c\u00e1c s\u1ea3n ph\u1ea9m ch\u1ea5t l\u01b0\u1ee3ng \u0111\u01b0\u1ee3c kh\u1eb3ng \u0111\u1ecbnh t\u1eeb vi\u1ec7c l\u1ef1a ch\u1ecdn nguy\u00ean li\u1ec7u, ph\u01b0\u01a1ng th\u1ee9c s\u1ea3n xu\u1ea5t \u0111\u1ebfn vi\u1ec7c \u0111\u00f3ng g\u00f3i s\u1ea3n ph\u1ea9m. Nh\u1eefng y\u00eau c\u1ea7u kh\u1eaft khe nh\u1ea5t \u0111\u01b0\u1ee3c \u00e1p d\u1ee5ng \u0111\u1ec3 \u0111\u1ea3m b\u1ea3o 100% nh\u1eefng quy \u0111\u1ecbnh v\u1ec1 an to\u00e0n v\u1ec7 sinh th\u1ef1c ph\u1ea9m.<\/p>\n<p><img fetchpriority=\"high\" decoding=\"async\" class=\"wp-image-28884 aligncenter\" src=\"https:\/\/havamall.vn\/wp-content\/uploads\/2025\/03\/274933577_970713456796133_8186169965235841110_n-300x209.jpg\" alt=\"\" width=\"559\" height=\"389\" \/><\/p>\n<p>Penne l\u00e0 m\u1ed9t trong nh\u1eefng lo\u1ea1i m\u00ec \u00dd n\u1ed5i ti\u1ebfng. Penne c\u00f3 ngh\u0129a l\u00e0 \u201d b\u00fat \u201d trong ti\u1ebfng \u00dd, \u0111\u01b0\u1ee3c \u0111\u1eb7t b\u1edfi ki\u1ec3u d\u00e1ng c\u1ee7a nui. Nui Penne c\u00f3 h\u00ecnh \u1ed1ng v\u1edbi k\u1ebft th\u00fac c\u1eaft g\u00f3c c\u1ea1nh tr\u00f4ng gi\u1ed1ng nh\u01b0 m\u1ed9t c\u00e2y b\u00fat l\u00f4ng, cho ph\u00e9p nui gi\u1eef n\u01b0\u1edbc s\u1ed1t nhi\u1ec1u h\u01a1n n\u1eefa.<\/p>\n<p><img decoding=\"async\" class=\"wp-image-28807 aligncenter\" src=\"https:\/\/havamall.vn\/wp-content\/uploads\/2025\/03\/259953571_5087820894579813_1019019771188794990_n-240x300.jpg\" alt=\"\" width=\"551\" height=\"689\" \/><\/p>\n<p>H\u00ecnh d\u1ea1ng c\u1ee7a lo\u1ea1i nui \u0111\u01b0\u1ee3c thi\u1ebft k\u1ebf \u0111\u1eb7c bi\u1ec7t v\u1edbi g\u00f3c c\u1eaft x\u00e9o, gi\u00fap n\u00f3 k\u1ebft h\u1ee3p ho\u00e0n h\u1ea3o v\u1edbi b\u1ea5t k\u00ec lo\u1ea1i s\u1ed1t n\u00e0o. S\u1ea3n ph\u1ea9m n\u00e0y s\u1ebd \u0111\u00e1p \u1ee9ng s\u1edf th\u00edch c\u1ee7a b\u1ea1n v\u00e0 mang l\u1ea1i cho b\u1ea1n m\u1ed9t b\u1eefa \u0103n ngon.<\/p>\n<div>Nui \u0111\u01b0\u1ee3c ch\u1ebf bi\u1ebfn t\u1eeb h\u1ea1t m\u00ec c\u1ee9ng v\u00e0 tr\u1ee9ng, gia v\u1ecb qua quy tr\u00ecnh s\u1ea3n xu\u1ea5t kh\u00e9p k\u00edn d\u01b0\u1edbi s\u1ef1 gi\u00e1m s\u00e1t v\u00e0 ki\u1ec3m tra nghi\u00eam ng\u1eb7t \u0111\u1ec3 t\u1ea1o ra mi\u1ebfng nui dai, v\u00e0ng \u00f3ng.<\/div>\n<div><img decoding=\"async\" class=\"wp-image-28808 aligncenter\" src=\"https:\/\/havamall.vn\/wp-content\/uploads\/2025\/03\/275134491_5442232295805336_1169801284453534534_n-294x300.jpg\" alt=\"\" width=\"558\" height=\"569\" \/><\/div>\n<h3><strong>\u0110\u1eb7c \u0111i\u1ec3m n\u1ed5i b\u1eadt c\u1ee7a s\u1ea3n ph\u1ea9m:<\/strong><\/h3>\n<p>&#8211; C\u00e1c nguy\u00ean li\u1ec7u \u0111\u1ec1u l\u1ea5y t\u1eeb t\u1ef1 nhi\u00ean, kh\u00f4ng ch\u1ee9a h\u00f3a ch\u1ea5t, kh\u00f4ng s\u1eed d\u1ee5ng ch\u1ea5t b\u1ea3o qu\u1ea3n, \u0111\u1ea1t y\u00eau c\u1ea7u anto\u00e0n v\u1ec7 sinh th\u1ef1c ph\u1ea9m.<\/p>\n<p>&#8211; S\u1ea3n ph\u1ea9m cung c\u1ea5p h\u00e0m l\u01b0\u1ee3ng tinh b\u1ed9t, protein \u0111\u00e1ng k\u1ec3 v\u00e0 cung c\u1ea5p ngu\u1ed3n n\u0103ng l\u01b0\u1ee3ng d\u1ed3i d\u00e0o cho c\u01a1 th\u1ec3 su\u1ed1t ng\u00e0y d\u00e0i ho\u1ea1t \u0111\u1ed9ng.<\/p>\n<p>&#8211; Nui d\u1ea1ng xo\u1eafn v\u1eeba, dai, d\u1ec5 \u0103n, c\u00f3 th\u1ec3 ch\u1ebf bi\u1ebfn th\u00e0nh nhi\u1ec1u m\u00f3n \u0103n kh\u00e1c nhau nh\u01b0 nui x\u00e0o rau c\u1ee7, nui x\u00e0o h\u1ea3i s\u1ea3n, h\u1ee7 ti\u1ebfu nui,\u2026<\/p>\n<p>&#8211; S\u1ea3n ph\u1ea9m \u0111\u01b0\u1ee3c \u0111\u00f3ng g\u00f3i k\u1ef9 l\u01b0\u1ee1ng, thu\u1eadn l\u1ee3i cho b\u1ea1n mang \u0111i du l\u1ecbch hay d\u00e3 ngo\u1ea1i c\u00f9ng b\u1ea1n b\u00e8, ng\u01b0\u1eddi th\u00e2n.<\/p>\n<p>S\u1ea3n ph\u1ea9m hi\u1ec7n \u0111\u00e3 c\u00f3 m\u1eb7t t\u1ea1i Havamall.<\/p>\n<p><img loading=\"lazy\" decoding=\"async\" class=\"wp-image-28809 aligncenter\" src=\"https:\/\/havamall.vn\/wp-content\/uploads\/2025\/03\/280803541_5639073472787883_7869045465223616909_n-300x252.png\" alt=\"\" width=\"564\" height=\"474\" \/><\/p>","protected":false},"excerpt":{"rendered":"<p>Divellal\u00e0 c\u00f4ng ty c\u00f3 l\u1ecbch s\u1eed h\u01a1n 130 n\u0103m trong ng\u00e0nh ch\u1ebf bi\u1ebfn m\u1ef3 pastase molina t\u1eeb b\u1ed9t m\u00ec durum.<\/p>","protected":false},"featured_media":28810,"comment_status":"open","ping_status":"closed","template":"","meta":[],"product_brand":[],"product_cat":[672,40,36,134],"product_tag":[],"class_list":{"0":"post-28806","1":"product","2":"type-product","3":"status-publish","4":"has-post-thumbnail","6":"product_cat-nhap-khau-y","7":"product_cat-sieuthi-giasi","8":"product_cat-thuc-pham-tieu-dung","9":"product_cat-thucpham-saykho","10":"pa_brand-divella","12":"first","13":"instock","14":"sale","15":"shipping-taxable","16":"purchasable","17":"product-type-simple"},"_links":{"self":[{"href":"https:\/\/havamall.vn\/en\/wp-json\/wp\/v2\/product\/28806"}],"collection":[{"href":"https:\/\/havamall.vn\/en\/wp-json\/wp\/v2\/product"}],"about":[{"href":"https:\/\/havamall.vn\/en\/wp-json\/wp\/v2\/types\/product"}],"replies":[{"embeddable":true,"href":"https:\/\/havamall.vn\/en\/wp-json\/wp\/v2\/comments?post=28806"}],"version-history":[{"count":0,"href":"https:\/\/havamall.vn\/en\/wp-json\/wp\/v2\/product\/28806\/revisions"}],"wp:featuredmedia":[{"embeddable":true,"href":"https:\/\/havamall.vn\/en\/wp-json\/wp\/v2\/media\/28810"}],"wp:attachment":[{"href":"https:\/\/havamall.vn\/en\/wp-json\/wp\/v2\/media?parent=28806"}],"wp:term":[{"taxonomy":"product_brand","embeddable":true,"href":"https:\/\/havamall.vn\/en\/wp-json\/wp\/v2\/product_brand?post=28806"},{"taxonomy":"product_cat","embeddable":true,"href":"https:\/\/havamall.vn\/en\/wp-json\/wp\/v2\/product_cat?post=28806"},{"taxonomy":"product_tag","embeddable":true,"href":"https:\/\/havamall.vn\/en\/wp-json\/wp\/v2\/product_tag?post=28806"}],"curies":[{"name":"wp","href":"https:\/\/api.w.org\/{rel}","templated":true}]}}