{"id":28787,"date":"2022-09-14T10:37:45","date_gmt":"2022-09-14T03:37:45","guid":{"rendered":"https:\/\/havamall.vn\/?post_type=product&#038;p=28787"},"modified":"2024-09-20T10:37:54","modified_gmt":"2024-09-20T03:37:54","slug":"thung-24-goi-mi-y-soi-manh-spaghettini-divella-so-9-box-24-packs-of-spaghettini-no-9","status":"publish","type":"product","link":"https:\/\/havamall.vn\/en\/shop\/thung-24-goi-mi-y-soi-manh-spaghettini-divella-so-9-box-24-packs-of-spaghettini-no-9\/","title":{"rendered":"Th\u00f9ng 24 G\u00f3i M\u00ec \u00dd S\u1ee3i M\u1ea3nh Spaghettini Divella S\u1ed1 9 &#8211; Box 24 Packs Of Spaghettini No.9"},"content":{"rendered":"<p>Divellal\u00e0 c\u00f4ng ty c\u00f3 l\u1ecbch s\u1eed h\u01a1n 130 n\u0103m trong ng\u00e0nh ch\u1ebf bi\u1ebfn m\u1ef3 pastase molina t\u1eeb b\u1ed9t m\u00ec durum. N\u0103m 1890, \u00f4ng Francesco Divella \u0111\u00e3 x\u00e2y d\u1ef1ng nh\u00e0 m\u00e1y b\u1ed9t m\u00ec \u0111\u1ea7u ti\u00ean t\u1ea1i Rutigliano \u1edf mi\u1ec1n \u0110\u00f4ng Nam n\u01b0\u1edbc \u00dd, tr\u00e1i tim c\u1ee7a v\u00f9ng \u0111\u1ed3ng b\u1eb1ng Apulian, n\u1ed5i ti\u1ebfng l\u00e0 n\u01a1i c\u00f3 ch\u1ea5t l\u01b0\u1ee3ng b\u1ed9t m\u00ec t\u1ed1t nh\u1ea5t n\u01b0\u1edbc.<\/p>\n<p>V\u1edbi truy\u1ec1n th\u1ed1ng, kinh nghi\u1ec7m v\u00e0 k\u1ef9 thu\u1eadt, Divella lu\u00f4n cho ra \u0111\u1eddi c\u00e1c s\u1ea3n ph\u1ea9m ch\u1ea5t l\u01b0\u1ee3ng \u0111\u01b0\u1ee3c kh\u1eb3ng \u0111\u1ecbnh t\u1eeb vi\u1ec7c l\u1ef1a ch\u1ecdn nguy\u00ean li\u1ec7u, ph\u01b0\u01a1ng th\u1ee9c s\u1ea3n xu\u1ea5t \u0111\u1ebfn vi\u1ec7c \u0111\u00f3ng g\u00f3i s\u1ea3n ph\u1ea9m. Nh\u1eefng y\u00eau c\u1ea7u kh\u1eaft khe nh\u1ea5t \u0111\u01b0\u1ee3c \u00e1p d\u1ee5ng \u0111\u1ec3 \u0111\u1ea3m b\u1ea3o 100% nh\u1eefng quy \u0111\u1ecbnh v\u1ec1 an to\u00e0n v\u1ec7 sinh th\u1ef1c ph\u1ea9m.<\/p>\n<p><img fetchpriority=\"high\" decoding=\"async\" class=\"aligncenter\" src=\"https:\/\/scontent.fsgn8-3.fna.fbcdn.net\/v\/t1.6435-9\/44790451_2212693098770442_6170417860184113152_n.jpg?_nc_cat=100&amp;ccb=1-7&amp;_nc_sid=e3f864&amp;_nc_ohc=jEmcBB1nOT0AX9D-fD5&amp;_nc_ht=scontent.fsgn8-3.fna&amp;oh=00_AT8_LP8PQkChPWHBGANjphMdIWGcYGF9-e6Tym58cTHjzQ&amp;oe=633FB2A5\" alt=\"Kh\u00f4ng c\u00f3 m\u00f4 t\u1ea3 \u1ea3nh.\" width=\"631\" height=\"352\" \/><\/p>\n<p>M\u00ec s\u1ee3i \u00dd Spaghettini s\u1ed1 9 Divella 500gr\u00a0\u0111\u01b0\u1ee3c s\u1ea3n xu\u1ea5t theo nh\u1eefng y\u00eau c\u1ea7u kh\u1eafc khe \u0111\u1ec3 \u0111\u1ea3m b\u1ea3o\u00a0100% nh\u1eefng quy \u0111\u1ecbnh v\u1ec1 an to\u00e0n v\u1ec7 sinh th\u1ef1c ph\u1ea9m v\u00e0 \u0111\u01b0\u1ee3c Kingmeat nh\u1eadp kh\u1ea9u v\u1ec1 Vi\u1ec7t Nam.\u00a0S\u1ea3n ph\u1ea9m\u00a0\u0111\u00e3 \u0111\u1ea1t \u0111\u01b0\u1ee3c ti\u00eau chu\u1ea9n ISO 9001: 2008 v\u00e0 Gi\u1ea5y ch\u1ee9ng nh\u1eadn \u0111\u1ea1t chu\u1ea9n th\u00e2n thi\u1ec7n v\u1edbi m\u00f4i tr\u01b0\u1eddng UNI EN ISO 14001:200.<\/p>\n<p><img decoding=\"async\" class=\"wp-image-28755 aligncenter\" src=\"https:\/\/havamall.vn\/wp-content\/uploads\/2022\/09\/243517538_4895785900449981_5251826963015411849_n-248x300.png\" alt=\"\" width=\"632\" height=\"765\" srcset=\"https:\/\/havamall.vn\/wp-content\/uploads\/2022\/09\/243517538_4895785900449981_5251826963015411849_n-248x300.png 248w, https:\/\/havamall.vn\/wp-content\/uploads\/2022\/09\/243517538_4895785900449981_5251826963015411849_n-430x520.png 430w, https:\/\/havamall.vn\/wp-content\/uploads\/2022\/09\/243517538_4895785900449981_5251826963015411849_n-150x181.png 150w, https:\/\/havamall.vn\/wp-content\/uploads\/2022\/09\/243517538_4895785900449981_5251826963015411849_n-700x846.png 700w, https:\/\/havamall.vn\/wp-content\/uploads\/2022\/09\/243517538_4895785900449981_5251826963015411849_n-768x929.png 768w, https:\/\/havamall.vn\/wp-content\/uploads\/2022\/09\/243517538_4895785900449981_5251826963015411849_n-847x1024.png 847w, https:\/\/havamall.vn\/wp-content\/uploads\/2022\/09\/243517538_4895785900449981_5251826963015411849_n-1200x1451.png 1200w, https:\/\/havamall.vn\/wp-content\/uploads\/2022\/09\/243517538_4895785900449981_5251826963015411849_n-600x726.png 600w, https:\/\/havamall.vn\/wp-content\/uploads\/2022\/09\/243517538_4895785900449981_5251826963015411849_n.png 1639w\" sizes=\"(max-width: 632px) 100vw, 632px\" \/><\/p>\n<p>M\u00ec s\u1ee3i \u00dd Spaghetti s\u1ed1 9\u00a0l\u00e0 m\u1ed9t lo\u1ea1i m\u00ec pasta (c\u00f2n g\u1ecdi l\u00e0 m\u1ef3 \u00dd) c\u00f3 d\u1ea1ng s\u1ee3i tr\u00f2n nh\u1ecf, \u0111\u01b0\u1ee3c l\u00e0m t\u1eeb b\u1ed9t m\u00ec lo\u1ea1i semolina v\u00e0 n\u01b0\u1edbc. Th\u1ee9 \u0111\u1eb7c tr\u01b0ng nh\u1ea5t gi\u00fap ph\u00e2n bi\u1ec7t \u201cN\u1eef ho\u00e0ng trong \u1ea9m th\u1ef1c \u00dd\u201d so v\u1edbi c\u00e1c lo\u1ea1i m\u1ef3 c\u1ee7a n\u01b0\u1edbc kh\u00e1c l\u00e0 nh\u1edd b\u1ed9t m\u1ef3 semolina \u2013 \u0111\u01b0\u1ee3c l\u00e0m t\u1eeb lo\u1ea1i l\u00faa m\u1ef3 c\u1ee9ng nh\u1ea5t c\u00f3 m\u00e0u h\u1ed5 ph\u00e1ch.<\/p>\n<p><img decoding=\"async\" class=\"wp-image-28750 aligncenter\" src=\"https:\/\/havamall.vn\/wp-content\/uploads\/2022\/09\/156761880_4265764623452115_4552061727963048277_n-274x300.jpg\" alt=\"\" width=\"642\" height=\"703\" srcset=\"https:\/\/havamall.vn\/wp-content\/uploads\/2022\/09\/156761880_4265764623452115_4552061727963048277_n-274x300.jpg 274w, https:\/\/havamall.vn\/wp-content\/uploads\/2022\/09\/156761880_4265764623452115_4552061727963048277_n-430x471.jpg 430w, https:\/\/havamall.vn\/wp-content\/uploads\/2022\/09\/156761880_4265764623452115_4552061727963048277_n-150x164.jpg 150w, https:\/\/havamall.vn\/wp-content\/uploads\/2022\/09\/156761880_4265764623452115_4552061727963048277_n-700x766.jpg 700w, https:\/\/havamall.vn\/wp-content\/uploads\/2022\/09\/156761880_4265764623452115_4552061727963048277_n-768x840.jpg 768w, https:\/\/havamall.vn\/wp-content\/uploads\/2022\/09\/156761880_4265764623452115_4552061727963048277_n-936x1024.jpg 936w, https:\/\/havamall.vn\/wp-content\/uploads\/2022\/09\/156761880_4265764623452115_4552061727963048277_n-600x657.jpg 600w, https:\/\/havamall.vn\/wp-content\/uploads\/2022\/09\/156761880_4265764623452115_4552061727963048277_n.jpg 1102w\" sizes=\"(max-width: 642px) 100vw, 642px\" \/><\/p>\n<p>M\u00ec Spaghettini Divella s\u1ed1 9\u0111\u01b0\u1ee3c l\u00e0m t\u1eeb c\u00e1c nguy\u00ean li\u1ec7u t\u1ef1 nhi\u00ean, kh\u00f4ng ch\u1ea5t b\u1ea3o qu\u1ea3n \u0111\u1ed9c h\u1ea1i, mang \u0111\u1ebfn s\u1ef1 an t\u00e2m cho ng\u01b0\u1eddi ti\u00eau d\u00f9ng. S\u1ea3n ph\u1ea9m l\u00e0 s\u1ef1 k\u1ebft h\u1ee3p \u0111\u1ed9c \u0111\u00e1o gi\u1eefa c\u00f4ng th\u1ee9c truy\u1ec1n th\u1ed1ng v\u00e0 quy tr\u00ecnh ch\u1ebf bi\u1ebfn hi\u1ec7n \u0111\u1ea1i \u0111em l\u1ea1i ch\u1ea5t l\u01b0\u1ee3ng t\u1ed1t nh\u1ea5t.<\/p>\n<h3><strong>\u0110\u1eb7c \u0111i\u1ec3m s\u1ea3n ph\u1ea9m:<\/strong><\/h3>\n<ul>\n<li>S\u1ea3n ph\u1ea9m gi\u00fap cung c\u1ea5p n\u0103ng l\u01b0\u1ee3ng, vitamin, d\u01b0\u1ee1ng ch\u1ea5t c\u1ea7n thi\u1ebft cho c\u00e1c ho\u1ea1t \u0111\u1ed9ng h\u00e0ng ng\u00e0y.<\/li>\n<li>S\u1ea3n ph\u1ea9m c\u00f3 h\u01b0\u01a1ng v\u1ecb th\u01a1m ngon c\u1ee7a nh\u1eefng nguy\u00ean li\u1ec7u t\u1ef1 nhi\u00ean, khi n\u1ea5u ch\u00edn s\u1ee3i m\u00ec tr\u1edf n\u00ean dai gi\u00f2n, \u0111\u1eadm \u0111\u00e0, k\u00edch th\u00edch v\u1ecb gi\u00e1c.<\/li>\n<li>S\u1ea3n ph\u1ea9m\u00a0\u0111\u01b0\u1ee3c s\u1ea3n xu\u1ea5t theo c\u00f4ng ngh\u1ec7 hi\u1ec7n \u0111\u1ea1i, m\u1ecdi kh\u00e2u t\u1eeb tuy\u1ec3n ch\u1ecdn nguy\u00ean li\u1ec7u t\u1edbi ch\u1ebf bi\u1ebfn, \u0111\u00f3ng g\u00f3i \u0111\u1ec1u di\u1ec5n ra kh\u00e9p k\u00edn d\u01b0\u1edbi s\u1ef1 gi\u00e1m s\u00e1t v\u00e0 ki\u1ec3m tra nghi\u00eam ng\u1eb7t, \u0111\u1ea3m b\u1ea3o an to\u00e0n cho s\u1ee9c kh\u1ecfe ng\u01b0\u1eddi ti\u00eau d\u00f9ng.<\/li>\n<li>S\u1ea3n ph\u1ea9m\u00a0\u0111\u01b0\u1ee3c \u0111\u00f3ng g\u00f3i ti\u1ec7n d\u1ee5ng, d\u1ec5 b\u1ea3o qu\u1ea3n v\u00e0 d\u00f9ng \u0111\u01b0\u1ee3c l\u00e2u. B\u1ea1n c\u0169ng c\u00f3 th\u1ec3 mang theo d\u1ec5 d\u00e0ng trong nh\u1eefng chuy\u1ebfn \u0111i ch\u01a1i, picnic \u0111\u1ec3 c\u00f9ng chia s\u1ebb v\u1edbi m\u1ecdi ng\u01b0\u1eddi.<\/li>\n<\/ul>\n<h3><img loading=\"lazy\" decoding=\"async\" class=\"wp-image-28751 aligncenter\" src=\"https:\/\/havamall.vn\/wp-content\/uploads\/2022\/09\/138135848_4115850608443518-300x200.png\" alt=\"\" width=\"638\" height=\"425\" srcset=\"https:\/\/havamall.vn\/wp-content\/uploads\/2022\/09\/138135848_4115850608443518-300x200.png 300w, https:\/\/havamall.vn\/wp-content\/uploads\/2022\/09\/138135848_4115850608443518-430x287.png 430w, https:\/\/havamall.vn\/wp-content\/uploads\/2022\/09\/138135848_4115850608443518-150x100.png 150w, https:\/\/havamall.vn\/wp-content\/uploads\/2022\/09\/138135848_4115850608443518-700x467.png 700w, https:\/\/havamall.vn\/wp-content\/uploads\/2022\/09\/138135848_4115850608443518-768x512.png 768w, https:\/\/havamall.vn\/wp-content\/uploads\/2022\/09\/138135848_4115850608443518-1024x683.png 1024w, https:\/\/havamall.vn\/wp-content\/uploads\/2022\/09\/138135848_4115850608443518-1200x800.png 1200w, https:\/\/havamall.vn\/wp-content\/uploads\/2022\/09\/138135848_4115850608443518-600x400.png 600w, https:\/\/havamall.vn\/wp-content\/uploads\/2022\/09\/138135848_4115850608443518.png 2048w\" sizes=\"(max-width: 638px) 100vw, 638px\" \/><\/h3>\n<h3><strong>H\u01b0\u1edbng d\u1eabn s\u1eed d\u1ee5ng:\u00a0\u00a0<\/strong><\/h3>\n<p>&gt; \u0110un m\u1ed9t l\u01b0\u1ee3ng n\u01b0\u1edbc s\u00f4i v\u1eeba ph\u1ea3i \u0111\u1ec3 lu\u1ed9c m\u00ec. Khi n\u01b0\u1edbc \u0111\u00e3 s\u00f4i b\u1ea1n b\u1eaft \u0111\u1ea7u th\u1ea3 m\u00ec\u00a0v\u00e0o c\u00f9ng v\u1edbi 1 mu\u1ed7ng mu\u1ed1i, 1 mu\u1ed7ng d\u1ea7u \u0103n cho 500 gram.N\u1ea5u nui trong v\u00f2ng 9-10 ph\u00fat, ki\u1ec3m tra m\u00e0u v\u00e0 \u0111\u1ed9 m\u1ec1m c\u1ee7a m\u00ec, n\u1ebfu th\u1ea5y c\u00f2n h\u01a1i c\u1ee9ng th\u00ec ti\u1ebfp t\u1ee5c lu\u1ed9c th\u00eam, c\u00f2n n\u1ebfu m\u1ef3 \u0111\u00e3 ch\u00edn m\u1ec1m th\u00ec v\u1edbt ra, v\u1edbt ra ngo\u00e0i \u0111\u1ec3 r\u00e1o n\u01b0\u1edbc.<\/p>\n<p>&gt; L\u00e0m l\u1ea1nh nhanh b\u1eb1ng c\u00e1ch x\u1ea3 1 l\u1ea7n b\u1eb1ng n\u01b0\u1edbc l\u1ea1nh.<\/p>\n<p>&gt; B\u1ea1n c\u00f3 th\u1ec3 ch\u1ebf bi\u1ebfn nui theo nhi\u1ec1u c\u00e1ch: X\u00e0o nui v\u1edbi rau c\u1ee7 th\u1ecbt b\u00f2, n\u1ea5u nui v\u1edbi n\u01b0\u1edbc d\u00f9ng &#8230;.<\/p>\n<p><img loading=\"lazy\" decoding=\"async\" class=\"wp-image-28752 aligncenter\" src=\"https:\/\/havamall.vn\/wp-content\/uploads\/2022\/09\/283871625_567299491272907-249x300.png\" alt=\"\" width=\"642\" height=\"773\" srcset=\"https:\/\/havamall.vn\/wp-content\/uploads\/2022\/09\/283871625_567299491272907-249x300.png 249w, https:\/\/havamall.vn\/wp-content\/uploads\/2022\/09\/283871625_567299491272907-430x518.png 430w, https:\/\/havamall.vn\/wp-content\/uploads\/2022\/09\/283871625_567299491272907-150x181.png 150w, https:\/\/havamall.vn\/wp-content\/uploads\/2022\/09\/283871625_567299491272907-700x844.png 700w, https:\/\/havamall.vn\/wp-content\/uploads\/2022\/09\/283871625_567299491272907-768x926.png 768w, https:\/\/havamall.vn\/wp-content\/uploads\/2022\/09\/283871625_567299491272907-849x1024.png 849w, https:\/\/havamall.vn\/wp-content\/uploads\/2022\/09\/283871625_567299491272907-600x723.png 600w, https:\/\/havamall.vn\/wp-content\/uploads\/2022\/09\/283871625_567299491272907.png 1080w\" sizes=\"(max-width: 642px) 100vw, 642px\" \/><\/p>","protected":false},"excerpt":{"rendered":"<p>Divellal\u00e0 c\u00f4ng ty c\u00f3 l\u1ecbch s\u1eed h\u01a1n 130 n\u0103m trong ng\u00e0nh ch\u1ebf bi\u1ebfn m\u1ef3 pastase molina t\u1eeb b\u1ed9t m\u00ec durum.<\/p>","protected":false},"featured_media":28789,"comment_status":"open","ping_status":"closed","template":"","meta":[],"product_brand":[],"product_cat":[40,36,134],"product_tag":[],"class_list":{"0":"post-28787","1":"product","2":"type-product","3":"status-publish","4":"has-post-thumbnail","6":"product_cat-sieuthi-giasi","7":"product_cat-thuc-pham-tieu-dung","8":"product_cat-thucpham-saykho","9":"pa_brand-divella","11":"first","12":"instock","13":"sale","14":"shipping-taxable","15":"purchasable","16":"product-type-simple"},"_links":{"self":[{"href":"https:\/\/havamall.vn\/en\/wp-json\/wp\/v2\/product\/28787"}],"collection":[{"href":"https:\/\/havamall.vn\/en\/wp-json\/wp\/v2\/product"}],"about":[{"href":"https:\/\/havamall.vn\/en\/wp-json\/wp\/v2\/types\/product"}],"replies":[{"embeddable":true,"href":"https:\/\/havamall.vn\/en\/wp-json\/wp\/v2\/comments?post=28787"}],"version-history":[{"count":0,"href":"https:\/\/havamall.vn\/en\/wp-json\/wp\/v2\/product\/28787\/revisions"}],"wp:featuredmedia":[{"embeddable":true,"href":"https:\/\/havamall.vn\/en\/wp-json\/wp\/v2\/media\/28789"}],"wp:attachment":[{"href":"https:\/\/havamall.vn\/en\/wp-json\/wp\/v2\/media?parent=28787"}],"wp:term":[{"taxonomy":"product_brand","embeddable":true,"href":"https:\/\/havamall.vn\/en\/wp-json\/wp\/v2\/product_brand?post=28787"},{"taxonomy":"product_cat","embeddable":true,"href":"https:\/\/havamall.vn\/en\/wp-json\/wp\/v2\/product_cat?post=28787"},{"taxonomy":"product_tag","embeddable":true,"href":"https:\/\/havamall.vn\/en\/wp-json\/wp\/v2\/product_tag?post=28787"}],"curies":[{"name":"wp","href":"https:\/\/api.w.org\/{rel}","templated":true}]}}