{"id":28683,"date":"2022-09-01T11:49:25","date_gmt":"2022-09-01T04:49:25","guid":{"rendered":"https:\/\/havamall.vn\/?post_type=product&#038;p=28683"},"modified":"2022-09-01T15:02:30","modified_gmt":"2022-09-01T08:02:30","slug":"thach-thuy-tinh-vi-nho-havafoodies-200g","status":"publish","type":"product","link":"https:\/\/havamall.vn\/en\/shop\/thach-thuy-tinh-vi-nho-havafoodies-200g\/","title":{"rendered":"Th\u1ea1ch Th\u1ee7y Tinh V\u1ecb Vi\u1ec7t Qu\u1ea5t Havafoodies 200g &#8211; Blueberry Popball"},"content":{"rendered":"<p>H\u1ea1t th\u1ee7y tinh\u00a0(coating juice) l\u00e0 lo\u1ea1i h\u1ea1t topping tr\u00f2n, d\u1ebbo b\u00ean trong ch\u1ee9a n\u01b0\u1edbc siro tr\u00e1i c\u00e2y, \u0111\u01b0\u1ee3c d\u00f9ng trang tr\u00ed v\u00e0 l\u00e0 m\u1ed9t trong nh\u1eefng nguy\u00ean li\u1ec7u pha ch\u1ebf ch\u00ednh c\u1ee7a c\u00e1c m\u00f3n tr\u00e0 s\u1eefa tr\u00e2n ch\u00e2u.<\/p>\n<p>H\u1ea1t th\u1ee7y tinh\u00a0nh\u00ecn b\u00ean ng\u00f2ai c\u00f3 v\u1ebb gi\u1ed1ng h\u1ea1t tr\u00e2n ch\u00e2u v\u1edbi nhi\u1ec1u m\u00e0u s\u1eafc kh\u00e1c nhau nh\u01b0ng khi \u0103n v\u00e0o h\u1ea1t c\u00f3 v\u1ecf m\u1ecfng, dai, khi c\u1eafn v\u00e0o v\u1ecf s\u1ebd v\u1ee1 ra c\u00f3 m\u1ed9t ph\u1ea7n n\u01b0\u1edbc ch\u1ea3y ra trong mi\u1ec7ng, h\u1ea1t th\u1ee7y tinh \u0111a d\u1ea1ng v\u1ec1 v\u1ecb\u00a0 nh\u01b0\u00a0<em>d\u00e2u, yaourt, cam, x\u00f2ai, v\u1ea3i\u2026<\/em>\u00a0ng\u1ecdt ng\u1ecdt, chua chua t\u00ea c\u1ea3 \u0111\u1ea7u l\u01b0\u1ee1i.<\/p>\n<p><img fetchpriority=\"high\" decoding=\"async\" class=\"wp-image-28684 aligncenter\" src=\"https:\/\/havamall.vn\/wp-content\/uploads\/2022\/09\/283632849_2084001318444622_2464591054010473267_n-300x242.jpg\" alt=\"\" width=\"523\" height=\"422\" srcset=\"https:\/\/havamall.vn\/wp-content\/uploads\/2022\/09\/283632849_2084001318444622_2464591054010473267_n-300x242.jpg 300w, https:\/\/havamall.vn\/wp-content\/uploads\/2022\/09\/283632849_2084001318444622_2464591054010473267_n-430x346.jpg 430w, https:\/\/havamall.vn\/wp-content\/uploads\/2022\/09\/283632849_2084001318444622_2464591054010473267_n-150x121.jpg 150w, https:\/\/havamall.vn\/wp-content\/uploads\/2022\/09\/283632849_2084001318444622_2464591054010473267_n-700x564.jpg 700w, https:\/\/havamall.vn\/wp-content\/uploads\/2022\/09\/283632849_2084001318444622_2464591054010473267_n-768x618.jpg 768w, https:\/\/havamall.vn\/wp-content\/uploads\/2022\/09\/283632849_2084001318444622_2464591054010473267_n-1024x825.jpg 1024w, https:\/\/havamall.vn\/wp-content\/uploads\/2022\/09\/283632849_2084001318444622_2464591054010473267_n-1200x966.jpg 1200w, https:\/\/havamall.vn\/wp-content\/uploads\/2022\/09\/283632849_2084001318444622_2464591054010473267_n-600x483.jpg 600w, https:\/\/havamall.vn\/wp-content\/uploads\/2022\/09\/283632849_2084001318444622_2464591054010473267_n.jpg 1500w\" sizes=\"(max-width: 523px) 100vw, 523px\" \/><\/p>\n<p>Khi \u0103n v\u1ecb\u00a0ng\u1ecdt,\u00a0h\u01a1i chua chua d\u00f9ng \u0111\u1ec3 thay th\u1ebf cho tr\u00e2n ch\u00e2u \u0111\u00e3 qu\u00e1 quen thu\u1ed9c. H\u1ea1t th\u1ee7y tinh v\u1edbi v\u1ecf d\u00e0y s\u1ebd gi\u00fap cho ch\u1ee7 qu\u00e1n d\u1ec5 b\u1ea3o qu\u1ea3n trong qu\u00e1 tr\u00ecnh s\u1eed d\u1ee5ng<\/p>\n<p>S\u1ea3n ph\u1ea9m \u0111\u01b0\u1ee3c s\u1ea3n xu\u1ea5t \u0111\u1ea1t ti\u00eau chu\u1ea9n v\u1ec7 sinh an to\u00e0n th\u1ef1c ph\u1ea9m, c\u0169ng nh\u01b0 ngu\u1ed3n g\u1ed1c nguy\u00ean li\u1ec7u r\u00f5 r\u00e0ng.<\/p>\n<p><img decoding=\"async\" class=\"wp-image-28685 aligncenter\" src=\"https:\/\/havamall.vn\/wp-content\/uploads\/2022\/09\/Blueberry_d931385c-368c-4952-896c-d8ce9b9d9b08-Copy-300x300.png\" alt=\"\" width=\"518\" height=\"518\" srcset=\"https:\/\/havamall.vn\/wp-content\/uploads\/2022\/09\/Blueberry_d931385c-368c-4952-896c-d8ce9b9d9b08-Copy-300x300.png 300w, https:\/\/havamall.vn\/wp-content\/uploads\/2022\/09\/Blueberry_d931385c-368c-4952-896c-d8ce9b9d9b08-Copy-430x430.png 430w, https:\/\/havamall.vn\/wp-content\/uploads\/2022\/09\/Blueberry_d931385c-368c-4952-896c-d8ce9b9d9b08-Copy-150x150.png 150w, https:\/\/havamall.vn\/wp-content\/uploads\/2022\/09\/Blueberry_d931385c-368c-4952-896c-d8ce9b9d9b08-Copy-700x700.png 700w, https:\/\/havamall.vn\/wp-content\/uploads\/2022\/09\/Blueberry_d931385c-368c-4952-896c-d8ce9b9d9b08-Copy-768x768.png 768w, https:\/\/havamall.vn\/wp-content\/uploads\/2022\/09\/Blueberry_d931385c-368c-4952-896c-d8ce9b9d9b08-Copy-1024x1024.png 1024w, https:\/\/havamall.vn\/wp-content\/uploads\/2022\/09\/Blueberry_d931385c-368c-4952-896c-d8ce9b9d9b08-Copy-600x600.png 600w, https:\/\/havamall.vn\/wp-content\/uploads\/2022\/09\/Blueberry_d931385c-368c-4952-896c-d8ce9b9d9b08-Copy-100x100.png 100w, https:\/\/havamall.vn\/wp-content\/uploads\/2022\/09\/Blueberry_d931385c-368c-4952-896c-d8ce9b9d9b08-Copy.png 1080w\" sizes=\"(max-width: 518px) 100vw, 518px\" \/><\/p>\n<h3><strong>H\u01b0\u1edbng d\u1eabn s\u1eed d\u1ee5ng:<\/strong><\/h3>\n<p>&#8211; S\u1eed d\u1ee5ng\u00a0Th\u1ee7y tinh\u00a0H\u00f9ng Ch\u01b0\u01a1ng v\u1ecb vi\u1ec7t qu\u1ea5t\u00a0\u0111\u1ec3 l\u00e0m topping cho tr\u1ef1c ti\u1ebfp v\u00e0o tr\u00e0 s\u1eefa ho\u1eb7c tr\u00e0 tr\u00e1i c\u00e2y.<\/p>\n<p>&#8211; H\u1ea1t th\u1ee7y tinh l\u00e0 nguy\u00ean li\u1ec7u pha ch\u1ebf tr\u00e0 s\u1eefa, pha ch\u1ebf sinh t\u1ed1.<\/p>\n<p>&#8211; H\u1ea1t th\u1ee7y tinh c\u00f3 th\u1ec3 \u0111\u01b0\u1ee3c d\u00f9ng \u0111\u1ec3 r\u1eafc l\u00ean m\u1eb7t nh\u1eefng m\u00f3n kem \u0111\u00e1 tuy\u1ebft, hay c\u00e1c m\u00f3n yougurt l\u00e0m t\u0103ng th\u00eam v\u1ecb h\u1ea5p d\u1eabn c\u1ee7a c\u00e1c m\u00f3n \u0103n.<\/p>\n<p>&#8211; H\u1ea1t th\u1ee7y tinh \u0111\u01b0\u1ee3c s\u1eed d\u1ee5ng nh\u01b0 m\u1ed9t m\u00f3n \u0103n tr\u00e1ng mi\u1ec7ng m\u00e0 kh\u00f4ng c\u1ea7n ch\u1ebf bi\u1ebfn.<\/p>\n<p><img decoding=\"async\" class=\"wp-image-28686 aligncenter\" src=\"https:\/\/havamall.vn\/wp-content\/uploads\/2022\/09\/Blue_Popping_3.4kg-300x242.jpg\" alt=\"\" width=\"497\" height=\"401\" srcset=\"https:\/\/havamall.vn\/wp-content\/uploads\/2022\/09\/Blue_Popping_3.4kg-300x242.jpg 300w, https:\/\/havamall.vn\/wp-content\/uploads\/2022\/09\/Blue_Popping_3.4kg-430x346.jpg 430w, https:\/\/havamall.vn\/wp-content\/uploads\/2022\/09\/Blue_Popping_3.4kg-150x121.jpg 150w, https:\/\/havamall.vn\/wp-content\/uploads\/2022\/09\/Blue_Popping_3.4kg-700x564.jpg 700w, https:\/\/havamall.vn\/wp-content\/uploads\/2022\/09\/Blue_Popping_3.4kg-768x618.jpg 768w, https:\/\/havamall.vn\/wp-content\/uploads\/2022\/09\/Blue_Popping_3.4kg-1024x824.jpg 1024w, https:\/\/havamall.vn\/wp-content\/uploads\/2022\/09\/Blue_Popping_3.4kg.jpg 1200w, https:\/\/havamall.vn\/wp-content\/uploads\/2022\/09\/Blue_Popping_3.4kg-600x483.jpg 600w\" sizes=\"(max-width: 497px) 100vw, 497px\" \/><\/p>","protected":false},"excerpt":{"rendered":"<p>H\u1ea1t th\u1ee7y tinh\u00a0(coating juice) l\u00e0 lo\u1ea1i h\u1ea1t topping tr\u00f2n, d\u1ebbo b\u00ean trong ch\u1ee9a n\u01b0\u1edbc siro tr\u00e1i c\u00e2y, \u0111\u01b0\u1ee3c d\u00f9ng trang<\/p>","protected":false},"featured_media":28687,"comment_status":"open","ping_status":"closed","template":"","meta":[],"product_brand":[],"product_cat":[36],"product_tag":[],"class_list":{"0":"post-28683","1":"product","2":"type-product","3":"status-publish","4":"has-post-thumbnail","6":"product_cat-thuc-pham-tieu-dung","8":"first","9":"instock","10":"sale","11":"shipping-taxable","12":"purchasable","13":"product-type-simple"},"_links":{"self":[{"href":"https:\/\/havamall.vn\/en\/wp-json\/wp\/v2\/product\/28683"}],"collection":[{"href":"https:\/\/havamall.vn\/en\/wp-json\/wp\/v2\/product"}],"about":[{"href":"https:\/\/havamall.vn\/en\/wp-json\/wp\/v2\/types\/product"}],"replies":[{"embeddable":true,"href":"https:\/\/havamall.vn\/en\/wp-json\/wp\/v2\/comments?post=28683"}],"version-history":[{"count":0,"href":"https:\/\/havamall.vn\/en\/wp-json\/wp\/v2\/product\/28683\/revisions"}],"wp:featuredmedia":[{"embeddable":true,"href":"https:\/\/havamall.vn\/en\/wp-json\/wp\/v2\/media\/28687"}],"wp:attachment":[{"href":"https:\/\/havamall.vn\/en\/wp-json\/wp\/v2\/media?parent=28683"}],"wp:term":[{"taxonomy":"product_brand","embeddable":true,"href":"https:\/\/havamall.vn\/en\/wp-json\/wp\/v2\/product_brand?post=28683"},{"taxonomy":"product_cat","embeddable":true,"href":"https:\/\/havamall.vn\/en\/wp-json\/wp\/v2\/product_cat?post=28683"},{"taxonomy":"product_tag","embeddable":true,"href":"https:\/\/havamall.vn\/en\/wp-json\/wp\/v2\/product_tag?post=28683"}],"curies":[{"name":"wp","href":"https:\/\/api.w.org\/{rel}","templated":true}]}}