{"id":28671,"date":"2022-09-01T09:24:26","date_gmt":"2022-09-01T02:24:26","guid":{"rendered":"https:\/\/havamall.vn\/?post_type=product&#038;p=28671"},"modified":"2022-10-04T16:47:12","modified_gmt":"2022-10-04T09:47:12","slug":"banh-lava-ngan-lop-trung-chay-khoai-mon-nhan-trung-muoi-lava-custard-taro-pastry","status":"publish","type":"product","link":"https:\/\/havamall.vn\/en\/shop\/banh-lava-ngan-lop-trung-chay-khoai-mon-nhan-trung-muoi-lava-custard-taro-pastry\/","title":{"rendered":"B\u00e1nh Lava Ng\u00e0n L\u1edbp Tr\u1ee9ng Ch\u1ea3y Khoai M\u00f4n Nh\u00e2n Tr\u1ee9ng Mu\u1ed1i &#8211; Lava Custard Taro Pastry"},"content":{"rendered":"<p>B\u00e1nh khoai m\u00f4n ng\u00e0n l\u1edbp hay c\u00f2n g\u1ecdi l\u00e0 b\u00e1nh trung thu khoai m\u00f4n. \u0110\u00e2y l\u00e0 m\u1ed9t lo\u1ea1i b\u00e1nh \u0111\u1eb7c s\u1ea3n c\u1ee7a \u0110\u00e0i Loan v\u00e0 hi\u1ec7n gi\u1edd l\u00e0 m\u1ed9t trong nh\u1eefng lo\u1ea1i\u00a0b\u00e1nh k\u1eb9o \u0110\u00e0i Loan nh\u1eadp kh\u1ea9u\u00a0\u0111\u01b0\u1ee3c y\u00eau th\u00edch \u1edf Vi\u1ec7t Nam. B\u00e1nh th\u01b0\u1eddng \u0111\u01b0\u1ee3c s\u1eed d\u1ee5ng \u0111\u1ec3 l\u00e0m qu\u00e0 th\u1ec3 hi\u1ec7n t\u00ecnh c\u1ea3m v\u1edbi ng\u01b0\u1eddi th\u00e2n, b\u1ea1n b\u00e8 kh\u00f4ng ch\u1ec9 v\u00e0o m\u1ed7i d\u1ecbp Trung thu m\u00e0 c\u00f3 th\u1ec3 d\u00e0nh cho c\u00e1c d\u1ecbp \u0111\u1eb7c bi\u1ec7t kh\u00e1c.<\/p>\n<p><img fetchpriority=\"high\" decoding=\"async\" class=\"wp-image-28672 aligncenter\" src=\"https:\/\/havamall.vn\/wp-content\/uploads\/2022\/09\/fullsizeoutput_23b6-300x300.png\" alt=\"\" width=\"564\" height=\"564\" srcset=\"https:\/\/havamall.vn\/wp-content\/uploads\/2022\/09\/fullsizeoutput_23b6-300x300.png 300w, https:\/\/havamall.vn\/wp-content\/uploads\/2022\/09\/fullsizeoutput_23b6-430x430.png 430w, https:\/\/havamall.vn\/wp-content\/uploads\/2022\/09\/fullsizeoutput_23b6-150x150.png 150w, https:\/\/havamall.vn\/wp-content\/uploads\/2022\/09\/fullsizeoutput_23b6-700x700.png 700w, https:\/\/havamall.vn\/wp-content\/uploads\/2022\/09\/fullsizeoutput_23b6-768x768.png 768w, https:\/\/havamall.vn\/wp-content\/uploads\/2022\/09\/fullsizeoutput_23b6-1024x1024.png 1024w, https:\/\/havamall.vn\/wp-content\/uploads\/2022\/09\/fullsizeoutput_23b6-600x600.png 600w, https:\/\/havamall.vn\/wp-content\/uploads\/2022\/09\/fullsizeoutput_23b6-100x100.png 100w, https:\/\/havamall.vn\/wp-content\/uploads\/2022\/09\/fullsizeoutput_23b6.png 1080w\" sizes=\"(max-width: 564px) 100vw, 564px\" \/><\/p>\n<div>B\u00e1nh \u0111\u01b0\u1ee3c thi\u1ebft k\u1ebf h\u00ecnh h\u1ed9p m\u00e0u t\u00edm nh\u1eb9 sang tr\u1ecdng v\u00e0 l\u1ecbch s\u1ef1. Lo\u1ea1i\u00a0b\u00e1nh nh\u1eadp kh\u1ea9u \u0110\u00e0i Loan\u00a0r\u1ea5t ph\u00f9 h\u1ee3p \u0111\u1ec3 l\u00e0m b\u1eefa \u0103n nh\u1eb9. Ho\u1eb7c gi\u00e0nh l\u00e0m qu\u00e0 t\u1eb7ng nhau v\u00e0o m\u1ed7i d\u1ecbp Trung Thu \u0111\u1ec3 th\u1ec3 hi\u1ec7n t\u00ecnh c\u1ea3m \u0111\u1ed1i v\u1edbi ng\u01b0\u1eddi th\u00e2n, b\u1ea1n b\u00e8 hay \u0111\u01a1n gi\u1ea3n l\u00e0 nh\u1eefng ng\u01b0\u1eddi trong nh\u00e0 ng\u1ed3i qu\u00e2y qu\u1ea7n th\u01b0\u1ee1ng th\u1ee9c m\u00f3n b\u00e1nh truy\u1ec1n th\u1ed1ng x\u1ee9 \u0110\u00e0i b\u00ean ch\u00e9n tr\u00e0.<\/div>\n<div><img decoding=\"async\" class=\"wp-image-28673 aligncenter\" src=\"https:\/\/havamall.vn\/wp-content\/uploads\/2022\/09\/1037691_3c-300x300.jpg\" alt=\"\" width=\"559\" height=\"559\" srcset=\"https:\/\/havamall.vn\/wp-content\/uploads\/2022\/09\/1037691_3c-300x300.jpg 300w, https:\/\/havamall.vn\/wp-content\/uploads\/2022\/09\/1037691_3c-430x430.jpg 430w, https:\/\/havamall.vn\/wp-content\/uploads\/2022\/09\/1037691_3c-150x150.jpg 150w, https:\/\/havamall.vn\/wp-content\/uploads\/2022\/09\/1037691_3c-700x700.jpg 700w, https:\/\/havamall.vn\/wp-content\/uploads\/2022\/09\/1037691_3c-600x600.jpg 600w, https:\/\/havamall.vn\/wp-content\/uploads\/2022\/09\/1037691_3c-100x100.jpg 100w, https:\/\/havamall.vn\/wp-content\/uploads\/2022\/09\/1037691_3c.jpg 750w\" sizes=\"(max-width: 559px) 100vw, 559px\" \/><\/div>\n<div>\n<h3><strong>\u0110\u1eb7c tr\u01b0ng h\u01b0\u01a1ng v\u1ecb c\u1ee7a b\u00e1nh trung thu ng\u00e0n l\u1edbp tr\u1ee9ng ch\u1ea3y nh\u00e2n khoai m\u00f4n mu\u1ed1i Lava:<\/strong><\/h3>\n<\/div>\n<p>&gt; \u0110i\u1ec1u \u0111\u1eb7c b\u1ec7t \u0111\u01b0\u1ee3c n\u00f3i \u0111\u1ebfn ch\u00ednh l\u00e0 l\u1edbp ngo\u00e0i c\u1ee7a b\u00e1nh kh\u00f4ng h\u1ec1 c\u00f3 c\u1ea3m gi\u00e1c b\u1ecb kh\u00f4, ho\u1eb7c khi \u0103n v\u00e0o s\u1ebd kh\u00f4, b\u1edfi l\u1edbp b\u00e1nh \u0111\u00e3 \u0111\u01b0\u1ee3c \u0111i k\u00e8m v\u1edbi l\u1edbp mochi g\u1ea1o d\u1ebbo khi\u1ebfn cho b\u00e1nh s\u1ebd m\u1ec1m h\u01a1n v\u00e0 d\u1ec5 \u0103n h\u01a1n. K\u1ebft h\u1ee3p th\u00eam v\u1ecb tr\u1ee9ng mu\u1ed1i s\u1ebd khi\u1ebfn cho v\u1ecb th\u00eam \u0111\u1eadm \u0111\u00e0.<\/p>\n<div>&gt; B\u00e1nh khoai m\u00f4n ng\u00e0n l\u1edbp r\u1ea5t \u0111\u01b0\u1ee3c \u01b0a chu\u1ed9ng b\u1edfi l\u1edbp nh\u00e2n mochi d\u1ebbo dai r\u1ea5t l\u1ea1 mi\u1ec7ng khi \u0103n, ngon v\u00f4 \u0111\u1ed1i m\u00e0 kh\u00f4ng m\u1ed9t th\u01b0\u01a1ng hi\u1ec7u n\u00e0o kh\u00e1c c\u00f3 th\u1ec3 l\u00e0m gi\u1ed1ng \u0111\u01b0\u1ee3c.<\/div>\n<div>&gt; L\u1edbp v\u1ecf b\u00e1nh m\u1ec1m th\u01a1m khoai m\u00f4n b\u00f9i b\u00e9o b\u00ean trong l\u00e0 nh\u00e2n khoai m\u00f4n r\u1ea5t m\u1ecbn v\u00e0 c\u1ef1c k\u1ef3 th\u01a1m ngon b\u1ecdc ngo\u00e0i vi\u00ean mochi c\u00e0ng l\u00e0m t\u0103ng h\u01b0\u01a1ng v\u1ecb th\u00eam th\u01a1m ngon \u0111\u1eb7c bi\u1ec7t. B\u00e1nh c\u00f3 \u0111\u1ed9 ng\u1ecdt v\u1eeba ph\u1ea3i kh\u00f4ng b\u1ecb g\u1eaft n\u00ean \u0103n kh\u00f4ng b\u1ecb ng\u00e1n.<\/div>\n<div><img decoding=\"async\" class=\"aligncenter\" src=\"https:\/\/havamall.vn\/wp-content\/uploads\/2022\/09\/O1CN01IovHc31g1bOs4D5DJ_!!2010094082.jpg\" alt='\u73fe\u8ca8\u81fa\u7063\u5976\u9ec3\u6d41\u5fc3\u86cb\u9ec3\u9165\u5927\u7532\u5e2b\u828b\u982d\u6d41\u5fc3\u9165\u7d2b\u828b\u9165\u7d2b\u6676\u9165\u828b\u982d\u91656\u5165' width=\"563\" height=\"563\" \/><\/div>\n<div>\n<h3><strong>\u01afu c\u1ee7a s\u1ea3n ph\u1ea9m:<\/strong><\/h3>\n<p>\u2013 H\u1ed9p \u0111\u1ef1ng \u0111\u01b0\u1ee3c thi\u1ebft k\u1ebf sang tr\u1ecdng th\u1ecbch h\u1ee3p l\u00e0m qu\u00e0 bi\u1ebfu t\u1eb7ng nh\u00e2n d\u1ecbp trung thu, ch\u1eafc ch\u1eafc ng\u01b0\u1eddi th\u00e2n, b\u1ea1n b\u00e8, \u0111\u1ed3ng nghi\u1ec7p c\u1ee7a b\u1ea1n s\u1ebd v\u00f4 c\u00f9ng th\u00edch th\u00fa.<\/p>\n<p>\u2013 C\u00f3 nhi\u1ec1u h\u01b0\u01a1ng v\u1ecb th\u01a1m ngon \u0111\u1ec3 \u0111\u1ed5i v\u1ecb m\u00e0 kh\u00f4ng lo b\u1ecb ng\u00e1n<\/p>\n<p>\u2013 T\u1eebng l\u1edbp h\u00f2a quy\u1ec7n v\u1edbi nhau kh\u00f4ng nh\u1eefng \u0111\u1eb9p m\u1eaft m\u00e0 c\u00f2n th\u01a1m ngon kh\u00f3 c\u01b0\u1ee1ng, v\u1ecb ng\u1ecdt d\u1ecbu ch\u1ee9 ko ng\u1ecdt g\u1eaft nh\u01b0 nhi\u1ec1u lo\u1ea1i b\u00e1nh kh\u00e1c tr\u00ean th\u1ecb tr\u01b0\u1eddng.<\/p>\n<p>\u2013 B\u00e1nh c\u00f3 ngu\u1ed3n g\u1ed1c t\u1eeb \u0110\u00e0i Loan, l\u00e0 x\u1ee9 s\u1edf c\u1ee7a nh\u1eefng lo\u1ea1i b\u00e1nh ng\u00e0n l\u1edbp c\u00f3 ch\u1ea5t l\u01b0\u1ee3ng tuy\u1ec7t v\u1eddi,.<\/p>\n<p>\u2013 B\u00e1nh Tr\u1ee9ng Ch\u1ea3y H\u1ed9p 6 b\u00e1nh 300g v\u1edbi nh\u1eefng nguy\u00ean li\u1ec7u \u0111\u01b0\u1ee3c tuy\u1ec3n ch\u1ecdn k\u1ef9 c\u00e0ng mang cho b\u1ea1n nh\u1eefng chi\u1ebfc b\u00e1nh th\u01a1m ngon h\u1ea5p d\u1eabn.<\/p>\n<p>S\u1ea3n ph\u1ea9m hi\u1ec7n \u0111\u00e3 c\u00f3 m\u1eb7t t\u1ea1i Havamall.<\/p>\n<h3><img loading=\"lazy\" decoding=\"async\" class=\"wp-image-28674 aligncenter\" src=\"https:\/\/havamall.vn\/wp-content\/uploads\/2022\/09\/1E89A587A0-SP-7156856-300x300.jpg\" alt=\"\" width=\"565\" height=\"565\" srcset=\"https:\/\/havamall.vn\/wp-content\/uploads\/2022\/09\/1E89A587A0-SP-7156856-300x300.jpg 300w, https:\/\/havamall.vn\/wp-content\/uploads\/2022\/09\/1E89A587A0-SP-7156856-430x430.jpg 430w, https:\/\/havamall.vn\/wp-content\/uploads\/2022\/09\/1E89A587A0-SP-7156856-150x150.jpg 150w, https:\/\/havamall.vn\/wp-content\/uploads\/2022\/09\/1E89A587A0-SP-7156856-700x700.jpg 700w, https:\/\/havamall.vn\/wp-content\/uploads\/2022\/09\/1E89A587A0-SP-7156856-768x768.jpg 768w, https:\/\/havamall.vn\/wp-content\/uploads\/2022\/09\/1E89A587A0-SP-7156856-600x600.jpg 600w, https:\/\/havamall.vn\/wp-content\/uploads\/2022\/09\/1E89A587A0-SP-7156856-100x100.jpg 100w, https:\/\/havamall.vn\/wp-content\/uploads\/2022\/09\/1E89A587A0-SP-7156856.jpg 1000w\" sizes=\"(max-width: 565px) 100vw, 565px\" \/><\/h3>\n<\/div>","protected":false},"excerpt":{"rendered":"<p>B\u00e1nh khoai m\u00f4n ng\u00e0n l\u1edbp hay c\u00f2n g\u1ecdi l\u00e0 b\u00e1nh trung thu khoai m\u00f4n. \u0110\u00e2y l\u00e0 m\u1ed9t lo\u1ea1i b\u00e1nh \u0111\u1eb7c<\/p>","protected":false},"featured_media":28675,"comment_status":"open","ping_status":"closed","template":"","meta":[],"product_brand":[],"product_cat":[36,133],"product_tag":[],"class_list":{"0":"post-28671","1":"product","2":"type-product","3":"status-publish","4":"has-post-thumbnail","6":"product_cat-thuc-pham-tieu-dung","7":"product_cat-banh-keo-chocolate","9":"first","10":"outofstock","11":"sale","12":"shipping-taxable","13":"purchasable","14":"product-type-simple"},"_links":{"self":[{"href":"https:\/\/havamall.vn\/en\/wp-json\/wp\/v2\/product\/28671"}],"collection":[{"href":"https:\/\/havamall.vn\/en\/wp-json\/wp\/v2\/product"}],"about":[{"href":"https:\/\/havamall.vn\/en\/wp-json\/wp\/v2\/types\/product"}],"replies":[{"embeddable":true,"href":"https:\/\/havamall.vn\/en\/wp-json\/wp\/v2\/comments?post=28671"}],"version-history":[{"count":0,"href":"https:\/\/havamall.vn\/en\/wp-json\/wp\/v2\/product\/28671\/revisions"}],"wp:featuredmedia":[{"embeddable":true,"href":"https:\/\/havamall.vn\/en\/wp-json\/wp\/v2\/media\/28675"}],"wp:attachment":[{"href":"https:\/\/havamall.vn\/en\/wp-json\/wp\/v2\/media?parent=28671"}],"wp:term":[{"taxonomy":"product_brand","embeddable":true,"href":"https:\/\/havamall.vn\/en\/wp-json\/wp\/v2\/product_brand?post=28671"},{"taxonomy":"product_cat","embeddable":true,"href":"https:\/\/havamall.vn\/en\/wp-json\/wp\/v2\/product_cat?post=28671"},{"taxonomy":"product_tag","embeddable":true,"href":"https:\/\/havamall.vn\/en\/wp-json\/wp\/v2\/product_tag?post=28671"}],"curies":[{"name":"wp","href":"https:\/\/api.w.org\/{rel}","templated":true}]}}