{"id":28661,"date":"2022-08-31T17:01:49","date_gmt":"2022-08-31T10:01:49","guid":{"rendered":"https:\/\/havamall.vn\/?post_type=product&#038;p=28661"},"modified":"2022-10-04T16:47:26","modified_gmt":"2022-10-04T09:47:26","slug":"hop-banh-trung-thu-maxim-lava-quartet-2022-mix-4-vi-nhap-khau-chinh-ngach-hop-8-cai-360g","status":"publish","type":"product","link":"https:\/\/havamall.vn\/en\/shop\/hop-banh-trung-thu-maxim-lava-quartet-2022-mix-4-vi-nhap-khau-chinh-ngach-hop-8-cai-360g\/","title":{"rendered":"H\u1ed9p B\u00e1nh Trung Thu Maxim Lava Quartet 2022 Mix 4 V\u1ecb Ch\u00ednh H\u00e3ng H\u1ed3ng K\u00f4ng H\u1ed9p 8 C\u00e1i 360g"},"content":{"rendered":"<div class=\"product-block-list__item product-block-list__item--description\">\n<div class=\"card\">\n<div class=\"card__section\">\n<div class=\"rte text--pull\">\n<p>H\u1ed9p B\u00e1nh Trung Thu Maxim Lava Quartet 2022 mix 4 v\u1ecb v\u1edbi nh\u1eefng lo\u1ea1i b\u00e1nh Lava Custard, Lava S\u00f4-c\u00f4-la, Lava Caramel Macchiato v\u00e0 Lava ph\u00f4-mai h\u1ea5p d\u1eabn. M\u1ed9t \u0111\u1eb3ng c\u1ea5p m\u1edbi v\u1ec1 h\u01b0\u01a1ng v\u1ecb khi\u1ebfn b\u1ea1n m\u00e3i kh\u00f4ng qu\u00ean. Ph\u1ea7n thi\u1ebft k\u1ebf tinh t\u1ebf, g\u00f3i tr\u1ecdn n\u00e9t \u0111\u1eb9p c\u1ee7a b\u1ed1n v\u1ecb b\u00e1nh ng\u1ecdt ng\u00e0o, th\u01a1m ngon.<\/p>\n<p>M\u1ed7i chi\u1ebfc b\u00e1nh tr\u00f2n tr\u1ecba \u0111\u1ec1u l\u00e0 t\u00e1c ph\u1ea9m ho\u00e0n h\u1ea3o \u0111\u01b0\u1ee3c s\u00e1ng t\u1ea1o b\u1edfi c\u00e1c ngh\u1ec7 nh\u00e2n t\u00e0i hoa. B\u00e1nh Trung Thu Maxim \u0111\u01b0\u1ee3c t\u1ea1o n\u00ean b\u1edfi c\u00e1c nguy\u00ean li\u1ec7u h\u1ea3o h\u1ea1ng: B\u01a1 Ph\u00e1p, n\u01b0\u1edbc c\u1ed1t d\u1eeba, h\u1ed7n h\u1ee3p kem s\u1eefa b\u00e9o ng\u1eady v\u00e0 tr\u1ee9ng mu\u1ed1i.<\/p>\n<p><img fetchpriority=\"high\" decoding=\"async\" class=\"wp-image-28662 aligncenter\" src=\"https:\/\/havamall.vn\/wp-content\/uploads\/2022\/08\/O1CN01DUWVEB1T4GoG2EAty_473782328-300x282.jpg\" alt=\"\" width=\"556\" height=\"523\" srcset=\"https:\/\/havamall.vn\/wp-content\/uploads\/2022\/08\/O1CN01DUWVEB1T4GoG2EAty_473782328-300x282.jpg 300w, https:\/\/havamall.vn\/wp-content\/uploads\/2022\/08\/O1CN01DUWVEB1T4GoG2EAty_473782328-430x404.jpg 430w, https:\/\/havamall.vn\/wp-content\/uploads\/2022\/08\/O1CN01DUWVEB1T4GoG2EAty_473782328-150x141.jpg 150w, https:\/\/havamall.vn\/wp-content\/uploads\/2022\/08\/O1CN01DUWVEB1T4GoG2EAty_473782328-700x658.jpg 700w, https:\/\/havamall.vn\/wp-content\/uploads\/2022\/08\/O1CN01DUWVEB1T4GoG2EAty_473782328-768x722.jpg 768w, https:\/\/havamall.vn\/wp-content\/uploads\/2022\/08\/O1CN01DUWVEB1T4GoG2EAty_473782328-600x564.jpg 600w, https:\/\/havamall.vn\/wp-content\/uploads\/2022\/08\/O1CN01DUWVEB1T4GoG2EAty_473782328.jpg 790w\" sizes=\"(max-width: 556px) 100vw, 556px\" \/><\/p>\n<p>C\u00e1c d\u00f2ng b\u00e1nh trung thu Lava Custard n\u1ed5i b\u1eadt b\u1edfi nh\u00e2n tr\u1ee9ng s\u1eefa tan ch\u1ea3y, m\u1ec1m m\u1ecbn k\u1ebft h\u1ee3p h\u00e0i ho\u00e0 v\u1edbi v\u1ecb \u0111\u1eadm \u0111\u00e0, b\u00e9o ng\u1eady c\u1ee7a l\u00f2ng \u0111\u1ecf tr\u1ee9ng mu\u1ed1i tan ch\u1ea3y t\u1ea1o n\u00ean d\u01b0 v\u1ecb kh\u00f3 qu\u00ean. B\u00e1nh Trung Thu Maxim Lava Mooncake l\u00e0 m\u1ed9t tr\u1ea3i nghi\u1ec7m \u0111\u1eb3ng c\u1ea5p, \u0111\u1ed9c \u0111\u00e1o d\u00e0nh cho nh\u1eefng v\u1ecb kh\u00e1ch s\u00e0nh \u0111i\u1ec7u.<\/p>\n<p><img decoding=\"async\" class=\"wp-image-28663 aligncenter\" src=\"https:\/\/havamall.vn\/wp-content\/uploads\/2022\/08\/O1CN0122ChJY1T4-276x300.jpg\" alt=\"\" width=\"549\" height=\"597\" srcset=\"https:\/\/havamall.vn\/wp-content\/uploads\/2022\/08\/O1CN0122ChJY1T4-276x300.jpg 276w, https:\/\/havamall.vn\/wp-content\/uploads\/2022\/08\/O1CN0122ChJY1T4-430x468.jpg 430w, https:\/\/havamall.vn\/wp-content\/uploads\/2022\/08\/O1CN0122ChJY1T4-150x163.jpg 150w, https:\/\/havamall.vn\/wp-content\/uploads\/2022\/08\/O1CN0122ChJY1T4-700x761.jpg 700w, https:\/\/havamall.vn\/wp-content\/uploads\/2022\/08\/O1CN0122ChJY1T4-768x835.jpg 768w, https:\/\/havamall.vn\/wp-content\/uploads\/2022\/08\/O1CN0122ChJY1T4-600x652.jpg 600w, https:\/\/havamall.vn\/wp-content\/uploads\/2022\/08\/O1CN0122ChJY1T4.jpg 790w\" sizes=\"(max-width: 549px) 100vw, 549px\" \/><\/p>\n<p>Nh\u1eefng chi\u1ebfc b\u00e1nh v\u1edbi l\u1edbp nh\u00e2n l\u00f2ng \u0111\u1ecf tr\u1ee9ng mu\u1ed1i \u0111\u1eadm \u0111\u00e0 tan ch\u1ea3y c\u00f9ng v\u1ecf b\u00e1nh m\u1ec1m m\u1ecbn, th\u01a1m \u00f4m l\u1ea5y l\u1edbp nh\u00e2n tr\u1ee9ng mu\u1ed1i b\u00e9o ng\u1eady, s\u1eb5n s\u00e0ng tu\u00f4n tr\u00e0o ra b\u00ean ngo\u00e0i khi \u0111\u01b0\u1ee3c b\u1ebb \u0111\u00f4i. \u0111\u01b0\u1ee3c \u0111\u1eb7t trong l\u1ec5 h\u1ed9p c\u00f3 thi\u1ebft k\u1ebf n\u1ec1n \u0111en \u00e1nh kim sang tr\u1ecdng, nh\u01b0 t\u00e1i hi\u1ec7n l\u1ea1i \u00e1nh tr\u0103ng t\u1ecfa s\u00e1ng r\u1ef1c r\u1ee1 gi\u1eefa b\u1ea7u tr\u1eddi \u0111\u00eam thu bi\u1ec3u l\u1ed9 t\u1ea5m ch\u00e2n t\u00ecnh c\u1ee7a ng\u01b0\u1eddi t\u1eb7ng \u0111\u1ebfn ng\u01b0\u1eddi th\u00e2n, b\u1ea1n b\u00e8.<\/p>\n<p><img decoding=\"async\" class=\"wp-image-28664 aligncenter\" src=\"https:\/\/havamall.vn\/wp-content\/uploads\/2022\/08\/O1CN01jsPtIs1T4Go2ulZfA_473782328-300x300.jpg\" alt=\"\" width=\"543\" height=\"543\" srcset=\"https:\/\/havamall.vn\/wp-content\/uploads\/2022\/08\/O1CN01jsPtIs1T4Go2ulZfA_473782328-300x300.jpg 300w, https:\/\/havamall.vn\/wp-content\/uploads\/2022\/08\/O1CN01jsPtIs1T4Go2ulZfA_473782328-430x429.jpg 430w, https:\/\/havamall.vn\/wp-content\/uploads\/2022\/08\/O1CN01jsPtIs1T4Go2ulZfA_473782328-150x150.jpg 150w, https:\/\/havamall.vn\/wp-content\/uploads\/2022\/08\/O1CN01jsPtIs1T4Go2ulZfA_473782328-700x699.jpg 700w, https:\/\/havamall.vn\/wp-content\/uploads\/2022\/08\/O1CN01jsPtIs1T4Go2ulZfA_473782328-768x767.jpg 768w, https:\/\/havamall.vn\/wp-content\/uploads\/2022\/08\/O1CN01jsPtIs1T4Go2ulZfA_473782328-600x599.jpg 600w, https:\/\/havamall.vn\/wp-content\/uploads\/2022\/08\/O1CN01jsPtIs1T4Go2ulZfA_473782328-100x100.jpg 100w, https:\/\/havamall.vn\/wp-content\/uploads\/2022\/08\/O1CN01jsPtIs1T4Go2ulZfA_473782328.jpg 790w\" sizes=\"(max-width: 543px) 100vw, 543px\" \/><\/p>\n<div dir=\"auto\">\u0110\u01b0\u1ee3c bi\u1ebft \u0111\u1ebfn l\u00e0 \u201cb\u1eadc th\u1ea7y\u201d c\u1ee7a h\u01b0\u01a1ng v\u1ecb, s\u1ef1 k\u1ebft h\u1ee3p b\u00f9ng n\u1ed5 n\u00e0y \u0111\u01b0\u1ee3c t\u1ea1o n\u00ean nh\u1edd c\u00f4ng th\u1ee9c \u0111\u1ed9c quy\u1ec1n c\u1ee7a Hong Kong Maxim Mooncakes, mang \u0111\u1ebfn cho b\u1ea1n tr\u1ea3i nghi\u1ec7m tuy\u1ec7t v\u1eddi kh\u00f3 qu\u00ean. S\u1ef1 k\u1ebft h\u1ee3p c\u1ee7a nh\u1eefng nguy\u00ean li\u1ec7u th\u01b0\u1ee3ng h\u1ea1ng nh\u01b0 ph\u00f4 mai Gouda B\u1eafc \u00c2u, b\u01a1 Ph\u00e1p, Cacao Barry tr\u1ee9 danh mang \u0111\u1ebfn ph\u1ea7n nh\u00e2n \u0111\u1ed9c \u0111\u00e1o, \u0111\u1ea7y kh\u00e1c bi\u1ec7t trong m\u1ed7i chi\u1ebfc b\u00e1nh.<\/div>\n<p dir=\"auto\">M\u1ed7i h\u1ed9p v\u1edbi 8 chi\u1ebfc b\u00e1nh \u0111\u00e3 l\u00e0m \u201ctan ch\u1ea3y\u201d tr\u00e1i tim c\u1ee7a r\u1ea5t nhi\u1ec1u th\u1ef1c kh\u00e1ch tr\u00ean kh\u1eafp th\u1ebf gi\u1edbi.<\/p>\n<\/div>\n<p dir=\"auto\"><img loading=\"lazy\" decoding=\"async\" class=\"wp-image-28665 aligncenter\" src=\"https:\/\/havamall.vn\/wp-content\/uploads\/2022\/08\/O1CN01e7Kfx21T4Go9K1uKi_473782328-283x300.jpg\" alt=\"\" width=\"539\" height=\"571\" srcset=\"https:\/\/havamall.vn\/wp-content\/uploads\/2022\/08\/O1CN01e7Kfx21T4Go9K1uKi_473782328-283x300.jpg 283w, https:\/\/havamall.vn\/wp-content\/uploads\/2022\/08\/O1CN01e7Kfx21T4Go9K1uKi_473782328-430x456.jpg 430w, https:\/\/havamall.vn\/wp-content\/uploads\/2022\/08\/O1CN01e7Kfx21T4Go9K1uKi_473782328-150x159.jpg 150w, https:\/\/havamall.vn\/wp-content\/uploads\/2022\/08\/O1CN01e7Kfx21T4Go9K1uKi_473782328-700x743.jpg 700w, https:\/\/havamall.vn\/wp-content\/uploads\/2022\/08\/O1CN01e7Kfx21T4Go9K1uKi_473782328-768x815.jpg 768w, https:\/\/havamall.vn\/wp-content\/uploads\/2022\/08\/O1CN01e7Kfx21T4Go9K1uKi_473782328-600x636.jpg 600w, https:\/\/havamall.vn\/wp-content\/uploads\/2022\/08\/O1CN01e7Kfx21T4Go9K1uKi_473782328.jpg 790w\" sizes=\"(max-width: 539px) 100vw, 539px\" \/><\/p>\n<div class=\"rte text--pull\">\n<h3><strong>Lava Quartet \u2013 si\u00eau ph\u1ea9m kh\u00f4ng ch\u1ec9 c\u00f3 1 m\u00e0 \u0111\u1ebfn t\u1eadn 4 v\u1ecb b\u00e1nh Trung Thu Lava h\u1ea5p d\u1eabn:<\/strong><\/h3>\n<div dir=\"auto\">\n<p><strong>\u27a4\u00a0<\/strong>B\u00e1nh Trung Thu Maxim Lava Custard truy\u1ec1n th\u1ed1ng \u0111\u1eadm \u0111\u00e0<\/p>\n<p><strong>\u27a4\u00a0<\/strong>B\u00e1nh trung Thu Maxim Lava Chocolate n\u1ed3ng n\u00e0n, quy\u1ebfn r\u0169 (100% b\u1ed9t ca-ca t\u1eeb Cocoa Barry)<\/p>\n<p><strong>\u27a4\u00a0<\/strong>B\u00e1nh Trung Thu Maxim Lava Macchiato tan ch\u1ea3y s\u00e1nh quy\u1ec7n (h\u01b0\u01a1ng v\u1ecb c\u00e0 ph\u00ea \u0111\u1eadm \u0111\u00e0 ngo\u00e0i l\u1edbp v\u1ecf ho\u00e0 quy\u1ec7n v\u1edbi nh\u00e2n caramel b\u00ean trong)<\/p>\n<p><strong>\u27a4\u00a0<\/strong>B\u00e1nh Trung Thu Maxim Lava Cheese b\u00e9o ng\u1eady v\u1ecb ph\u00f4-mai ( ph\u00f4 mai Gouda s\u1ed1 1 B\u1eafc \u00c2u)<\/p>\n<\/div>\n<\/div>\n<\/div>\n<\/div>\n<\/div>\n<div class=\"product-block-list__item product-block-list__item--reviews\">\n<div id=\"product-reviews\" class=\"section clearfix\">\n<div id=\"hrv-product-reviews\" class=\"hrv-product-reviews hrv-reviews-product\">\n<div id=\"hrv-product-reviews-sub\"><img loading=\"lazy\" decoding=\"async\" class=\"wp-image-28670 aligncenter\" src=\"https:\/\/havamall.vn\/wp-content\/uploads\/2022\/08\/f5684d6a-3f62-4935-b4f5-db158ea22539-300x240.jpg\" alt=\"\" width=\"519\" height=\"415\" srcset=\"https:\/\/havamall.vn\/wp-content\/uploads\/2022\/08\/f5684d6a-3f62-4935-b4f5-db158ea22539-300x240.jpg 300w, https:\/\/havamall.vn\/wp-content\/uploads\/2022\/08\/f5684d6a-3f62-4935-b4f5-db158ea22539-430x344.jpg 430w, https:\/\/havamall.vn\/wp-content\/uploads\/2022\/08\/f5684d6a-3f62-4935-b4f5-db158ea22539-150x120.jpg 150w, https:\/\/havamall.vn\/wp-content\/uploads\/2022\/08\/f5684d6a-3f62-4935-b4f5-db158ea22539-700x559.jpg 700w, https:\/\/havamall.vn\/wp-content\/uploads\/2022\/08\/f5684d6a-3f62-4935-b4f5-db158ea22539-768x614.jpg 768w, https:\/\/havamall.vn\/wp-content\/uploads\/2022\/08\/f5684d6a-3f62-4935-b4f5-db158ea22539-1024x818.jpg 1024w, https:\/\/havamall.vn\/wp-content\/uploads\/2022\/08\/f5684d6a-3f62-4935-b4f5-db158ea22539-1200x959.jpg 1200w, https:\/\/havamall.vn\/wp-content\/uploads\/2022\/08\/f5684d6a-3f62-4935-b4f5-db158ea22539-600x480.jpg 600w, https:\/\/havamall.vn\/wp-content\/uploads\/2022\/08\/f5684d6a-3f62-4935-b4f5-db158ea22539.jpg 1464w\" sizes=\"(max-width: 519px) 100vw, 519px\" \/><\/div>\n<\/div>\n<\/div>\n<\/div>","protected":false},"excerpt":{"rendered":"<p>H\u1ed9p B\u00e1nh Trung Thu Maxim Lava Quartet 2022 mix 4 v\u1ecb v\u1edbi nh\u1eefng lo\u1ea1i b\u00e1nh Lava Custard, Lava S\u00f4-c\u00f4-la, Lava<\/p>","protected":false},"featured_media":28667,"comment_status":"open","ping_status":"closed","template":"","meta":[],"product_brand":[],"product_cat":[36,133],"product_tag":[],"class_list":{"0":"post-28661","1":"product","2":"type-product","3":"status-publish","4":"has-post-thumbnail","6":"product_cat-thuc-pham-tieu-dung","7":"product_cat-banh-keo-chocolate","9":"first","10":"outofstock","11":"sale","12":"shipping-taxable","13":"purchasable","14":"product-type-simple"},"_links":{"self":[{"href":"https:\/\/havamall.vn\/en\/wp-json\/wp\/v2\/product\/28661"}],"collection":[{"href":"https:\/\/havamall.vn\/en\/wp-json\/wp\/v2\/product"}],"about":[{"href":"https:\/\/havamall.vn\/en\/wp-json\/wp\/v2\/types\/product"}],"replies":[{"embeddable":true,"href":"https:\/\/havamall.vn\/en\/wp-json\/wp\/v2\/comments?post=28661"}],"version-history":[{"count":0,"href":"https:\/\/havamall.vn\/en\/wp-json\/wp\/v2\/product\/28661\/revisions"}],"wp:featuredmedia":[{"embeddable":true,"href":"https:\/\/havamall.vn\/en\/wp-json\/wp\/v2\/media\/28667"}],"wp:attachment":[{"href":"https:\/\/havamall.vn\/en\/wp-json\/wp\/v2\/media?parent=28661"}],"wp:term":[{"taxonomy":"product_brand","embeddable":true,"href":"https:\/\/havamall.vn\/en\/wp-json\/wp\/v2\/product_brand?post=28661"},{"taxonomy":"product_cat","embeddable":true,"href":"https:\/\/havamall.vn\/en\/wp-json\/wp\/v2\/product_cat?post=28661"},{"taxonomy":"product_tag","embeddable":true,"href":"https:\/\/havamall.vn\/en\/wp-json\/wp\/v2\/product_tag?post=28661"}],"curies":[{"name":"wp","href":"https:\/\/api.w.org\/{rel}","templated":true}]}}