{"id":28651,"date":"2022-08-31T16:22:27","date_gmt":"2022-08-31T09:22:27","guid":{"rendered":"https:\/\/havamall.vn\/?post_type=product&#038;p=28651"},"modified":"2022-10-04T16:47:05","modified_gmt":"2022-10-04T09:47:05","slug":"banh-trung-thu-lava-custart-nhan-trung-muoi-tan-chay-chinh-hang-hong-kong-hop-360g-hop-8-cai","status":"publish","type":"product","link":"https:\/\/havamall.vn\/en\/shop\/banh-trung-thu-lava-custart-nhan-trung-muoi-tan-chay-chinh-hang-hong-kong-hop-360g-hop-8-cai\/","title":{"rendered":"B\u00e1nh Trung Thu Lava Custart Nh\u00e2n Tr\u1ee9ng Mu\u1ed1i Tan Ch\u1ea3y Ch\u00ednh H\u00e3ng H\u1ed3ng K\u00f4ng H\u1ed9p 8 C\u00e1i 360g"},"content":{"rendered":"<p>B\u00e1nh trung thu Lava Custard tr\u1ee9ng mu\u1ed1i\u00a0tan ch\u1ea3yl\u00e0 lo\u1ea1i b\u00e1nh trung thu b\u00e1n ch\u1ea1y nh\u1ea5t H\u1ed3ng K\u00f4ng \u0111\u00e3 ph\u1ed5 bi\u1ebfn tr\u00ean th\u1ecb tr\u01b0\u1eddng Vi\u1ec7t Nam. B\u00e1nh th\u01a1m b\u01a1 h\u1ea5p d\u1eabn, c\u00f9ng nh\u00e2n h\u1ea1t sen nhuy\u1ec5n tr\u1ee9ng mu\u1ed1i tan ch\u1ea3y ngon kh\u00f4ng th\u1ec3 c\u01b0\u1ee1ng l\u1ea1i, chinh ph\u1ee5c h\u00e0ng tri\u1ec7u t\u00edn \u0111\u1ed3 Custard t\u1eeb tr\u1ebb em \u0111\u1ebfn ng\u01b0\u1eddi gi\u00e0. \u0110\u00e2y ch\u1eafc ch\u1eafn s\u1ebd l\u00e0 m\u00f3n qu\u00e0 \u0111\u1ea7y \u00fd ngh\u0129a d\u00e0nh cho gia \u0111\u00ecnh b\u1ea1n m\u00f9a trung thu s\u1eafp t\u1edbi.<\/p>\n<p><img fetchpriority=\"high\" decoding=\"async\" class=\"aligncenter\" src=\"https:\/\/havamall.vn\/wp-content\/uploads\/2022\/08\/Lava-Custard-2-2022-1024x840.jpg\" alt=\"Ng\u1ecdt ng\u00e0o khi\u1ebfn tr\u00e1i tim tan ch\u1ea3y v\u1edbi B\u00e1nh trung thu MX - Vtrend\" width=\"584\" height=\"479\" \/><\/p>\n<p>Lava Custard Mooncake 2021 h\u1ed9p b\u00e1nh g\u1ed3m 8 b\u00e1nh mini \u0111\u01b0\u1ee3c l\u00e0m r\u1ea5t \u0111\u1eb9p, v\u1edbi nh\u1eefng chi ti\u1ebft \u0111i\u00eau kh\u1eafc c\u1ea7u k\u1ef3 tinh x\u1ea3o v\u00e0 r\u1ea5t sang tr\u1ecdng. V\u1ecf h\u1ed9p m\u00e0u Tr\u1eafng (lava custard) k\u1ebft h\u1ee3p ch\u1eef m\u1ea1 v\u00e0ng ch\u1eafc ch\u1eafn s\u1ebd l\u00e0 m\u00f3n qu\u00e0 tr\u00e2n tr\u1ecdng t\u1eb7ng ng\u01b0\u1eddi th\u00e2n, m\u00f3n ngon \u0111\u1ed9c \u0111\u00e1o t\u1eb7ng kh\u00e1ch qu\u00fd tr\u1ecdng trong d\u1ecbp l\u1ec5 Trung Thu s\u1eafp t\u1edbi.<br \/>\n<img decoding=\"async\" class=\"wp-image-28653 aligncenter\" src=\"https:\/\/havamall.vn\/wp-content\/uploads\/2022\/08\/O1CN01Ys14E61T4GjjINYi7_473782328-300x232.jpg\" alt=\"\" width=\"581\" height=\"449\" srcset=\"https:\/\/havamall.vn\/wp-content\/uploads\/2022\/08\/O1CN01Ys14E61T4GjjINYi7_473782328-300x232.jpg 300w, https:\/\/havamall.vn\/wp-content\/uploads\/2022\/08\/O1CN01Ys14E61T4GjjINYi7_473782328-430x333.jpg 430w, https:\/\/havamall.vn\/wp-content\/uploads\/2022\/08\/O1CN01Ys14E61T4GjjINYi7_473782328-150x116.jpg 150w, https:\/\/havamall.vn\/wp-content\/uploads\/2022\/08\/O1CN01Ys14E61T4GjjINYi7_473782328-700x541.jpg 700w, https:\/\/havamall.vn\/wp-content\/uploads\/2022\/08\/O1CN01Ys14E61T4GjjINYi7_473782328-768x594.jpg 768w, https:\/\/havamall.vn\/wp-content\/uploads\/2022\/08\/O1CN01Ys14E61T4GjjINYi7_473782328-600x464.jpg 600w, https:\/\/havamall.vn\/wp-content\/uploads\/2022\/08\/O1CN01Ys14E61T4GjjINYi7_473782328.jpg 790w\" sizes=\"(max-width: 581px) 100vw, 581px\" \/><\/p>\n<p>D\u00f2ng\u00a0b\u00e1nh trung thu Lava Hong kong\u00a0ngon n\u1ee9c n\u1ed5i ti\u1ebfng kh\u1eafp Th\u1ebf gi\u1edbi, l\u00e0m xi\u00eau l\u00f2ng h\u00e0ng tri\u1ec7u t\u00edn \u0111\u1ed3 m\u1ecdi l\u1ee9a tu\u1ed5i m\u1ed7i d\u1ecbp T\u1ebft trung thu.<\/p>\n<p>S\u1ea3n ph\u1ea9m l\u00e0 k\u1ebft qu\u1ea3 c\u1ee7a m\u1ed9t qu\u00e1 tr\u00ecnh ch\u1ecdn l\u1ecdc nguy\u00ean li\u1ec7u kh\u1eaft khe, c\u00f9ng b\u00e0n tay nh\u00e0o n\u1eb7n l\u00e0nh ngh\u1ec1 t\u1eeb th\u1ee3 l\u00e0m b\u00e1nh c\u00f3 kinh nghi\u1ec7m v\u00e0 \u0111\u01b0\u1ee3c ch\u1ebf bi\u1ebfn h\u1ee3p v\u1ec7 sinh, an to\u00e0n th\u1ef1c ph\u1ea9m, mang h\u01b0\u01a1ng v\u1ecb \u201cnguy\u00ean v\u1eb9n\u201d \u0111\u1ebfn tay ng\u01b0\u1eddi th\u01b0\u1edfng th\u1ee9c.<\/p>\n<p><img decoding=\"async\" class=\"wp-image-28654 aligncenter\" src=\"https:\/\/havamall.vn\/wp-content\/uploads\/2022\/08\/807e63dab10941f3af5e840fe801d640-300x225.jpeg\" alt=\"\" width=\"583\" height=\"437\" srcset=\"https:\/\/havamall.vn\/wp-content\/uploads\/2022\/08\/807e63dab10941f3af5e840fe801d640-300x225.jpeg 300w, https:\/\/havamall.vn\/wp-content\/uploads\/2022\/08\/807e63dab10941f3af5e840fe801d640-430x323.jpeg 430w, https:\/\/havamall.vn\/wp-content\/uploads\/2022\/08\/807e63dab10941f3af5e840fe801d640-150x113.jpeg 150w, https:\/\/havamall.vn\/wp-content\/uploads\/2022\/08\/807e63dab10941f3af5e840fe801d640-700x525.jpeg 700w, https:\/\/havamall.vn\/wp-content\/uploads\/2022\/08\/807e63dab10941f3af5e840fe801d640-768x576.jpeg 768w, https:\/\/havamall.vn\/wp-content\/uploads\/2022\/08\/807e63dab10941f3af5e840fe801d640-1024x768.jpeg 1024w, https:\/\/havamall.vn\/wp-content\/uploads\/2022\/08\/807e63dab10941f3af5e840fe801d640-600x450.jpeg 600w, https:\/\/havamall.vn\/wp-content\/uploads\/2022\/08\/807e63dab10941f3af5e840fe801d640.jpeg 1080w\" sizes=\"(max-width: 583px) 100vw, 583px\" \/><\/p>\n<p>Tuy ch\u1ec9 m\u1edbi xu\u1ea5t hi\u1ec7n tr\u00ean th\u1ecb tr\u01b0\u1eddng Vi\u1ec7t Nam t\u1ea7m 3 n\u0103m tr\u1edf l\u1ea1i \u0111\u00e2y, tuy nhi\u00ean Lava li\u00ean t\u1ee5c h\u1ebft h\u00e0ng ngay khi v\u1ec1 shop, nhi\u1ec1u khi ch\u01b0a \u0111\u1ebfn ng\u00e0y m\u00e0 \u0111\u00e3 h\u1ebft s\u1ea1ch h\u00e0ng.<\/p>\n<p>B\u00e1nh trung thu Lava 2022\u00a0\u0111\u01b0\u1ee3c t\u1ec9 m\u1ec9 t\u1eeb thi\u1ebft k\u1ebf cho \u0111\u1ebfn h\u01b0\u01a1ng v\u1ecb b\u00e1nh mang m\u1ed9t n\u00e9t \u0111\u1eb7c tr\u01b0ng ri\u00eang ch\u01b0a t\u00ecm th\u1ea5y \u1edf m\u1ed9t lo\u1ea1i b\u00e1nh n\u00e0o kh\u00e1c, \u0111\u00e2y ch\u1eafc ch\u1eafn l\u00e0 m\u1ed9t m\u00f3n qu\u00e0 \u0111\u1ea7y b\u1ea5t ng\u1edd cho c\u00e1c em nh\u1ecf v\u00e0 c\u1ea3 gia \u0111\u00ecnh b\u1ea1n.<\/p>\n<p><img loading=\"lazy\" decoding=\"async\" class=\"wp-image-28655 aligncenter\" src=\"https:\/\/havamall.vn\/wp-content\/uploads\/2022\/08\/b53e869a91204c178bc32e3319dc378f-300x225.jpeg\" alt=\"\" width=\"575\" height=\"431\" srcset=\"https:\/\/havamall.vn\/wp-content\/uploads\/2022\/08\/b53e869a91204c178bc32e3319dc378f-300x225.jpeg 300w, https:\/\/havamall.vn\/wp-content\/uploads\/2022\/08\/b53e869a91204c178bc32e3319dc378f-430x323.jpeg 430w, https:\/\/havamall.vn\/wp-content\/uploads\/2022\/08\/b53e869a91204c178bc32e3319dc378f-150x113.jpeg 150w, https:\/\/havamall.vn\/wp-content\/uploads\/2022\/08\/b53e869a91204c178bc32e3319dc378f-700x525.jpeg 700w, https:\/\/havamall.vn\/wp-content\/uploads\/2022\/08\/b53e869a91204c178bc32e3319dc378f-768x576.jpeg 768w, https:\/\/havamall.vn\/wp-content\/uploads\/2022\/08\/b53e869a91204c178bc32e3319dc378f-1024x768.jpeg 1024w, https:\/\/havamall.vn\/wp-content\/uploads\/2022\/08\/b53e869a91204c178bc32e3319dc378f-600x450.jpeg 600w, https:\/\/havamall.vn\/wp-content\/uploads\/2022\/08\/b53e869a91204c178bc32e3319dc378f.jpeg 1080w\" sizes=\"(max-width: 575px) 100vw, 575px\" \/><\/p>\n<h3><strong>\u0110\u1eb7c tr\u01b0ng c\u1ee7a B\u00e1nh trung thu Lava Custard 2022<\/strong><\/h3>\n<ul>\n<li>Lava Custard Mooncake Hong Kong\u00a0chinh ph\u1ee5c kh\u1ea9u v\u1ecb c\u1ee7a h\u00e0ng tri\u1ec7u ng\u01b0\u1eddi tr\u00ean Th\u1ebf gi\u1edbi b\u1edfi h\u01b0\u01a1ng v\u1ecb b\u00e1nh th\u01a1m, ngon kh\u00f3 t\u1ea3. L\u1edbp v\u1ecf b\u00e1nh m\u1ec1m b\u00e9o, thoang tho\u1ea3ng v\u1ecb b\u01a1, c\u00f2n b\u00ean trong l\u00e0 nh\u00e2n tr\u1ee9ng mu\u1ed1i tan ch\u1ea3y th\u01a1m l\u1eebng.<\/li>\n<li>C\u1ea7m tr\u00ean tay chi\u1ebfc b\u00e1nhtrung thu lava tr\u1ee9ng mu\u1ed1i\u00a0tin ch\u1eafc kh\u00f4ng ai c\u00f3 th\u1ec3 c\u01b0\u1ee1ng l\u1ea1i \u0111\u01b0\u1ee3c s\u1ee9c h\u1ea5p d\u1eabn c\u1ee7a n\u00f3, \u0103n v\u00e0o l\u00e0 nghi\u1ec7n.<\/li>\n<li>B\u00e1nh trung thu lava tr\u1ee9ng ch\u1ea3y\u00a0r\u1ea5t v\u1eeba \u0103n, kh\u00f4ng qu\u00e1 ng\u1ecdt, n\u00ean c\u1ea3 tr\u1ebb em l\u1eabn ng\u01b0\u1eddi l\u1edbn \u0111\u1ec1u y\u00eau th\u00edch. Ng\u1ed3i nh\u00e2m nhi chi\u1ebfc b\u00e1nh ngon th\u01b0\u1ee3ng h\u1ea1ng v\u1edbi m\u1ed9t t\u00e1ch tr\u00e0 n\u00f3ng v\u00e0 \u0111\u01b0\u1ee3c qu\u00e2y qu\u1ea7n b\u00ean c\u1ea3 gia \u0111\u00ecnh d\u1ecbp T\u1ebft trung thu th\u00ec c\u00f2n g\u00ec b\u1eb1ng.<\/li>\n<\/ul>\n<p><img loading=\"lazy\" decoding=\"async\" class=\"wp-image-28652 aligncenter\" src=\"https:\/\/havamall.vn\/wp-content\/uploads\/2022\/08\/44fe-iypetiv8514-300x225.png\" alt=\"\" width=\"585\" height=\"439\" srcset=\"https:\/\/havamall.vn\/wp-content\/uploads\/2022\/08\/44fe-iypetiv8514-300x225.png 300w, https:\/\/havamall.vn\/wp-content\/uploads\/2022\/08\/44fe-iypetiv8514-430x323.png 430w, https:\/\/havamall.vn\/wp-content\/uploads\/2022\/08\/44fe-iypetiv8514-150x113.png 150w, https:\/\/havamall.vn\/wp-content\/uploads\/2022\/08\/44fe-iypetiv8514-700x525.png 700w, https:\/\/havamall.vn\/wp-content\/uploads\/2022\/08\/44fe-iypetiv8514-768x576.png 768w, https:\/\/havamall.vn\/wp-content\/uploads\/2022\/08\/44fe-iypetiv8514-1024x768.png 1024w, https:\/\/havamall.vn\/wp-content\/uploads\/2022\/08\/44fe-iypetiv8514-600x450.png 600w, https:\/\/havamall.vn\/wp-content\/uploads\/2022\/08\/44fe-iypetiv8514.png 1080w\" sizes=\"(max-width: 585px) 100vw, 585px\" \/><\/p>\n<ul>\n<li>B\u00e1nh trung thu Lava Custard\u00a0m\u1eabu m\u1edbi 2022\u00a0\u0111\u01b0\u1ee3c c\u1ea3i ti\u1ebfn \u0111\u1eb9p m\u1eaft h\u01a1n, M\u1ed7i h\u1ed9p b\u00e1nh \u0111\u1ec1u c\u00f3 t\u00fai gi\u1ea5y x\u00e1ch tay sang tr\u1ecdng, ho\u00e0n to\u00e0n ph\u00f9 h\u1ee3p \u0111\u1ec3 b\u1ea1n l\u00e0m qu\u00e0 t\u1eb7ng d\u00e0nh cho nh\u1eefng ng\u01b0\u1eddi th\u00e2n y\u00eau, ho\u1eb7c b\u1ea1n b\u00e8, \u0111\u1ed1i t\u00e1c,..<\/li>\n<li>T\u1eebng chi\u1ebfc b\u00e1nh v\u1eabn \u0111\u01b0\u1ee3c in kh\u1eafc h\u1ecda ti\u1ebft s\u1eafc s\u1ea3o, tinh t\u1ebf, l\u00e0 n\u00e9t \u0111\u1eb7c tr\u01b0ng c\u1ee7a b\u00e1nh Hong Kong.<\/li>\n<\/ul>\n<p><img loading=\"lazy\" decoding=\"async\" class=\"wp-image-28656 aligncenter\" src=\"https:\/\/havamall.vn\/wp-content\/uploads\/2022\/08\/O1CN01tnc5Gr1T4GjZCRkFi_473782328-300x291.jpg\" alt=\"\" width=\"578\" height=\"561\" srcset=\"https:\/\/havamall.vn\/wp-content\/uploads\/2022\/08\/O1CN01tnc5Gr1T4GjZCRkFi_473782328-300x291.jpg 300w, https:\/\/havamall.vn\/wp-content\/uploads\/2022\/08\/O1CN01tnc5Gr1T4GjZCRkFi_473782328-430x417.jpg 430w, https:\/\/havamall.vn\/wp-content\/uploads\/2022\/08\/O1CN01tnc5Gr1T4GjZCRkFi_473782328-150x145.jpg 150w, https:\/\/havamall.vn\/wp-content\/uploads\/2022\/08\/O1CN01tnc5Gr1T4GjZCRkFi_473782328-700x679.jpg 700w, https:\/\/havamall.vn\/wp-content\/uploads\/2022\/08\/O1CN01tnc5Gr1T4GjZCRkFi_473782328-768x745.jpg 768w, https:\/\/havamall.vn\/wp-content\/uploads\/2022\/08\/O1CN01tnc5Gr1T4GjZCRkFi_473782328-600x582.jpg 600w, https:\/\/havamall.vn\/wp-content\/uploads\/2022\/08\/O1CN01tnc5Gr1T4GjZCRkFi_473782328.jpg 790w\" sizes=\"(max-width: 578px) 100vw, 578px\" \/><\/p>","protected":false},"excerpt":{"rendered":"<p>B\u00e1nh trung thu Lava Custard tr\u1ee9ng mu\u1ed1i\u00a0tan ch\u1ea3yl\u00e0 lo\u1ea1i b\u00e1nh trung thu b\u00e1n ch\u1ea1y nh\u1ea5t H\u1ed3ng K\u00f4ng \u0111\u00e3 ph\u1ed5 bi\u1ebfn<\/p>","protected":false},"featured_media":28658,"comment_status":"open","ping_status":"closed","template":"","meta":[],"product_brand":[],"product_cat":[36,133],"product_tag":[],"class_list":{"0":"post-28651","1":"product","2":"type-product","3":"status-publish","4":"has-post-thumbnail","6":"product_cat-thuc-pham-tieu-dung","7":"product_cat-banh-keo-chocolate","9":"first","10":"outofstock","11":"sale","12":"shipping-taxable","13":"purchasable","14":"product-type-simple"},"_links":{"self":[{"href":"https:\/\/havamall.vn\/en\/wp-json\/wp\/v2\/product\/28651"}],"collection":[{"href":"https:\/\/havamall.vn\/en\/wp-json\/wp\/v2\/product"}],"about":[{"href":"https:\/\/havamall.vn\/en\/wp-json\/wp\/v2\/types\/product"}],"replies":[{"embeddable":true,"href":"https:\/\/havamall.vn\/en\/wp-json\/wp\/v2\/comments?post=28651"}],"version-history":[{"count":0,"href":"https:\/\/havamall.vn\/en\/wp-json\/wp\/v2\/product\/28651\/revisions"}],"wp:featuredmedia":[{"embeddable":true,"href":"https:\/\/havamall.vn\/en\/wp-json\/wp\/v2\/media\/28658"}],"wp:attachment":[{"href":"https:\/\/havamall.vn\/en\/wp-json\/wp\/v2\/media?parent=28651"}],"wp:term":[{"taxonomy":"product_brand","embeddable":true,"href":"https:\/\/havamall.vn\/en\/wp-json\/wp\/v2\/product_brand?post=28651"},{"taxonomy":"product_cat","embeddable":true,"href":"https:\/\/havamall.vn\/en\/wp-json\/wp\/v2\/product_cat?post=28651"},{"taxonomy":"product_tag","embeddable":true,"href":"https:\/\/havamall.vn\/en\/wp-json\/wp\/v2\/product_tag?post=28651"}],"curies":[{"name":"wp","href":"https:\/\/api.w.org\/{rel}","templated":true}]}}