{"id":28650,"date":"2022-09-01T15:35:47","date_gmt":"2022-09-01T08:35:47","guid":{"rendered":"https:\/\/havamall.vn\/?post_type=product&#038;p=28650"},"modified":"2023-02-14T17:28:01","modified_gmt":"2023-02-14T10:28:01","slug":"keo-o-mai-nho-hop-240g","status":"publish","type":"product","link":"https:\/\/havamall.vn\/en\/shop\/keo-o-mai-nho-hop-240g\/","title":{"rendered":"K\u1eb9o \u00d4 Mai Nho H\u1ed9p 240g"},"content":{"rendered":"<p>X\u00ed mu\u1ed9i nho l\u00e0 \u00f4 mai phi\u00ean b\u1ea3n \u0111\u1eb7c bi\u1ec7t v\u1edbi th\u00e0nh ph\u1ea7n l\u00e0 nh\u1eefng qu\u1ea3 nho t\u01b0\u01a1i th\u01a1m ngon h\u1ea5p d\u1eabn. H\u1ed9i t\u1ee5 \u0111\u1ee7 h\u01b0\u01a1ng v\u1ecb chua, m\u1eb7n, ng\u1ecdt khi\u1ebfn ai c\u0169ng m\u00ea ly th\u00edch th\u00fa. Mang \u0111\u1ebfn lo\u1ea1i x\u00ed mu\u1ed9i th\u01a1m ngon h\u1ea5p d\u1eabn v\u00e0 gi\u00e0u vitamin d\u01b0\u1ee1ng ch\u1ea5t.<\/p>\n<p><img fetchpriority=\"high\" decoding=\"async\" class=\"wp-image-28699 aligncenter\" src=\"https:\/\/havamall.vn\/wp-content\/uploads\/2022\/09\/2e4b1b6509ea652ee34-300x289.png\" alt=\"\" width=\"537\" height=\"517\" srcset=\"https:\/\/havamall.vn\/wp-content\/uploads\/2022\/09\/2e4b1b6509ea652ee34-300x289.png 300w, https:\/\/havamall.vn\/wp-content\/uploads\/2022\/09\/2e4b1b6509ea652ee34-430x414.png 430w, https:\/\/havamall.vn\/wp-content\/uploads\/2022\/09\/2e4b1b6509ea652ee34-150x144.png 150w, https:\/\/havamall.vn\/wp-content\/uploads\/2022\/09\/2e4b1b6509ea652ee34-700x674.png 700w, https:\/\/havamall.vn\/wp-content\/uploads\/2022\/09\/2e4b1b6509ea652ee34-768x739.png 768w, https:\/\/havamall.vn\/wp-content\/uploads\/2022\/09\/2e4b1b6509ea652ee34-600x577.png 600w, https:\/\/havamall.vn\/wp-content\/uploads\/2022\/09\/2e4b1b6509ea652ee34.png 793w\" sizes=\"(max-width: 537px) 100vw, 537px\" \/><\/p>\n<p>X\u00ed mu\u1ed9i nho\u00a0ra \u0111\u1eddi sau nh\u01b0ng l\u1ea1i \u0111\u01b0\u1ee3c y\u00eau th\u00edch h\u01a1n c\u1ea3 b\u1edfi nh\u1edd nguy\u00ean li\u1ec7u ch\u00ednh l\u00e0 nho c\u00f3 \u0111\u1ed9 ng\u1ecdt t\u1ef1 nhi\u00ean cao, cho s\u1ea3n ph\u1ea9m x\u00ed mu\u1ed9i n\u00e0y d\u1ec5 \u0103n h\u01a1n, ngon h\u01a1n v\u00e0 thu h\u00fat c\u00e1c ch\u1ecb em v\u0103n ph\u00f2ng hay c\u1ea3 nh\u1eefng em nh\u1ecf l\u1eabn m\u1eb9 b\u1ea7u h\u01a1n.<\/p>\n<p><img decoding=\"async\" class=\"aligncenter\" src=\"https:\/\/cf.shopee.vn\/file\/c4040d75c8a47b01fc2c135bfca36798\" alt=\"S\u1eb5n h\u00e0ng HN] \u00d4 Mai X\u00ed Mu\u1ed9i Nho Mu\u1ed1i \u0110\u00e0i Loan 240gr | Shopee Vi\u1ec7t Nam\" width=\"535\" height=\"535\" \/><\/p>\n<p>Ngo\u00e0i \u201cb\u1eaft\u201d v\u1ecb gi\u00e1c v\u1edbi s\u1ee9c h\u00fat t\u1eeb h\u01b0\u01a1ng v\u1ecb chua m\u1eb7n ng\u1ecdt, th\u00ec\u00a0x\u00ed mu\u1ed9i nho\u00a0c\u00f2n \u0111\u1eb7c bi\u1ec7t t\u1ed1t cho s\u1ee9c kh\u1ecfe gi\u00fap h\u1ea1n ch\u1ebf \u0111au h\u1ecdng, \u2018thanh c\u1ed5 m\u00e1t h\u1ecdng\u2019, cung c\u1ea5p th\u00eam vitamin v\u00e0 kho\u00e1ng ch\u1ea5t cho c\u01a1 th\u1ec3. C\u00f2n l\u00e0 m\u00f3n \u0103n v\u1eb7t th\u1ea3 ga m\u00e0 kh\u00f4ng lo b\u00e9o b\u1ee5ng n\u1eefa \u0111\u1ea5y!<\/p>\n<p>V\u1ecb ng\u1ecdt thanh kh\u00f4ng g\u1eaft th\u00e0nh ph\u1ea7n l\u1ea1i th\u00e2n thi\u1ec7n, kh\u00f4ng ch\u1ea5t b\u1ea3o qu\u1ea3n an to\u00e0n cho s\u1ee9c kh\u1ecfe, l\u00e0 m\u00f3n \u0103n v\u1eb7t l\u00fd t\u01b0\u1edfng cho m\u1ecdi \u0111\u1ed9 tu\u1ed5i gi\u1edbi t\u00ednh.<\/p>\n<p><img decoding=\"async\" class=\"wp-image-28698 aligncenter\" src=\"https:\/\/havamall.vn\/wp-content\/uploads\/2022\/09\/2e4b1b6509e-300x289.png\" alt=\"\" width=\"530\" height=\"511\" srcset=\"https:\/\/havamall.vn\/wp-content\/uploads\/2022\/09\/2e4b1b6509e-300x289.png 300w, https:\/\/havamall.vn\/wp-content\/uploads\/2022\/09\/2e4b1b6509e-430x414.png 430w, https:\/\/havamall.vn\/wp-content\/uploads\/2022\/09\/2e4b1b6509e-150x144.png 150w, https:\/\/havamall.vn\/wp-content\/uploads\/2022\/09\/2e4b1b6509e-700x674.png 700w, https:\/\/havamall.vn\/wp-content\/uploads\/2022\/09\/2e4b1b6509e-768x739.png 768w, https:\/\/havamall.vn\/wp-content\/uploads\/2022\/09\/2e4b1b6509e-600x577.png 600w, https:\/\/havamall.vn\/wp-content\/uploads\/2022\/09\/2e4b1b6509e.png 793w\" sizes=\"(max-width: 530px) 100vw, 530px\" \/><\/p>\n<h3><strong>Chi ti\u1ebft s\u1ea3n ph\u1ea9m<\/strong><\/h3>\n<p>&gt; S\u1ea3n ph\u1ea9m: X\u00ed mu\u1ed9i nho<\/p>\n<p>&gt; Xu\u1ea5t x\u1ee9: \u0110\u00e0i Loan<\/p>\n<p>&gt; Th\u00e0nh ph\u1ea7n: Nho t\u01b0\u01a1i, \u0111\u01b0\u1eddng, g\u1eebng, cam th\u1ea3o,\u2026.<\/p>\n<p>&gt; Tr\u1ecdng l\u01b0\u1ee3ng: 240gr<\/p>\n<p>&gt; HSD: 12 th\u00e1ng.<\/p>\n<p>&nbsp;<\/p>","protected":false},"excerpt":{"rendered":"<p>X\u00ed mu\u1ed9i nho l\u00e0 \u00f4 mai phi\u00ean b\u1ea3n \u0111\u1eb7c bi\u1ec7t v\u1edbi th\u00e0nh ph\u1ea7n l\u00e0 nh\u1eefng qu\u1ea3 nho t\u01b0\u01a1i th\u01a1m ngon<\/p>","protected":false},"featured_media":28700,"comment_status":"open","ping_status":"closed","template":"","meta":[],"product_brand":[],"product_cat":[36,133],"product_tag":[],"class_list":{"0":"post-28650","1":"product","2":"type-product","3":"status-publish","4":"has-post-thumbnail","6":"product_cat-thuc-pham-tieu-dung","7":"product_cat-banh-keo-chocolate","9":"first","10":"instock","11":"sale","12":"shipping-taxable","13":"purchasable","14":"product-type-simple"},"_links":{"self":[{"href":"https:\/\/havamall.vn\/en\/wp-json\/wp\/v2\/product\/28650"}],"collection":[{"href":"https:\/\/havamall.vn\/en\/wp-json\/wp\/v2\/product"}],"about":[{"href":"https:\/\/havamall.vn\/en\/wp-json\/wp\/v2\/types\/product"}],"replies":[{"embeddable":true,"href":"https:\/\/havamall.vn\/en\/wp-json\/wp\/v2\/comments?post=28650"}],"version-history":[{"count":0,"href":"https:\/\/havamall.vn\/en\/wp-json\/wp\/v2\/product\/28650\/revisions"}],"wp:featuredmedia":[{"embeddable":true,"href":"https:\/\/havamall.vn\/en\/wp-json\/wp\/v2\/media\/28700"}],"wp:attachment":[{"href":"https:\/\/havamall.vn\/en\/wp-json\/wp\/v2\/media?parent=28650"}],"wp:term":[{"taxonomy":"product_brand","embeddable":true,"href":"https:\/\/havamall.vn\/en\/wp-json\/wp\/v2\/product_brand?post=28650"},{"taxonomy":"product_cat","embeddable":true,"href":"https:\/\/havamall.vn\/en\/wp-json\/wp\/v2\/product_cat?post=28650"},{"taxonomy":"product_tag","embeddable":true,"href":"https:\/\/havamall.vn\/en\/wp-json\/wp\/v2\/product_tag?post=28650"}],"curies":[{"name":"wp","href":"https:\/\/api.w.org\/{rel}","templated":true}]}}