{"id":28639,"date":"2022-08-31T14:36:34","date_gmt":"2022-08-31T07:36:34","guid":{"rendered":"https:\/\/havamall.vn\/?post_type=product&#038;p=28639"},"modified":"2025-12-18T09:16:53","modified_gmt":"2025-12-18T02:16:53","slug":"ruou-ruou-mo-vay-vang-kikkoman-nhat-ban-500-ml","status":"publish","type":"product","link":"https:\/\/havamall.vn\/en\/shop\/ruou-ruou-mo-vay-vang-kikkoman-nhat-ban-500-ml\/","title":{"rendered":"R\u01b0\u1ee3u M\u01a1 V\u1ea9y V\u00e0ng Kikkoman Nh\u1eadt B\u1ea3n 500 ML K\u00e8m T\u00fai Gi\u1ea5y  &#8211; Manjou Plum Wine with Gold Foil, 16.9 fl oz"},"content":{"rendered":"<p>R\u01b0\u1ee3u m\u01a1 v\u1ea9y v\u00e0ng\u00a0l\u00e0 lo\u1ea1i \u0111\u1ed3 u\u1ed1ng quen thu\u1ed9c r\u1ea5t \u0111\u01b0\u1ee3c \u01b0a chu\u1ed9ng t\u1ea1i Nh\u1eadt B\u1ea3n. R\u01b0\u1ee3u v\u1ea3y v\u00e0ng mang h\u01b0\u01a1ng v\u1ecb t\u01b0\u01a1i m\u00e1t, v\u1ecb ng\u1ecdt thanh h\u00f2a v\u1edbi v\u1ecb chua nh\u1eb9 c\u1ee7a qu\u1ea3 m\u01a1 mang \u0111\u1ebfn c\u1ea3m gi\u00e1c th\u01b0 gi\u00e3n.<\/p>\n<p>\u0110\u1ec3 c\u00f3 \u0111\u01b0\u1ee3c lo\u1ea1i r\u01b0\u1ee3u m\u01a1 h\u1ea3o h\u1ea1ng n\u00e0y, ng\u01b0\u1eddi Nh\u1eadt \u0111\u00e3 r\u1ea5t t\u1ec9 m\u1ec9 l\u1ef1a ch\u1ecdn k\u1ef9 l\u01b0\u1ee1ng nh\u1eefng tr\u00e1i m\u01a1 t\u1ed1t nh\u1ea5t \u0111\u1ebfn t\u1eeb nh\u1eefng gi\u1ed1ng m\u01a1 h\u00e0ng \u0111\u1ea7u th\u1ebf gi\u1edbi \u0111\u01b0\u1ee3c tr\u1ed3ng ho\u00e0n to\u00e0n thi\u00ean nhi\u00ean. K\u1ebft h\u1ee3p v\u1edbi \u0111\u01b0\u1eddng ph\u00e8n tinh khi\u1ebft t\u1ea1o v\u1ecb ng\u1ecdt thanh cho s\u1ea3n ph\u1ea9m.<\/p>\n<p><img fetchpriority=\"high\" decoding=\"async\" class=\"wp-image-28645 aligncenter\" src=\"https:\/\/havamall.com\/wp-content\/uploads\/2025\/12\/46000JP00099_D1-300x300.jpg\" alt=\"\" width=\"555\" height=\"555\" \/><\/p>\n<p>\u0110\u00e2y l\u00e0 m\u1ed9t lo\u1ea1i r\u01b0\u1ee3u\u00a0th\u00edch h\u1ee3p cho c\u1ea3 nam v\u00e0 n\u1eef, \u0111\u1eb7c bi\u1ec7t l\u00e0 ch\u1ecb em ph\u1ee5 n\u1eef n\u1ebfu mu\u1ed1n s\u1edf h\u1eefu n\u00e0n da v\u00e0 v\u00f3c d\u00e1ng \u0111\u1eb9p th\u00ec \u0111\u1eebng ng\u1ea1i u\u1ed1ng m\u1ed9t ch\u00fat r\u01b0\u1ee3u m\u01a1 m\u1ed7i ng\u00e0y nh\u00e9.<\/p>\n<p>C\u00f4ng ngh\u1ec7 nano t\u1ea1o ra c\u00e1c v\u1ea9y v\u00e0ng nano kh\u00f4ng ch\u1ec9 g\u00f3p ph\u1ea7n t\u1ea1o n\u00ean v\u1ebb \u0111\u1eb9p ri\u00eang c\u1ee7a r\u01b0\u1ee3u m\u01a1 m\u00e0 n\u00f3 c\u00f2n r\u1ea5t t\u1ed1t cho s\u1ee9c kh\u1ecfe.<\/p>\n<p><img decoding=\"async\" class=\"wp-image-28644 aligncenter\" src=\"https:\/\/havamall.com\/wp-content\/uploads\/2025\/12\/800x-2-300x300.jpg\" alt=\"\" width=\"568\" height=\"568\" \/><\/p>\n<p>H\u01a1n n\u1eefa n\u1ed3ng \u0111\u1ed9 c\u1ed3n c\u1ee7a r\u01b0\u1ee3u m\u01a1 r\u1ea5t \u00edt ch\u1ec9 kho\u1ea3ng 13%vol v\u00ec v\u1eady m\u00e0 lo ng\u1ea1i c\u1ee7a ch\u1ecb em v\u1ec1 chuy\u1ec7n say, m\u1ea5t ki\u1ec3m so\u00e1t l\u00e0 \u0111i\u1ec1u ho\u00e0n to\u00e0n kh\u00f4ng \u0111\u00e1ng ng\u1ea1i n\u1eefa r\u1ed3i.<\/p>\n<p>M\u00e0u r\u01b0\u1ee3u m\u01a1 t\u1ef1 nhi\u00ean \u0111\u00e3 r\u1ea5t \u0111\u1eb9p v\u1edbi gam m\u00e0u v\u00e0ng t\u01b0\u01a1i nay l\u1ea1i \u0111\u01b0\u1ee3c k\u1ebft h\u1ee3p th\u00eam nh\u1eefng d\u00e1t v\u00e0ng m\u1ecfng l\u1ea5p l\u00e1nh s\u1eed d\u1ee5ng c\u00f4ng ngh\u1ec7 Nano hi\u1ec7n \u0111\u1ea1i. \u0110i\u1ec1u n\u00e0y l\u00e0m cho chai r\u01b0\u1ee3u tr\u1edf n\u00ean lung linh, sang tr\u1ecdng h\u01a1n r\u1ea5t nhi\u1ec1u. Ch\u00ednh v\u00ec v\u1eady m\u00e0 hi\u1ec7n nay r\u1ea5t nhi\u1ec1u ng\u01b0\u1eddi l\u1ef1a ch\u1ecdn r\u01b0\u1ee3u m\u01a1 l\u00e0m qu\u00e0 t\u1eb7ng,\u00a0r\u01b0\u1ee3u bi\u1ebfucho ng\u01b0\u1eddi th\u00e2n v\u00e0 b\u1ea1n b\u00e8 trong nh\u1eefng d\u1ecbp \u0111\u1eb7c bi\u1ec7t.<\/p>\n<p><img decoding=\"async\" class=\"wp-image-28643 aligncenter\" src=\"https:\/\/havamall.com\/wp-content\/uploads\/2025\/12\/32861010-e448-44f1-83bb-c55e14cd20b1-300x276.png\" alt=\"\" width=\"553\" height=\"509\" \/><\/p>\n<p>B\u00ean c\u1ea1nh \u0111\u00f3 l\u00e0 quy tr\u00ecnh s\u1ea3n xu\u1ea5t r\u01b0\u1ee3u m\u01a1 v\u00e0 kh\u00e2u ki\u1ec3m so\u00e1t ch\u1ea5t l\u01b0\u1ee3ng v\u00f4 c\u00f9ng nghi\u00eam ng\u1eb7t. Sau \u0111\u00f3 ph\u1ea3i tr\u1ea3i qua th\u1eddi gian ng\u00e2m \u1ee7 tr\u00ean 12 th\u00e1ng \u0111\u00e3 t\u1ea1o n\u00ean m\u1ed9t s\u1ea3n ph\u1ea9m r\u01b0\u1ee3u m\u01a1 tuy\u1ec7t h\u1ea3o. B\u1ea5t c\u1ee9 ai c\u0169ng b\u1ecb quy\u1ebfn r\u0169 b\u1edfi v\u1ecb ng\u1ecdt ng\u1ecdt chua chua th\u00eam ch\u00fat c\u1ed3n l\u00e2ng l\u00e2ng l\u00e0m ng\u00e2y ng\u1ea5t l\u00f2ng ng\u01b0\u1eddi.<\/p>\n<p><img loading=\"lazy\" decoding=\"async\" class=\"wp-image-28642 aligncenter\" src=\"https:\/\/havamall.com\/wp-content\/uploads\/2025\/12\/267664236_307086011423519_6967622112708756153_n-300x288.jpg\" alt=\"\" width=\"540\" height=\"519\" \/><\/p>\n<h3><strong>C\u00f4ng d\u1ee5ng c\u1ee7a r\u01b0\u1ee3u m\u01a1 v\u1ea3y v\u00e0ng kikkoman<\/strong><\/h3>\n<p><strong>\u27a4\u00a0<\/strong>R\u01b0\u1ee3u m\u01a1 v\u1ea3y v\u00e0ng Kikkoman c\u00f2n ch\u1ee9a nhi\u1ec1u lo\u1ea1i Vitamin \u0111\u1eb7c bi\u1ec7t l\u00e0 Vitamin A v\u00e0 Vitamin C, c\u00e1c lo\u1ea1i Acid Citric v\u00e0 mu\u1ed1i kho\u00e1ng c\u00f3 t\u00e1c d\u1ee5ng c\u00e2n b\u1eb1ng s\u1ef1 th\u1ea9m th\u1ea5u gi\u1eefa c\u00e1c t\u1ebf b\u00e0o v\u00e0 m\u00e1u, k\u00edch th\u00edch \u0103n ngon mi\u1ec7ng v\u00e0 ti\u00eau ho\u00e1.<\/p>\n<p><strong>\u27a4<\/strong> V\u00e0ng trong r\u01b0\u1ee3u m\u01a1 v\u00e0ng Kikkoman c\u00f3 v\u1ecb cay, t\u00ednh b\u00ecnh, h\u01a1i \u0111\u1ed9c, ho\u00e0 huy\u1ebft, tr\u1ea5n t\u00e2m, an ng\u0169 t\u1ea1ng, tr\u1eeb b\u1ec7nh c\u1ed1t nhi\u1ec7t v\u00e0 b\u1ec7nh phong. Gi\u00fap c\u01a1 th\u1ec3 ho\u1ea1t b\u00e1t, c\u01b0\u1eddng tr\u00e1ng, gi\u1eef \u0111\u01b0\u1ee3c nhan s\u1eafc tr\u1ebb trung v\u00e0 k\u00e9o d\u00e0i tu\u1ed5i th\u1ecd.<\/p>\n<p><strong>\u27a4<\/strong> Ngo\u00e0i ra, V\u00e0ng c\u00f2n mang nhi\u1ec1u ni\u1ec1m may m\u1eafn, gi\u00e0u c\u00f3 \u0111\u1ebfn cho gia ch\u1ee7. R\u01b0\u1ee3u m\u01a1 v\u00e0ng Kikkoman chai kh\u00f4ng qu\u00e1 l\u1edbn, r\u1ea5t xinh x\u1eafn v\u00e0 sang tr\u1ecdng v\u00f4 c\u00f9ng th\u00edch h\u1ee3p l\u00e0m qu\u00e0 T\u1ebft \u0111\u1ea7u n\u0103m.<\/p>\n<p><img loading=\"lazy\" decoding=\"async\" class=\"aligncenter\" src=\"https:\/\/havamall.com\/wp-content\/uploads\/2025\/12\/8a7f53e1082102c60d620d55cf27b65d.jpg\" alt=\"R\u01b0\u1ee3u m\u01a1 v\u1ea3y v\u00e0ng Kikkoman Nh\u1eadt B\u1ea3n | Lazada.vn\" width=\"540\" height=\"720\" \/><\/p>\n<h3><strong>H\u01b0\u1edbng d\u1eabn d\u00f9ng r\u01b0\u1ee3u m\u01a1 v\u1ea3y v\u00e0ng Kikkoman:<\/strong><\/h3>\n<p>\u2714 R\u01b0\u1ee3u m\u01a1 v\u00e0ng Kikkoman th\u00edch h\u1ee3p d\u00f9ng cho nam v\u00e0 n\u1eef trong c\u00e1c b\u1eefa ti\u1ec7c, li\u00ean hoan g\u1eb7p m\u1eb7t hay d\u00f9ng u\u1ed1ng h\u00e0ng ng\u00e0y.<\/p>\n<p>\u2714 R\u01b0\u1ee3u m\u01a1 v\u1ea3y v\u00e0ng Kikkoman c\u00f3 th\u1ec3 d\u00f9ng k\u00e8m v\u1edbi soda, \u0111\u00e1 hay h\u00e2m n\u00f3ng \u0111\u1ec1u \u0111\u01b0\u1ee3c.<\/p>","protected":false},"excerpt":{"rendered":"<p>R\u01b0\u1ee3u m\u01a1 v\u1ea9y v\u00e0ng\u00a0l\u00e0 lo\u1ea1i \u0111\u1ed3 u\u1ed1ng quen thu\u1ed9c r\u1ea5t \u0111\u01b0\u1ee3c \u01b0a chu\u1ed9ng t\u1ea1i Nh\u1eadt B\u1ea3n. R\u01b0\u1ee3u v\u1ea3y v\u00e0ng mang<\/p>","protected":false},"featured_media":29970,"comment_status":"open","ping_status":"closed","template":"","meta":[],"product_brand":[],"product_cat":[36,135],"product_tag":[],"class_list":{"0":"post-28639","1":"product","2":"type-product","3":"status-publish","4":"has-post-thumbnail","6":"product_cat-thuc-pham-tieu-dung","7":"product_cat-sua-do-uong","9":"first","10":"instock","11":"sale","12":"shipping-taxable","13":"purchasable","14":"product-type-simple"},"_links":{"self":[{"href":"https:\/\/havamall.vn\/en\/wp-json\/wp\/v2\/product\/28639"}],"collection":[{"href":"https:\/\/havamall.vn\/en\/wp-json\/wp\/v2\/product"}],"about":[{"href":"https:\/\/havamall.vn\/en\/wp-json\/wp\/v2\/types\/product"}],"replies":[{"embeddable":true,"href":"https:\/\/havamall.vn\/en\/wp-json\/wp\/v2\/comments?post=28639"}],"version-history":[{"count":0,"href":"https:\/\/havamall.vn\/en\/wp-json\/wp\/v2\/product\/28639\/revisions"}],"wp:featuredmedia":[{"embeddable":true,"href":"https:\/\/havamall.vn\/en\/wp-json\/wp\/v2\/media\/29970"}],"wp:attachment":[{"href":"https:\/\/havamall.vn\/en\/wp-json\/wp\/v2\/media?parent=28639"}],"wp:term":[{"taxonomy":"product_brand","embeddable":true,"href":"https:\/\/havamall.vn\/en\/wp-json\/wp\/v2\/product_brand?post=28639"},{"taxonomy":"product_cat","embeddable":true,"href":"https:\/\/havamall.vn\/en\/wp-json\/wp\/v2\/product_cat?post=28639"},{"taxonomy":"product_tag","embeddable":true,"href":"https:\/\/havamall.vn\/en\/wp-json\/wp\/v2\/product_tag?post=28639"}],"curies":[{"name":"wp","href":"https:\/\/api.w.org\/{rel}","templated":true}]}}