{"id":28614,"date":"2022-08-30T11:39:12","date_gmt":"2022-08-30T04:39:12","guid":{"rendered":"https:\/\/havamall.vn\/?post_type=product&#038;p=28614"},"modified":"2023-02-08T17:36:40","modified_gmt":"2023-02-08T10:36:40","slug":"bot-gia-vi-nem-chua-thai-lan-hieu-labo-goi-70g","status":"publish","type":"product","link":"https:\/\/havamall.vn\/en\/shop\/bot-gia-vi-nem-chua-thai-lan-hieu-labo-goi-70g\/","title":{"rendered":"B\u1ed9t Gia V\u1ecb Nem Chua Th\u00e1i Lan Hi\u1ec7u Labo G\u00f3i 70g"},"content":{"rendered":"<p>Nem chua l\u00e0 m\u1ed9t m\u00f3n \u0103n kh\u00e1 \u0111\u01b0\u1ee3c \u01b0a chu\u1ed9ng trong m\u00e2m c\u1ed7 ng\u00e0y t\u1ebft, \u0111\u1ec3 l\u00e0m \u0111\u01b0\u1ee3c m\u00f3n nem chua ngon tuy\u1ec7t th\u00ec m\u1ed9t nguy\u00ean li\u1ec7u kh\u00f4ng th\u1ec3 thi\u1ebfu \u0111\u00f3 l\u00e0 b\u1ed9t l\u00e0m nem chua Lobo c\u1ee7a Th\u00e1i Lan.<\/p>\n<p>Nhi\u1ec1u ng\u01b0\u1eddi m\u1edbi l\u1ea7n \u0111\u1ea7u l\u00e0m nem chua, ch\u01b0a bi\u1ebft n\u00eam n\u1ebfm gia v\u1ecb sao cho \u0111\u00fang v\u00e0 n\u00ean d\u00f9ng gia v\u1ecb n\u00e0o \u0111\u1ec3 cho nem l\u00ean men, th\u00ec g\u00f3i b\u1ed9t gia v\u1ecb nem chua c\u1ee7a Th\u00e1i s\u1ebd l\u00e0 \u201cc\u1ee9u tinh\u201d gi\u00fap c\u00e1c b\u1ea1n y\u00ean t\u00e2m khi l\u00e0m nem chua.<\/p>\n<p><img fetchpriority=\"high\" decoding=\"async\" class=\"wp-image-28615 aligncenter\" src=\"https:\/\/havamall.vn\/wp-content\/uploads\/2022\/08\/nem-300x200.jpg\" alt=\"\" width=\"576\" height=\"384\" srcset=\"https:\/\/havamall.vn\/wp-content\/uploads\/2022\/08\/nem-300x200.jpg 300w, https:\/\/havamall.vn\/wp-content\/uploads\/2022\/08\/nem-430x287.jpg 430w, https:\/\/havamall.vn\/wp-content\/uploads\/2022\/08\/nem-150x100.jpg 150w, https:\/\/havamall.vn\/wp-content\/uploads\/2022\/08\/nem-700x467.jpg 700w, https:\/\/havamall.vn\/wp-content\/uploads\/2022\/08\/nem-768x512.jpg 768w, https:\/\/havamall.vn\/wp-content\/uploads\/2022\/08\/nem-1024x683.jpg 1024w, https:\/\/havamall.vn\/wp-content\/uploads\/2022\/08\/nem-1200x800.jpg 1200w, https:\/\/havamall.vn\/wp-content\/uploads\/2022\/08\/nem-600x400.jpg 600w, https:\/\/havamall.vn\/wp-content\/uploads\/2022\/08\/nem.jpg 1500w\" sizes=\"(max-width: 576px) 100vw, 576px\" \/><\/p>\n<p>G\u00f3i gia v\u1ecb n\u00e0y ch\u1ee9a c\u00e1c th\u00e0nh ph\u1ea7n \u0111\u1eb7c bi\u1ec7t \u0111\u1ea3m b\u1ea3o an to\u00e0n cho ng\u01b0\u1eddi s\u1eed d\u1ee5ng, khi cho v\u00e0o th\u00ec th\u1ecbt s\u1ebd l\u00ean men chua, v\u1edbi h\u01b0\u01a1ng v\u1ecb \u0111\u00fang chu\u1ea9n. M\u1ecdi ng\u01b0\u1eddi kh\u00f4ng ph\u1ea3i lo chi\u1ebfc nem m\u00ecnh l\u00e0m ra b\u1ecb h\u1ecfng.<\/p>\n<p><img decoding=\"async\" class=\"wp-image-28616 aligncenter\" src=\"https:\/\/havamall.vn\/wp-content\/uploads\/2022\/08\/13072021095324_1-300x300.jpg\" alt=\"\" width=\"577\" height=\"577\" srcset=\"https:\/\/havamall.vn\/wp-content\/uploads\/2022\/08\/13072021095324_1-300x300.jpg 300w, https:\/\/havamall.vn\/wp-content\/uploads\/2022\/08\/13072021095324_1-430x430.jpg 430w, https:\/\/havamall.vn\/wp-content\/uploads\/2022\/08\/13072021095324_1-150x150.jpg 150w, https:\/\/havamall.vn\/wp-content\/uploads\/2022\/08\/13072021095324_1-700x700.jpg 700w, https:\/\/havamall.vn\/wp-content\/uploads\/2022\/08\/13072021095324_1-768x768.jpg 768w, https:\/\/havamall.vn\/wp-content\/uploads\/2022\/08\/13072021095324_1-600x600.jpg 600w, https:\/\/havamall.vn\/wp-content\/uploads\/2022\/08\/13072021095324_1-100x100.jpg 100w, https:\/\/havamall.vn\/wp-content\/uploads\/2022\/08\/13072021095324_1.jpg 960w\" sizes=\"(max-width: 577px) 100vw, 577px\" \/><\/p>\n<h3><strong>H\u01b0\u1edbng d\u1eabn c\u00e1ch d\u00f9ng b\u1ed9t gia v\u1ecb l\u00e0m nem chua Lobo Th\u00e1i Lan:<\/strong><\/h3>\n<p>\u2013 Th\u1ecbt r\u1eeda s\u1ea1ch, th\u00e1i nh\u1ecf, cho v\u00e0o m\u00e1y xay th\u1ecbt c\u00f9ng v\u1edbi 4 nh\u00e1nh t\u1ecfi b\u00f3c v\u1ecf, xay 2 l\u1ea7n cho nhuy\u1ec5n<\/p>\n<p>\u2013 Cho th\u1ecbt \u0111\u00e3 xay v\u00e0o ng\u0103n \u0111\u00e1 1h ho\u1eb7c ng\u0103n m\u00e1t 5h \u0111\u1ec3 th\u1ecbt kh\u00f4, kh\u00f4ng b\u1ecb ch\u1ea3y n\u01b0\u1edbc<\/p>\n<p>\u2013 Ph\u1ea7n b\u00ec r\u1eeda s\u1ea1ch b\u1eb1ng mu\u1ed1i, d\u1ea5m, lu\u1ed9c s\u1ea1ch r\u1ed3i c\u1ea1o b\u1ecf ph\u1ea7n l\u00f4ng, m\u1ee1, ch\u1ec9 \u0111\u1ec3 l\u1ea1i ph\u1ea7n b\u00ec m\u00e0 th\u00f4i, c\u1eaft ng\u1eafn t\u1eebng kh\u00fac, c\u00e0ng m\u1ecfng c\u00e0ng ngon, \u0111\u1ec3 t\u1ee7 l\u1ea1nh ( ho\u1eb7c nem ch\u1ea1o th\u00e1i nh\u1ecf)<\/p>\n<p><img decoding=\"async\" class=\"wp-image-28617 aligncenter\" src=\"https:\/\/havamall.vn\/wp-content\/uploads\/2022\/08\/nem-chua-bakafood-02-300x300.jpg\" alt=\"\" width=\"579\" height=\"579\" srcset=\"https:\/\/havamall.vn\/wp-content\/uploads\/2022\/08\/nem-chua-bakafood-02-300x300.jpg 300w, https:\/\/havamall.vn\/wp-content\/uploads\/2022\/08\/nem-chua-bakafood-02-430x430.jpg 430w, https:\/\/havamall.vn\/wp-content\/uploads\/2022\/08\/nem-chua-bakafood-02-150x150.jpg 150w, https:\/\/havamall.vn\/wp-content\/uploads\/2022\/08\/nem-chua-bakafood-02-700x700.jpg 700w, https:\/\/havamall.vn\/wp-content\/uploads\/2022\/08\/nem-chua-bakafood-02-768x768.jpg 768w, https:\/\/havamall.vn\/wp-content\/uploads\/2022\/08\/nem-chua-bakafood-02-600x600.jpg 600w, https:\/\/havamall.vn\/wp-content\/uploads\/2022\/08\/nem-chua-bakafood-02-100x100.jpg 100w, https:\/\/havamall.vn\/wp-content\/uploads\/2022\/08\/nem-chua-bakafood-02.jpg 1000w\" sizes=\"(max-width: 579px) 100vw, 579px\" \/><\/p>\n<p>\u2013 L\u00f4i th\u1ecbt t\u1eeb t\u1ee7 l\u1ea1nh ra, cho v\u00e0o t\u00f4 tr\u1ed9n, \u0111\u1ed5 b\u00ec s\u1ee3i v\u00e0o, th\u00eam \u0111\u01b0\u1eddng, r\u01b0\u1ee3u, n\u01b0\u1edbc m\u1eafm, h\u1ea1t ti\u00eau, t\u1ecfi \u1edbt b\u0103m nhuy\u1ec5n v\u00e0 ph\u1ea7n gia v\u1ecb \u1edf g\u00f3i l\u1edbn c\u1ee7a g\u00f3i gia v\u1ecb nem chua c\u1ee7a Th\u00e1i, tr\u1ed9n k\u1ef9 cho c\u00e1c th\u1ee9 quy\u1ec7n v\u00e0o nhau.<\/p>\n<p>\u2013 Sau \u0111\u00f3 \u0111\u1ed5 n\u1ed1t g\u00f3i mu\u1ed1i nh\u1ecf \u1edf trong g\u00f3i gia v\u1ecb nem chua v\u00e0o h\u1ed7n h\u1ee3p th\u1ecbt, tr\u1ed9n v\u00e0 quy\u1ebft \u0111\u1ec1u th\u1ecbt trong ch\u1eadu (\u0111o\u1ea1n n\u00e0y ph\u1ea3i nhanh v\u00e0 m\u1ea1nh tay).<\/p>\n<p>\u2013 \u00c9p v\u00e0o khu\u00f4n nhanh tay nh\u1ea5t c\u00f3 th\u1ec3. B\u1edfi n\u1ebfu g\u00f3i ch\u1eadm nem s\u1ebd b\u1ecb b\u1edf, kh\u00f4ng d\u00ednh.<\/p>\n<p>\u2013 Ho\u1eb7c l\u1ea5y nilong wrap b\u1ecdc th\u1ee9c \u0103n \u0111\u1ec3 g\u00f3i. L\u00fac g\u00f3i th\u00ec n\u00ean \u0111\u1eb7t m\u1ea5y l\u00e1t t\u1ecfi , \u1edbt th\u00e1i m\u1ecfng \u1edf d\u01b0\u1edbi r\u1ed3i tr\u1ea3i l\u00e1 \u0111inh l\u0103ng l\u00ean r\u1ed3i \u0111\u1eb7t th\u1ecbt l\u00ean, cu\u1ed1n nh\u01b0 cu\u1ed1n nem.<\/p>\n<p>\u2013 \u0110\u1ec3 v\u00e0o h\u1ed9p k\u00edn, 20-24h sau l\u00e0 \u0103n \u0111\u01b0\u1ee3c<\/p>","protected":false},"excerpt":{"rendered":"<p>Nem chua l\u00e0 m\u1ed9t m\u00f3n \u0103n kh\u00e1 \u0111\u01b0\u1ee3c \u01b0a chu\u1ed9ng trong m\u00e2m c\u1ed7 ng\u00e0y t\u1ebft, \u0111\u1ec3 l\u00e0m \u0111\u01b0\u1ee3c m\u00f3n nem<\/p>","protected":false},"featured_media":28618,"comment_status":"open","ping_status":"closed","template":"","meta":[],"product_brand":[],"product_cat":[36],"product_tag":[],"class_list":{"0":"post-28614","1":"product","2":"type-product","3":"status-publish","4":"has-post-thumbnail","6":"product_cat-thuc-pham-tieu-dung","7":"pa_brand-lobo","9":"first","10":"instock","11":"sale","12":"shipping-taxable","13":"purchasable","14":"product-type-simple"},"_links":{"self":[{"href":"https:\/\/havamall.vn\/en\/wp-json\/wp\/v2\/product\/28614"}],"collection":[{"href":"https:\/\/havamall.vn\/en\/wp-json\/wp\/v2\/product"}],"about":[{"href":"https:\/\/havamall.vn\/en\/wp-json\/wp\/v2\/types\/product"}],"replies":[{"embeddable":true,"href":"https:\/\/havamall.vn\/en\/wp-json\/wp\/v2\/comments?post=28614"}],"version-history":[{"count":0,"href":"https:\/\/havamall.vn\/en\/wp-json\/wp\/v2\/product\/28614\/revisions"}],"wp:featuredmedia":[{"embeddable":true,"href":"https:\/\/havamall.vn\/en\/wp-json\/wp\/v2\/media\/28618"}],"wp:attachment":[{"href":"https:\/\/havamall.vn\/en\/wp-json\/wp\/v2\/media?parent=28614"}],"wp:term":[{"taxonomy":"product_brand","embeddable":true,"href":"https:\/\/havamall.vn\/en\/wp-json\/wp\/v2\/product_brand?post=28614"},{"taxonomy":"product_cat","embeddable":true,"href":"https:\/\/havamall.vn\/en\/wp-json\/wp\/v2\/product_cat?post=28614"},{"taxonomy":"product_tag","embeddable":true,"href":"https:\/\/havamall.vn\/en\/wp-json\/wp\/v2\/product_tag?post=28614"}],"curies":[{"name":"wp","href":"https:\/\/api.w.org\/{rel}","templated":true}]}}