{"id":28586,"date":"2022-08-25T17:19:21","date_gmt":"2022-08-25T10:19:21","guid":{"rendered":"https:\/\/havamall.vn\/?post_type=product&#038;p=28586"},"modified":"2022-08-26T10:17:53","modified_gmt":"2022-08-26T03:17:53","slug":"ca-phe-tui-loc-la-viet-tui-10-goi-100g-steeped-coffee-bag","status":"publish","type":"product","link":"https:\/\/havamall.vn\/en\/shop\/ca-phe-tui-loc-la-viet-tui-10-goi-100g-steeped-coffee-bag\/","title":{"rendered":"C\u00e0 Ph\u00ea T\u00fai L\u1ecdc L\u00e0 Vi\u1ec7t T\u00fai 10 G\u00f3i 100g &#8211; Steeped Coffee Bag"},"content":{"rendered":"<p>L\u00e0 Vi\u1ec7t l\u00e0 m\u1ed9t trong nh\u1eefng th\u01b0\u01a1ng hi\u1ec7u c\u00e0 ph\u00ea n\u1ed5i ti\u1ebfng \u1edf Vi\u1ec7t Nam, c\u00f3 r\u1ea5t nhi\u1ec1u d\u00f2ng kh\u00e1c nhau \u0111\u00e1p \u1ee9ng \u0111\u01b0\u1ee3c \u0111a d\u1ea1ng kh\u1ea9u v\u1ecb ng\u01b0\u1eddi ti\u00eau d\u00f9ng.<\/p>\n<p>Vi\u1ec7t Nam t\u1ef1 h\u00e0o s\u1edf h\u1eefu m\u1ed9t di s\u1ea3n v\u0103n h\u00f3a c\u00e0 ph\u00ea gi\u00e0u c\u00f3, v\u00e0 \u2018C\u00e0 Ph\u00ea Phin\u2019 ch\u00ednh l\u00e0 linh h\u1ed3n, l\u00e0 n\u00e9t v\u0103n h\u00f3a th\u01b0\u1edfng th\u1ee9c c\u00e0 ph\u00ea \u0111\u00e3 \u0103n s\u00e2u v\u00e0o ti\u1ec1m th\u1ee9c bi\u1ebft bao ng\u01b0\u1eddi Vi\u1ec7t.<\/p>\n<p><img fetchpriority=\"high\" decoding=\"async\" class=\"wp-image-28587 aligncenter\" src=\"https:\/\/havamall.vn\/wp-content\/uploads\/2022\/08\/ca-phe-phin-giay-ca-phe-tui-loc-la-viet-coffee-d19d5d61-8432-4e4d-b3fb-b0c9951faff2-300x300.png\" alt=\"\" width=\"576\" height=\"576\" srcset=\"https:\/\/havamall.vn\/wp-content\/uploads\/2022\/08\/ca-phe-phin-giay-ca-phe-tui-loc-la-viet-coffee-d19d5d61-8432-4e4d-b3fb-b0c9951faff2-300x300.png 300w, https:\/\/havamall.vn\/wp-content\/uploads\/2022\/08\/ca-phe-phin-giay-ca-phe-tui-loc-la-viet-coffee-d19d5d61-8432-4e4d-b3fb-b0c9951faff2-430x430.png 430w, https:\/\/havamall.vn\/wp-content\/uploads\/2022\/08\/ca-phe-phin-giay-ca-phe-tui-loc-la-viet-coffee-d19d5d61-8432-4e4d-b3fb-b0c9951faff2-150x150.png 150w, https:\/\/havamall.vn\/wp-content\/uploads\/2022\/08\/ca-phe-phin-giay-ca-phe-tui-loc-la-viet-coffee-d19d5d61-8432-4e4d-b3fb-b0c9951faff2-700x700.png 700w, https:\/\/havamall.vn\/wp-content\/uploads\/2022\/08\/ca-phe-phin-giay-ca-phe-tui-loc-la-viet-coffee-d19d5d61-8432-4e4d-b3fb-b0c9951faff2-768x768.png 768w, https:\/\/havamall.vn\/wp-content\/uploads\/2022\/08\/ca-phe-phin-giay-ca-phe-tui-loc-la-viet-coffee-d19d5d61-8432-4e4d-b3fb-b0c9951faff2-600x600.png 600w, https:\/\/havamall.vn\/wp-content\/uploads\/2022\/08\/ca-phe-phin-giay-ca-phe-tui-loc-la-viet-coffee-d19d5d61-8432-4e4d-b3fb-b0c9951faff2-100x100.png 100w, https:\/\/havamall.vn\/wp-content\/uploads\/2022\/08\/ca-phe-phin-giay-ca-phe-tui-loc-la-viet-coffee-d19d5d61-8432-4e4d-b3fb-b0c9951faff2.png 900w\" sizes=\"(max-width: 576px) 100vw, 576px\" \/><\/p>\n<p>C\u00e0 ph\u00ea t\u00fai l\u1ecdc L\u00e0 Vi\u1ec7t mang \u0111\u1ebfn s\u1ef1 ti\u1ec7n d\u1ee5ng t\u1ed1i \u0111a khi s\u1eed d\u1ee5ng. Ch\u1ec9 v\u1edbi ly n\u01b0\u1edbc th\u1eadt n\u00f3ng v\u00e0 v\u00e0i l\u1ea7n nh\u00fang. B\u1ea1n s\u1ebd c\u00f3 cho m\u00ecnh ly c\u00e0 ph\u00ea nguy\u00ean ch\u1ea5t v\u1edbi h\u01b0\u01a1ng v\u1ecb quen thu\u1ed9c. C\u00e0 ph\u00ea c\u00f3 th\u1ec3 u\u1ed1ng thu\u1ea7n ho\u1eb7c k\u1ebft h\u1ee3p h\u00e0i h\u00f2a v\u1edbi \u0111\u01b0\u1eddng, s\u1eefa \u0111\u1eb7c, s\u1eefa t\u01b0\u01a1i cho h\u01b0\u01a1ng v\u1ecb th\u00eam phong ph\u00fa.<\/p>\n<p>S\u1ea3n ph\u1ea9m \u0111\u01b0\u1ee3c l\u00e0m t\u1eeb c\u00e0 ph\u00ea Aribica tr\u1ed3ng t\u1ea1i \u0110\u00e0 L\u1ea1t, n\u01a1i c\u00f3 \u0111\u1ed9 cao v\u00e0 \u0111i\u1ec1u ki\u1ec7n kh\u00ed h\u1eadu, th\u1ed5 nh\u01b0\u1ee1ng th\u00edch h\u1ee3p \u0111\u1ec3 cho ra lo\u1ea1i c\u00e0 ph\u00ea ch\u1ea5t l\u01b0\u1ee3ng cao v\u00e0 h\u01b0\u01a1ng v\u1ecb t\u1ed1t nh\u1ea5t.<\/p>\n<p><img decoding=\"async\" class=\"aligncenter\" src=\"https:\/\/cf.shopee.vn\/file\/9ee423ba5e3b9e21a6f6d2d5b600e220\" alt=\"C\u00e0 Ph\u00ea T\u00fai L\u1ecdc L\u00c0 VI\u1ec6T H\u1ed9p 5 G\u00f3i - C\u00e0 ph\u00ea | CoopOnline.co\" width=\"580\" height=\"580\" \/><\/p>\n<p>Nguy\u00ean li\u1ec7u s\u1ea3n ph\u1ea9m \u0111\u01b0\u1ee3c l\u1ef1a ch\u1ecdn k\u0129 c\u00e0ng t\u1eeb nh\u1eefng h\u1ea1t c\u00e0 ph\u00ea ch\u00ednh \u0111\u1ec1u t\u1ea1i v\u00f9ng \u0111\u1ea5t c\u00e0 ph\u00ea b\u1eadt nh\u1ea5t Vi\u1ec7t Nam. C\u00f4ng \u0111o\u1ea1n rang c\u0169ng r\u1ea5t t\u1ec9 m\u1ec9, \u0111\u00fang \u0111\u1ed9 l\u1eeda v\u00e0 th\u1eddi gian chu\u1ea9n x\u00e1c nh\u1ea5t. H\u1ea1t v\u1eeba ch\u00edn t\u1edbi n\u00ean v\u1eabn gi\u1eef \u0111\u01b0\u1ee3c t\u00ednh axit, mang \u0111\u1ebfn v\u1ecb chua r\u00f5 r\u00e0ng v\u00e0 v\u1ecb ng\u1ecdt, \u0111\u1eafng v\u1eeba nhen nh\u00f3m, r\u1ea5t ho\u00e0n h\u1ea3o.<\/p>\n<p><img decoding=\"async\" class=\"wp-image-28589 aligncenter\" src=\"https:\/\/havamall.vn\/wp-content\/uploads\/2022\/08\/212115233_2891326861184111_4445941462564552338_n-300x300.jpg\" alt=\"\" width=\"560\" height=\"560\" srcset=\"https:\/\/havamall.vn\/wp-content\/uploads\/2022\/08\/212115233_2891326861184111_4445941462564552338_n-300x300.jpg 300w, https:\/\/havamall.vn\/wp-content\/uploads\/2022\/08\/212115233_2891326861184111_4445941462564552338_n-430x430.jpg 430w, https:\/\/havamall.vn\/wp-content\/uploads\/2022\/08\/212115233_2891326861184111_4445941462564552338_n-150x150.jpg 150w, https:\/\/havamall.vn\/wp-content\/uploads\/2022\/08\/212115233_2891326861184111_4445941462564552338_n-700x700.jpg 700w, https:\/\/havamall.vn\/wp-content\/uploads\/2022\/08\/212115233_2891326861184111_4445941462564552338_n-768x768.jpg 768w, https:\/\/havamall.vn\/wp-content\/uploads\/2022\/08\/212115233_2891326861184111_4445941462564552338_n-1024x1024.jpg 1024w, https:\/\/havamall.vn\/wp-content\/uploads\/2022\/08\/212115233_2891326861184111_4445941462564552338_n-1200x1200.jpg 1200w, https:\/\/havamall.vn\/wp-content\/uploads\/2022\/08\/212115233_2891326861184111_4445941462564552338_n-600x600.jpg 600w, https:\/\/havamall.vn\/wp-content\/uploads\/2022\/08\/212115233_2891326861184111_4445941462564552338_n-100x100.jpg 100w, https:\/\/havamall.vn\/wp-content\/uploads\/2022\/08\/212115233_2891326861184111_4445941462564552338_n.jpg 1440w\" sizes=\"(max-width: 560px) 100vw, 560px\" \/><\/p>\n<p>V\u1edbi nh\u1eefng h\u1ea1t c\u00e0 ph\u00ea c\u00f3 ch\u1ea5t l\u01b0\u1ee3ng v\u00e0 \u0111\u01b0\u1ee3c rang \u0111\u00fang \u0111\u1ed9 s\u1ebd mang m\u1ed9t h\u01b0\u01a1ng v\u1ecb ho\u00e0n h\u1ea3o cho th\u1ef1c kh\u00e1ch. C\u00e1c h\u1ea1t cafe rang chu\u1ea9n s\u1ebd t\u1ea1o ra \u0111\u01b0\u1ee3c h\u01b0\u01a1ng th\u01a1m nh\u1ea5t, \u0111\u1ed3ng th\u1eddi ti\u1ebft ra \u0111\u01b0\u1ee3c c\u00e1c vitamin v\u00e0 mu\u1ed1i kho\u00e1ng, tinh d\u1ea7u c\u00f3 trong c\u00e0 ph\u00ea.<\/p>\n<p>H\u1ed9p \u0111\u1ef1ng b\u00ean ngo\u00e0i \u0111\u01b0\u1ee3c l\u00e0m t\u1eeb nguy\u00ean li\u1ec7u gi\u1ea5y kraft, l\u00e0 lo\u1ea1i gi\u1ea5y th\u00e2n thi\u1ec7n v\u1edbi m\u00f4i tr\u01b0\u1eddng.<\/p>\n<p><img loading=\"lazy\" decoding=\"async\" class=\"wp-image-28590 aligncenter\" src=\"https:\/\/havamall.vn\/wp-content\/uploads\/2022\/08\/0-ca-phe-tui-loc-la-viet-coffee-cover-300x300.png\" alt=\"\" width=\"557\" height=\"557\" srcset=\"https:\/\/havamall.vn\/wp-content\/uploads\/2022\/08\/0-ca-phe-tui-loc-la-viet-coffee-cover-300x300.png 300w, https:\/\/havamall.vn\/wp-content\/uploads\/2022\/08\/0-ca-phe-tui-loc-la-viet-coffee-cover-430x430.png 430w, https:\/\/havamall.vn\/wp-content\/uploads\/2022\/08\/0-ca-phe-tui-loc-la-viet-coffee-cover-150x150.png 150w, https:\/\/havamall.vn\/wp-content\/uploads\/2022\/08\/0-ca-phe-tui-loc-la-viet-coffee-cover-700x700.png 700w, https:\/\/havamall.vn\/wp-content\/uploads\/2022\/08\/0-ca-phe-tui-loc-la-viet-coffee-cover-768x768.png 768w, https:\/\/havamall.vn\/wp-content\/uploads\/2022\/08\/0-ca-phe-tui-loc-la-viet-coffee-cover-600x600.png 600w, https:\/\/havamall.vn\/wp-content\/uploads\/2022\/08\/0-ca-phe-tui-loc-la-viet-coffee-cover-100x100.png 100w, https:\/\/havamall.vn\/wp-content\/uploads\/2022\/08\/0-ca-phe-tui-loc-la-viet-coffee-cover.png 1024w\" sizes=\"(max-width: 557px) 100vw, 557px\" \/><\/p>\n<h3>H\u01af\u1edaNG D\u1eaaN S\u1eec D\u1ee4NG:<\/h3>\n<p>\u2013\u00a0\u00a0C\u00e0 ph\u00ea t\u00fai l\u1ecdc L\u00e0 Vi\u1ec7t mang \u0111\u1ebfn s\u1ef1 ti\u1ec7n d\u1ee5ng t\u1ed1i \u0111a khi s\u1eed d\u1ee5ng. Ch\u1ec9 v\u1edbi ly n\u01b0\u1edbc th\u1eadt n\u00f3ng v\u00e0 v\u00e0i l\u1ea7n nh\u00fang. B\u1ea1n s\u1ebd c\u00f3 cho m\u00ecnh ly c\u00e0 ph\u00ea nguy\u00ean ch\u1ea5t v\u1edbi h\u01b0\u01a1ng v\u1ecb quen thu\u1ed9c.<\/p>\n<p>\u2013\u00a0\u00a0C\u00e0 ph\u00ea c\u00f3 th\u1ec3 u\u1ed1ng thu\u1ea7n ho\u1eb7c k\u1ebft h\u1ee3p h\u00e0i h\u00f2a v\u1edbi \u0111\u01b0\u1eddng, s\u1eefa \u0111\u1eb7c, s\u1eefa t\u01b0\u01a1i cho h\u01b0\u01a1ng v\u1ecb th\u00eam phong ph\u00fa.<\/p>\n<p>\u2013\u00a0\u00a0Cho t\u00fai l\u1ecdc c\u00e0 ph\u00ea v\u00e0o ly, r\u00f3t 120ml n\u01b0\u1edbc s\u00f4i.<\/p>\n<p>\u2013\u00a0\u00a0Nh\u00fang t\u00fai l\u1ecdc v\u00e0i l\u1ea7n.<\/p>\n<p>\u2013\u00a0\u00a0\u0110\u1ee3i 4 &#8211; 5 ph\u00fat, r\u1eddi t\u00fai l\u1ecdc v\u00e0 th\u01b0\u1edfng th\u1ee9c.<\/p>\n<p><img loading=\"lazy\" decoding=\"async\" class=\"wp-image-28591 aligncenter\" src=\"https:\/\/havamall.vn\/wp-content\/uploads\/2022\/08\/ca-phe-tui-loc-la-viet-coffee-jpeg-291x300.png\" alt=\"\" width=\"540\" height=\"556\" srcset=\"https:\/\/havamall.vn\/wp-content\/uploads\/2022\/08\/ca-phe-tui-loc-la-viet-coffee-jpeg-291x300.png 291w, https:\/\/havamall.vn\/wp-content\/uploads\/2022\/08\/ca-phe-tui-loc-la-viet-coffee-jpeg-430x443.png 430w, https:\/\/havamall.vn\/wp-content\/uploads\/2022\/08\/ca-phe-tui-loc-la-viet-coffee-jpeg-150x154.png 150w, https:\/\/havamall.vn\/wp-content\/uploads\/2022\/08\/ca-phe-tui-loc-la-viet-coffee-jpeg-700x721.png 700w, https:\/\/havamall.vn\/wp-content\/uploads\/2022\/08\/ca-phe-tui-loc-la-viet-coffee-jpeg-768x791.png 768w, https:\/\/havamall.vn\/wp-content\/uploads\/2022\/08\/ca-phe-tui-loc-la-viet-coffee-jpeg-995x1024.png 995w, https:\/\/havamall.vn\/wp-content\/uploads\/2022\/08\/ca-phe-tui-loc-la-viet-coffee-jpeg-1200x1235.png 1200w, https:\/\/havamall.vn\/wp-content\/uploads\/2022\/08\/ca-phe-tui-loc-la-viet-coffee-jpeg-600x618.png 600w, https:\/\/havamall.vn\/wp-content\/uploads\/2022\/08\/ca-phe-tui-loc-la-viet-coffee-jpeg.png 1228w\" sizes=\"(max-width: 540px) 100vw, 540px\" \/><\/p>","protected":false},"excerpt":{"rendered":"<p>L\u00e0 Vi\u1ec7t l\u00e0 m\u1ed9t trong nh\u1eefng th\u01b0\u01a1ng hi\u1ec7u c\u00e0 ph\u00ea n\u1ed5i ti\u1ebfng \u1edf Vi\u1ec7t Nam, c\u00f3 r\u1ea5t nhi\u1ec1u d\u00f2ng kh\u00e1c<\/p>","protected":false},"featured_media":28592,"comment_status":"open","ping_status":"closed","template":"","meta":[],"product_brand":[],"product_cat":[36,135],"product_tag":[],"class_list":{"0":"post-28586","1":"product","2":"type-product","3":"status-publish","4":"has-post-thumbnail","6":"product_cat-thuc-pham-tieu-dung","7":"product_cat-sua-do-uong","8":"pa_brand-la-viet","10":"first","11":"instock","12":"sale","13":"shipping-taxable","14":"purchasable","15":"product-type-simple"},"_links":{"self":[{"href":"https:\/\/havamall.vn\/en\/wp-json\/wp\/v2\/product\/28586"}],"collection":[{"href":"https:\/\/havamall.vn\/en\/wp-json\/wp\/v2\/product"}],"about":[{"href":"https:\/\/havamall.vn\/en\/wp-json\/wp\/v2\/types\/product"}],"replies":[{"embeddable":true,"href":"https:\/\/havamall.vn\/en\/wp-json\/wp\/v2\/comments?post=28586"}],"version-history":[{"count":0,"href":"https:\/\/havamall.vn\/en\/wp-json\/wp\/v2\/product\/28586\/revisions"}],"wp:featuredmedia":[{"embeddable":true,"href":"https:\/\/havamall.vn\/en\/wp-json\/wp\/v2\/media\/28592"}],"wp:attachment":[{"href":"https:\/\/havamall.vn\/en\/wp-json\/wp\/v2\/media?parent=28586"}],"wp:term":[{"taxonomy":"product_brand","embeddable":true,"href":"https:\/\/havamall.vn\/en\/wp-json\/wp\/v2\/product_brand?post=28586"},{"taxonomy":"product_cat","embeddable":true,"href":"https:\/\/havamall.vn\/en\/wp-json\/wp\/v2\/product_cat?post=28586"},{"taxonomy":"product_tag","embeddable":true,"href":"https:\/\/havamall.vn\/en\/wp-json\/wp\/v2\/product_tag?post=28586"}],"curies":[{"name":"wp","href":"https:\/\/api.w.org\/{rel}","templated":true}]}}