{"id":28571,"date":"2022-08-25T11:45:29","date_gmt":"2022-08-25T04:45:29","guid":{"rendered":"https:\/\/havamall.vn\/?post_type=product&#038;p=28571"},"modified":"2022-12-15T10:30:13","modified_gmt":"2022-12-15T03:30:13","slug":"thanh-cua-figo-malaysia-500g-filament-stick","status":"publish","type":"product","link":"https:\/\/havamall.vn\/en\/shop\/thanh-cua-figo-malaysia-500g-filament-stick\/","title":{"rendered":"Thanh Cua FIGO Malaysia 500g &#8211; Filament Stick"},"content":{"rendered":"<p>Thanh cua (crab sticks) l\u00e0 m\u1ed9t lo\u1ea1i th\u1ef1c ph\u1ea9m ch\u1ebf bi\u1ebfn \u0111\u01b0\u1ee3c ph\u00e1t minh t\u1eeb H\u00e0n Qu\u1ed1c, l\u00e0m t\u1eeb tinh b\u1ed9t v\u00e0 c\u00e1 tr\u1eafng nghi\u1ec1n m\u1ecbn (surimi) \u0111\u00e3 \u0111\u01b0\u1ee3c \u0111\u1ecbnh h\u00ecnh v\u00e0 ch\u1ebf bi\u1ebfn th\u00e0nh h\u00ecnh d\u1ea1ng th\u1ecbt c\u1ee7a ch\u00e2n cua tuy\u1ebft.\u00a0\u0110\u00e2y l\u00e0 d\u00f2ng s\u1ea3n ph\u1ea9m \u0111\u00f4ng l\u1ea1nh \u0111\u01b0\u1ee3c ch\u1ebf bi\u1ebfn theo c\u00f4ng ngh\u1ec7 \u0111\u1eb7c bi\u1ec7t, gi\u00fap l\u01b0u gi\u1eef h\u01b0\u01a1ng v\u1ecb th\u01a1m ngon.<\/p>\n<p><img fetchpriority=\"high\" decoding=\"async\" class=\"wp-image-28572 aligncenter\" src=\"https:\/\/havamall.vn\/wp-content\/uploads\/2022\/08\/8d1c37b0-f0dd-4d5d-bae9-300x169.png\" alt=\"\" width=\"570\" height=\"321\" srcset=\"https:\/\/havamall.vn\/wp-content\/uploads\/2022\/08\/8d1c37b0-f0dd-4d5d-bae9-300x169.png 300w, https:\/\/havamall.vn\/wp-content\/uploads\/2022\/08\/8d1c37b0-f0dd-4d5d-bae9-430x242.png 430w, https:\/\/havamall.vn\/wp-content\/uploads\/2022\/08\/8d1c37b0-f0dd-4d5d-bae9-150x84.png 150w, https:\/\/havamall.vn\/wp-content\/uploads\/2022\/08\/8d1c37b0-f0dd-4d5d-bae9-700x393.png 700w, https:\/\/havamall.vn\/wp-content\/uploads\/2022\/08\/8d1c37b0-f0dd-4d5d-bae9-768x431.png 768w, https:\/\/havamall.vn\/wp-content\/uploads\/2022\/08\/8d1c37b0-f0dd-4d5d-bae9-1024x575.png 1024w, https:\/\/havamall.vn\/wp-content\/uploads\/2022\/08\/8d1c37b0-f0dd-4d5d-bae9-1200x674.png 1200w, https:\/\/havamall.vn\/wp-content\/uploads\/2022\/08\/8d1c37b0-f0dd-4d5d-bae9-600x337.png 600w, https:\/\/havamall.vn\/wp-content\/uploads\/2022\/08\/8d1c37b0-f0dd-4d5d-bae9.png 1280w\" sizes=\"(max-width: 570px) 100vw, 570px\" \/><\/p>\n<p>Thanh ch\u1ea3 cua thu\u1ed9c d\u00f2ng s\u1ea3n ph\u1ea9m \u0111\u1ed9c \u0111\u00e1o c\u1ee7a th\u1ef1c ph\u1ea9m \u0111\u00f4ng l\u1ea1nh. Thanh cua c\u00f3 th\u1ef1c \u0111\u01a1n ch\u1ebf bi\u1ebfn r\u1ea5t \u0111\u01a1n gi\u1ea3n, phong ph\u00fa v\u00e0 \u0111\u1eb7c bi\u1ec7t kh\u00f4ng k\u00e9m ph\u1ea7n h\u1ea5p d\u1eabn.<\/p>\n<p>Thanh cua th\u01b0\u01a1ng hi\u1ec7u Figo \u0111\u00e3 \u0111\u01b0\u1ee3c r\u1ea5t nhi\u1ec1u nh\u00e0 h\u00e0ng s\u1eed d\u1ee5ng \u0111\u1ec3 ch\u1ebf bi\u1ebfn m\u00f3n \u0103n. Thanh Cua dai, v\u1ecb \u0111\u1eadm \u0111\u00e0 d\u00f9ng \u0111\u1ec3 ch\u1ebf bi\u1ebfn: kimbap, n\u1ea5u canh, \u0103n l\u1ea9u, n\u1ea5u c\u00f9ng m\u00ec g\u00f3i&#8230;. Ch\u1ea5t l\u01b0\u1ee3ng s\u1ea3n ph\u1ea9m \u0111\u00e3 \u0111\u01b0\u1ee3c kh\u1eb3ng \u0111\u1ecbnh b\u1edfi s\u1ef1 tin d\u00f9ng c\u1ee7a c\u00e1c chu\u1ed7i nh\u00e0 h\u00e0ng l\u1edbn t\u1ea1i \u0110\u00f4ng Nam \u00c1.<\/p>\n<p><img decoding=\"async\" class=\"wp-image-28573 aligncenter\" src=\"https:\/\/havamall.vn\/wp-content\/uploads\/2022\/08\/1091644520_43-300x225.jpeg\" alt=\"\" width=\"593\" height=\"445\" srcset=\"https:\/\/havamall.vn\/wp-content\/uploads\/2022\/08\/1091644520_43-300x225.jpeg 300w, https:\/\/havamall.vn\/wp-content\/uploads\/2022\/08\/1091644520_43-430x322.jpeg 430w, https:\/\/havamall.vn\/wp-content\/uploads\/2022\/08\/1091644520_43-150x112.jpeg 150w, https:\/\/havamall.vn\/wp-content\/uploads\/2022\/08\/1091644520_43-600x449.jpeg 600w, https:\/\/havamall.vn\/wp-content\/uploads\/2022\/08\/1091644520_43.jpeg 700w\" sizes=\"(max-width: 593px) 100vw, 593px\" \/><\/p>\n<p>Thanh cua Figo<strong>\u00a0<\/strong>\u0111\u01b0\u1ee3c l\u00e0m ho\u00e0n to\u00e0n t\u1eeb nh\u1eefng nguy\u00ean li\u1ec7u t\u01b0\u01a1i ngon, th\u00f4ng qua ch\u1ecdn l\u1ecdc k\u0129 c\u00e0ng, \u0111\u1ea3m b\u1ea3o an to\u00e0n v\u1ec7 sinh th\u1ef1c ph\u1ea9m.<\/p>\n<p>Thanh cua m\u1ec1m, dai c\u00f3 \u0111\u1ed9 d\u00e0i \u0111\u01b0\u1ee3c c\u1eaft kh\u00fac v\u1eeba v\u1eb7n thu\u1eadn ti\u1ec7n cho vi\u1ec7c ch\u1ebf bi\u1ebfn nhi\u1ec1u m\u00f3n \u0103n nh\u01b0 sushi. Ngo\u00e0i ra, c\u00f3 th\u1ec3 d\u00f9ng thanh cua \u0111\u1ec3 ch\u1ebf bi\u1ebfn c\u00e1c m\u00f3n \u0103n kh\u00e1c.<\/p>\n<p>S\u1ea3n ph\u1ea9m \u0111\u01b0\u1ee3c s\u1ea3n xu\u1ea5t tr\u00ean d\u00e2y chuy\u1ec1n c\u00f4ng ngh\u1ec7 hi\u1ec7n \u0111\u1ea1i c\u1ee7a H\u00e0n Qu\u1ed1c n\u00ean t\u00ednh an to\u00e0n th\u1ef1c ph\u1ea9m lu\u00f4n \u0111\u01b0\u1ee3c \u0111\u1ea3m b\u1ea3o. Ngo\u00e0i ra, v\u1edbi nguy\u00ean li\u1ec7u ch\u1ebf bi\u1ebfn t\u01b0\u01a1i, s\u1ea1ch, s\u1ea3n ph\u1ea9m s\u1ebd mang \u0111\u1ebfn cho gia \u0111\u00ecnh b\u1ea1n nh\u1eefng b\u1eefa \u0103n ngon.<\/p>\n<p><img decoding=\"async\" class=\"wp-image-28574 aligncenter\" src=\"https:\/\/havamall.vn\/wp-content\/uploads\/2022\/08\/menueditor_item_3de826f87ff64a12b3c3c3447ed0aed5_1602826800326975989-300x300.png\" alt=\"\" width=\"591\" height=\"591\" srcset=\"https:\/\/havamall.vn\/wp-content\/uploads\/2022\/08\/menueditor_item_3de826f87ff64a12b3c3c3447ed0aed5_1602826800326975989-300x300.png 300w, https:\/\/havamall.vn\/wp-content\/uploads\/2022\/08\/menueditor_item_3de826f87ff64a12b3c3c3447ed0aed5_1602826800326975989-430x430.png 430w, https:\/\/havamall.vn\/wp-content\/uploads\/2022\/08\/menueditor_item_3de826f87ff64a12b3c3c3447ed0aed5_1602826800326975989-150x150.png 150w, https:\/\/havamall.vn\/wp-content\/uploads\/2022\/08\/menueditor_item_3de826f87ff64a12b3c3c3447ed0aed5_1602826800326975989-700x700.png 700w, https:\/\/havamall.vn\/wp-content\/uploads\/2022\/08\/menueditor_item_3de826f87ff64a12b3c3c3447ed0aed5_1602826800326975989-768x768.png 768w, https:\/\/havamall.vn\/wp-content\/uploads\/2022\/08\/menueditor_item_3de826f87ff64a12b3c3c3447ed0aed5_1602826800326975989-600x600.png 600w, https:\/\/havamall.vn\/wp-content\/uploads\/2022\/08\/menueditor_item_3de826f87ff64a12b3c3c3447ed0aed5_1602826800326975989-100x100.png 100w, https:\/\/havamall.vn\/wp-content\/uploads\/2022\/08\/menueditor_item_3de826f87ff64a12b3c3c3447ed0aed5_1602826800326975989.png 1000w\" sizes=\"(max-width: 591px) 100vw, 591px\" \/><\/p>\n<h3><strong>H\u01b0\u1edbng d\u1eabn s\u1eed d\u1ee5ng: <\/strong><\/h3>\n<p>Thanh cua H\u00e0n Qu\u1ed1c sau khi r\u00e3 \u0111\u00f4ng c\u00f3 th\u1ec3 d\u00f9ng \u0111\u01b0\u1ee3c ngay v\u1edbi n\u01b0\u1edbc t\u01b0\u01a1ng m\u00f9 t\u1ea1t ho\u1eb7c c\u00f3 th\u1ec3 d\u00f9ng ch\u1ebf bi\u1ebfn th\u00e0nh c\u00e1c m\u00f3n \u0103n kh\u00e1c nhau nh\u01b0:<\/p>\n<p>&#8211; Kimbap<\/p>\n<p>&#8211; Sushi Nh\u1eadt B\u1ea3n<\/p>\n<p>&#8211; Thanh cua h\u1ea5p tr\u1ee9ng<\/p>\n<p>&#8211; B\u1eafp c\u1ea3i x\u00e0o thanh cua<\/p>\n<p>&#8211; S\u00fap thanh cua<\/p>\n<p>&#8211; Salad thanh cua<\/p>\n<p><img loading=\"lazy\" decoding=\"async\" class=\"wp-image-28575 aligncenter\" src=\"https:\/\/havamall.vn\/wp-content\/uploads\/2022\/08\/kanikama_chuka_sarada_a7a765010cfc48b4801c2f944f79ec1b_master-300x200.png\" alt=\"\" width=\"587\" height=\"391\" srcset=\"https:\/\/havamall.vn\/wp-content\/uploads\/2022\/08\/kanikama_chuka_sarada_a7a765010cfc48b4801c2f944f79ec1b_master-300x200.png 300w, https:\/\/havamall.vn\/wp-content\/uploads\/2022\/08\/kanikama_chuka_sarada_a7a765010cfc48b4801c2f944f79ec1b_master-430x287.png 430w, https:\/\/havamall.vn\/wp-content\/uploads\/2022\/08\/kanikama_chuka_sarada_a7a765010cfc48b4801c2f944f79ec1b_master-150x100.png 150w, https:\/\/havamall.vn\/wp-content\/uploads\/2022\/08\/kanikama_chuka_sarada_a7a765010cfc48b4801c2f944f79ec1b_master-700x467.png 700w, https:\/\/havamall.vn\/wp-content\/uploads\/2022\/08\/kanikama_chuka_sarada_a7a765010cfc48b4801c2f944f79ec1b_master-768x512.png 768w, https:\/\/havamall.vn\/wp-content\/uploads\/2022\/08\/kanikama_chuka_sarada_a7a765010cfc48b4801c2f944f79ec1b_master-1024x683.png 1024w, https:\/\/havamall.vn\/wp-content\/uploads\/2022\/08\/kanikama_chuka_sarada_a7a765010cfc48b4801c2f944f79ec1b_master-1200x800.png 1200w, https:\/\/havamall.vn\/wp-content\/uploads\/2022\/08\/kanikama_chuka_sarada_a7a765010cfc48b4801c2f944f79ec1b_master-600x400.png 600w, https:\/\/havamall.vn\/wp-content\/uploads\/2022\/08\/kanikama_chuka_sarada_a7a765010cfc48b4801c2f944f79ec1b_master.png 2048w\" sizes=\"(max-width: 587px) 100vw, 587px\" \/><\/p>","protected":false},"excerpt":{"rendered":"<p>Thanh cua (crab sticks) l\u00e0 m\u1ed9t lo\u1ea1i th\u1ef1c ph\u1ea9m ch\u1ebf bi\u1ebfn \u0111\u01b0\u1ee3c ph\u00e1t minh t\u1eeb H\u00e0n Qu\u1ed1c, l\u00e0m t\u1eeb tinh<\/p>","protected":false},"featured_media":28576,"comment_status":"open","ping_status":"closed","template":"","meta":[],"product_brand":[],"product_cat":[275,36],"product_tag":[],"class_list":{"0":"post-28571","1":"product","2":"type-product","3":"status-publish","4":"has-post-thumbnail","6":"product_cat-thuc-pham-dong-lanh","7":"product_cat-thuc-pham-tieu-dung","9":"first","10":"instock","11":"sale","12":"shipping-taxable","13":"purchasable","14":"product-type-simple"},"_links":{"self":[{"href":"https:\/\/havamall.vn\/en\/wp-json\/wp\/v2\/product\/28571"}],"collection":[{"href":"https:\/\/havamall.vn\/en\/wp-json\/wp\/v2\/product"}],"about":[{"href":"https:\/\/havamall.vn\/en\/wp-json\/wp\/v2\/types\/product"}],"replies":[{"embeddable":true,"href":"https:\/\/havamall.vn\/en\/wp-json\/wp\/v2\/comments?post=28571"}],"version-history":[{"count":0,"href":"https:\/\/havamall.vn\/en\/wp-json\/wp\/v2\/product\/28571\/revisions"}],"wp:featuredmedia":[{"embeddable":true,"href":"https:\/\/havamall.vn\/en\/wp-json\/wp\/v2\/media\/28576"}],"wp:attachment":[{"href":"https:\/\/havamall.vn\/en\/wp-json\/wp\/v2\/media?parent=28571"}],"wp:term":[{"taxonomy":"product_brand","embeddable":true,"href":"https:\/\/havamall.vn\/en\/wp-json\/wp\/v2\/product_brand?post=28571"},{"taxonomy":"product_cat","embeddable":true,"href":"https:\/\/havamall.vn\/en\/wp-json\/wp\/v2\/product_cat?post=28571"},{"taxonomy":"product_tag","embeddable":true,"href":"https:\/\/havamall.vn\/en\/wp-json\/wp\/v2\/product_tag?post=28571"}],"curies":[{"name":"wp","href":"https:\/\/api.w.org\/{rel}","templated":true}]}}