{"id":28565,"date":"2022-08-25T10:47:15","date_gmt":"2022-08-25T03:47:15","guid":{"rendered":"https:\/\/havamall.vn\/?post_type=product&#038;p=28565"},"modified":"2023-01-13T10:12:24","modified_gmt":"2023-01-13T03:12:24","slug":"combo-vien-tha-lau-5-trong-1-figo-500g-steamboat-5-in-1","status":"publish","type":"product","link":"https:\/\/havamall.vn\/en\/shop\/combo-vien-tha-lau-5-trong-1-figo-500g-steamboat-5-in-1\/","title":{"rendered":"Combo Vi\u00ean Th\u1ea3 L\u1ea9u 5 Trong 1 FIGO 500g &#8211; Steamboat 5 In 1"},"content":{"rendered":"<div id=\"content_tab_description\" class=\"tab-content tab-description\">\n<div class=\"tab-content-inner\">\n<div class=\"tab-content-scroll\">\n<p>Combo 5 lo\u1ea1i vi\u00ean th\u1ea3 l\u1ea9u Figo 500g \u0111\u01b0\u1ee3c s\u1ea3n xu\u1ea5t t\u1ea1i \u0111\u1ea5t n\u01b0\u1edbc Malaysia sau \u0111\u00f3 m\u1edbi \u0111\u01b0\u1ee3c nh\u1eadp kh\u1ea9u v\u1ec1 Vi\u1ec7t Nam theo con \u0111\u01b0\u1eddng ch\u00ednh ng\u1ea1ch. N\u1ebfu b\u1ea1n y\u00eau th\u00edch \u0103n l\u1ea9u nh\u01b0ng l\u1ea1i ng\u1ea1i ra ngo\u00e0i, \u0111\u1eebng lo\u00a0Figo Malaysia \u0111\u00e3 t\u1ea1o n\u00ean combo 5 trong 1 cho nh\u1eefng ai y\u00eau th\u00edch n\u1ea5u \u0103n t\u1ea1i nh\u00e0 v\u00e0 \u0111\u01b0\u1ee3c th\u1eed nhi\u1ec1u lo\u1ea1i vi\u00ean ch\u1ec9 trong 1 g\u00f3i 500g duy nh\u1ea5t.<\/p>\n<p><img fetchpriority=\"high\" decoding=\"async\" class=\"wp-image-28566 aligncenter\" src=\"https:\/\/havamall.vn\/wp-content\/uploads\/2022\/08\/94080177_104112051275296_3689497990982008832_n-300x279.jpg\" alt=\"\" width=\"573\" height=\"533\" srcset=\"https:\/\/havamall.vn\/wp-content\/uploads\/2022\/08\/94080177_104112051275296_3689497990982008832_n-300x279.jpg 300w, https:\/\/havamall.vn\/wp-content\/uploads\/2022\/08\/94080177_104112051275296_3689497990982008832_n-430x400.jpg 430w, https:\/\/havamall.vn\/wp-content\/uploads\/2022\/08\/94080177_104112051275296_3689497990982008832_n-150x139.jpg 150w, https:\/\/havamall.vn\/wp-content\/uploads\/2022\/08\/94080177_104112051275296_3689497990982008832_n-700x650.jpg 700w, https:\/\/havamall.vn\/wp-content\/uploads\/2022\/08\/94080177_104112051275296_3689497990982008832_n-768x714.jpg 768w, https:\/\/havamall.vn\/wp-content\/uploads\/2022\/08\/94080177_104112051275296_3689497990982008832_n-600x558.jpg 600w, https:\/\/havamall.vn\/wp-content\/uploads\/2022\/08\/94080177_104112051275296_3689497990982008832_n.jpg 960w\" sizes=\"(max-width: 573px) 100vw, 573px\" \/><\/p>\n<p>Combo 5 lo\u1ea1i vi\u00ean th\u1ea3 l\u1ea9u Figo 500g \u0111\u01b0\u1ee3c l\u00e0m ho\u00e0n to\u00e0n t\u1eeb nh\u1eefng nguy\u00ean li\u1ec7u t\u01b0\u01a1i ngon, th\u00f4ng qua ch\u1ecdn l\u1ecdc k\u0129 c\u00e0ng, \u0111\u1ea3m b\u1ea3o mang \u0111\u1ebfn kh\u00e1ch h\u00e0ng s\u1ea3n ph\u1ea9m th\u01a1m ngon v\u00e0 ch\u1ea5t l\u01b0\u1ee3ng. \u0110\u1ed3ng th\u1eddi r\u1ea5t\u00a0ti\u1ec7n l\u1ee3i, ch\u1ebf bi\u1ebfn nhanh, gi\u00fap c\u00e1c ch\u1ecb n\u1ed9i tr\u1ee3 ti\u1ebft ki\u1ec7m th\u1eddi gian.<\/p>\n<p>Combo th\u1ea3 l\u1ea9u Figo 500g g\u1ed3m 5 lo\u1ea1i vi\u00ean kh\u00e1c nhau \u0111\u00fang ch\u1ea5t h\u1ea3i s\u1ea3n g\u1ed3m c\u00e1 vi\u00ean, c\u00e1 vi\u00ean v\u1ecb t\u00f4m h\u00f9m, m\u1ef1c cu\u1ed9n th\u1ecbt cua, \u0111\u1eadu h\u1ee7 h\u1ea3i s\u1ea3n, golden nugget.<\/p>\n<p><img decoding=\"async\" class=\"wp-image-28567 aligncenter\" src=\"https:\/\/havamall.vn\/wp-content\/uploads\/2022\/08\/21440548-296x300.jpg\" alt=\"\" width=\"580\" height=\"588\" srcset=\"https:\/\/havamall.vn\/wp-content\/uploads\/2022\/08\/21440548-296x300.jpg 296w, https:\/\/havamall.vn\/wp-content\/uploads\/2022\/08\/21440548-430x435.jpg 430w, https:\/\/havamall.vn\/wp-content\/uploads\/2022\/08\/21440548-150x152.jpg 150w, https:\/\/havamall.vn\/wp-content\/uploads\/2022\/08\/21440548-700x709.jpg 700w, https:\/\/havamall.vn\/wp-content\/uploads\/2022\/08\/21440548-768x778.jpg 768w, https:\/\/havamall.vn\/wp-content\/uploads\/2022\/08\/21440548-600x608.jpg 600w, https:\/\/havamall.vn\/wp-content\/uploads\/2022\/08\/21440548-100x100.jpg 100w, https:\/\/havamall.vn\/wp-content\/uploads\/2022\/08\/21440548.jpg 940w\" sizes=\"(max-width: 580px) 100vw, 580px\" \/><\/p>\n<h3><strong>\u01afu \u0111i\u1ec3m<\/strong><\/h3>\n<p>\u2013 Th\u01b0\u1edfng th\u1ee9c \u0111\u01b0\u1ee3c c\u00e1c lo\u1ea1i topping l\u1ea9u \u0111a d\u1ea1ng, \u0111ang \u0111\u01b0\u1ee3c \u01b0a chu\u1ed9ng ch\u1ec9 trong 1 g\u00f3i.<\/p>\n<p>\u2013 Ti\u1ebft ki\u1ec7m \u0111\u01b0\u1ee3c nhi\u1ec1u chi ph\u00ed so v\u1edbi mua l\u1ebb.<\/p>\n<p>\u2013 Ti\u1ec7n l\u1ee3i, d\u1ec5 ch\u1ebf bi\u1ebfn, ch\u1ec9 c\u1ea7n r\u00e3 \u0111\u00f4ng sau \u0111\u00f3 th\u1ea3 v\u00e0o l\u1ea9u s\u00f4i 100 \u0111\u1ed9 t\u1eeb 1-2 ph\u00fat l\u00e0 c\u00f3 th\u1ec3 \u0103n ngay.<b><\/b><\/p>\n<p><img decoding=\"async\" class=\"aligncenter\" src=\"https:\/\/havamall.vn\/wp-content\/uploads\/2022\/08\/combo-vien-tha-lau-Figo_480x480.jpg\" \/><\/p>\n<h3><strong>C\u00f4ng d\u1ee5ng<\/strong><\/h3>\n<p>Topping \u0103n k\u00e8m cho m\u1ecdi lo\u1ea1i l\u1ea9u.<\/p>\n<h3><strong>C\u00e1ch s\u1eed d\u1ee5ng<\/strong><\/h3>\n<p>\u2013 L\u1ea9u: Cho v\u00e0o n\u01b0\u1edbc l\u1ea9u \u0111ang s\u00f4i 100 \u0111\u1ed9 C kho\u1ea3ng 2 ph\u00fat.<\/p>\n<p>\u2013 Chi\u00ean: \u0110un n\u00f3ng d\u1ea7u v\u00e0 chi\u00ean ng\u1eadp d\u1ea7u trong 1~2 ph\u00fat \u0111\u1ebfn khi c\u00f3 m\u00e0u v\u00e0ng n\u00e2u.<\/p>\n<p>\u2013 L\u00f2 vi s\u00f3ng: H\u00e2m n\u00f3ng trong v\u00f2ng 3 ph\u00fat.<\/p>\n<p>\u2013 H\u1ea5p: H\u1ea5p trong v\u00f2ng 5 ph\u00fat.<\/p>\n<\/div>\n<\/div>\n<\/div>","protected":false},"excerpt":{"rendered":"<p>Combo 5 lo\u1ea1i vi\u00ean th\u1ea3 l\u1ea9u Figo 500g \u0111\u01b0\u1ee3c s\u1ea3n xu\u1ea5t t\u1ea1i \u0111\u1ea5t n\u01b0\u1edbc Malaysia sau \u0111\u00f3 m\u1edbi \u0111\u01b0\u1ee3c nh\u1eadp<\/p>","protected":false},"featured_media":28568,"comment_status":"open","ping_status":"closed","template":"","meta":[],"product_brand":[],"product_cat":[275,36],"product_tag":[],"class_list":{"0":"post-28565","1":"product","2":"type-product","3":"status-publish","4":"has-post-thumbnail","6":"product_cat-thuc-pham-dong-lanh","7":"product_cat-thuc-pham-tieu-dung","9":"first","10":"outofstock","11":"sale","12":"shipping-taxable","13":"purchasable","14":"product-type-simple"},"_links":{"self":[{"href":"https:\/\/havamall.vn\/en\/wp-json\/wp\/v2\/product\/28565"}],"collection":[{"href":"https:\/\/havamall.vn\/en\/wp-json\/wp\/v2\/product"}],"about":[{"href":"https:\/\/havamall.vn\/en\/wp-json\/wp\/v2\/types\/product"}],"replies":[{"embeddable":true,"href":"https:\/\/havamall.vn\/en\/wp-json\/wp\/v2\/comments?post=28565"}],"version-history":[{"count":0,"href":"https:\/\/havamall.vn\/en\/wp-json\/wp\/v2\/product\/28565\/revisions"}],"wp:featuredmedia":[{"embeddable":true,"href":"https:\/\/havamall.vn\/en\/wp-json\/wp\/v2\/media\/28568"}],"wp:attachment":[{"href":"https:\/\/havamall.vn\/en\/wp-json\/wp\/v2\/media?parent=28565"}],"wp:term":[{"taxonomy":"product_brand","embeddable":true,"href":"https:\/\/havamall.vn\/en\/wp-json\/wp\/v2\/product_brand?post=28565"},{"taxonomy":"product_cat","embeddable":true,"href":"https:\/\/havamall.vn\/en\/wp-json\/wp\/v2\/product_cat?post=28565"},{"taxonomy":"product_tag","embeddable":true,"href":"https:\/\/havamall.vn\/en\/wp-json\/wp\/v2\/product_tag?post=28565"}],"curies":[{"name":"wp","href":"https:\/\/api.w.org\/{rel}","templated":true}]}}