{"id":28559,"date":"2022-08-25T14:10:55","date_gmt":"2022-08-25T07:10:55","guid":{"rendered":"https:\/\/havamall.vn\/?post_type=product&#038;p=28559"},"modified":"2022-08-25T14:10:55","modified_gmt":"2022-08-25T07:10:55","slug":"com-dua-say-kho-havafoodies-goi-100g","status":"publish","type":"product","link":"https:\/\/havamall.vn\/en\/shop\/com-dua-say-kho-havafoodies-goi-100g\/","title":{"rendered":"C\u01a1m D\u1eeba S\u1ea5y Kh\u00f4 Havafoodies G\u00f3i 100g"},"content":{"rendered":"<p>C\u01a1m d\u1eeba s\u1ea5y kh\u00f4 \u0111\u01b0\u01a1\u0323c sa\u0309n xu\u00e2\u0301t t\u01b0\u0300 ca\u0301c sa\u0309n ph\u00e2\u0309m d\u01b0\u0300a sa\u0323ch, ch\u1ebf bi\u1ebfn t\u01b0\u0300 100% c\u01a1m d\u1eeba t\u01b0\u01a1i t\u01b0\u0323 nhi\u00ean n\u00ean r\u00e2\u0301t an to\u00e0n cho s\u1ee9c kh\u1ecfe ng\u01b0\u1eddi d\u00f9ng. C\u01a1m d\u1eeba s\u1ea5y kh\u00f4 th\u00edch h\u1ee3p d\u00f9ng \u0111\u1ec3 ch\u1ebf bi\u1ebfn, trang tr\u00ed m\u1ed9t s\u1ed1 m\u00f3n \u0103n ho\u1eb7c l\u00e0m b\u00e1nh. V\u1edbi c\u00e1ch s\u1eed d\u1ee5ng \u0111\u01a1n gi\u1ea3n, g\u1ecdn v\u00e0 s\u1ea1ch, kh\u00f4ng t\u1ed1n qu\u00e1 nhi\u1ec1u th\u1eddi gian l\u00e0 b\u1ea1n \u0111\u00e3 c\u00f3 m\u00f3n \u0103n ngon \u0111\u1ec3 chi\u00eau \u0111\u00e3i c\u1ea3 nh\u00e0.<\/p>\n<p>S\u1ea3n ph\u1ea9m\u00a0\u0111\u01b0\u1ee3c s\u1ea3n xu\u1ea5t tr\u00ean c\u00f4ng ngh\u1ec7 hi\u1ec7n \u0111\u1ea1i t\u1eeb nh\u1eefng qu\u1ea3 d\u1eeba t\u01b0\u01a1i, quy tr\u00ecnh s\u1ea3n xu\u1ea5t kh\u00e9p k\u00edn nh\u1eb1m \u0111\u1ea3m b\u1ea3o an to\u00e0n, v\u1ec7 sinh th\u1ef1c ph\u1ea9m.<\/p>\n<p><img fetchpriority=\"high\" decoding=\"async\" class=\"wp-image-28578 aligncenter\" src=\"https:\/\/havamall.vn\/wp-content\/uploads\/2022\/08\/HINH-1_1566356868-1-300x180.png\" alt=\"\" width=\"588\" height=\"353\" srcset=\"https:\/\/havamall.vn\/wp-content\/uploads\/2022\/08\/HINH-1_1566356868-1-300x180.png 300w, https:\/\/havamall.vn\/wp-content\/uploads\/2022\/08\/HINH-1_1566356868-1-430x258.png 430w, https:\/\/havamall.vn\/wp-content\/uploads\/2022\/08\/HINH-1_1566356868-1-150x90.png 150w, https:\/\/havamall.vn\/wp-content\/uploads\/2022\/08\/HINH-1_1566356868-1-700x420.png 700w, https:\/\/havamall.vn\/wp-content\/uploads\/2022\/08\/HINH-1_1566356868-1-600x360.png 600w, https:\/\/havamall.vn\/wp-content\/uploads\/2022\/08\/HINH-1_1566356868-1.png 750w\" sizes=\"(max-width: 588px) 100vw, 588px\" \/><\/p>\n<p>C\u01a1m D\u1eeba M\u1ecbn d\u00f9ng trong ch\u1ebf bi\u1ebfn th\u1ef1c ph\u1ea9m, l\u00e0m b\u00e1nh, n\u1ea5u ch\u00e8, x\u00f4i, tr\u1ed9n c\u1ed1m d\u1eb9p, v\u00e0 ch\u1ebf bi\u1ebfn c\u00e1c m\u00f3n \u0103n nh\u01b0 h\u1ea3i s\u1ea3n chi\u00ean gi\u00f2n,\u2026<\/p>\n<p>C\u01a1m d\u1eeba c\u00f3 h\u00e0m l\u01b0\u1ee3ng ch\u1ea5t x\u01a1 cao nh\u1edd v\u1eady c\u01a1m d\u1eeba tr\u1edf th\u00e0nh th\u1ef1c ph\u1ea9m l\u00e0m t\u0103ng c\u1ea3m gi\u00e1c no v\u00e0 h\u1ed7 tr\u1ee3 cho vi\u1ec7c gi\u1ea3m c\u00e2n hi\u1ec7u qu\u1ea3,\u2026 Gi\u00fap h\u1ed7 tr\u1ee3 s\u1ee9c kho\u1ebb ti\u00eau ho\u00e1, \u1ed5n \u0111\u1ecbnh l\u01b0\u1ee3ng \u0111\u01b0\u1eddng trong m\u00e1u, t\u0103ng kh\u1ea3 n\u0103ng mi\u1ec5n d\u1ecbch v\u00e0 h\u1ed7 tr\u1ee3 tr\u00ed n\u00e3o t\u1ed1t h\u01a1n,\u2026<\/p>\n<p><img decoding=\"async\" class=\"wp-image-28579 aligncenter\" src=\"https:\/\/havamall.vn\/wp-content\/uploads\/2022\/08\/coconut-ladoo-vert1-280x300.jpg\" alt=\"\" width=\"576\" height=\"618\" srcset=\"https:\/\/havamall.vn\/wp-content\/uploads\/2022\/08\/coconut-ladoo-vert1-280x300.jpg 280w, https:\/\/havamall.vn\/wp-content\/uploads\/2022\/08\/coconut-ladoo-vert1-430x461.jpg 430w, https:\/\/havamall.vn\/wp-content\/uploads\/2022\/08\/coconut-ladoo-vert1-150x161.jpg 150w, https:\/\/havamall.vn\/wp-content\/uploads\/2022\/08\/coconut-ladoo-vert1-700x751.jpg 700w, https:\/\/havamall.vn\/wp-content\/uploads\/2022\/08\/coconut-ladoo-vert1-768x824.jpg 768w, https:\/\/havamall.vn\/wp-content\/uploads\/2022\/08\/coconut-ladoo-vert1-600x644.jpg 600w, https:\/\/havamall.vn\/wp-content\/uploads\/2022\/08\/coconut-ladoo-vert1.jpg 800w\" sizes=\"(max-width: 576px) 100vw, 576px\" \/><\/p>\n<h3><strong>C\u00f4ng d\u1ee5ng c\u1ee7a c\u01a1m d\u1eeba s\u1ea5y kh\u00f4:<\/strong><\/h3>\n<ul>\n<li>L\u00e0m n\u01b0\u1edbc c\u1ed1t d\u1eeba: \u0111\u1ed5 n\u01b0\u1edbc \u1ea5m ng\u1eadp ngang m\u1eb7t d\u1eeba, \u0111\u1ec3 5 ph\u00fat. V\u1eaft l\u1ea5y n\u01b0\u1edbc c\u1ed1t. 250g c\u01a1m d\u1eeba s\u1ea5y kh\u00f4 t\u01b0\u01a1ng \u0111\u01b0\u01a1ng 750g c\u01a1m d\u1eeba n\u1ea1o t\u01b0\u01a1i<\/li>\n<li>D\u00f9ng \u0111\u1ec3 ch\u1ebf bi\u1ebfn c\u00e1c lo\u1ea1i b\u00e1nh k\u1eb9o, n\u1ea5u ch\u00e8, x\u00f4i, tr\u1ed9n c\u1ed1m d\u1eb9p,&#8230;<\/li>\n<li>Ch\u1ebf bi\u1ebfn c\u00e1c m\u00f3n \u0103n kh\u00e1c nh\u01b0 t\u1ea9m th\u1ef1c ph\u1ea9m v\u00e0 h\u1ea3i s\u1ea3n chi\u00ean gi\u00f2n (t\u00f4m, m\u1ef1c, c\u00e1 chi\u00ean gi\u00f2n,&#8230;)<\/li>\n<li>Trang tr\u00ed c\u00e1c lo\u1ea1i b\u00e1nh ng\u1ecdt nh\u01b0: b\u00e1nh kem, b\u00e1nh cookie, b\u00e1nh macaroon,&#8230;<\/li>\n<\/ul>\n<p><img decoding=\"async\" class=\"wp-image-28580 aligncenter\" src=\"https:\/\/havamall.vn\/wp-content\/uploads\/2022\/08\/3319-300x180.png\" alt=\"\" width=\"569\" height=\"341\" srcset=\"https:\/\/havamall.vn\/wp-content\/uploads\/2022\/08\/3319-300x180.png 300w, https:\/\/havamall.vn\/wp-content\/uploads\/2022\/08\/3319-430x258.png 430w, https:\/\/havamall.vn\/wp-content\/uploads\/2022\/08\/3319-150x90.png 150w, https:\/\/havamall.vn\/wp-content\/uploads\/2022\/08\/3319-700x419.png 700w, https:\/\/havamall.vn\/wp-content\/uploads\/2022\/08\/3319-768x460.png 768w, https:\/\/havamall.vn\/wp-content\/uploads\/2022\/08\/3319-1024x614.png 1024w, https:\/\/havamall.vn\/wp-content\/uploads\/2022\/08\/3319.png 1200w, https:\/\/havamall.vn\/wp-content\/uploads\/2022\/08\/3319-600x360.png 600w\" sizes=\"(max-width: 569px) 100vw, 569px\" \/><\/p>","protected":false},"excerpt":{"rendered":"<p>C\u01a1m d\u1eeba s\u1ea5y kh\u00f4 \u0111\u01b0\u01a1\u0323c sa\u0309n xu\u00e2\u0301t t\u01b0\u0300 ca\u0301c sa\u0309n ph\u00e2\u0309m d\u01b0\u0300a sa\u0323ch, ch\u1ebf bi\u1ebfn t\u01b0\u0300 100% c\u01a1m d\u1eeba t\u01b0\u01a1i<\/p>","protected":false},"featured_media":28581,"comment_status":"open","ping_status":"closed","template":"","meta":[],"product_brand":[],"product_cat":[36,134],"product_tag":[],"class_list":{"0":"post-28559","1":"product","2":"type-product","3":"status-publish","4":"has-post-thumbnail","6":"product_cat-thuc-pham-tieu-dung","7":"product_cat-thucpham-saykho","8":"pa_brand-skx","10":"first","11":"instock","12":"sale","13":"shipping-taxable","14":"purchasable","15":"product-type-simple"},"_links":{"self":[{"href":"https:\/\/havamall.vn\/en\/wp-json\/wp\/v2\/product\/28559"}],"collection":[{"href":"https:\/\/havamall.vn\/en\/wp-json\/wp\/v2\/product"}],"about":[{"href":"https:\/\/havamall.vn\/en\/wp-json\/wp\/v2\/types\/product"}],"replies":[{"embeddable":true,"href":"https:\/\/havamall.vn\/en\/wp-json\/wp\/v2\/comments?post=28559"}],"version-history":[{"count":0,"href":"https:\/\/havamall.vn\/en\/wp-json\/wp\/v2\/product\/28559\/revisions"}],"wp:featuredmedia":[{"embeddable":true,"href":"https:\/\/havamall.vn\/en\/wp-json\/wp\/v2\/media\/28581"}],"wp:attachment":[{"href":"https:\/\/havamall.vn\/en\/wp-json\/wp\/v2\/media?parent=28559"}],"wp:term":[{"taxonomy":"product_brand","embeddable":true,"href":"https:\/\/havamall.vn\/en\/wp-json\/wp\/v2\/product_brand?post=28559"},{"taxonomy":"product_cat","embeddable":true,"href":"https:\/\/havamall.vn\/en\/wp-json\/wp\/v2\/product_cat?post=28559"},{"taxonomy":"product_tag","embeddable":true,"href":"https:\/\/havamall.vn\/en\/wp-json\/wp\/v2\/product_tag?post=28559"}],"curies":[{"name":"wp","href":"https:\/\/api.w.org\/{rel}","templated":true}]}}