{"id":28547,"date":"2022-08-24T15:54:51","date_gmt":"2022-08-24T08:54:51","guid":{"rendered":"https:\/\/havamall.vn\/?post_type=product&#038;p=28547"},"modified":"2022-08-26T11:42:49","modified_gmt":"2022-08-26T04:42:49","slug":"bong-duong-vuong-trang-tri-banh-havafoodies-hop-100g","status":"publish","type":"product","link":"https:\/\/havamall.vn\/en\/shop\/bong-duong-vuong-trang-tri-banh-havafoodies-hop-100g\/","title":{"rendered":"B\u00f4ng \u0110\u01b0\u1eddng Vu\u00f4ng Trang Tr\u00ed B\u00e1nh Havafoodies H\u1ed9p 100g"},"content":{"rendered":"<p>Trang tr\u00ed nh\u1eefng chi\u1ebfc b\u00e1nh kem \u0111\u1ed9c \u0111\u00e1o v\u00e0 \u0111\u1eb9p m\u1eaft v\u1edbi c\u00e1c C\u1ed1m vu\u00f4ng nhi\u1ec1u m\u00e0u s\u1eafc v\u00f4 c\u00f9ng \u0111\u1ed9c \u0111\u00e1o v\u00e0 h\u1ea5p d\u1eabn. Ch\u1ec9 c\u1ea7n 1 l\u01b0\u1ee3ng nh\u1ecf c\u1ed1m vu\u00f4ng s\u1eafc m\u00e0u c\u0169ng \u0111\u1ee7 \u0111\u1ec3 gi\u00fap chi\u1ebfc b\u00e1nh kem c\u1ee7a b\u1ea1n n\u1ed5i b\u1eadt v\u00e0 lung linh d\u01b0\u1edbi \u00e1nh n\u1ebfn r\u1ed3i, ngo\u00e0i ra b\u1ea1n c\u00f3 th\u1ec3 d\u00f9ng \u0111\u1ec3 trang tr\u00ed trang tr\u00ed c\u00e1c m\u00f3n b\u00e1nh ng\u1ecdt, b\u00e1nh l\u1ea1nh, cupcake, v\u00e0 th\u1ee9c u\u1ed1ng, c\u00e1c m\u00f3n kem \u2026<\/p>\n<p><img fetchpriority=\"high\" decoding=\"async\" class=\"wp-image-28552 aligncenter\" src=\"https:\/\/havamall.vn\/wp-content\/uploads\/2022\/08\/180257813_314773126890358_6005657578590808466_n-300x248.jpg\" alt=\"\" width=\"584\" height=\"483\" srcset=\"https:\/\/havamall.vn\/wp-content\/uploads\/2022\/08\/180257813_314773126890358_6005657578590808466_n-300x248.jpg 300w, https:\/\/havamall.vn\/wp-content\/uploads\/2022\/08\/180257813_314773126890358_6005657578590808466_n-430x355.jpg 430w, https:\/\/havamall.vn\/wp-content\/uploads\/2022\/08\/180257813_314773126890358_6005657578590808466_n-150x124.jpg 150w, https:\/\/havamall.vn\/wp-content\/uploads\/2022\/08\/180257813_314773126890358_6005657578590808466_n-700x578.jpg 700w, https:\/\/havamall.vn\/wp-content\/uploads\/2022\/08\/180257813_314773126890358_6005657578590808466_n-768x634.jpg 768w, https:\/\/havamall.vn\/wp-content\/uploads\/2022\/08\/180257813_314773126890358_6005657578590808466_n-600x495.jpg 600w, https:\/\/havamall.vn\/wp-content\/uploads\/2022\/08\/180257813_314773126890358_6005657578590808466_n.jpg 960w\" sizes=\"(max-width: 584px) 100vw, 584px\" \/><\/p>\n<h3><strong>\u0110\u1eb6C \u0110I\u1ec2M S\u1ea2N PH\u1ea8M: <\/strong><\/h3>\n<p>&#8211; S\u1ea3n ph\u1ea9m \u0111\u01b0\u1ee3c nh\u1eadp kh\u1ea9u tr\u1ef1c ti\u1ebfp. Quy tr\u00ecnh s\u1ea3n xu\u1ea5t hi\u1ec7n \u0111\u1ea1i. Ngu\u1ed3n h\u00e0ng \u0111\u01b0\u1ee3c ch\u1ecdn l\u1ecdc k\u0129 l\u01b0\u1ee1ng, c\u1ea9n th\u1eadn.<\/p>\n<p>&#8211; M\u00e0u s\u1eafc c\u1ee7a c\u1ed1m m\u00e0u \u0111\u01b0\u1ee3c s\u1ea3n xu\u1ea5t theo ti\u00eau chu\u1ea9n m\u1ee9c \u0111\u1ed9 \u0111\u1eadm v\u00e0 s\u1eed d\u1ee5ng m\u00e0u th\u1ef1c ph\u1ea9m theo quy \u0111\u1ecbnh v\u00e0 \u0111\u00e1p \u1ee9ng \u0111i\u1ec1u ki\u1ec7n v\u1ec7 sinh An To\u00e0n Th\u1ef1c Ph\u1ea9m c\u1ee7a Vi\u1ec7t Nam, kh\u00f4ng c\u00f3 \u0111\u1ed9c h\u1ea1i cho s\u1ee9c kho\u1ebb c\u1ee7a ng\u01b0\u1eddi ti\u00eau d\u00f9ng.<\/p>\n<p>&#8211; C\u1ed1m vu\u00f4ng s\u1eafc m\u00e0u c\u00f3 h\u01b0\u01a1ng v\u1ecb ng\u1ecdt t\u1ef1 nhi\u00ean, gi\u00f2n v\u00e0 th\u01a1m ngon, c\u00f3 th\u1ec3 s\u1eed d\u1ee5ng \u0103n tr\u1ef1c ti\u1ebfp ho\u1eb7c d\u00f9ng trang tr\u00ed l\u00ean b\u1ea5t k\u1ef3 chi\u1ebfc b\u00e1nh, k\u1eb9o n\u00e0o m\u00e0 b\u1ea1n mu\u1ed1n.<\/p>\n<p>&#8211; S\u1ea3n ph\u1ea9m c\u00f3 d\u1ea1ng h\u00ecnh vu\u00f4ng nh\u1ecf v\u00e0 xinh x\u1eafn, r\u1ef1c r\u1ee1 s\u1eafc m\u00e0u. L\u00e0 l\u1ef1a ch\u1ecdn l\u00fd t\u01b0\u1edfng \u0111\u1ec3 l\u00e0m nh\u00e2n ho\u1eb7c trang tr\u00ed, khi trang tr\u00ed t\u1ea1o n\u00ean m\u1ed9t t\u1ed5ng h\u00f2a c\u00e1c m\u00e0u s\u1eafc n\u1ed5i b\u1eadt v\u00e0 \u0111\u1eb9p m\u1eaft.<\/p>\n<p><img decoding=\"async\" class=\"wp-image-28553 aligncenter\" src=\"https:\/\/havamall.vn\/wp-content\/uploads\/2022\/08\/36-300x204.jpg\" alt=\"\" width=\"565\" height=\"384\" srcset=\"https:\/\/havamall.vn\/wp-content\/uploads\/2022\/08\/36-300x204.jpg 300w, https:\/\/havamall.vn\/wp-content\/uploads\/2022\/08\/36-430x292.jpg 430w, https:\/\/havamall.vn\/wp-content\/uploads\/2022\/08\/36-150x102.jpg 150w, https:\/\/havamall.vn\/wp-content\/uploads\/2022\/08\/36-700x476.jpg 700w, https:\/\/havamall.vn\/wp-content\/uploads\/2022\/08\/36-768x522.jpg 768w, https:\/\/havamall.vn\/wp-content\/uploads\/2022\/08\/36-1024x696.jpg 1024w, https:\/\/havamall.vn\/wp-content\/uploads\/2022\/08\/36-1200x816.jpg 1200w, https:\/\/havamall.vn\/wp-content\/uploads\/2022\/08\/36-600x408.jpg 600w\" sizes=\"(max-width: 565px) 100vw, 565px\" \/><\/p>\n<h3><strong>H\u01af\u1edaNG D\u1eaaN S\u1eec D\u1ee4NG: <\/strong><\/h3>\n<p>&#8211; C\u1ed1m vu\u00f4ng d\u00f9ng \u0111\u1ec3 trang tr\u00ed b\u00e1nh kem, b\u00e1nh quy, donut, c\u00e1c lo\u1ea1i k\u1eb9o, \u0111\u1ed3 u\u1ed1ng, kem ho\u1eb7c th\u1ef1c ph\u1ea9m c\u00e1c b\u1ea1n mong mu\u1ed1n.<\/p>\n<p>&#8211; R\u1eafc l\u00ean m\u1eb7t b\u00e1nh \u0111\u1ec3 trang tr\u00ed ho\u1eb7c x\u1ebfp th\u00e0nh c\u00e1c h\u00ecnh trang tr\u00ed. Ph\u01b0\u01a1ng \u00e1n nhanh ch\u00f3ng \u0111\u1ec3 t\u1ea1o n\u00ean m\u1ed9t l\u1edbp trang tr\u00ed b\u00e1nh \u0111\u1eb9p m\u1eaft, thu h\u00fat v\u00e0 h\u1ea5p d\u1eabn.<\/p>\n<p><img decoding=\"async\" class=\"wp-image-28560 aligncenter\" src=\"https:\/\/havamall.vn\/wp-content\/uploads\/2022\/08\/191085398_314773173557020_4159056837103506794_n-300x253.jpg\" alt=\"\" width=\"584\" height=\"492\" srcset=\"https:\/\/havamall.vn\/wp-content\/uploads\/2022\/08\/191085398_314773173557020_4159056837103506794_n-300x253.jpg 300w, https:\/\/havamall.vn\/wp-content\/uploads\/2022\/08\/191085398_314773173557020_4159056837103506794_n-430x363.jpg 430w, https:\/\/havamall.vn\/wp-content\/uploads\/2022\/08\/191085398_314773173557020_4159056837103506794_n-150x127.jpg 150w, https:\/\/havamall.vn\/wp-content\/uploads\/2022\/08\/191085398_314773173557020_4159056837103506794_n-700x591.jpg 700w, https:\/\/havamall.vn\/wp-content\/uploads\/2022\/08\/191085398_314773173557020_4159056837103506794_n-768x648.jpg 768w, https:\/\/havamall.vn\/wp-content\/uploads\/2022\/08\/191085398_314773173557020_4159056837103506794_n-600x506.jpg 600w, https:\/\/havamall.vn\/wp-content\/uploads\/2022\/08\/191085398_314773173557020_4159056837103506794_n.jpg 960w\" sizes=\"(max-width: 584px) 100vw, 584px\" \/><\/p>","protected":false},"excerpt":{"rendered":"<p>Trang tr\u00ed nh\u1eefng chi\u1ebfc b\u00e1nh kem \u0111\u1ed9c \u0111\u00e1o v\u00e0 \u0111\u1eb9p m\u1eaft v\u1edbi c\u00e1c C\u1ed1m vu\u00f4ng nhi\u1ec1u m\u00e0u s\u1eafc v\u00f4 c\u00f9ng<\/p>","protected":false},"featured_media":28554,"comment_status":"open","ping_status":"closed","template":"","meta":[],"product_brand":[],"product_cat":[36,133],"product_tag":[],"class_list":{"0":"post-28547","1":"product","2":"type-product","3":"status-publish","4":"has-post-thumbnail","6":"product_cat-thuc-pham-tieu-dung","7":"product_cat-banh-keo-chocolate","9":"first","10":"instock","11":"sale","12":"shipping-taxable","13":"purchasable","14":"product-type-variable"},"_links":{"self":[{"href":"https:\/\/havamall.vn\/en\/wp-json\/wp\/v2\/product\/28547"}],"collection":[{"href":"https:\/\/havamall.vn\/en\/wp-json\/wp\/v2\/product"}],"about":[{"href":"https:\/\/havamall.vn\/en\/wp-json\/wp\/v2\/types\/product"}],"replies":[{"embeddable":true,"href":"https:\/\/havamall.vn\/en\/wp-json\/wp\/v2\/comments?post=28547"}],"version-history":[{"count":0,"href":"https:\/\/havamall.vn\/en\/wp-json\/wp\/v2\/product\/28547\/revisions"}],"wp:featuredmedia":[{"embeddable":true,"href":"https:\/\/havamall.vn\/en\/wp-json\/wp\/v2\/media\/28554"}],"wp:attachment":[{"href":"https:\/\/havamall.vn\/en\/wp-json\/wp\/v2\/media?parent=28547"}],"wp:term":[{"taxonomy":"product_brand","embeddable":true,"href":"https:\/\/havamall.vn\/en\/wp-json\/wp\/v2\/product_brand?post=28547"},{"taxonomy":"product_cat","embeddable":true,"href":"https:\/\/havamall.vn\/en\/wp-json\/wp\/v2\/product_cat?post=28547"},{"taxonomy":"product_tag","embeddable":true,"href":"https:\/\/havamall.vn\/en\/wp-json\/wp\/v2\/product_tag?post=28547"}],"curies":[{"name":"wp","href":"https:\/\/api.w.org\/{rel}","templated":true}]}}