{"id":28519,"date":"2022-08-23T17:03:50","date_gmt":"2022-08-23T10:03:50","guid":{"rendered":"https:\/\/havamall.vn\/?post_type=product&#038;p=28519"},"modified":"2022-08-25T16:17:15","modified_gmt":"2022-08-25T09:17:15","slug":"khoai-tay-cat-rang-cua-dong-lanh-meito-1kg-frozen-potatoes","status":"publish","type":"product","link":"https:\/\/havamall.vn\/en\/shop\/khoai-tay-cat-rang-cua-dong-lanh-meito-1kg-frozen-potatoes\/","title":{"rendered":"Khoai T\u00e2y C\u1eaft R\u0103ng C\u01b0a \u0110\u00f4ng L\u1ea1nh Meito 1kg &#8211; Frozen Potatoes"},"content":{"rendered":"<h3><strong>TH\u00d4NG TIN S\u1ea2N PH\u1ea8M<\/strong><\/h3>\n<table class=\"table table-striped-odd specification\">\n<tbody>\n<tr>\n<th class=\"display-name\" colspan=\"1\" rowspan=\"1\">Quy c\u00e1ch \u0111\u00f3ng g\u00f3i<\/th>\n<td colspan=\"1\" rowspan=\"1\">B\u1ecbch\/T\u00fai<\/td>\n<\/tr>\n<tr>\n<th class=\"display-name\" colspan=\"1\" rowspan=\"1\">Xu\u1ea5t x\u1ee9<\/th>\n<td colspan=\"1\" rowspan=\"1\">B\u1ec9<\/td>\n<\/tr>\n<tr>\n<th class=\"display-name\" colspan=\"1\" rowspan=\"1\">Th\u00e0nh ph\u1ea7n<\/th>\n<td colspan=\"1\" rowspan=\"1\">\u00a0Khoai t\u00e2y, d\u1ea7u th\u1ef1c v\u1eadt<\/td>\n<\/tr>\n<tr>\n<th class=\"display-name\" colspan=\"1\" rowspan=\"1\">H\u1ea1n s\u1eed d\u1ee5ng<\/th>\n<td colspan=\"1\" rowspan=\"1\">Xem tr\u00ean bao b\u00ec s\u1ea3n ph\u1ea9m<\/td>\n<\/tr>\n<tr>\n<th class=\"display-name\" colspan=\"1\" rowspan=\"1\">B\u1ea3o qu\u1ea3n<\/th>\n<td colspan=\"1\" rowspan=\"1\">L\u1ea1nh \u1edf -18 \u0111\u1ed9<\/td>\n<\/tr>\n<tr>\n<th class=\"display-name\" colspan=\"1\" rowspan=\"1\">Net WT<\/th>\n<td colspan=\"1\" rowspan=\"1\">1kg<\/td>\n<\/tr>\n<\/tbody>\n<\/table>\n<p>Khoai t\u00e2y \u0111\u00f4ng l\u1ea1nh Meito g\u00f3i 1kg\u00a0c\u00f3 ngu\u1ed3n g\u1ed1c t\u1eeb B\u1ec9 v\u1edbi th\u00e0nh ph\u1ea7n 100% khoai t\u00e2y t\u01b0\u01a1i \u0111\u01b0\u1ee3c l\u1ef1a ch\u1ecdn k\u0129 c\u00e0ng t\u1eeb c\u00e1c n\u00f4ng tr\u1ea1i, h\u01b0\u01a1ng v\u1ecb h\u1ea5p d\u1eabn. \u0110\u00e2y l\u00e0 lo\u1ea1i\u00a0c\u1ee7\u00a0mang \u0111\u1ebfn nhi\u1ec1u ch\u1ea5t dinh d\u01b0\u1ee1ng thi\u1ebft y\u1ebfu.<\/p>\n<p><img fetchpriority=\"high\" decoding=\"async\" class=\"wp-image-28525 aligncenter\" src=\"https:\/\/havamall.vn\/wp-content\/uploads\/2022\/08\/05goldenfoodsmai17-300x225.png\" alt=\"\" width=\"575\" height=\"431\" srcset=\"https:\/\/havamall.vn\/wp-content\/uploads\/2022\/08\/05goldenfoodsmai17-300x225.png 300w, https:\/\/havamall.vn\/wp-content\/uploads\/2022\/08\/05goldenfoodsmai17-430x323.png 430w, https:\/\/havamall.vn\/wp-content\/uploads\/2022\/08\/05goldenfoodsmai17-150x113.png 150w, https:\/\/havamall.vn\/wp-content\/uploads\/2022\/08\/05goldenfoodsmai17-700x525.png 700w, https:\/\/havamall.vn\/wp-content\/uploads\/2022\/08\/05goldenfoodsmai17-768x576.png 768w, https:\/\/havamall.vn\/wp-content\/uploads\/2022\/08\/05goldenfoodsmai17-600x450.png 600w, https:\/\/havamall.vn\/wp-content\/uploads\/2022\/08\/05goldenfoodsmai17.png 800w\" sizes=\"(max-width: 575px) 100vw, 575px\" \/><\/p>\n<p>G\u00f3i Khoai t\u00e2y \u0110\u00f4ng L\u1ea1nh Meito 1kg \u0111\u01b0\u1ee3c nh\u1eadp kh\u1ea9u t\u1eeb B\u1ec9, \u0111\u01b0\u1ee3c s\u1ea3n xu\u1ea5t tr\u00ean d\u00e2y truy\u1ec1n c\u00f4ng ngh\u1ec7 hi\u1ec7n \u0111\u1ea1i, c\u00f3 s\u1ef1 gi\u00e1m s\u00e1t ch\u1eb7t ch\u1ebd, \u0111\u1ea3m b\u1ea3o ch\u1ea5t l\u01b0\u1ee3ng v\u00e0 \u0111\u1ed9 an to\u00e0n t\u1edbi tay ng\u01b0\u1eddi ti\u00eau d\u00f9ng.<\/p>\n<p>Khoai t\u00e2y \u0111\u00f4ng l\u1ea1nh c\u1eaft d\u00e0i Meito 1kg c\u00f3 th\u00e0nh ph\u1ea7n 100% khoai t\u00e2y t\u01b0\u01a1i \u0111\u01b0\u1ee3c l\u1ef1a ch\u1ecdn k\u0129 c\u00e0ng t\u1eeb c\u00e1c n\u00f4ng tr\u1ea1i, h\u01b0\u01a1ng v\u1ecb h\u1ea5p d\u1eabn, th\u01a1m ngon. Trong khoai t\u00e2y\u00a0ch\u1ee9a h\u00e0m l\u01b0\u1ee3ng cao vitamin C, B6, ch\u1ea5t x\u01a1, ch\u1ea5t oxy h\u00f3a, kali n\u00ean r\u1ea5t t\u1ed1t cho tim m\u1ea1ch, h\u1ec7 ti\u00eau h\u00f3a c\u1ee7a c\u01a1 th\u1ec3.<\/p>\n<p><img decoding=\"async\" class=\"wp-image-28521 aligncenter\" src=\"https:\/\/havamall.vn\/wp-content\/uploads\/2022\/08\/1553d75fa604090951fd3a6def0d1542-300x300.png\" alt=\"\" width=\"567\" height=\"567\" srcset=\"https:\/\/havamall.vn\/wp-content\/uploads\/2022\/08\/1553d75fa604090951fd3a6def0d1542-300x300.png 300w, https:\/\/havamall.vn\/wp-content\/uploads\/2022\/08\/1553d75fa604090951fd3a6def0d1542-430x430.png 430w, https:\/\/havamall.vn\/wp-content\/uploads\/2022\/08\/1553d75fa604090951fd3a6def0d1542-150x150.png 150w, https:\/\/havamall.vn\/wp-content\/uploads\/2022\/08\/1553d75fa604090951fd3a6def0d1542-700x700.png 700w, https:\/\/havamall.vn\/wp-content\/uploads\/2022\/08\/1553d75fa604090951fd3a6def0d1542-768x768.png 768w, https:\/\/havamall.vn\/wp-content\/uploads\/2022\/08\/1553d75fa604090951fd3a6def0d1542-600x600.png 600w, https:\/\/havamall.vn\/wp-content\/uploads\/2022\/08\/1553d75fa604090951fd3a6def0d1542-100x100.png 100w, https:\/\/havamall.vn\/wp-content\/uploads\/2022\/08\/1553d75fa604090951fd3a6def0d1542.png 1000w\" sizes=\"(max-width: 567px) 100vw, 567px\" \/><\/p>\n<p>Trong khoai t\u00e2y chi\u1ebfm ph\u1ea7n l\u1edbn l\u00e0 n\u01b0\u1edbc, ngo\u00e0i ra c\u00e1c th\u00e0nh ph\u1ea7n ch\u1ee7 y\u1ebfu c\u1ee7a khoai t\u00e2y bao g\u1ed3m\u00a0carbs,\u00a0protein\u00a0v\u00e0 m\u1ed9t l\u01b0\u1ee3ng ch\u1ea5t x\u01a1 v\u1eeba ph\u1ea3i, \u0111\u1eb7c bi\u1ec7t khoai t\u00e2y h\u1ea7u nh\u01b0 kh\u00f4ng c\u00f3 ch\u1ea5t b\u00e9o.<\/p>\n<p>Khoai t\u00e2y c\u00f3 th\u1ec3 \u0111\u01b0\u1ee3c ch\u1ebf bi\u1ebfn d\u01b0\u1edbi nhi\u1ec1u h\u00ecnh th\u1ee9c kh\u00e1c nhau, bao g\u1ed3m lu\u1ed9c, chi\u00ean, n\u01b0\u1edbng v\u00e0 th\u01b0\u1eddng \u0111\u01b0\u1ee3c s\u1eed d\u1ee5ng l\u00e0m m\u00f3n \u0103n nh\u1eb9 y\u00eau th\u00edch c\u1ee7a nhi\u1ec1u ng\u01b0\u1eddi.<\/p>\n<p><img decoding=\"async\" class=\"wp-image-28522 aligncenter\" src=\"https:\/\/havamall.vn\/wp-content\/uploads\/2022\/08\/250838741_4467707899982407_2590668375342200131_n-275x300.jpg\" alt=\"\" width=\"569\" height=\"620\" srcset=\"https:\/\/havamall.vn\/wp-content\/uploads\/2022\/08\/250838741_4467707899982407_2590668375342200131_n-275x300.jpg 275w, https:\/\/havamall.vn\/wp-content\/uploads\/2022\/08\/250838741_4467707899982407_2590668375342200131_n-430x469.jpg 430w, https:\/\/havamall.vn\/wp-content\/uploads\/2022\/08\/250838741_4467707899982407_2590668375342200131_n-150x164.jpg 150w, https:\/\/havamall.vn\/wp-content\/uploads\/2022\/08\/250838741_4467707899982407_2590668375342200131_n-700x764.jpg 700w, https:\/\/havamall.vn\/wp-content\/uploads\/2022\/08\/250838741_4467707899982407_2590668375342200131_n-768x838.jpg 768w, https:\/\/havamall.vn\/wp-content\/uploads\/2022\/08\/250838741_4467707899982407_2590668375342200131_n-939x1024.jpg 939w, https:\/\/havamall.vn\/wp-content\/uploads\/2022\/08\/250838741_4467707899982407_2590668375342200131_n-600x654.jpg 600w, https:\/\/havamall.vn\/wp-content\/uploads\/2022\/08\/250838741_4467707899982407_2590668375342200131_n.jpg 1080w\" sizes=\"(max-width: 569px) 100vw, 569px\" \/><\/p>\n<h3><strong>\u0110\u1eb7c \u0111i\u1ec3m n\u1ed5i b\u1eadt c\u1ee7a s\u1ea3n ph\u1ea9m:<\/strong><\/h3>\n<p>\u2013 S\u1ea3n ph\u1ea9m khoai t\u00e2y \u0111\u00f4ng l\u1ea1nh\u00a0mang th\u01b0\u01a1ng hi\u1ec7u Meito \u0111\u01b0\u1ee3c nh\u1eadp kh\u1ea9u t\u1eeb B\u1ec9, \u0111\u01b0\u1ee3c s\u1ea3n xu\u1ea5t tr\u00ean d\u00e2y truy\u1ec1n c\u00f4ng ngh\u1ec7 hi\u1ec7n \u0111\u1ea1i, c\u00f3 s\u1ef1 gi\u00e1m s\u00e1t ch\u1eb7t ch\u1ebd, \u0111\u1ea3m b\u1ea3o ch\u1ea5t l\u01b0\u1ee3ng v\u00e0 \u0111\u1ed9 an to\u00e0n t\u1edbi tay ng\u01b0\u1eddi ti\u00eau d\u00f9ng.<\/p>\n<p>\u2013 Khoai t\u00e2y \u0111\u00f4ng l\u1ea1nh c\u1eaft d\u00e0i Meito 1kg c\u00f3 th\u00e0nh ph\u1ea7n 100% khoai t\u00e2y t\u01b0\u01a1i \u0111\u01b0\u1ee3c l\u1ef1a ch\u1ecdn k\u0129 c\u00e0ng t\u1eeb c\u00e1c n\u00f4ng tr\u1ea1i, h\u01b0\u01a1ng v\u1ecb h\u1ea5p d\u1eabn, th\u01a1m ngon. Trong khoai t\u00e2y\u00a0ch\u1ee9a h\u00e0m l\u01b0\u1ee3ng cao vitamin C, B6, ch\u1ea5t x\u01a1, ch\u1ea5t oxy h\u00f3a, kali n\u00ean r\u1ea5t t\u1ed1t cho tim m\u1ea1ch, h\u1ec7 ti\u00eau h\u00f3a c\u1ee7a c\u01a1 th\u1ec3.<\/p>\n<p>\u2013 Khoai t\u00e2y \u0111\u00f4ng l\u1ea1nh ch\u1ebf bi\u1ebfn d\u1ec5 d\u00e0ng ngay sau khi m\u1edf t\u00fai v\u00e0 gi\u00e3 \u0111\u00f4ng, kh\u00f4ng c\u1ea7n qua giai \u0111\u1ecdan s\u01a1 ch\u1ebf. S\u1ea3n ph\u1ea9m s\u1eed d\u1ee5ng \u0111\u1ec3 l\u00e0m nhi\u1ec1u m\u00f3n kh\u00e1c nhau: khoai t\u00e2y n\u01b0\u1edbng, chi\u00ean,..<\/p>\n<p>\u2013 S\u1ea3n ph\u1ea9m<strong>\u00a0<\/strong>\u0111\u01b0\u1ee3c \u0111\u00f3ng g\u00f3i nh\u1ecf g\u1ecdn, ti\u1ec7n l\u1ee3i khi s\u1eed d\u1ee5ng c\u0169ng nh\u01b0 l\u01b0u tr\u1eef trong t\u1ee7 l\u1ea1nh gia \u0111\u00ecnh.<\/p>\n<p><img loading=\"lazy\" decoding=\"async\" class=\"wp-image-28523 aligncenter\" src=\"https:\/\/havamall.vn\/wp-content\/uploads\/2022\/08\/269096711_4643525185734010_4070682196690184133_n-300x225.jpg\" alt=\"\" width=\"568\" height=\"426\" srcset=\"https:\/\/havamall.vn\/wp-content\/uploads\/2022\/08\/269096711_4643525185734010_4070682196690184133_n-300x225.jpg 300w, https:\/\/havamall.vn\/wp-content\/uploads\/2022\/08\/269096711_4643525185734010_4070682196690184133_n-430x323.jpg 430w, https:\/\/havamall.vn\/wp-content\/uploads\/2022\/08\/269096711_4643525185734010_4070682196690184133_n-150x113.jpg 150w, https:\/\/havamall.vn\/wp-content\/uploads\/2022\/08\/269096711_4643525185734010_4070682196690184133_n-700x525.jpg 700w, https:\/\/havamall.vn\/wp-content\/uploads\/2022\/08\/269096711_4643525185734010_4070682196690184133_n-768x576.jpg 768w, https:\/\/havamall.vn\/wp-content\/uploads\/2022\/08\/269096711_4643525185734010_4070682196690184133_n-1024x768.jpg 1024w, https:\/\/havamall.vn\/wp-content\/uploads\/2022\/08\/269096711_4643525185734010_4070682196690184133_n-600x450.jpg 600w, https:\/\/havamall.vn\/wp-content\/uploads\/2022\/08\/269096711_4643525185734010_4070682196690184133_n.jpg 1080w\" sizes=\"(max-width: 568px) 100vw, 568px\" \/><\/p>\n<h3><strong>C\u00e1ch s\u1eed d\u1ee5ng v\u00e0 b\u1ea3o qu\u1ea3n khoai t\u00e2y \u0111\u00f4ng l\u1ea1nh:<\/strong><\/h3>\n<p>\u2013 C\u00e1ch s\u1eed d\u1ee5ng: Tr\u01b0\u1edbc khi ch\u1ebf bi\u1ebfn, \u0111em khoai ra kh\u1ecfi t\u1ee7 l\u1ea1nh gi\u00e3 \u0111\u00f4ng \u0111\u1ebfn khi khoai tr\u1edf l\u1ea1i tr\u1ea1ng th\u00e1i t\u01b0\u01a1i th\u00ec b\u1eaft \u0111\u1ea7u ch\u1ebf bi\u1ebfn c\u00e1c m\u00f3n \u0103n theo \u00fd mu\u1ed1n.<\/p>\n<p>\u2013 C\u00e1ch b\u1ea3o qu\u1ea3n: B\u1ea3o qu\u1ea3n trong ng\u0103n \u0111\u00f4ng t\u1ee7 l\u1ea1nh.<\/p>\n<p>S\u1ea3n ph\u1ea9m hi\u1ec7n \u0111\u00e3 c\u00f3 m\u1eb7t t\u1ea1i Havamall.<\/p>","protected":false},"excerpt":{"rendered":"<p>TH\u00d4NG TIN S\u1ea2N PH\u1ea8M Quy c\u00e1ch \u0111\u00f3ng g\u00f3i B\u1ecbch\/T\u00fai Xu\u1ea5t x\u1ee9 B\u1ec9 Th\u00e0nh ph\u1ea7n \u00a0Khoai t\u00e2y, d\u1ea7u th\u1ef1c v\u1eadt H\u1ea1n<\/p>","protected":false},"featured_media":28524,"comment_status":"open","ping_status":"closed","template":"","meta":[],"product_brand":[],"product_cat":[275,36],"product_tag":[],"class_list":{"0":"post-28519","1":"product","2":"type-product","3":"status-publish","4":"has-post-thumbnail","6":"product_cat-thuc-pham-dong-lanh","7":"product_cat-thuc-pham-tieu-dung","9":"first","10":"instock","11":"sale","12":"shipping-taxable","13":"purchasable","14":"product-type-simple"},"_links":{"self":[{"href":"https:\/\/havamall.vn\/en\/wp-json\/wp\/v2\/product\/28519"}],"collection":[{"href":"https:\/\/havamall.vn\/en\/wp-json\/wp\/v2\/product"}],"about":[{"href":"https:\/\/havamall.vn\/en\/wp-json\/wp\/v2\/types\/product"}],"replies":[{"embeddable":true,"href":"https:\/\/havamall.vn\/en\/wp-json\/wp\/v2\/comments?post=28519"}],"version-history":[{"count":0,"href":"https:\/\/havamall.vn\/en\/wp-json\/wp\/v2\/product\/28519\/revisions"}],"wp:featuredmedia":[{"embeddable":true,"href":"https:\/\/havamall.vn\/en\/wp-json\/wp\/v2\/media\/28524"}],"wp:attachment":[{"href":"https:\/\/havamall.vn\/en\/wp-json\/wp\/v2\/media?parent=28519"}],"wp:term":[{"taxonomy":"product_brand","embeddable":true,"href":"https:\/\/havamall.vn\/en\/wp-json\/wp\/v2\/product_brand?post=28519"},{"taxonomy":"product_cat","embeddable":true,"href":"https:\/\/havamall.vn\/en\/wp-json\/wp\/v2\/product_cat?post=28519"},{"taxonomy":"product_tag","embeddable":true,"href":"https:\/\/havamall.vn\/en\/wp-json\/wp\/v2\/product_tag?post=28519"}],"curies":[{"name":"wp","href":"https:\/\/api.w.org\/{rel}","templated":true}]}}