{"id":28481,"date":"2022-08-22T14:05:11","date_gmt":"2022-08-22T07:05:11","guid":{"rendered":"https:\/\/havamall.vn\/?post_type=product&#038;p=28481"},"modified":"2023-01-13T10:12:34","modified_gmt":"2023-01-13T03:12:34","slug":"hat-dac-ngam-duong-dong-lon-baan-mai-560g","status":"publish","type":"product","link":"https:\/\/havamall.vn\/en\/shop\/hat-dac-ngam-duong-dong-lon-baan-mai-560g\/","title":{"rendered":"H\u1ea1t \u0110\u00e1c Ng\u00e2m \u0110\u01b0\u1eddng \u0110\u00f3ng Lon Baan Mai 560g"},"content":{"rendered":"<p>H\u1ea1t \u0111\u00e1c l\u00e0 nguy\u00ean li\u1ec7u kh\u00f4ng th\u1ec3 thi\u1ebfu trong nhi\u1ec1u m\u00f3n \u0103n mang h\u01b0\u01a1ng v\u1ecb \u0111\u1ed9c \u0111\u00e1o, v\u1ecb dai gi\u00f2n v\u00f4 c\u00f9ng \u0111\u00e3 mi\u1ec7ng. B\u00ean c\u1ea1nh \u0111\u00f3 c\u00f2n ch\u1ee9a nhi\u1ec1u lo\u1ea1i vitamin, d\u01b0\u1ee1ng ch\u1ea5t c\u00f3 \u00edch cho c\u01a1 th\u1ec3, ph\u00f9 h\u1ee3p v\u1edbi m\u1ecdi l\u1ee9a tu\u1ed5i, lu\u00f4n \u0111\u01b0\u1ee3c \u01b0u ti\u00ean s\u1eed d\u1ee5ng trong \u1ea9m th\u1ef1c Vi\u1ec7t.<\/p>\n<p>H\u1ea1t \u0111\u00e1c l\u00e0 lo\u1ea1i h\u1ea1t ch\u1ee9a nhi\u1ec1u th\u00e0nh ph\u1ea7n c\u00f3 l\u1ee3i cho s\u1ee9c kho\u1ebb nh\u01b0 carbohydrates, canxi, ch\u1ea5t x\u01a1\u2026n\u00ean h\u1ed7 tr\u1ee3 c\u01a1 th\u1ec3 t\u0103ng c\u01b0\u1eddng trao \u0111\u1ed5i ch\u1ea5t, ng\u0103n ng\u1eeba lo\u00e3ng x\u01b0\u01a1ng, h\u1ed7 tr\u1ee3 gi\u1ea3m \u0111au v\u00e0 c\u1ea3i thi\u1ec7n h\u1ec7 ti\u00eau ho\u00e1, s\u1ee9c \u0111\u1ec1 kh\u00e1ng.<\/p>\n<p><img fetchpriority=\"high\" decoding=\"async\" class=\"wp-image-28483 aligncenter\" src=\"https:\/\/havamall.vn\/wp-content\/uploads\/2022\/08\/89331171_2615344012032780_1567192931624812544_n-1-300x300.jpg\" alt=\"\" width=\"540\" height=\"540\" srcset=\"https:\/\/havamall.vn\/wp-content\/uploads\/2022\/08\/89331171_2615344012032780_1567192931624812544_n-1-300x300.jpg 300w, https:\/\/havamall.vn\/wp-content\/uploads\/2022\/08\/89331171_2615344012032780_1567192931624812544_n-1-430x430.jpg 430w, https:\/\/havamall.vn\/wp-content\/uploads\/2022\/08\/89331171_2615344012032780_1567192931624812544_n-1-150x150.jpg 150w, https:\/\/havamall.vn\/wp-content\/uploads\/2022\/08\/89331171_2615344012032780_1567192931624812544_n-1-700x700.jpg 700w, https:\/\/havamall.vn\/wp-content\/uploads\/2022\/08\/89331171_2615344012032780_1567192931624812544_n-1-768x768.jpg 768w, https:\/\/havamall.vn\/wp-content\/uploads\/2022\/08\/89331171_2615344012032780_1567192931624812544_n-1-1024x1024.jpg 1024w, https:\/\/havamall.vn\/wp-content\/uploads\/2022\/08\/89331171_2615344012032780_1567192931624812544_n-1-1200x1200.jpg 1200w, https:\/\/havamall.vn\/wp-content\/uploads\/2022\/08\/89331171_2615344012032780_1567192931624812544_n-1-600x600.jpg 600w, https:\/\/havamall.vn\/wp-content\/uploads\/2022\/08\/89331171_2615344012032780_1567192931624812544_n-1-100x100.jpg 100w, https:\/\/havamall.vn\/wp-content\/uploads\/2022\/08\/89331171_2615344012032780_1567192931624812544_n-1.jpg 1387w\" sizes=\"(max-width: 540px) 100vw, 540px\" \/><\/p>\n<p>Ch\u00ednh v\u00ec th\u1ebf n\u00f3 th\u01b0\u1eddng ph\u00f9 h\u1ee3p v\u1edbi m\u1ecdi l\u1ee9a tu\u1ed5i t\u1eeb ng\u01b0\u1eddi gi\u00e0 \u0111\u1ebfn tr\u1ebb nh\u1ecf, c\u00f3 th\u1ec3 ch\u1ebf bi\u1ebfn th\u00e0nh m\u00f3n \u0103n m\u1eb7n ho\u1eb7c m\u00f3n \u0103n v\u1eb7t \u0111\u1ec1u ph\u00f9 h\u1ee3p.<\/p>\n<p>H\u1ea1t \u0111\u00e1c c\u00f3 t\u00e1c d\u1ee5ng h\u1ed7 tr\u1ee3 ti\u00eau h\u00f3a, b\u1ed5 sung vitamin v\u00e0 kho\u00e1ng ch\u1ea5t, cung c\u1ea5p ngu\u1ed3n n\u0103ng l\u01b0\u1ee3ng nhanh, t\u1ed1t cho s\u1ee9c kh\u1ecfe.<\/p>\n<p><img decoding=\"async\" class=\"wp-image-28484 aligncenter\" src=\"https:\/\/havamall.vn\/wp-content\/uploads\/2022\/08\/che-hat-dac-mang-cau-thom-ngon-272x300.jpg\" alt=\"\" width=\"545\" height=\"601\" srcset=\"https:\/\/havamall.vn\/wp-content\/uploads\/2022\/08\/che-hat-dac-mang-cau-thom-ngon-272x300.jpg 272w, https:\/\/havamall.vn\/wp-content\/uploads\/2022\/08\/che-hat-dac-mang-cau-thom-ngon-430x474.jpg 430w, https:\/\/havamall.vn\/wp-content\/uploads\/2022\/08\/che-hat-dac-mang-cau-thom-ngon-150x165.jpg 150w, https:\/\/havamall.vn\/wp-content\/uploads\/2022\/08\/che-hat-dac-mang-cau-thom-ngon-700x772.jpg 700w, https:\/\/havamall.vn\/wp-content\/uploads\/2022\/08\/che-hat-dac-mang-cau-thom-ngon-768x847.jpg 768w, https:\/\/havamall.vn\/wp-content\/uploads\/2022\/08\/che-hat-dac-mang-cau-thom-ngon-928x1024.jpg 928w, https:\/\/havamall.vn\/wp-content\/uploads\/2022\/08\/che-hat-dac-mang-cau-thom-ngon-1200x1323.jpg 1200w, https:\/\/havamall.vn\/wp-content\/uploads\/2022\/08\/che-hat-dac-mang-cau-thom-ngon-600x662.jpg 600w, https:\/\/havamall.vn\/wp-content\/uploads\/2022\/08\/che-hat-dac-mang-cau-thom-ngon.jpg 1536w\" sizes=\"(max-width: 545px) 100vw, 545px\" \/><\/p>\n<p>H\u1ea1t \u0111\u00e1c \u1edf Nh\u1eadt c\u00f3 h\u01b0\u01a1ng th\u01a1m \u0111\u1eb7c tr\u01b0ng, khi \u0103n c\u1ea3m nh\u1eadn r\u00f5 s\u1ef1 gi\u00f2n dai v\u00f4 c\u00f9ng \u0111\u00e3 mi\u1ec7ng, \u0111\u1eb7c bi\u1ec7t n\u1ebfu bi\u1ebft ch\u1ebf bi\u1ebfn s\u1ebd tr\u1edf th\u00e0nh m\u00f3n \u0103n v\u1eb7t kh\u00f4ng th\u1ec3 thi\u1ebfu trong m\u1ed7i gia \u0111\u00ecnh. H\u1ea1t \u0111\u00e1c th\u01b0\u1eddng \u0111\u01b0\u1ee3c s\u1eed d\u1ee5ng trong c\u00e1c m\u00f3n nh\u01b0 h\u1ea1t \u0111\u00e1c rim d\u1ee9a, d\u00e2u t\u1eb1m, tr\u00e0 xanh, rim \u0111\u01b0\u1eddng, ch\u00e8, s\u1eefa chua, \u2026..chinh ph\u1ee5c c\u1ea3 nh\u1eefng ng\u01b0\u1eddi c\u00f3 kh\u1ea9u v\u1ecb kh\u00f3 t\u00ednh nh\u1ea5t.<\/p>\n<p><img decoding=\"async\" class=\"wp-image-28485 aligncenter\" src=\"https:\/\/havamall.vn\/wp-content\/uploads\/2022\/08\/87323566_2615343952032786_2204604926330404864_n-300x300.jpg\" alt=\"\" width=\"550\" height=\"550\" srcset=\"https:\/\/havamall.vn\/wp-content\/uploads\/2022\/08\/87323566_2615343952032786_2204604926330404864_n-300x300.jpg 300w, https:\/\/havamall.vn\/wp-content\/uploads\/2022\/08\/87323566_2615343952032786_2204604926330404864_n-430x430.jpg 430w, https:\/\/havamall.vn\/wp-content\/uploads\/2022\/08\/87323566_2615343952032786_2204604926330404864_n-150x150.jpg 150w, https:\/\/havamall.vn\/wp-content\/uploads\/2022\/08\/87323566_2615343952032786_2204604926330404864_n-700x699.jpg 700w, https:\/\/havamall.vn\/wp-content\/uploads\/2022\/08\/87323566_2615343952032786_2204604926330404864_n-768x767.jpg 768w, https:\/\/havamall.vn\/wp-content\/uploads\/2022\/08\/87323566_2615343952032786_2204604926330404864_n-1024x1024.jpg 1024w, https:\/\/havamall.vn\/wp-content\/uploads\/2022\/08\/87323566_2615343952032786_2204604926330404864_n-1200x1199.jpg 1200w, https:\/\/havamall.vn\/wp-content\/uploads\/2022\/08\/87323566_2615343952032786_2204604926330404864_n-600x600.jpg 600w, https:\/\/havamall.vn\/wp-content\/uploads\/2022\/08\/87323566_2615343952032786_2204604926330404864_n-100x100.jpg 100w, https:\/\/havamall.vn\/wp-content\/uploads\/2022\/08\/87323566_2615343952032786_2204604926330404864_n.jpg 1363w\" sizes=\"(max-width: 550px) 100vw, 550px\" \/><\/p>\n<h3><strong>\u1ee8ng D\u1ee5ng Ch\u1ebf Bi\u1ebfn<\/strong><\/h3>\n<p>&#8211; C\u00f3 th\u1ec3 \u0103n li\u1ec1n (th\u00eam \u0111\u00e1).<\/p>\n<p>&#8211; Ch\u1ebf Bi\u1ebfn c\u00e1c m\u00f3n n\u01b0\u1edbc gi\u1ea3i kh\u00e1t: Tr\u00e0 H\u1ea1t \u0110\u00e1c,\u00a0 Topping c\u00e1c m\u00f3n n\u01b0\u1edbc gi\u1ea3i kh\u00e1t, tr\u00e0 s\u1eefa, s\u1eefa t\u01b0\u01a1i, kem\u2026<\/p>\n<p>&#8211; D\u00f9ng ch\u1ebf bi\u1ebfn th\u1ef1c ph\u1ea9m:\u00a0 B\u00e1nh t\u01b0\u01a1i, n\u01b0\u1edbng\u2026<\/p>\n<p>&#8211; D\u00f9ng l\u00e0m m\u1ee9t, nh\u00e2n b\u00e1nh ng\u1ecdt\u2026<\/p>\n<p><img loading=\"lazy\" decoding=\"async\" class=\"wp-image-28486 aligncenter\" src=\"https:\/\/havamall.vn\/wp-content\/uploads\/2022\/08\/SUA-CHUA-DAC-RIM-AN-LA-GHIEN.xxohdc033add6148f5492ca72f6218cec362oe5EEDA8BA-300x300.jpeg\" alt=\"\" width=\"550\" height=\"550\" srcset=\"https:\/\/havamall.vn\/wp-content\/uploads\/2022\/08\/SUA-CHUA-DAC-RIM-AN-LA-GHIEN.xxohdc033add6148f5492ca72f6218cec362oe5EEDA8BA-300x300.jpeg 300w, https:\/\/havamall.vn\/wp-content\/uploads\/2022\/08\/SUA-CHUA-DAC-RIM-AN-LA-GHIEN.xxohdc033add6148f5492ca72f6218cec362oe5EEDA8BA-430x430.jpeg 430w, https:\/\/havamall.vn\/wp-content\/uploads\/2022\/08\/SUA-CHUA-DAC-RIM-AN-LA-GHIEN.xxohdc033add6148f5492ca72f6218cec362oe5EEDA8BA-150x150.jpeg 150w, https:\/\/havamall.vn\/wp-content\/uploads\/2022\/08\/SUA-CHUA-DAC-RIM-AN-LA-GHIEN.xxohdc033add6148f5492ca72f6218cec362oe5EEDA8BA-700x700.jpeg 700w, https:\/\/havamall.vn\/wp-content\/uploads\/2022\/08\/SUA-CHUA-DAC-RIM-AN-LA-GHIEN.xxohdc033add6148f5492ca72f6218cec362oe5EEDA8BA-768x768.jpeg 768w, https:\/\/havamall.vn\/wp-content\/uploads\/2022\/08\/SUA-CHUA-DAC-RIM-AN-LA-GHIEN.xxohdc033add6148f5492ca72f6218cec362oe5EEDA8BA-1024x1024.jpeg 1024w, https:\/\/havamall.vn\/wp-content\/uploads\/2022\/08\/SUA-CHUA-DAC-RIM-AN-LA-GHIEN.xxohdc033add6148f5492ca72f6218cec362oe5EEDA8BA-1200x1200.jpeg 1200w, https:\/\/havamall.vn\/wp-content\/uploads\/2022\/08\/SUA-CHUA-DAC-RIM-AN-LA-GHIEN.xxohdc033add6148f5492ca72f6218cec362oe5EEDA8BA-600x600.jpeg 600w, https:\/\/havamall.vn\/wp-content\/uploads\/2022\/08\/SUA-CHUA-DAC-RIM-AN-LA-GHIEN.xxohdc033add6148f5492ca72f6218cec362oe5EEDA8BA-100x100.jpeg 100w, https:\/\/havamall.vn\/wp-content\/uploads\/2022\/08\/SUA-CHUA-DAC-RIM-AN-LA-GHIEN.xxohdc033add6148f5492ca72f6218cec362oe5EEDA8BA.jpeg 2048w\" sizes=\"(max-width: 550px) 100vw, 550px\" \/><\/p>","protected":false},"excerpt":{"rendered":"<p>H\u1ea1t \u0111\u00e1c l\u00e0 nguy\u00ean li\u1ec7u kh\u00f4ng th\u1ec3 thi\u1ebfu trong nhi\u1ec1u m\u00f3n \u0103n mang h\u01b0\u01a1ng v\u1ecb \u0111\u1ed9c \u0111\u00e1o, v\u1ecb dai gi\u00f2n<\/p>","protected":false},"featured_media":28487,"comment_status":"open","ping_status":"closed","template":"","meta":[],"product_brand":[],"product_cat":[36,143],"product_tag":[],"class_list":{"0":"post-28481","1":"product","2":"type-product","3":"status-publish","4":"has-post-thumbnail","6":"product_cat-thuc-pham-tieu-dung","7":"product_cat-thuc-pham-dong-hop","8":"pa_brand-bann-mai","10":"first","11":"outofstock","12":"sale","13":"shipping-taxable","14":"purchasable","15":"product-type-simple"},"_links":{"self":[{"href":"https:\/\/havamall.vn\/en\/wp-json\/wp\/v2\/product\/28481"}],"collection":[{"href":"https:\/\/havamall.vn\/en\/wp-json\/wp\/v2\/product"}],"about":[{"href":"https:\/\/havamall.vn\/en\/wp-json\/wp\/v2\/types\/product"}],"replies":[{"embeddable":true,"href":"https:\/\/havamall.vn\/en\/wp-json\/wp\/v2\/comments?post=28481"}],"version-history":[{"count":0,"href":"https:\/\/havamall.vn\/en\/wp-json\/wp\/v2\/product\/28481\/revisions"}],"wp:featuredmedia":[{"embeddable":true,"href":"https:\/\/havamall.vn\/en\/wp-json\/wp\/v2\/media\/28487"}],"wp:attachment":[{"href":"https:\/\/havamall.vn\/en\/wp-json\/wp\/v2\/media?parent=28481"}],"wp:term":[{"taxonomy":"product_brand","embeddable":true,"href":"https:\/\/havamall.vn\/en\/wp-json\/wp\/v2\/product_brand?post=28481"},{"taxonomy":"product_cat","embeddable":true,"href":"https:\/\/havamall.vn\/en\/wp-json\/wp\/v2\/product_cat?post=28481"},{"taxonomy":"product_tag","embeddable":true,"href":"https:\/\/havamall.vn\/en\/wp-json\/wp\/v2\/product_tag?post=28481"}],"curies":[{"name":"wp","href":"https:\/\/api.w.org\/{rel}","templated":true}]}}