{"id":28450,"date":"2022-08-22T09:24:19","date_gmt":"2022-08-22T02:24:19","guid":{"rendered":"https:\/\/havamall.vn\/?post_type=product&#038;p=28450"},"modified":"2022-08-22T09:24:19","modified_gmt":"2022-08-22T02:24:19","slug":"dao-ngam-duong-dong-lon-boddob-lon-820g-peach-in-syrup","status":"publish","type":"product","link":"https:\/\/havamall.vn\/en\/shop\/dao-ngam-duong-dong-lon-boddob-lon-820g-peach-in-syrup\/","title":{"rendered":"\u0110\u00e0o Ng\u00e2m \u0110\u01b0\u1eddng \u0110\u00f3ng Lon Boddob Lon 820g &#8211; Peach In Syrup"},"content":{"rendered":"<p>\u0110\u00e0o ng\u00e2m \u0111\u00f3ng lon Boddob Lon 820g l\u00e0\u00a0s\u1ea3n ph\u1ea9m m\u1edbi th\u1ecbnh h\u00e0ng t\u1ea1i th\u1ecb tr\u01b0\u1eddng Vi\u1ec7t Nam, v\u1edbi h\u01b0\u01a1ng v\u1ecb v\u00e0 ch\u1ea5t l\u01b0\u1ee3ng qu\u1ea3 \u0111\u00e0o gi\u00f2n \u0111\u1ec1u, gi\u00e1 c\u1ea3 h\u1ee3p l\u00fd \u0111\u00e0o ng\u00e2m Th\u00e1i Lan \u0111\u00e3 tr\u1edf n\u00ean ph\u1ed5 bi\u1ebfn \u1edf nhi\u1ec1u qu\u00e1n n\u01b0\u1edbc d\u00f9ng \u0111\u1ec3 l\u00e0m b\u00e1nh, pha tr\u00e0 \u0111\u00e0o.<\/p>\n<p>S\u1ea3n ph\u1ea9m \u0111\u01b0\u1ee3c ch\u1ebf bi\u1ebfn tr\u00ean d\u00e2y chuy\u1ec1n c\u00f4ng ngh\u1ec7 hi\u1ec7n \u0111\u1ea1i, \u0111\u1ea1t chu\u1ea9n ch\u1ea5t l\u01b0\u1ee3ng v\u1ec1 sinh an t\u00f2an th\u1ef1c ph\u1ea9m , gi\u00fap gi\u1eef \u0111\u01b0\u1ee3c h\u01b0\u01a1ng v\u1ecb t\u01b0\u01a1i ngon nh\u1ea5t c\u1ee7a t\u1eebng mi\u1ebfng \u0111\u00e0o m\u00e0 v\u1eabn kh\u00f4ng l\u00e0m m\u1ea5t \u0111i c\u00e1c ch\u1ea5t dinh d\u01b0\u1ee1ng.<\/p>\n<p><img fetchpriority=\"high\" decoding=\"async\" class=\"wp-image-28475 aligncenter\" src=\"https:\/\/havamall.vn\/wp-content\/uploads\/2022\/08\/261033764_4537518402963035_2562440628575558694_n-300x300.jpg\" alt=\"\" width=\"601\" height=\"601\" srcset=\"https:\/\/havamall.vn\/wp-content\/uploads\/2022\/08\/261033764_4537518402963035_2562440628575558694_n-300x300.jpg 300w, https:\/\/havamall.vn\/wp-content\/uploads\/2022\/08\/261033764_4537518402963035_2562440628575558694_n-430x430.jpg 430w, https:\/\/havamall.vn\/wp-content\/uploads\/2022\/08\/261033764_4537518402963035_2562440628575558694_n-150x150.jpg 150w, https:\/\/havamall.vn\/wp-content\/uploads\/2022\/08\/261033764_4537518402963035_2562440628575558694_n-700x700.jpg 700w, https:\/\/havamall.vn\/wp-content\/uploads\/2022\/08\/261033764_4537518402963035_2562440628575558694_n-768x768.jpg 768w, https:\/\/havamall.vn\/wp-content\/uploads\/2022\/08\/261033764_4537518402963035_2562440628575558694_n-1024x1024.jpg 1024w, https:\/\/havamall.vn\/wp-content\/uploads\/2022\/08\/261033764_4537518402963035_2562440628575558694_n-1200x1200.jpg 1200w, https:\/\/havamall.vn\/wp-content\/uploads\/2022\/08\/261033764_4537518402963035_2562440628575558694_n-600x600.jpg 600w, https:\/\/havamall.vn\/wp-content\/uploads\/2022\/08\/261033764_4537518402963035_2562440628575558694_n-100x100.jpg 100w, https:\/\/havamall.vn\/wp-content\/uploads\/2022\/08\/261033764_4537518402963035_2562440628575558694_n.jpg 1440w\" sizes=\"(max-width: 601px) 100vw, 601px\" \/><\/p>\n<p>\u0110\u00e0o ng\u00e2m \u0111\u00f3ng lon Boddob Lon 820g thu\u1ed9c d\u00f2ng s\u1ea3n ph\u1ea9m cao c\u1ea5p trong c\u00e1c lo\u1ea1i \u0111\u00e0o \u0111\u00f3ng h\u1ed9p. Mi\u1ebfng \u0111\u00e0o v\u00e0ng \u01b0\u01a1m, gi\u00f2n v\u00e0 c\u00f3 v\u1ecb chua ng\u1ecdt thanh m\u00e1t, gi\u00fap ly tr\u00e0 \u0111\u00e0o th\u00eam \u0111\u1eadm v\u1ecb \u0111\u00e0o v\u00e0 t\u0103ng s\u1ee9c h\u1ea5p d\u1eabn.<\/p>\n<p>\u0110\u00e0o \u0111\u01b0\u1ee3c b\u1ed5 \u0111\u00f4i, c\u00f3 ph\u1ea7n th\u1ecbt d\u00e0y, c\u00f3 \u0111\u1ed9 gi\u00f2n ngon h\u1ea5p d\u1eabn. \u0110\u00e0o \u0111\u01b0\u1ee3c ng\u00e2m trong n\u01b0\u1edbc \u0111\u01b0\u1eddng glucose-fructose n\u00ean c\u00f3 v\u1ecb ng\u1ecdt thanh m\u00e1t, kh\u00f4ng h\u1ec1 b\u1ecb ng\u1ecdt g\u1eaft. Syrup ng\u00e2m \u0111\u00e0o c\u00f3 \u0111\u1ed9 s\u00e1nh v\u1eeba ph\u1ea3i, th\u01a1m h\u01b0\u01a1ng \u0111\u00e0o, t\u1ea1o h\u01b0\u01a1ng v\u1ecb tuy\u1ec7t v\u1eddi khi pha ch\u1ebf tr\u00e0 \u0111\u00e0o.<\/p>\n<p><img decoding=\"async\" class=\"wp-image-28476 aligncenter\" src=\"https:\/\/havamall.vn\/wp-content\/uploads\/2022\/08\/5b17b2a2de81-300x265.jpg\" alt=\"\" width=\"604\" height=\"534\" srcset=\"https:\/\/havamall.vn\/wp-content\/uploads\/2022\/08\/5b17b2a2de81-300x265.jpg 300w, https:\/\/havamall.vn\/wp-content\/uploads\/2022\/08\/5b17b2a2de81-430x380.jpg 430w, https:\/\/havamall.vn\/wp-content\/uploads\/2022\/08\/5b17b2a2de81-150x132.jpg 150w, https:\/\/havamall.vn\/wp-content\/uploads\/2022\/08\/5b17b2a2de81-700x618.jpg 700w, https:\/\/havamall.vn\/wp-content\/uploads\/2022\/08\/5b17b2a2de81-768x678.jpg 768w, https:\/\/havamall.vn\/wp-content\/uploads\/2022\/08\/5b17b2a2de81.jpg 1024w, https:\/\/havamall.vn\/wp-content\/uploads\/2022\/08\/5b17b2a2de81-600x530.jpg 600w\" sizes=\"(max-width: 604px) 100vw, 604px\" \/><\/p>\n<h3><strong>H\u01b0\u1edbng d\u1eabn s\u1eed d\u1ee5ng:<\/strong><\/h3>\n<p>&#8211; D\u00f9ng tr\u1ef1c ti\u1ebfp nh\u01b0 m\u00f3n tr\u00e1ng mi\u1ec7ng.<\/p>\n<p>&#8211; S\u1eed d\u1ee5ng ch\u1ebf bi\u1ebfn c\u00e1c m\u00f3n b\u00e1nh ng\u1ecdt, tr\u00e1ng mi\u1ec7ng, food sauce, th\u1ee9c u\u1ed1ng pha ch\u1ebf nh\u01b0 tr\u00e0, soda pop, cocktails, mocktails &amp; party punch, \u2026<\/p>\n<p>&#8211; S\u1eed d\u1ee5ng trong c\u00e1c m\u00f3n tr\u00e0 tr\u00e1i c\u00e2y, tr\u00e0 \u0111\u00e0o.<\/p>\n<h3><img decoding=\"async\" class=\"wp-image-28478 aligncenter\" src=\"https:\/\/havamall.vn\/wp-content\/uploads\/2022\/08\/dao_thai-300x250.png\" alt=\"\" width=\"604\" height=\"503\" srcset=\"https:\/\/havamall.vn\/wp-content\/uploads\/2022\/08\/dao_thai-300x250.png 300w, https:\/\/havamall.vn\/wp-content\/uploads\/2022\/08\/dao_thai-430x358.png 430w, https:\/\/havamall.vn\/wp-content\/uploads\/2022\/08\/dao_thai-150x125.png 150w, https:\/\/havamall.vn\/wp-content\/uploads\/2022\/08\/dao_thai-700x582.png 700w, https:\/\/havamall.vn\/wp-content\/uploads\/2022\/08\/dao_thai-768x639.png 768w, https:\/\/havamall.vn\/wp-content\/uploads\/2022\/08\/dao_thai-1024x852.png 1024w, https:\/\/havamall.vn\/wp-content\/uploads\/2022\/08\/dao_thai-1200x998.png 1200w, https:\/\/havamall.vn\/wp-content\/uploads\/2022\/08\/dao_thai-600x499.png 600w, https:\/\/havamall.vn\/wp-content\/uploads\/2022\/08\/dao_thai.png 2048w\" sizes=\"(max-width: 604px) 100vw, 604px\" \/><\/h3>\n<h3><strong>\u0110\u1eb7c \u0111i\u1ec3m n\u1ed5i b\u1eadt c\u1ee7a s\u1ea3n ph\u1ea9m: <\/strong><\/h3>\n<p>\u2013 S\u1ea3n ph\u1ea9m \u0111\u01b0\u1ee3c ch\u1ebf bi\u1ebfn tr\u00ean d\u00e2y chuy\u1ec1n c\u00f4ng ngh\u1ec7 hi\u1ec7n \u0111\u1ea1i, \u0111\u1ea1t chu\u1ea9n ch\u1ea5t l\u01b0\u1ee3ng v\u1ec1 sinh an t\u00f2an th\u1ef1c ph\u1ea9m , gi\u00fap gi\u1eef \u0111\u01b0\u1ee3c h\u01b0\u01a1ng v\u1ecb t\u01b0\u01a1i ngon nh\u1ea5t c\u1ee7a t\u1eebng mi\u1ebfng \u0111\u00e0o m\u00e0 v\u1eabn kh\u00f4ng l\u00e0m m\u1ea5t \u0111i c\u00e1c ch\u1ea5t dinh d\u01b0\u1ee1ng.<\/p>\n<p>\u2013 \u0110\u00e0o \u0111\u01b0\u1ee3c b\u1ed5 \u0111\u00f4i, c\u00f3 ph\u1ea7n th\u1ecbt d\u00e0y, c\u00f3 \u0111\u1ed9 gi\u00f2n ngon h\u1ea5p d\u1eabn. \u0110\u00e0o \u0111\u01b0\u1ee3c ng\u00e2m trong n\u01b0\u1edbc \u0111\u01b0\u1eddng glucose-fructose n\u00ean c\u00f3 v\u1ecb ng\u1ecdt thanh m\u00e1t, kh\u00f4ng h\u1ec1 b\u1ecb ng\u1ecdt g\u1eaft.<\/p>\n<p>\u2013 Syrup ng\u00e2m \u0111\u00e0o c\u00f3 \u0111\u1ed9 s\u00e1nh v\u1eeba ph\u1ea3i, th\u01a1m h\u01b0\u01a1ng \u0111\u00e0o, t\u1ea1o h\u01b0\u01a1ng v\u1ecb tuy\u1ec7t v\u1eddi khi pha ch\u1ebf tr\u00e0 \u0111\u00e0o<\/p>\n<p>\u2013 N\u1eafp h\u1ed9p \u0111\u01b0\u1ee3c thi\u1ebft k\u1ebf ch\u1eb7t v\u00e0 k\u00edn, c\u00f3 c\u1ea5u tr\u00fac nh\u01b0 n\u1eafp l\u1edbn, khi m\u1edf ch\u1ec9 c\u1ea7n k\u00e9o l\u00ean tr\u00ean, d\u1ec5 d\u00e0ng khi s\u1eed d\u1ee5ng v\u00e0 b\u1ea3o qu\u1ea3n.<\/p>\n<p><img loading=\"lazy\" decoding=\"async\" class=\"wp-image-28479 aligncenter\" src=\"https:\/\/havamall.vn\/wp-content\/uploads\/2022\/08\/ded61aafd0f98f340a6ea4033a635a9b-300x300.jpg\" alt=\"\" width=\"590\" height=\"590\" srcset=\"https:\/\/havamall.vn\/wp-content\/uploads\/2022\/08\/ded61aafd0f98f340a6ea4033a635a9b-300x300.jpg 300w, https:\/\/havamall.vn\/wp-content\/uploads\/2022\/08\/ded61aafd0f98f340a6ea4033a635a9b-430x430.jpg 430w, https:\/\/havamall.vn\/wp-content\/uploads\/2022\/08\/ded61aafd0f98f340a6ea4033a635a9b-150x150.jpg 150w, https:\/\/havamall.vn\/wp-content\/uploads\/2022\/08\/ded61aafd0f98f340a6ea4033a635a9b-700x700.jpg 700w, https:\/\/havamall.vn\/wp-content\/uploads\/2022\/08\/ded61aafd0f98f340a6ea4033a635a9b-768x768.jpg 768w, https:\/\/havamall.vn\/wp-content\/uploads\/2022\/08\/ded61aafd0f98f340a6ea4033a635a9b-600x600.jpg 600w, https:\/\/havamall.vn\/wp-content\/uploads\/2022\/08\/ded61aafd0f98f340a6ea4033a635a9b-100x100.jpg 100w, https:\/\/havamall.vn\/wp-content\/uploads\/2022\/08\/ded61aafd0f98f340a6ea4033a635a9b.jpg 800w\" sizes=\"(max-width: 590px) 100vw, 590px\" \/><\/p>","protected":false},"excerpt":{"rendered":"<p>\u0110\u00e0o ng\u00e2m \u0111\u00f3ng lon Boddob Lon 820g l\u00e0\u00a0s\u1ea3n ph\u1ea9m m\u1edbi th\u1ecbnh h\u00e0ng t\u1ea1i th\u1ecb tr\u01b0\u1eddng Vi\u1ec7t Nam, v\u1edbi h\u01b0\u01a1ng v\u1ecb<\/p>","protected":false},"featured_media":28477,"comment_status":"open","ping_status":"closed","template":"","meta":[],"product_brand":[],"product_cat":[36,143],"product_tag":[],"class_list":{"0":"post-28450","1":"product","2":"type-product","3":"status-publish","4":"has-post-thumbnail","6":"product_cat-thuc-pham-tieu-dung","7":"product_cat-thuc-pham-dong-hop","9":"first","10":"instock","11":"sale","12":"shipping-taxable","13":"purchasable","14":"product-type-simple"},"_links":{"self":[{"href":"https:\/\/havamall.vn\/en\/wp-json\/wp\/v2\/product\/28450"}],"collection":[{"href":"https:\/\/havamall.vn\/en\/wp-json\/wp\/v2\/product"}],"about":[{"href":"https:\/\/havamall.vn\/en\/wp-json\/wp\/v2\/types\/product"}],"replies":[{"embeddable":true,"href":"https:\/\/havamall.vn\/en\/wp-json\/wp\/v2\/comments?post=28450"}],"version-history":[{"count":0,"href":"https:\/\/havamall.vn\/en\/wp-json\/wp\/v2\/product\/28450\/revisions"}],"wp:featuredmedia":[{"embeddable":true,"href":"https:\/\/havamall.vn\/en\/wp-json\/wp\/v2\/media\/28477"}],"wp:attachment":[{"href":"https:\/\/havamall.vn\/en\/wp-json\/wp\/v2\/media?parent=28450"}],"wp:term":[{"taxonomy":"product_brand","embeddable":true,"href":"https:\/\/havamall.vn\/en\/wp-json\/wp\/v2\/product_brand?post=28450"},{"taxonomy":"product_cat","embeddable":true,"href":"https:\/\/havamall.vn\/en\/wp-json\/wp\/v2\/product_cat?post=28450"},{"taxonomy":"product_tag","embeddable":true,"href":"https:\/\/havamall.vn\/en\/wp-json\/wp\/v2\/product_tag?post=28450"}],"curies":[{"name":"wp","href":"https:\/\/api.w.org\/{rel}","templated":true}]}}