{"id":28425,"date":"2022-08-11T11:47:12","date_gmt":"2022-08-11T04:47:12","guid":{"rendered":"https:\/\/havamall.vn\/?post_type=product&#038;p=28425"},"modified":"2022-10-04T16:47:52","modified_gmt":"2022-10-04T09:47:52","slug":"banh-trung-thu-nhan-trung-muoi-tan-chay-liu-xin-nai-huang-hop-330g-6-cai-x-55g","status":"publish","type":"product","link":"https:\/\/havamall.vn\/en\/shop\/banh-trung-thu-nhan-trung-muoi-tan-chay-liu-xin-nai-huang-hop-330g-6-cai-x-55g\/","title":{"rendered":"B\u00e1nh Trung Thu Nh\u00e2n Tr\u1ee9ng Mu\u1ed1i Tan Ch\u1ea3y Liu Xin Nai Huang H\u1ed9p 330g (6 C\u00e1i x 55g)"},"content":{"rendered":"<p>B\u00e1nh trung thu\u00a0ng\u00e0y tr\u01b0\u1edbc ch\u1ec9 c\u00f3 lo\u1ea1i b\u00e1nh trung thu n\u01b0\u1edbng truy\u1ec1n th\u1ed1ng th\u1ebf nh\u01b0ng \u0111\u1ebfn nay b\u00e1nh trung thu c\u00f3 r\u1ea5t nhi\u1ec1u lo\u1ea1i v\u1edbi nhi\u1ec1u nh\u00e2n kh\u00e1c nhau. Trong kh\u00f4ng kh\u00ed r\u1ed9n r\u00e0ng v\u00e0o nh\u1eefng d\u1ecbp g\u1ea7n \u0111\u1ebfn T\u1ebft Trung Thu th\u00ec c\u00e1c l\u00f2 n\u01b0\u1edbng \u0111\u00e3 r\u1ee5c r\u1ecbch chu\u1ea9n b\u1ecb t\u1eebng kh\u00e2u \u0111\u1ec3 cho ra \u0111\u1eddi m\u00f3n b\u00e1nh trung thu \u0111\u1ec3 c\u1ea3 gia \u0111\u00ecnh c\u00f3 th\u1ec3 qu\u00e2y qu\u1ea7n ng\u1ed3i b\u00ea nhau \u0111\u00f3n c\u00e1i T\u1ebft \u0111o\u00e0n vi\u00ean truy\u1ec1n th\u1ed1ng n\u00e0y.<\/p>\n<p><img fetchpriority=\"high\" decoding=\"async\" class=\"wp-image-28433 aligncenter\" src=\"https:\/\/havamall.vn\/wp-content\/uploads\/2022\/08\/O1CN01Nmt76v2CqxcM7pvAY_264-239x300.jpg\" alt=\"\" width=\"551\" height=\"691\" srcset=\"https:\/\/havamall.vn\/wp-content\/uploads\/2022\/08\/O1CN01Nmt76v2CqxcM7pvAY_264-239x300.jpg 239w, https:\/\/havamall.vn\/wp-content\/uploads\/2022\/08\/O1CN01Nmt76v2CqxcM7pvAY_264-430x539.jpg 430w, https:\/\/havamall.vn\/wp-content\/uploads\/2022\/08\/O1CN01Nmt76v2CqxcM7pvAY_264-150x188.jpg 150w, https:\/\/havamall.vn\/wp-content\/uploads\/2022\/08\/O1CN01Nmt76v2CqxcM7pvAY_264-700x878.jpg 700w, https:\/\/havamall.vn\/wp-content\/uploads\/2022\/08\/O1CN01Nmt76v2CqxcM7pvAY_264-768x963.jpg 768w, https:\/\/havamall.vn\/wp-content\/uploads\/2022\/08\/O1CN01Nmt76v2CqxcM7pvAY_264-600x753.jpg 600w, https:\/\/havamall.vn\/wp-content\/uploads\/2022\/08\/O1CN01Nmt76v2CqxcM7pvAY_264.jpg 790w\" sizes=\"(max-width: 551px) 100vw, 551px\" \/><\/p>\n<p>B\u00e1nh Trung thu\u00a0ng\u00e0y tr\u01b0\u1edbc ch\u1ec9 c\u00f3 lo\u1ea1i b\u00e1nh n\u01b0\u1edbng truy\u1ec1n th\u1ed1ng th\u1ebf n\u00ean hi\u1ec7n nay c\u00f9ng v\u1edbi s\u1ef1 \u0111a d\u1ea1ng c\u1ee7a c\u00e1c nh\u00e2n b\u00e1nh v\u00e0 th\u00eam t\u00e0i ngh\u1ec7 l\u00e0m b\u00e1nh b\u1eadc nh\u1ea5t c\u1ee7a c\u00e1c nh\u00e0 l\u00e0m b\u00e1nh \u0111\u00e3 cho ra \u0111\u1eddi nhi\u1ec1u lo\u1ea1i b\u00e1nh v\u1edbi nhi\u1ec1u lo\u1ea1i nh\u00e2n kh\u00e1c nhau.<\/p>\n<p>B\u00e1nh Trung Thu Tr\u1ee9ng Mu\u1ed1i Ch\u1ea3y Liu Xin Nai Huang m\u1edbi l\u1ea1 c\u1ee7a \u0111\u00eam tr\u0103ng tr\u00f2n. V\u1eabn l\u00e0 \u00e1o b\u1ed9t ng\u00e0n l\u1edbp m\u1ec1m m\u1ecfng n\u01b0\u1edbng v\u00e0ng ru\u1ed9m. B\u00e1nh nh\u00ecn \u0111\u1eb9p m\u1eaft, v\u00f4 c\u00f9ng h\u1ea5p d\u1eabn v\u00e0 \u0111\u1eb7c bi\u1ec7t h\u01b0\u01a1ng v\u1ecb l\u1ea1i th\u01a1m ngon kh\u00f4ng th\u1ec3 ch\u1ed1i t\u1eeb.<\/p>\n<p><img decoding=\"async\" class=\"wp-image-28427 aligncenter\" src=\"https:\/\/havamall.vn\/wp-content\/uploads\/2022\/08\/O1CN01DmpJ9Z1be0QRcEuNN_22-244x300.png\" alt=\"\" width=\"544\" height=\"669\" srcset=\"https:\/\/havamall.vn\/wp-content\/uploads\/2022\/08\/O1CN01DmpJ9Z1be0QRcEuNN_22-244x300.png 244w, https:\/\/havamall.vn\/wp-content\/uploads\/2022\/08\/O1CN01DmpJ9Z1be0QRcEuNN_22-430x529.png 430w, https:\/\/havamall.vn\/wp-content\/uploads\/2022\/08\/O1CN01DmpJ9Z1be0QRcEuNN_22-150x184.png 150w, https:\/\/havamall.vn\/wp-content\/uploads\/2022\/08\/O1CN01DmpJ9Z1be0QRcEuNN_22-700x860.png 700w, https:\/\/havamall.vn\/wp-content\/uploads\/2022\/08\/O1CN01DmpJ9Z1be0QRcEuNN_22-768x944.png 768w, https:\/\/havamall.vn\/wp-content\/uploads\/2022\/08\/O1CN01DmpJ9Z1be0QRcEuNN_22-600x737.png 600w, https:\/\/havamall.vn\/wp-content\/uploads\/2022\/08\/O1CN01DmpJ9Z1be0QRcEuNN_22.png 790w\" sizes=\"(max-width: 544px) 100vw, 544px\" \/><\/p>\n<p>V\u00e0 quan tr\u1ecdng nh\u1ea5t ch\u00ednh l\u00e0 ph\u1ea7n nh\u00e2n kim sa tr\u1ee9ng ch\u1ea3y l\u00e0m m\u01b0a l\u00e0m gi\u00f3 gi\u1edbi s\u00e0nh \u0103n kh\u1eafp n\u01a1i. V\u1ecb ng\u1ecdt b\u00e9o th\u00eam ch\u00fat m\u1eb7n m\u1eb7n khi\u1ebfn ng\u01b0\u1eddi \u0103n kh\u00f4ng h\u1ec1 b\u1ecb ng\u00e1n, m\u00e0 ch\u1ec9 mu\u1ed1n \u0103n ho\u00e0i kh\u00f4ng ng\u1eebng.<\/p>\n<p>S\u1ef1 ho\u00e0 quy\u1ec7n c\u1ee7a v\u1ecf b\u00e1nh, l\u1edbp \u0111\u1eadu k\u00e8m nh\u00e2n s\u1ed1t tr\u1ee9ng mu\u1ed1i, th\u01a1m th\u01a1m b\u00e9o b\u00e9o, b\u00f9i b\u00f9i v\u00e0 \u0111\u1eb7c bi\u1ec7t l\u00e0 l\u1edbp tr\u1ee9ng mu\u1ed1i ch\u1ea3y \u0111\u1eb7c tr\u01b0ng \u1edf l\u1edbp cu\u1ed1i c\u00f9ng. C\u1eafn v\u00e0o l\u1eadp t\u1ee9c &#8220;c\u1ea3m&#8221; \u0111\u01b0\u1ee3c h\u01b0\u01a1ng v\u1ecb m\u1eb1n m\u1eb7n l\u1ea1i b\u00e9o ng\u1eady \u0111\u1eb7c tr\u01b0ng c\u1ee7a tr\u1ee9ng mu\u1ed1i.<\/p>\n<p><img decoding=\"async\" class=\"wp-image-28428 aligncenter\" src=\"https:\/\/havamall.vn\/wp-content\/uploads\/2022\/08\/O1CN01jKAw9y1be0QOwdCw6_2200637853489-300x278.jpg\" alt=\"\" width=\"550\" height=\"509\" srcset=\"https:\/\/havamall.vn\/wp-content\/uploads\/2022\/08\/O1CN01jKAw9y1be0QOwdCw6_2200637853489-300x278.jpg 300w, https:\/\/havamall.vn\/wp-content\/uploads\/2022\/08\/O1CN01jKAw9y1be0QOwdCw6_2200637853489-430x398.jpg 430w, https:\/\/havamall.vn\/wp-content\/uploads\/2022\/08\/O1CN01jKAw9y1be0QOwdCw6_2200637853489-150x139.jpg 150w, https:\/\/havamall.vn\/wp-content\/uploads\/2022\/08\/O1CN01jKAw9y1be0QOwdCw6_2200637853489-700x648.jpg 700w, https:\/\/havamall.vn\/wp-content\/uploads\/2022\/08\/O1CN01jKAw9y1be0QOwdCw6_2200637853489-768x710.jpg 768w, https:\/\/havamall.vn\/wp-content\/uploads\/2022\/08\/O1CN01jKAw9y1be0QOwdCw6_2200637853489-600x555.jpg 600w, https:\/\/havamall.vn\/wp-content\/uploads\/2022\/08\/O1CN01jKAw9y1be0QOwdCw6_2200637853489.jpg 800w\" sizes=\"(max-width: 550px) 100vw, 550px\" \/><\/p>\n<h3><strong>\u0110\u1eb7c \u0111i\u1ec3m n\u1ed5i b\u1eadt c\u1ee7a s\u1ea3n ph\u1ea9m:<\/strong><\/h3>\n<p>\u2013 H\u1ed9p \u0111\u1ef1ng \u0111\u01b0\u1ee3c thi\u1ebft k\u1ebf sang tr\u1ecdng th\u1ecbch h\u1ee3p l\u00e0m qu\u00e0 bi\u1ebfu t\u1eb7ng nh\u00e2n d\u1ecbp trung thu, ch\u1eafc ch\u1eafc ng\u01b0\u1eddi th\u00e2n, b\u1ea1n b\u00e8, \u0111\u1ed3ng nghi\u1ec7p c\u1ee7a b\u1ea1n s\u1ebd v\u00f4 c\u00f9ng th\u00edch th\u00fa.<\/p>\n<p>\u2013 T\u1eebng l\u1edbp h\u00f2a quy\u1ec7n v\u1edbi nhau kh\u00f4ng nh\u1eefng \u0111\u1eb9p m\u1eaft m\u00e0 c\u00f2n th\u01a1m ngon kh\u00f3 c\u01b0\u1ee1ng, v\u1ecb ng\u1ecdt d\u1ecbu ch\u1ee9 ko ng\u1ecdt g\u1eaft nh\u01b0 nhi\u1ec1u lo\u1ea1i b\u00e1nh kh\u00e1c tr\u00ean th\u1ecb tr\u01b0\u1eddng.<\/p>\n<p>\u2013 B\u00e1nh c\u00f3 ngu\u1ed3n g\u1ed1c t\u1eeb \u0110\u00e0i Loan, l\u00e0 x\u1ee9 s\u1edf c\u1ee7a nh\u1eefng lo\u1ea1i b\u00e1nh ng\u00e0n l\u1edbp c\u00f3 ch\u1ea5t l\u01b0\u1ee3ng tuy\u1ec7t v\u1eddi,.<\/p>\n<p>\u2013 B\u00e1nh Trung Thu Tr\u1ee9ng Mu\u1ed1i Ch\u1ea3y Liu Xin Nai Huang v\u1edbi nh\u1eefng nguy\u00ean li\u1ec7u \u0111\u01b0\u1ee3c tuy\u1ec3n ch\u1ecdn k\u1ef9 c\u00e0ng mang cho b\u1ea1n nh\u1eefng chi\u1ebfc b\u00e1nh th\u01a1m ngon h\u1ea5p d\u1eabn.<\/p>\n<p><img loading=\"lazy\" decoding=\"async\" class=\"wp-image-28429 aligncenter\" src=\"https:\/\/havamall.vn\/wp-content\/uploads\/2022\/08\/O1CN01iXgzwE1be0QQNU9Ay_2200637-300x300.jpg\" alt=\"\" width=\"572\" height=\"572\" srcset=\"https:\/\/havamall.vn\/wp-content\/uploads\/2022\/08\/O1CN01iXgzwE1be0QQNU9Ay_2200637-300x300.jpg 300w, https:\/\/havamall.vn\/wp-content\/uploads\/2022\/08\/O1CN01iXgzwE1be0QQNU9Ay_2200637-430x430.jpg 430w, https:\/\/havamall.vn\/wp-content\/uploads\/2022\/08\/O1CN01iXgzwE1be0QQNU9Ay_2200637-150x150.jpg 150w, https:\/\/havamall.vn\/wp-content\/uploads\/2022\/08\/O1CN01iXgzwE1be0QQNU9Ay_2200637-700x700.jpg 700w, https:\/\/havamall.vn\/wp-content\/uploads\/2022\/08\/O1CN01iXgzwE1be0QQNU9Ay_2200637-768x768.jpg 768w, https:\/\/havamall.vn\/wp-content\/uploads\/2022\/08\/O1CN01iXgzwE1be0QQNU9Ay_2200637-600x600.jpg 600w, https:\/\/havamall.vn\/wp-content\/uploads\/2022\/08\/O1CN01iXgzwE1be0QQNU9Ay_2200637-100x100.jpg 100w, https:\/\/havamall.vn\/wp-content\/uploads\/2022\/08\/O1CN01iXgzwE1be0QQNU9Ay_2200637.jpg 800w\" sizes=\"(max-width: 572px) 100vw, 572px\" \/><\/p>\n<h3><strong>H\u01b0\u1edbng d\u1eabn s\u1eed d\u1ee5ng v\u00e0 b\u1ea3o qu\u1ea3n:\u00a0<\/strong><\/h3>\n<ul>\n<li>\u0102n tr\u1ef1c ti\u1ebfp sau khi m\u1edf. C\u00f3 th\u1ec3 c\u00f9ng th\u01b0\u1edfng th\u1ee9c b\u00e1nh k\u1ebft h\u1ee3p th\u00eam tr\u00e0 \u0111\u1ec3 t\u0103ng th\u00eam v\u1ecb th\u01a1m c\u1ee7a b\u00e1nh.<\/li>\n<li>B\u1ea3o qu\u1ea3n n\u01a1i kh\u00f4 r\u00e1o tho\u00e1ng m\u00e1t, tr\u00e1nh \u1ea9m v\u00e0 nhi\u1ec7t \u0111\u1ed9 cao<\/li>\n<\/ul>\n<p>S\u1ea3n ph\u1ea9m hi\u1ec7n \u0111\u00e3 c\u00f3 m\u1eb7t t\u1ea1I Havamall.<\/p>\n<p><img loading=\"lazy\" decoding=\"async\" class=\"wp-image-28430 aligncenter\" src=\"https:\/\/havamall.vn\/wp-content\/uploads\/2022\/08\/297422629_3204426276435521_7109908881542459932_n-300x300.jpg\" alt=\"\" width=\"574\" height=\"574\" srcset=\"https:\/\/havamall.vn\/wp-content\/uploads\/2022\/08\/297422629_3204426276435521_7109908881542459932_n-300x300.jpg 300w, https:\/\/havamall.vn\/wp-content\/uploads\/2022\/08\/297422629_3204426276435521_7109908881542459932_n-430x430.jpg 430w, https:\/\/havamall.vn\/wp-content\/uploads\/2022\/08\/297422629_3204426276435521_7109908881542459932_n-150x150.jpg 150w, https:\/\/havamall.vn\/wp-content\/uploads\/2022\/08\/297422629_3204426276435521_7109908881542459932_n-700x700.jpg 700w, https:\/\/havamall.vn\/wp-content\/uploads\/2022\/08\/297422629_3204426276435521_7109908881542459932_n-768x768.jpg 768w, https:\/\/havamall.vn\/wp-content\/uploads\/2022\/08\/297422629_3204426276435521_7109908881542459932_n-600x600.jpg 600w, https:\/\/havamall.vn\/wp-content\/uploads\/2022\/08\/297422629_3204426276435521_7109908881542459932_n-100x100.jpg 100w, https:\/\/havamall.vn\/wp-content\/uploads\/2022\/08\/297422629_3204426276435521_7109908881542459932_n.jpg 960w\" sizes=\"(max-width: 574px) 100vw, 574px\" \/><\/p>","protected":false},"excerpt":{"rendered":"<p>B\u00e1nh trung thu\u00a0ng\u00e0y tr\u01b0\u1edbc ch\u1ec9 c\u00f3 lo\u1ea1i b\u00e1nh trung thu n\u01b0\u1edbng truy\u1ec1n th\u1ed1ng th\u1ebf nh\u01b0ng \u0111\u1ebfn nay b\u00e1nh trung thu<\/p>","protected":false},"featured_media":28434,"comment_status":"open","ping_status":"closed","template":"","meta":[],"product_brand":[],"product_cat":[36,133],"product_tag":[],"class_list":{"0":"post-28425","1":"product","2":"type-product","3":"status-publish","4":"has-post-thumbnail","6":"product_cat-thuc-pham-tieu-dung","7":"product_cat-banh-keo-chocolate","9":"first","10":"outofstock","11":"sale","12":"shipping-taxable","13":"purchasable","14":"product-type-simple"},"_links":{"self":[{"href":"https:\/\/havamall.vn\/en\/wp-json\/wp\/v2\/product\/28425"}],"collection":[{"href":"https:\/\/havamall.vn\/en\/wp-json\/wp\/v2\/product"}],"about":[{"href":"https:\/\/havamall.vn\/en\/wp-json\/wp\/v2\/types\/product"}],"replies":[{"embeddable":true,"href":"https:\/\/havamall.vn\/en\/wp-json\/wp\/v2\/comments?post=28425"}],"version-history":[{"count":0,"href":"https:\/\/havamall.vn\/en\/wp-json\/wp\/v2\/product\/28425\/revisions"}],"wp:featuredmedia":[{"embeddable":true,"href":"https:\/\/havamall.vn\/en\/wp-json\/wp\/v2\/media\/28434"}],"wp:attachment":[{"href":"https:\/\/havamall.vn\/en\/wp-json\/wp\/v2\/media?parent=28425"}],"wp:term":[{"taxonomy":"product_brand","embeddable":true,"href":"https:\/\/havamall.vn\/en\/wp-json\/wp\/v2\/product_brand?post=28425"},{"taxonomy":"product_cat","embeddable":true,"href":"https:\/\/havamall.vn\/en\/wp-json\/wp\/v2\/product_cat?post=28425"},{"taxonomy":"product_tag","embeddable":true,"href":"https:\/\/havamall.vn\/en\/wp-json\/wp\/v2\/product_tag?post=28425"}],"curies":[{"name":"wp","href":"https:\/\/api.w.org\/{rel}","templated":true}]}}