{"id":28413,"date":"2022-08-10T11:58:48","date_gmt":"2022-08-10T04:58:48","guid":{"rendered":"https:\/\/havamall.vn\/?post_type=product&#038;p=28413"},"modified":"2024-04-03T14:07:12","modified_gmt":"2024-04-03T07:07:12","slug":"tra-cascara-goi-100g-coffee-cherry-tea","status":"publish","type":"product","link":"https:\/\/havamall.vn\/en\/shop\/tra-cascara-goi-100g-coffee-cherry-tea\/","title":{"rendered":"Tr\u00e0 Cascara T\u00fai Gi\u1ea5y 100g \u2013 Coffee Cherry Tea"},"content":{"rendered":"<p>Tr\u00e0 Coffee Cherry Cascara l\u00e0 m\u1ed9t lo\u1ea1i tr\u00e0 \u0111\u01b0\u1ee3c l\u00e0m t\u1eeb v\u1ecf qu\u1ea3 c\u00e0 ph\u00ea \u0111\u01b0\u1ee3c s\u1ea5y kh\u00f4, HandMade, r\u1ea5t c\u00f4ng phu, s\u1eed d\u1ee5ng \u0111\u1ec3 pha u\u1ed1ng nh\u01b0 1 lo\u1ea1i tr\u00e0 hoa qu\u1ea3 . Tr\u00e0 casscara c\u00f3 h\u01b0\u01a1ng v\u1ecb kh\u00e1c ho\u00e0n to\u00e0n v\u1edbi c\u00e0 ph\u00ea, nh\u1eb9 nh\u00e0ng h\u01a1n v\u00e0 phong ph\u00fa t\u00f9y v\u00e0o gi\u1ed1ng l\u00e0m tr\u00e0.\u00a0 V\u1ecf qu\u1ea3 c\u00e0 ph\u00ea c\u0169ng c\u00f3 ch\u1ee9a cafein v\u00e0 nhi\u1ec1u ch\u1ea5t ch\u1ed1ng oxi h\u00f3a r\u1ea5t c\u00f3 l\u1ee3i cho s\u1ee9c kh\u1ecfe. M\u00f9i cherry k\u00e8m h\u01b0\u01a1ng hoa lavender thoang tho\u1ea3ng khi\u1ebfn kho\u1ea3n kh\u00f4ng gian ch\u00fang ta ng\u1ed3i tr\u1edf n\u00ean d\u1ecbu nh\u1eb9 .<\/p>\n<p><img fetchpriority=\"high\" decoding=\"async\" class=\"wp-image-28414 aligncenter\" src=\"https:\/\/havamall.vn\/wp-content\/uploads\/2022\/08\/24955ed9c6bb3242e6fc6e0ee193b0ae-300x300.jpg\" alt=\"\" width=\"615\" height=\"615\" srcset=\"https:\/\/havamall.vn\/wp-content\/uploads\/2022\/08\/24955ed9c6bb3242e6fc6e0ee193b0ae-300x300.jpg 300w, https:\/\/havamall.vn\/wp-content\/uploads\/2022\/08\/24955ed9c6bb3242e6fc6e0ee193b0ae-430x430.jpg 430w, https:\/\/havamall.vn\/wp-content\/uploads\/2022\/08\/24955ed9c6bb3242e6fc6e0ee193b0ae-150x150.jpg 150w, https:\/\/havamall.vn\/wp-content\/uploads\/2022\/08\/24955ed9c6bb3242e6fc6e0ee193b0ae-700x700.jpg 700w, https:\/\/havamall.vn\/wp-content\/uploads\/2022\/08\/24955ed9c6bb3242e6fc6e0ee193b0ae-768x768.jpg 768w, https:\/\/havamall.vn\/wp-content\/uploads\/2022\/08\/24955ed9c6bb3242e6fc6e0ee193b0ae-600x600.jpg 600w, https:\/\/havamall.vn\/wp-content\/uploads\/2022\/08\/24955ed9c6bb3242e6fc6e0ee193b0ae-100x100.jpg 100w, https:\/\/havamall.vn\/wp-content\/uploads\/2022\/08\/24955ed9c6bb3242e6fc6e0ee193b0ae.jpg 1024w\" sizes=\"(max-width: 615px) 100vw, 615px\" \/><\/p>\n<p>Khi c\u00e1c qu\u1ea3 coffee cherry c\u00f3 \u0111\u1ed9 \u0111\u01b0\u1eddng cao v\u00e0 ph\u00f9 h\u1ee3p s\u01a1 ch\u1ebf natural process th\u00ec cho ra c\u00e1c ly cafe u\u1ed1ng kh\u00f4ng c\u1ea7n th\u00eam \u0111\u01b0\u1eddng v\u00ec ng\u0169 v\u1ecb (\u0110\u1eafng, ch\u00e1t ,chua ,m\u1eb7n v\u00e0 h\u1eadu ng\u1ecdt) \u0111\u00e3 c\u00e2n b\u1eb1ng . D\u00f9ng cho Pour Over th\u00ec tuy\u1ec7t \u0111\u1ec9nh. C\u00f3 m\u00f9i v\u1ecb\u00a0 nh\u01b0\u00a0 socolate ph\u1ee7 anh \u0111\u00e0o v\u00e0 l\u00e0 m\u00f3n \u0111\u1ed3 u\u1ed1ng tuy\u1ec7t v\u1eddi cho nh\u1eefng ng\u00e0y h\u00e8 oi b\u1ee9c.<\/p>\n<p>\u0110i\u1ec1u \u0111\u1eb7c bi\u1ec7t kh\u00f4ng ph\u1ea3i v\u1ecf qu\u1ea3 n\u00e0o c\u0169ng c\u00f3 th\u1ec3 l\u00e0m tr\u00e0 Cascara. V\u1ecf qu\u1ea3 ph\u1ea3i \u0111\u01b0\u1ee3c t\u00e1ch kh\u00f4 b\u1eb1ng tay (kh\u00f4ng s\u1eed d\u1ee5ng n\u01b0\u1edbc trong qu\u00e1 tr\u00ecnh t\u00e1ch v\u1ecf) \u0111\u1ec3 c\u00f3 th\u1ec3 gi\u1eef \u0111\u01b0\u1ee3c to\u00e0n b\u1ed9 ph\u1ea7n th\u1ecbt v\u1ecf nh\u1eefng h\u01b0\u01a1ng v\u1ecb nguy\u00ean b\u1ea3n nh\u1ea5t c\u0169ng nh\u01b0 dinh d\u01b0\u1ee1ng v\u00e0 cafein. Th\u1eddi gian 48h ph\u01a1i \u0111\u1ea7u ti\u00ean ph\u1ea3i tuy\u1ec7t \u0111\u1ed1i \u0111\u01b0\u1ee3c \u01b0u \u0111\u00e3i v\u1ec1 n\u1eafng ban ng\u00e0y v\u00e0 s\u1ea5y kh\u00f4 v\u00e0o ban \u0111\u00eam \u0111\u1ec3 tr\u00e1nh m\u1ed1c.<\/p>\n<p><img decoding=\"async\" class=\"wp-image-28415 aligncenter\" src=\"https:\/\/havamall.vn\/wp-content\/uploads\/2022\/08\/d4adb896e3174f7466f73722d8b48cf3-300x300.jpg\" alt=\"\" width=\"605\" height=\"605\" srcset=\"https:\/\/havamall.vn\/wp-content\/uploads\/2022\/08\/d4adb896e3174f7466f73722d8b48cf3-300x300.jpg 300w, https:\/\/havamall.vn\/wp-content\/uploads\/2022\/08\/d4adb896e3174f7466f73722d8b48cf3-430x430.jpg 430w, https:\/\/havamall.vn\/wp-content\/uploads\/2022\/08\/d4adb896e3174f7466f73722d8b48cf3-150x150.jpg 150w, https:\/\/havamall.vn\/wp-content\/uploads\/2022\/08\/d4adb896e3174f7466f73722d8b48cf3-700x700.jpg 700w, https:\/\/havamall.vn\/wp-content\/uploads\/2022\/08\/d4adb896e3174f7466f73722d8b48cf3-768x768.jpg 768w, https:\/\/havamall.vn\/wp-content\/uploads\/2022\/08\/d4adb896e3174f7466f73722d8b48cf3-600x600.jpg 600w, https:\/\/havamall.vn\/wp-content\/uploads\/2022\/08\/d4adb896e3174f7466f73722d8b48cf3-100x100.jpg 100w, https:\/\/havamall.vn\/wp-content\/uploads\/2022\/08\/d4adb896e3174f7466f73722d8b48cf3.jpg 1024w\" sizes=\"(max-width: 605px) 100vw, 605px\" \/><\/p>\n<p>Kh\u1edfi \u0111\u1ea7u ng\u00e0y m\u1edbi b\u1eb1ng m\u1ed9t \u1ea5m tr\u00e0 Cascara v\u00e0 b\u00e1nh ng\u1ecdt s\u1ebd gi\u00fap b\u1ea1n t\u1ec9nh t\u00e1o l\u00e0m vi\u1ec7c kh\u00f4ng m\u1ec7t m\u1ecfi.<\/p>\n<p>Cascara l\u00e0 th\u1ee9 th\u1ee9c u\u1ed1ng k\u1ef3 l\u1ea1 v\u00e0 th\u00fa v\u1ecb giao thoa gi\u1eefa c\u00e0 ph\u00ea v\u00e0 tr\u00e0, kh\u00f4ng nh\u1eefng v\u1eady Cascara c\u00f2n gi\u00fap ch\u00fang ta c\u1ea3i thi\u1ec7n tr\u00ed nh\u1edb, gi\u1ea3m nguy c\u01a1 m\u1eafc c\u00e1c b\u1ec7nh nh\u01b0 ti\u1ec3u \u0111\u01b0\u1eddng, Parkinson v\u00e0 Alzheimer, s\u1eed d\u1ee5ng nhi\u1ec1u c\u00f3 th\u1ec3 gi\u00fap gi\u00fap gi\u1ea3m c\u00e2n v\u00e0 b\u1ea3o v\u1ec7 gan hi\u1ec7u qu\u1ea3.<\/p>\n<p><img decoding=\"async\" class=\"wp-image-28416 aligncenter\" src=\"https:\/\/havamall.vn\/wp-content\/uploads\/2022\/08\/150d2886b3c78899cb8e97a258736f11-300x300.jpg\" alt=\"\" width=\"607\" height=\"607\" srcset=\"https:\/\/havamall.vn\/wp-content\/uploads\/2022\/08\/150d2886b3c78899cb8e97a258736f11-300x300.jpg 300w, https:\/\/havamall.vn\/wp-content\/uploads\/2022\/08\/150d2886b3c78899cb8e97a258736f11-430x430.jpg 430w, https:\/\/havamall.vn\/wp-content\/uploads\/2022\/08\/150d2886b3c78899cb8e97a258736f11-150x150.jpg 150w, https:\/\/havamall.vn\/wp-content\/uploads\/2022\/08\/150d2886b3c78899cb8e97a258736f11-700x700.jpg 700w, https:\/\/havamall.vn\/wp-content\/uploads\/2022\/08\/150d2886b3c78899cb8e97a258736f11-768x768.jpg 768w, https:\/\/havamall.vn\/wp-content\/uploads\/2022\/08\/150d2886b3c78899cb8e97a258736f11-600x600.jpg 600w, https:\/\/havamall.vn\/wp-content\/uploads\/2022\/08\/150d2886b3c78899cb8e97a258736f11-100x100.jpg 100w, https:\/\/havamall.vn\/wp-content\/uploads\/2022\/08\/150d2886b3c78899cb8e97a258736f11.jpg 1024w\" sizes=\"(max-width: 607px) 100vw, 607px\" \/><\/p>\n<p>S\u1ef1 ra \u0111\u1eddi c\u1ee7a tr\u00e0 \u201cc\u00e0 ph\u00ea\u201d cascara th\u01b0\u1eddng \u0111\u01b0\u1ee3c g\u1ecdi l\u00e0 tr\u00e0 cascara \u0111\u00e3 l\u00e0m thay \u0111\u1ed5i c\u00e1ch nh\u00ecn nh\u1eadn v\u1ec1 th\u1ee9c u\u1ed1ng bu\u1ed5i s\u00e1ng c\u1ee7a r\u1ea5t nhi\u1ec1u ng\u01b0\u1eddi. Lo\u1ea1i c\u00e0 ph\u00ea n\u00e0y \u0111\u00e3 \u0111\u1ea1t \u0111\u1ebfn \u0111\u1ec9nh \u0111i\u1ec3m s\u1edf th\u00edch c\u1ee7a nhi\u1ec1u ng\u01b0\u1eddi b\u1edfi ch\u00fang v\u1eabn gi\u00fap c\u1ea3i thi\u1ec7n tr\u00ed l\u1ef1c, n\u0103ng l\u01b0\u1ee3ng nh\u01b0ng l\u1ea1i l\u00e0nh m\u1ea1nh h\u01a1n.<\/p>\n<p>\u0110i\u1ec1u n\u00e0y d\u1eabn \u0111\u1ebfn nhu c\u1ea7u v\u1ec1 tr\u00e0 cascara ng\u00e0y c\u00e0ng t\u0103ng m\u1eb7c d\u00f9 \u0111\u1ed3 u\u1ed1ng n\u00e0y v\u1eabn ch\u01b0a ph\u1ed5 bi\u1ebfn \u1edf nhi\u1ec1u n\u01a1i tr\u00ean th\u1ebf gi\u1edbi. B\u00ean c\u1ea1nh \u0111\u00f3, lo\u1ea1i th\u1ef1c ph\u1ea9m n\u00e0y c\u0169ng c\u00f3 th\u1ec3 mang \u0111\u1ebfn nhi\u1ec1u c\u00f4ng d\u1ee5ng cho s\u1ee9c kh\u1ecfe v\u00e0 l\u00e0n da.<\/p>\n<p><img loading=\"lazy\" decoding=\"async\" class=\"wp-image-28417 aligncenter\" src=\"https:\/\/havamall.vn\/wp-content\/uploads\/2022\/08\/f6650e226d6716db407672b9fcdd8913-300x300.jpg\" alt=\"\" width=\"607\" height=\"607\" srcset=\"https:\/\/havamall.vn\/wp-content\/uploads\/2022\/08\/f6650e226d6716db407672b9fcdd8913-300x300.jpg 300w, https:\/\/havamall.vn\/wp-content\/uploads\/2022\/08\/f6650e226d6716db407672b9fcdd8913-430x430.jpg 430w, https:\/\/havamall.vn\/wp-content\/uploads\/2022\/08\/f6650e226d6716db407672b9fcdd8913-150x150.jpg 150w, https:\/\/havamall.vn\/wp-content\/uploads\/2022\/08\/f6650e226d6716db407672b9fcdd8913-700x700.jpg 700w, https:\/\/havamall.vn\/wp-content\/uploads\/2022\/08\/f6650e226d6716db407672b9fcdd8913-768x768.jpg 768w, https:\/\/havamall.vn\/wp-content\/uploads\/2022\/08\/f6650e226d6716db407672b9fcdd8913-600x600.jpg 600w, https:\/\/havamall.vn\/wp-content\/uploads\/2022\/08\/f6650e226d6716db407672b9fcdd8913-100x100.jpg 100w, https:\/\/havamall.vn\/wp-content\/uploads\/2022\/08\/f6650e226d6716db407672b9fcdd8913.jpg 1024w\" sizes=\"(max-width: 607px) 100vw, 607px\" \/><\/p>\n<h3><strong>C\u00f4ng d\u1ee5ng c\u1ee7a tr\u00e0 Cascara:<\/strong><\/h3>\n<p>\u2013 C\u1ea3i thi\u1ec7n t\u00e2m tr\u1ea1ng v\u00e0 tr\u00ed nh\u1edb, t\u0103ng c\u01b0\u1eddng n\u0103ng l\u01b0\u1ee3ng cho ng\u00e0y d\u00e0i<\/p>\n<p>\u2013 Gi\u1ea3m nguy c\u01a1 m\u1eafc c\u00e1c b\u1ec7nh nh\u01b0 ti\u1ec3u \u0111\u01b0\u1eddng, parkinson v\u00e0 Alzheimer<\/p>\n<p>\u2013 C\u00f3 th\u1ec3 s\u1eed d\u1ee5ng tr\u00e0 h\u00e0ng ng\u00e0y \u0111\u1ec3 gi\u1ea3m c\u00e2n v\u00e0 b\u1ea3o v\u1ec7 gan<\/p>\n<p>\u2013 C\u1ea3i thi\u1ec7n s\u1ee9c kh\u1ecfe v\u00e0 gi\u00fap b\u1ea1n t\u1ec9nh t\u00e1o<\/p>\n<p>\u2013 Gi\u00fap l\u00e0n da tr\u00f4ng r\u1ea1ng r\u1ee1 h\u01a1n<\/p>\n<p>\u2013 L\u00e0m \u0111\u1eb9p t\u00f3c<\/p>\n<p><img loading=\"lazy\" decoding=\"async\" class=\"wp-image-28418 aligncenter\" src=\"https:\/\/havamall.vn\/wp-content\/uploads\/2022\/08\/fc76cb8feb977bfde746173cc21e3e38-293x300.png\" alt=\"\" width=\"592\" height=\"606\" srcset=\"https:\/\/havamall.vn\/wp-content\/uploads\/2022\/08\/fc76cb8feb977bfde746173cc21e3e38-293x300.png 293w, https:\/\/havamall.vn\/wp-content\/uploads\/2022\/08\/fc76cb8feb977bfde746173cc21e3e38-430x440.png 430w, https:\/\/havamall.vn\/wp-content\/uploads\/2022\/08\/fc76cb8feb977bfde746173cc21e3e38-150x153.png 150w, https:\/\/havamall.vn\/wp-content\/uploads\/2022\/08\/fc76cb8feb977bfde746173cc21e3e38-700x716.png 700w, https:\/\/havamall.vn\/wp-content\/uploads\/2022\/08\/fc76cb8feb977bfde746173cc21e3e38-768x785.png 768w, https:\/\/havamall.vn\/wp-content\/uploads\/2022\/08\/fc76cb8feb977bfde746173cc21e3e38-1001x1024.png 1001w, https:\/\/havamall.vn\/wp-content\/uploads\/2022\/08\/fc76cb8feb977bfde746173cc21e3e38-1200x1227.png 1200w, https:\/\/havamall.vn\/wp-content\/uploads\/2022\/08\/fc76cb8feb977bfde746173cc21e3e38-600x614.png 600w, https:\/\/havamall.vn\/wp-content\/uploads\/2022\/08\/fc76cb8feb977bfde746173cc21e3e38.png 1643w\" sizes=\"(max-width: 592px) 100vw, 592px\" \/><\/p>\n<h3><strong>H\u01b0\u1edbng d\u1eabn pha tr\u00e0 Cascara Coffee Cherry:<\/strong><\/h3>\n<p>\u25aa\ufe0f Ng\u00e2m \u1ee7 l\u1ea1nh:<\/p>\n<p>\u2013 Cho 30gr tr\u00e0 Cascara v\u00e0o b\u00ecnh \u1ee7<\/p>\n<p>-Th\u00eam 450ml n\u01b0\u1edbc v\u00e0o b\u00ecnh<\/p>\n<p>\u2013 \u0110\u1eady n\u1eafp k\u00edn v\u00e0 b\u1ecf v\u00e0o t\u1ee7 l\u1ea1nh<\/p>\n<p>\u2013 Sau 24h l\u1ecdc l\u1ea5y v\u1ecf cascara v\u00e0 th\u01b0\u1edfng th\u1ee9c (Ng\u00e2m k\u00e8m v\u1edbi 1 l\u00e1t chanh t\u00e2y, chanh khi\u1ebfn cho tr\u00e0 tr\u1edf th\u00e0nh m\u00f3n \u0111\u1ed3 u\u1ed1ng th\u01a1m m\u00e1t)<\/p>\n<p><img loading=\"lazy\" decoding=\"async\" class=\"wp-image-28419 aligncenter\" src=\"https:\/\/havamall.vn\/wp-content\/uploads\/2022\/08\/4d7b9043694f8e204bdd739eca934863-300x300.jpg\" alt=\"\" width=\"585\" height=\"585\" srcset=\"https:\/\/havamall.vn\/wp-content\/uploads\/2022\/08\/4d7b9043694f8e204bdd739eca934863-300x300.jpg 300w, https:\/\/havamall.vn\/wp-content\/uploads\/2022\/08\/4d7b9043694f8e204bdd739eca934863-430x430.jpg 430w, https:\/\/havamall.vn\/wp-content\/uploads\/2022\/08\/4d7b9043694f8e204bdd739eca934863-150x150.jpg 150w, https:\/\/havamall.vn\/wp-content\/uploads\/2022\/08\/4d7b9043694f8e204bdd739eca934863-700x700.jpg 700w, https:\/\/havamall.vn\/wp-content\/uploads\/2022\/08\/4d7b9043694f8e204bdd739eca934863-768x768.jpg 768w, https:\/\/havamall.vn\/wp-content\/uploads\/2022\/08\/4d7b9043694f8e204bdd739eca934863-600x600.jpg 600w, https:\/\/havamall.vn\/wp-content\/uploads\/2022\/08\/4d7b9043694f8e204bdd739eca934863-100x100.jpg 100w, https:\/\/havamall.vn\/wp-content\/uploads\/2022\/08\/4d7b9043694f8e204bdd739eca934863.jpg 1024w\" sizes=\"(max-width: 585px) 100vw, 585px\" \/><\/p>\n<p>\u25aa\ufe0f N\u1ea5u tr\u00e0 Cascara:<\/p>\n<p>\u2013 Cho \u0111\u01b0\u1eddng v\u00e0 cascara c\u00f9ng 1 thanh qu\u1ebf nh\u1ecf v\u00e0o n\u1ed3i \u0111un c\u00f9ng 400ml n\u01b0\u1edbc. L\u00fac n\u00e0y, \u0111\u01b0\u1eddng l\u00e0 ch\u1ea5t x\u00fac t\u00e1c gi\u00fap cho Cascara c\u00f3 v\u1ecb chua thanh c\u1ee7a n\u01b0\u1edbc t\u00e1o hay chanh cam. N\u00ean c\u00e1c b\u1ea1n 3 nguy\u00ean li\u1ec7u k\u1ec3 tr\u00ean v\u00e0o \u0111un c\u00f9ng 1 l\u00fac nh\u00e9<\/p>\n<p>\u2013 \u0110un \u0111\u1ebfn khi n\u01b0\u1edbc tr\u00e0 s\u00f4i, nh\u1ecf l\u1eeda nh\u1eb9 cho s\u00f4i th\u00eam kho\u1ea3ng 3 ph\u00fat<\/p>\n<p>\u2013 Th\u1ea3 hoa h\u1ed3ng kh\u00f4 ho\u1eb7c c\u00e1nh hoa h\u1ed3ng t\u01b0\u01a1i v\u00e0o n\u1ed3i, \u0111un ti\u1ebfp trong 1 ph\u00fat<\/p>\n<p>\u2013 R\u00f3t ra c\u1ed1c, cho th\u00eam m\u1eadt ong, u\u1ed1ng n\u00f3ng ho\u1eb7c \u0111\u1ec3 ngu\u1ed9i th\u00eam \u0111\u00e1 \u0111\u1ec3 th\u01b0\u1edfng th\u1ee9c h\u01b0\u01a1ng v\u1ecb m\u00e1t l\u1ea1nh c\u1ee7a tr\u00e0<\/p>\n<p>B\u1ea1n \u0111\u1eebng \u0111\u1ed5 v\u1ecf Cascara \u0111i v\u1ed9i!H\u00e3y cho th\u00eam 400ml n\u01b0\u1edbc v\u00e0o v\u00e0 ti\u1ebfp t\u1ee5c l\u1eb7p l\u1ea1i t\u1eeb b\u01b0\u1edbc 1 \u0111\u1ec3 c\u00f3 th\u00eam n\u01b0\u1edbc tr\u00e0 th\u1ee9 2 v\u1eabn ngon kh\u00f4ng k\u00e9m l\u1ea7n th\u1ee9 nh\u1ea5t<\/p>\n<p><img loading=\"lazy\" decoding=\"async\" class=\"wp-image-25491 aligncenter\" src=\"https:\/\/havamall.vn\/wp-content\/uploads\/2022\/02\/80464095-300x300.png\" alt=\"\" width=\"579\" height=\"579\" srcset=\"https:\/\/havamall.vn\/wp-content\/uploads\/2022\/02\/80464095-300x300.png 300w, https:\/\/havamall.vn\/wp-content\/uploads\/2022\/02\/80464095-430x430.png 430w, https:\/\/havamall.vn\/wp-content\/uploads\/2022\/02\/80464095-150x150.png 150w, https:\/\/havamall.vn\/wp-content\/uploads\/2022\/02\/80464095-700x700.png 700w, https:\/\/havamall.vn\/wp-content\/uploads\/2022\/02\/80464095-768x768.png 768w, https:\/\/havamall.vn\/wp-content\/uploads\/2022\/02\/80464095-600x600.png 600w, https:\/\/havamall.vn\/wp-content\/uploads\/2022\/02\/80464095-100x100.png 100w, https:\/\/havamall.vn\/wp-content\/uploads\/2022\/02\/80464095.png 900w\" sizes=\"(max-width: 579px) 100vw, 579px\" \/><\/p>\n<p>\u25aa\ufe0f C\u00e1ch th\u1ee9 3 pha tr\u00e0 v\u1edbi n\u01b0\u1edbc n\u00f3ng:<\/p>\n<p>\u2013 B\u1ecf 20gr Cascara v\u00e0o b\u00ecnh \u1ee7 c\u00f3 n\u1eafp, ti\u1ebfp theo cho 600ml n\u01b0\u1edbc v\u00e0o \u1ee7 kho\u1ea3ng 3 ph\u00fat<\/p>\n<p>\u2013 L\u1ecdc b\u1ecf v\u1ecf cascara sau \u0111\u00f3 cho v\u00e0o b\u00ecnh \u0111\u1ef1ng. Th\u00eam l\u00e1t chanh v\u00e0ng, d\u00e2u t\u00e2y v\u00e0 m\u1ed9t ch\u00fat m\u1eadt ong v\u00e0o. Khu\u1ea5y \u0111\u1ec1u cho c\u00e1c h\u01b0\u01a1ng v\u1ecb h\u00f2a quy\u1ec7n c\u00f9ng nhau (Ngon h\u01a1n khi s\u1eed d\u1ee5ng c\u00f9ng \u0111\u00e1)<\/p>\n<h3><strong>C\u00e1ch b\u1ea3o qu\u1ea3n:<\/strong><\/h3>\n<p>\u2013 \u0110\u1ec3 n\u01a1i kh\u00f4 r\u00e1o tho\u00e1ng m\u00e1t<\/p>\n<p>\u2013 N\u00ean d\u00f9ng h\u1ebft m\u1ed9t tu\u1ea7n sau khi m\u1edf t\u00fai<\/p>\n<p>\u2013 Kh\u00f4ng d\u00f9ng s\u1ea3n ph\u1ea9m khi c\u00f3 m\u00f9i l\u1ea1<\/p>\n<p>S\u1ea3n ph\u1ea9m hi\u1ec7n \u0111\u00e3 c\u00f3 m\u1eb7t t\u1ea1i Havamall.<\/p>","protected":false},"excerpt":{"rendered":"<p>Tr\u00e0 Coffee Cherry Cascara l\u00e0 m\u1ed9t lo\u1ea1i tr\u00e0 \u0111\u01b0\u1ee3c l\u00e0m t\u1eeb v\u1ecf qu\u1ea3 c\u00e0 ph\u00ea \u0111\u01b0\u1ee3c s\u1ea5y kh\u00f4, HandMade, r\u1ea5t<\/p>","protected":false},"featured_media":28412,"comment_status":"open","ping_status":"closed","template":"","meta":[],"product_brand":[],"product_cat":[36,135],"product_tag":[],"class_list":{"0":"post-28413","1":"product","2":"type-product","3":"status-publish","4":"has-post-thumbnail","6":"product_cat-thuc-pham-tieu-dung","7":"product_cat-sua-do-uong","8":"pa_brand-skx","10":"first","11":"instock","12":"sale","13":"shipping-taxable","14":"purchasable","15":"product-type-simple"},"_links":{"self":[{"href":"https:\/\/havamall.vn\/en\/wp-json\/wp\/v2\/product\/28413"}],"collection":[{"href":"https:\/\/havamall.vn\/en\/wp-json\/wp\/v2\/product"}],"about":[{"href":"https:\/\/havamall.vn\/en\/wp-json\/wp\/v2\/types\/product"}],"replies":[{"embeddable":true,"href":"https:\/\/havamall.vn\/en\/wp-json\/wp\/v2\/comments?post=28413"}],"version-history":[{"count":0,"href":"https:\/\/havamall.vn\/en\/wp-json\/wp\/v2\/product\/28413\/revisions"}],"wp:featuredmedia":[{"embeddable":true,"href":"https:\/\/havamall.vn\/en\/wp-json\/wp\/v2\/media\/28412"}],"wp:attachment":[{"href":"https:\/\/havamall.vn\/en\/wp-json\/wp\/v2\/media?parent=28413"}],"wp:term":[{"taxonomy":"product_brand","embeddable":true,"href":"https:\/\/havamall.vn\/en\/wp-json\/wp\/v2\/product_brand?post=28413"},{"taxonomy":"product_cat","embeddable":true,"href":"https:\/\/havamall.vn\/en\/wp-json\/wp\/v2\/product_cat?post=28413"},{"taxonomy":"product_tag","embeddable":true,"href":"https:\/\/havamall.vn\/en\/wp-json\/wp\/v2\/product_tag?post=28413"}],"curies":[{"name":"wp","href":"https:\/\/api.w.org\/{rel}","templated":true}]}}