{"id":28405,"date":"2022-08-10T10:15:15","date_gmt":"2022-08-10T03:15:15","guid":{"rendered":"https:\/\/havamall.vn\/?post_type=product&#038;p=28405"},"modified":"2022-08-10T10:15:15","modified_gmt":"2022-08-10T03:15:15","slug":"xot-salad-caesar-golden-farm-goi-15ml","status":"publish","type":"product","link":"https:\/\/havamall.vn\/en\/shop\/xot-salad-caesar-golden-farm-goi-15ml\/","title":{"rendered":"X\u1ed1t Salad Caesar Golden Farm G\u00f3i 15ml"},"content":{"rendered":"<p>S\u1ed1t salad caesar Golden Farm\u00a0l\u00e0\u00a0<a>gia v\u1ecb<\/a>\u00a0kh\u00f4ng th\u1ec3 thi\u1ebfu trong m\u00f3n rau tr\u1ed9n y\u00eau th\u00edch c\u1ee7a b\u1ea1n, \u0111\u01b0\u1ee3c l\u00e0m\u00a0ho\u00e0n to\u00e0n t\u1eeb b\u1ed9t tr\u1ee9ng, gi\u1ea5m v\u00e0 d\u1ea7u n\u00e0nh\u00a0t\u1ef1 nhi\u00ean. Nh\u1edd \u0111\u00f3, s\u1ea3n ph\u1ea9m s\u1ebd\u00a0mang \u0111\u1ebfn cho m\u00f3n salad c\u1ee7a b\u1ea1n h\u01b0\u01a1ng v\u1ecb h\u1ea5p d\u1eabn v\u00e0 kho\u00e1i kh\u1ea9u.<\/p>\n<p><img fetchpriority=\"high\" decoding=\"async\" class=\"wp-image-24597 aligncenter\" src=\"https:\/\/havamall.vn\/wp-content\/uploads\/2019\/05\/242922753_295-300x300.png\" alt=\"\" width=\"772\" height=\"773\" srcset=\"https:\/\/havamall.vn\/wp-content\/uploads\/2019\/05\/242922753_295-300x300.png 300w, https:\/\/havamall.vn\/wp-content\/uploads\/2019\/05\/242922753_295-430x430.png 430w, https:\/\/havamall.vn\/wp-content\/uploads\/2019\/05\/242922753_295-150x150.png 150w, https:\/\/havamall.vn\/wp-content\/uploads\/2019\/05\/242922753_295-700x700.png 700w, https:\/\/havamall.vn\/wp-content\/uploads\/2019\/05\/242922753_295-768x768.png 768w, https:\/\/havamall.vn\/wp-content\/uploads\/2019\/05\/242922753_295-1024x1024.png 1024w, https:\/\/havamall.vn\/wp-content\/uploads\/2019\/05\/242922753_295-1200x1200.png 1200w, https:\/\/havamall.vn\/wp-content\/uploads\/2019\/05\/242922753_295-600x600.png 600w, https:\/\/havamall.vn\/wp-content\/uploads\/2019\/05\/242922753_295-100x100.png 100w, https:\/\/havamall.vn\/wp-content\/uploads\/2019\/05\/242922753_295.png 2048w\" sizes=\"(max-width: 772px) 100vw, 772px\" \/><\/p>\n<p>Ngo\u00e0i ra, s\u1ea3n ph\u1ea9m c\u00f2n c\u00f3 th\u1ec3 d\u00f9ng l\u00e0m\u00a0<a>t\u01b0\u01a1ng ch\u1ea5m<\/a>\u00a0cho c\u00e1c m\u00f3n chi\u00ean, n\u01b0\u1edbng r\u1ea5t ngon mi\u1ec7ng.\u00a0<a>S\u1ed1t<\/a>\u00a0\u0111\u01b0\u1ee3c s\u1ea3n xu\u1ea5t theo c\u00f4ng ngh\u1ec7 hi\u1ec7n \u0111\u1ea1i c\u1ee7a M\u1ef9, \u0111\u1ea3m b\u1ea3o an to\u00e0n v\u1ec1 ch\u1ea5t l\u01b0\u1ee3ng, s\u1ebd l\u00e0m phong ph\u00fa b\u1eefa \u0103n h\u00e0ng ng\u00e0y c\u1ee7a gia \u0111\u00ecnh b\u1ea1n.<\/p>\n<p><img decoding=\"async\" class=\"wp-image-24598 aligncenter\" src=\"https:\/\/havamall.vn\/wp-content\/uploads\/2019\/05\/242775021_-300x300.png\" alt=\"\" width=\"771\" height=\"771\" srcset=\"https:\/\/havamall.vn\/wp-content\/uploads\/2019\/05\/242775021_-300x300.png 300w, https:\/\/havamall.vn\/wp-content\/uploads\/2019\/05\/242775021_-430x430.png 430w, https:\/\/havamall.vn\/wp-content\/uploads\/2019\/05\/242775021_-150x150.png 150w, https:\/\/havamall.vn\/wp-content\/uploads\/2019\/05\/242775021_-700x700.png 700w, https:\/\/havamall.vn\/wp-content\/uploads\/2019\/05\/242775021_-768x768.png 768w, https:\/\/havamall.vn\/wp-content\/uploads\/2019\/05\/242775021_-1024x1024.png 1024w, https:\/\/havamall.vn\/wp-content\/uploads\/2019\/05\/242775021_-1200x1199.png 1200w, https:\/\/havamall.vn\/wp-content\/uploads\/2019\/05\/242775021_-600x600.png 600w, https:\/\/havamall.vn\/wp-content\/uploads\/2019\/05\/242775021_-100x100.png 100w, https:\/\/havamall.vn\/wp-content\/uploads\/2019\/05\/242775021_.png 2048w\" sizes=\"(max-width: 771px) 100vw, 771px\" \/><\/p>\n<p>S\u1ed1t salad caesar Golden Farm\u00a0\u0111\u01b0\u1ee3c \u0111\u00f3ng chai ti\u1ec7n d\u1ee5ng cho b\u1ea1n s\u1eed d\u1ee5ng c\u0169ng nh\u01b0 b\u1ea3o qu\u1ea3n, v\u1ecf\u00a0\u0111\u1ef1ng s\u1ea3n ph\u1ea9m l\u00e0m t\u1eeb nguy\u00ean li\u1ec7u s\u1ea1ch, kh\u00f4ng l\u1eabn t\u1ea1p ch\u1ea5t h\u00f3a h\u1ecdc \u0111\u1ed9c h\u1ea1i.<\/p>\n<p><img decoding=\"async\" class=\"wp-image-10867 aligncenter\" src=\"https:\/\/havamall.vn\/wp-content\/uploads\/2019\/05\/s%E1%BB%91t-salad.jpg\" alt=\"\" width=\"771\" height=\"514\" \/><\/p>","protected":false},"excerpt":{"rendered":"<p>S\u1ed1t salad caesar Golden Farm\u00a0l\u00e0\u00a0gia v\u1ecb\u00a0kh\u00f4ng th\u1ec3 thi\u1ebfu trong m\u00f3n rau tr\u1ed9n y\u00eau th\u00edch c\u1ee7a b\u1ea1n, \u0111\u01b0\u1ee3c l\u00e0m\u00a0ho\u00e0n to\u00e0n t\u1eeb<\/p>","protected":false},"featured_media":28406,"comment_status":"open","ping_status":"closed","template":"","meta":[],"product_brand":[],"product_cat":[36],"product_tag":[],"class_list":{"0":"post-28405","1":"product","2":"type-product","3":"status-publish","4":"has-post-thumbnail","6":"product_cat-thuc-pham-tieu-dung","7":"pa_brand-golden-farm","9":"first","10":"instock","11":"sale","12":"shipping-taxable","13":"purchasable","14":"product-type-simple"},"_links":{"self":[{"href":"https:\/\/havamall.vn\/en\/wp-json\/wp\/v2\/product\/28405"}],"collection":[{"href":"https:\/\/havamall.vn\/en\/wp-json\/wp\/v2\/product"}],"about":[{"href":"https:\/\/havamall.vn\/en\/wp-json\/wp\/v2\/types\/product"}],"replies":[{"embeddable":true,"href":"https:\/\/havamall.vn\/en\/wp-json\/wp\/v2\/comments?post=28405"}],"version-history":[{"count":0,"href":"https:\/\/havamall.vn\/en\/wp-json\/wp\/v2\/product\/28405\/revisions"}],"wp:featuredmedia":[{"embeddable":true,"href":"https:\/\/havamall.vn\/en\/wp-json\/wp\/v2\/media\/28406"}],"wp:attachment":[{"href":"https:\/\/havamall.vn\/en\/wp-json\/wp\/v2\/media?parent=28405"}],"wp:term":[{"taxonomy":"product_brand","embeddable":true,"href":"https:\/\/havamall.vn\/en\/wp-json\/wp\/v2\/product_brand?post=28405"},{"taxonomy":"product_cat","embeddable":true,"href":"https:\/\/havamall.vn\/en\/wp-json\/wp\/v2\/product_cat?post=28405"},{"taxonomy":"product_tag","embeddable":true,"href":"https:\/\/havamall.vn\/en\/wp-json\/wp\/v2\/product_tag?post=28405"}],"curies":[{"name":"wp","href":"https:\/\/api.w.org\/{rel}","templated":true}]}}