{"id":28397,"date":"2022-08-10T09:39:28","date_gmt":"2022-08-10T02:39:28","guid":{"rendered":"https:\/\/havamall.vn\/?post_type=product&#038;p=28397"},"modified":"2022-08-10T10:12:31","modified_gmt":"2022-08-10T03:12:31","slug":"combo-2-goi-xot-salad-me-rang-golden-farm-15ml","status":"publish","type":"product","link":"https:\/\/havamall.vn\/en\/shop\/combo-2-goi-xot-salad-me-rang-golden-farm-15ml\/","title":{"rendered":"X\u1ed1t Salad M\u00e8 Rang Golden Farm 15ml"},"content":{"rendered":"<p>N\u01b0\u1edbc S\u1ed1t M\u00e8 Rang l\u00e0 lo\u1ea1i s\u1ed1t \u0111\u1eb7c bi\u1ec7t c\u00f3 h\u01b0\u01a1ng v\u1ecb \u0111\u1eadm \u0111\u00e0, th\u01a1m l\u1eebng, \u0111\u1eb7c tr\u01b0ng c\u1ee7a m\u00e8 rang. V\u1edbi h\u01b0\u01a1ng v\u1ecb nh\u1eb9 nh\u00e0ng v\u00e0 d\u1ea1ng kem h\u1ea5p d\u1eabn, lo\u1ea1i s\u1ed1t n\u00e0y kh\u00f4ng ch\u1ec9 l\u00e0 s\u1ef1 k\u1ebft h\u1ee3p ho\u00e0n h\u1ea3o cho c\u00e1c m\u00f3n salad m\u00e0 c\u00f2n l\u00e0 n\u01b0\u1edbc ch\u1ea5m tuy\u1ec7t v\u1eddi cho m\u00f3n g\u1ecfi cu\u1ed1n v\u00e0 th\u1ecbt lu\u1ed9c.<\/p>\n<p><img fetchpriority=\"high\" decoding=\"async\" class=\"aligncenter\" src=\"https:\/\/scontent.fsgn19-1.fna.fbcdn.net\/v\/t39.30808-6\/274234139_3057222814518073_4748950253562689575_n.jpg?_nc_cat=111&amp;ccb=1-7&amp;_nc_sid=730e14&amp;_nc_ohc=Pb1VKFITxBkAX_BDF7i&amp;tn=2G7IXjYxOWie5_L-&amp;_nc_ht=scontent.fsgn19-1.fna&amp;oh=00_AT-lV1SgrdiS76D5E3plLyiHTwKc5DxS0Ctt9HvfJitYSQ&amp;oe=62F8FB01\" alt=\"C\u00f3 th\u1ec3 l\u00e0 h\u00ecnh \u1ea3nh v\u1ec1 th\u1ef1c ph\u1ea9m, trong nh\u00e0 v\u00e0 v\u0103n b\u1ea3n cho bi\u1ebft 'GOLDEN FARM l\u1ee3i TH\u1ef0C \u0110\u01a0N GI\u1ea2I NG\u00c1N T\u1ee8C TH\u00cc CHO GIA \u0110\u00ccNH \u1ebe c\u00f4ng t\u1eafc healthy healthy H B\u1eadt'\" width=\"573\" height=\"862\" \/><\/p>\n<p>S\u1ea3n ph\u1ea9m \u0111\u01b0\u1ee3c l\u00e0m t\u1eeb ngu\u1ed3n nguy\u00ean li\u1ec7u s\u1ea1ch v\u00e0 an to\u00e0n, \u0111\u00e3 qua qu\u00e1 tr\u00ecnh ki\u1ec3m duy\u1ec7t k\u1ef9 l\u01b0\u1ee1ng. S\u1ed1t ho\u00e0n to\u00e0n kh\u00f4ng ch\u1ee9a ch\u1ea5t b\u1ea3o qu\u1ea3n hay ch\u1ea5t t\u1ea1o m\u00e0u g\u00e2y h\u1ea1i cho ng\u01b0\u1eddi d\u00f9ng. N\u01b0\u1edbc s\u1ed1t \u0111\u01b0\u1ee3c ch\u1ebf bi\u1ebfn tr\u00ean d\u00e2y chuy\u1ec1n c\u00f4ng ngh\u1ec7 hi\u1ec7n \u0111\u1ea1i, h\u1ee3p v\u1ec7 sinh. Quy tr\u00ecnh ch\u1ebf bi\u1ebfn \u0111\u01b0\u1ee3c s\u1ef1 gi\u00e1m s\u00e1t c\u1ee7a c\u00e1c chuy\u00ean gia uy t\u00edn \u0111\u1ec3 \u0111\u1ea3m b\u1ea3o \u0111\u01b0\u1ee3c ch\u1ea5t l\u01b0\u1ee3ng v\u00e0 \u0111\u1ed9 v\u1ec7 sinh an to\u00e0n c\u1ee7a s\u1ea3n ph\u1ea9m.<\/p>\n<p><img decoding=\"async\" class=\"aligncenter\" src=\"https:\/\/scontent.fsgn19-1.fna.fbcdn.net\/v\/t39.30808-6\/240824396_2932119103695112_5536544612164800413_n.jpg?_nc_cat=106&amp;ccb=1-7&amp;_nc_sid=730e14&amp;_nc_ohc=O8EIV3AgpCkAX_GHyQu&amp;_nc_ht=scontent.fsgn19-1.fna&amp;oh=00_AT9pY_I0mUKtV_-o0493OdE0XuIM5UVn5FG4IKLR5ZxYVg&amp;oe=62F81DE2\" alt=\"C\u00f3 th\u1ec3 l\u00e0 h\u00ecnh \u1ea3nh v\u1ec1 th\u1ef1c ph\u1ea9m, trong nh\u00e0 v\u00e0 v\u0103n b\u1ea3n\" width=\"572\" height=\"287\" \/><\/p>\n<p>N\u01b0\u1edbc ch\u1ea5m m\u00e8 rang Golden Farm c\u00f3 h\u01b0\u01a1ng v\u1ecb \u0111\u1eb7c tr\u01b0ng\u00a0\u0111\u1ebfn t\u1eeb s\u1ef1 k\u1ebft h\u1ee3p h\u00e0i h\u00f2a gi\u1eefa c\u00e1c lo\u1ea1i gia v\u1ecb, s\u1ea3n ph\u1ea9m l\u00e0\u00a0n\u01b0\u1edbc ch\u1ea5m kh\u00f4ng th\u1ec3 thi\u1ebfu cho c\u00e1c m\u00f3n g\u00e0 chi\u00ean gi\u00f2n, g\u00e0 h\u1ea5p v\u00e0 c\u00e1c m\u00f3n g\u1ecfi tr\u1ed9n, salad\u2026\u00a0S\u1ea3n ph\u1ea9m \u0111\u01b0\u1ee3c l\u00e0m t\u1eeb ngu\u1ed3n nguy\u00ean li\u1ec7u s\u1ea1ch v\u00e0 an to\u00e0n, \u0111\u00e3 qua qu\u00e1 tr\u00ecnh ki\u1ec3m duy\u1ec7t k\u1ef9 l\u01b0\u1ee1ng \u0111\u1ea3m b\u1ea3o v\u1ec7 sinh an to\u00e0n th\u1ef1c ph\u1ea9m.<\/p>\n<p><img decoding=\"async\" class=\"aligncenter\" src=\"https:\/\/scontent.fsgn19-1.fna.fbcdn.net\/v\/t39.30808-6\/219222520_2905053579734998_5249530953365603367_n.jpg?_nc_cat=108&amp;ccb=1-7&amp;_nc_sid=730e14&amp;_nc_ohc=aw_bdiBhoyAAX_8h4by&amp;_nc_ht=scontent.fsgn19-1.fna&amp;oh=00_AT9vwjBVRDvH_0YXghOckmYwZ3zf_2MUE9uSNwJIH3nMeA&amp;oe=62F79C80\" alt=\"C\u00f3 th\u1ec3 l\u00e0 h\u00ecnh \u1ea3nh v\u1ec1 th\u1ef1c ph\u1ea9m v\u00e0 v\u0103n b\u1ea3n\" width=\"574\" height=\"574\" \/><\/p>\n<p>\u0110\u01b0\u1ee3c s\u1ea3n xu\u1ea5t theo m\u1ed9t quy tr\u00ecnh \u0111\u1eb7c bi\u1ec7t t\u1eeb l\u00fac m\u00e8 v\u1eeba \u0111\u01b0\u1ee3c rang n\u00f3ng, n\u01b0\u1edbc x\u1ed1t m\u00e8 rang\u00a0Golden Farm gi\u1eef \u0111\u01b0\u1ee3c v\u1ecb \u0111\u1eb7c bi\u1ec7t th\u01a1m ngon tr\u1ecdn v\u1eb9n. Nh\u1edd v\u00e0o h\u01b0\u01a1ng v\u1ecb th\u01a1m l\u1eebng v\u00e0 c\u00f3 kh\u1ea3 n\u0103ng k\u1ebft h\u1ee3p v\u1edbi nhi\u1ec1u lo\u1ea1i m\u00f3n \u0103n kh\u00e1c nhau.<\/p>\n<p>N\u01b0\u1edbc ch\u1ea5m m\u00e8 rang Golden Farm g\u00f3i nh\u1ecf 15ml \u0111\u01b0\u1ee3c \u0111\u00f3ng g\u00f3i nh\u1ecf g\u1ecdn, ti\u1ec7n l\u1ee3i cho b\u1ea1n s\u1eed d\u1ee5ng c\u0169ng nh\u01b0 b\u1ea3o qu\u1ea3n.\u00a0S\u1ea3n ph\u1ea9m do Havamall ph\u00e2n ph\u1ed1i lu\u00f4n mang \u0111\u1ebfn ch\u1ea5t l\u01b0\u1ee3ng\u00a0t\u1ed1t nh\u1ea5t cho ng\u01b0\u1eddi ti\u00eau d\u00f9ng.<\/p>\n<p><img loading=\"lazy\" decoding=\"async\" class=\"aligncenter\" src=\"https:\/\/scontent.fsgn19-1.fna.fbcdn.net\/v\/t1.6435-9\/118079822_2654980808075611_5785567631869313209_n.jpg?_nc_cat=109&amp;ccb=1-7&amp;_nc_sid=730e14&amp;_nc_ohc=Zs_NtkgxpQIAX-MGwZT&amp;_nc_ht=scontent.fsgn19-1.fna&amp;oh=00_AT8WqJGkHhRzuWiDFd0xGNt8RG7iyEmRXZN-8ZaGib38kQ&amp;oe=6319223A\" alt=\"Kh\u00f4ng c\u00f3 m\u00f4 t\u1ea3 \u1ea3nh.\" width=\"567\" height=\"378\" \/><\/p>\n<h3><strong>\u0110\u0103\u0323c \u0111i\u00ea\u0309m n\u00f4\u0309i b\u00e2\u0323t:<\/strong><\/h3>\n<p>\u2013 S\u1ea3n ph\u1ea9m \u0111\u01b0\u1ee3c l\u00e0m t\u1eeb c\u00e1c nguy\u00ean li\u1ec7u ch\u1ecdn l\u1ecdc t\u1ef1 nhi\u00ean k\u1ef9 c\u00e0ng v\u00e0 ch\u1ea5t l\u01b0\u1ee3ng.<\/p>\n<p>\u2013 D\u00e2y chuy\u1ec1n sa\u0309n xu\u00e2\u0301t hi\u1ec7n \u0111\u1ea1i v\u00e0 kh\u00e9p k\u00edn n\u00ean gi\u01b0\u0303 nguy\u00ean d\u01b0\u1ee1ng ch\u1ea5t t\u1eeb c\u00e1c th\u00e0nh ph\u1ea7n t\u1ef1 nhi\u00ean.<\/p>\n<p>S\u1ea3n ph\u1ea9m hi\u1ec7n \u0111\u00e3 c\u00f3 m\u1eb7t t\u1ea1i Havamall.<\/p>","protected":false},"excerpt":{"rendered":"<p>N\u01b0\u1edbc S\u1ed1t M\u00e8 Rang l\u00e0 lo\u1ea1i s\u1ed1t \u0111\u1eb7c bi\u1ec7t c\u00f3 h\u01b0\u01a1ng v\u1ecb \u0111\u1eadm \u0111\u00e0, th\u01a1m l\u1eebng, \u0111\u1eb7c tr\u01b0ng c\u1ee7a m\u00e8<\/p>","protected":false},"featured_media":28404,"comment_status":"open","ping_status":"closed","template":"","meta":[],"product_brand":[],"product_cat":[36],"product_tag":[],"class_list":{"0":"post-28397","1":"product","2":"type-product","3":"status-publish","4":"has-post-thumbnail","6":"product_cat-thuc-pham-tieu-dung","7":"pa_brand-golden-farm","9":"first","10":"instock","11":"sale","12":"shipping-taxable","13":"purchasable","14":"product-type-simple"},"_links":{"self":[{"href":"https:\/\/havamall.vn\/en\/wp-json\/wp\/v2\/product\/28397"}],"collection":[{"href":"https:\/\/havamall.vn\/en\/wp-json\/wp\/v2\/product"}],"about":[{"href":"https:\/\/havamall.vn\/en\/wp-json\/wp\/v2\/types\/product"}],"replies":[{"embeddable":true,"href":"https:\/\/havamall.vn\/en\/wp-json\/wp\/v2\/comments?post=28397"}],"version-history":[{"count":0,"href":"https:\/\/havamall.vn\/en\/wp-json\/wp\/v2\/product\/28397\/revisions"}],"wp:featuredmedia":[{"embeddable":true,"href":"https:\/\/havamall.vn\/en\/wp-json\/wp\/v2\/media\/28404"}],"wp:attachment":[{"href":"https:\/\/havamall.vn\/en\/wp-json\/wp\/v2\/media?parent=28397"}],"wp:term":[{"taxonomy":"product_brand","embeddable":true,"href":"https:\/\/havamall.vn\/en\/wp-json\/wp\/v2\/product_brand?post=28397"},{"taxonomy":"product_cat","embeddable":true,"href":"https:\/\/havamall.vn\/en\/wp-json\/wp\/v2\/product_cat?post=28397"},{"taxonomy":"product_tag","embeddable":true,"href":"https:\/\/havamall.vn\/en\/wp-json\/wp\/v2\/product_tag?post=28397"}],"curies":[{"name":"wp","href":"https:\/\/api.w.org\/{rel}","templated":true}]}}