{"id":28390,"date":"2022-08-09T15:12:31","date_gmt":"2022-08-09T08:12:31","guid":{"rendered":"https:\/\/havamall.vn\/?post_type=product&#038;p=28390"},"modified":"2023-06-13T16:18:50","modified_gmt":"2023-06-13T09:18:50","slug":"bo-matcha-golden-farm-170g-matcha-butter","status":"publish","type":"product","link":"https:\/\/havamall.vn\/en\/shop\/bo-matcha-golden-farm-170g-matcha-butter\/","title":{"rendered":"B\u01a1 Matcha Golden Farm 170g &#8211; Matcha Butter"},"content":{"rendered":"<h3><strong>Th\u00f4ng tin s\u1ea3n ph\u1ea9m<\/strong><\/h3>\n<table width=\"497\">\n<tbody>\n<tr>\n<td>Th\u01b0\u01a1ng hi\u1ec7u<\/td>\n<td>Golden Farm<\/td>\n<\/tr>\n<tr>\n<td>Xu\u1ea5t x\u1ee9<\/td>\n<td>Vi\u1ec7t Nam<\/td>\n<\/tr>\n<tr>\n<td>Th\u00e0nh ph\u1ea7n<\/td>\n<td>\u0110\u01b0\u1eddng m\u00eda, d\u1ea7u th\u1ef1c v\u1eadt, s\u1eefa b\u1ed9t \u00edt b\u00e9o, b\u1ed9t matcha<\/td>\n<\/tr>\n<tr>\n<td>H\u1ea1n s\u1eed d\u1ee5ng<\/td>\n<td>12 th\u00e1ng k\u1ec3 t\u1eeb ng\u00e0y s\u1ea3n xu\u1ea5t.<\/td>\n<\/tr>\n<tr>\n<td>B\u1ea3o qu\u1ea3n<\/td>\n<td>\u0110\u1ec3 n\u01a1i kh\u00f4 r\u00e1o, tho\u00e1ng m\u00e1t, tr\u00e1nh \u00e1nh n\u1eafng tr\u1ef1c ti\u1ebfp<\/td>\n<\/tr>\n<tr>\n<td>Kh\u1ed1i l\u01b0\u1ee3ng t\u1ecbnh<\/td>\n<td>170g<\/td>\n<\/tr>\n<\/tbody>\n<\/table>\n<p>B\u01a1 Matcha Golden Farm\u00a0n\u1ed5i b\u1eadt v\u1edbi h\u01b0\u01a1ng v\u1ecb t\u01b0\u01a1i m\u00e1t, th\u01a1m ngon, \u00a0ch\u1ea5t b\u01a1 s\u00e1nh m\u1ecbn ho\u00e0n h\u1ea3o, mang \u0111\u1ebfn cho gia \u0111\u00ecnh b\u1ea1n nh\u1eefng b\u1eefa \u0103n ngon, nhanh g\u1ecdn v\u00e0 \u0111\u1ee7 \u0111\u1ea7y dinh d\u01b0\u1ee1ng v\u00e0 t\u1ed1t cho s\u1ee9c kh\u1ecfe.<\/p>\n<p>V\u1edbi th\u00e0nh ph\u1ea7n b\u1ed9t matcha th\u01b0\u1ee3ng h\u1ea1ng, kh\u00f4ng \u0111\u01b0\u1eddng h\u00f3a h\u1ecdc,\u00a0B\u01a1 Matcha Golden Farm\u00a0l\u00e0 l\u1ef1a ch\u1ecdn ho\u00e0n h\u1ea3o \u0111\u1ec3 b\u1ea1n \u0111\u1ed5i v\u1ecb cho c\u00e1c m\u00f3n \u0103n quen thu\u1ed9c c\u1ee7a c\u1ea3 gia \u0111\u00ecnh.<\/p>\n<p><img fetchpriority=\"high\" decoding=\"async\" class=\"wp-image-28391 aligncenter\" src=\"https:\/\/havamall.vn\/wp-content\/uploads\/2022\/08\/295370833_3169218316651855_6034877053277468993_n-300x151.jpg\" alt=\"\" width=\"626\" height=\"315\" srcset=\"https:\/\/havamall.vn\/wp-content\/uploads\/2022\/08\/295370833_3169218316651855_6034877053277468993_n-300x151.jpg 300w, https:\/\/havamall.vn\/wp-content\/uploads\/2022\/08\/295370833_3169218316651855_6034877053277468993_n-430x216.jpg 430w, https:\/\/havamall.vn\/wp-content\/uploads\/2022\/08\/295370833_3169218316651855_6034877053277468993_n-150x75.jpg 150w, https:\/\/havamall.vn\/wp-content\/uploads\/2022\/08\/295370833_3169218316651855_6034877053277468993_n-700x352.jpg 700w, https:\/\/havamall.vn\/wp-content\/uploads\/2022\/08\/295370833_3169218316651855_6034877053277468993_n-768x386.jpg 768w, https:\/\/havamall.vn\/wp-content\/uploads\/2022\/08\/295370833_3169218316651855_6034877053277468993_n-1024x515.jpg 1024w, https:\/\/havamall.vn\/wp-content\/uploads\/2022\/08\/295370833_3169218316651855_6034877053277468993_n-1200x603.jpg 1200w, https:\/\/havamall.vn\/wp-content\/uploads\/2022\/08\/295370833_3169218316651855_6034877053277468993_n-600x301.jpg 600w, https:\/\/havamall.vn\/wp-content\/uploads\/2022\/08\/295370833_3169218316651855_6034877053277468993_n.jpg 2048w\" sizes=\"(max-width: 626px) 100vw, 626px\" \/><\/p>\n<p>S\u1ea3n ph\u1ea9m \u0111\u01b0\u1ee3c s\u1ea3n xu\u1ea5t tr\u00ean d\u00e2y chuy\u1ec1n kh\u00e9p k\u00edn v\u1edbi c\u00f4ng ngh\u1ec7 hi\u1ec7n \u0111\u1ea1i t\u1eeb Ch\u00e2u \u00c2u, nh\u00e0 m\u00e1y \u0111\u1ea1t ch\u1ee9ng nh\u1eadn Qu\u1ed1c T\u1ebf ISO 22000:2018, \u0111\u1ea3m b\u1ea3o mang \u0111\u1ebfn cho ng\u01b0\u1eddi ti\u00eau d\u00f9ng s\u1ea3n ph\u1ea9m ch\u1ea5t l\u01b0\u1ee3ng t\u1ed1t nh\u1ea5t.<\/p>\n<p><img decoding=\"async\" class=\"wp-image-28395 aligncenter\" src=\"https:\/\/havamall.vn\/wp-content\/uploads\/2022\/08\/Matcha-Mint-Sandwich-Cookies-sq-5-scaled-300x300.png\" alt=\"\" width=\"627\" height=\"627\" srcset=\"https:\/\/havamall.vn\/wp-content\/uploads\/2022\/08\/Matcha-Mint-Sandwich-Cookies-sq-5-scaled-300x300.png 300w, https:\/\/havamall.vn\/wp-content\/uploads\/2022\/08\/Matcha-Mint-Sandwich-Cookies-sq-5-scaled-430x430.png 430w, https:\/\/havamall.vn\/wp-content\/uploads\/2022\/08\/Matcha-Mint-Sandwich-Cookies-sq-5-scaled-150x150.png 150w, https:\/\/havamall.vn\/wp-content\/uploads\/2022\/08\/Matcha-Mint-Sandwich-Cookies-sq-5-scaled-700x700.png 700w, https:\/\/havamall.vn\/wp-content\/uploads\/2022\/08\/Matcha-Mint-Sandwich-Cookies-sq-5-scaled-768x768.png 768w, https:\/\/havamall.vn\/wp-content\/uploads\/2022\/08\/Matcha-Mint-Sandwich-Cookies-sq-5-scaled-1024x1024.png 1024w, https:\/\/havamall.vn\/wp-content\/uploads\/2022\/08\/Matcha-Mint-Sandwich-Cookies-sq-5-scaled-1200x1200.png 1200w, https:\/\/havamall.vn\/wp-content\/uploads\/2022\/08\/Matcha-Mint-Sandwich-Cookies-sq-5-scaled-600x600.png 600w, https:\/\/havamall.vn\/wp-content\/uploads\/2022\/08\/Matcha-Mint-Sandwich-Cookies-sq-5-scaled-100x100.png 100w, https:\/\/havamall.vn\/wp-content\/uploads\/2022\/08\/Matcha-Mint-Sandwich-Cookies-sq-5-scaled.png 2048w\" sizes=\"(max-width: 627px) 100vw, 627px\" \/><\/p>\n<p>S\u1ea3n ph\u1ea9m d\u1ea1ng h\u0169, c\u00f3 n\u1eafp \u0111\u1eady ti\u1ec7n d\u1ee5ng, d\u1ec5 b\u1ea3o qu\u1ea3n v\u00e0 d\u00f9ng \u0111\u01b0\u1ee3c l\u00e2u khi kh\u00f4ng s\u1eed d\u1ee5ng h\u1ebft.\u00a0S\u1ea3n ph\u1ea9m c\u00f3 v\u1ecb b\u00e9o ng\u1eady h\u00f2a v\u1edbi c\u00e1c lo\u1ea1i gia v\u1ecb t\u1ef1 nhi\u00ean kh\u00e1c t\u1ea1o n\u00ean h\u01b0\u01a1ng v\u1ecb \u0111\u1eb7c bi\u1ec7t th\u01a1m ngon, cung c\u1ea5p vitamin v\u00e0 c\u00e1c kho\u00e1ng ch\u1ea5t thi\u1ebft y\u1ebfu cho c\u01a1 th\u1ec3 v\u00e0 c\u00f3 th\u1ec3 d\u00f9ng cho ng\u01b0\u1eddi \u0103n ki\u00eang.<\/p>\n<p><img decoding=\"async\" class=\"wp-image-28392 aligncenter\" src=\"https:\/\/havamall.vn\/wp-content\/uploads\/2022\/08\/295265118_3169218283318525_3179621657761613023_n-300x300.jpg\" alt=\"\" width=\"608\" height=\"608\" srcset=\"https:\/\/havamall.vn\/wp-content\/uploads\/2022\/08\/295265118_3169218283318525_3179621657761613023_n-300x300.jpg 300w, https:\/\/havamall.vn\/wp-content\/uploads\/2022\/08\/295265118_3169218283318525_3179621657761613023_n-430x430.jpg 430w, https:\/\/havamall.vn\/wp-content\/uploads\/2022\/08\/295265118_3169218283318525_3179621657761613023_n-150x150.jpg 150w, https:\/\/havamall.vn\/wp-content\/uploads\/2022\/08\/295265118_3169218283318525_3179621657761613023_n-700x700.jpg 700w, https:\/\/havamall.vn\/wp-content\/uploads\/2022\/08\/295265118_3169218283318525_3179621657761613023_n-768x768.jpg 768w, https:\/\/havamall.vn\/wp-content\/uploads\/2022\/08\/295265118_3169218283318525_3179621657761613023_n-1024x1024.jpg 1024w, https:\/\/havamall.vn\/wp-content\/uploads\/2022\/08\/295265118_3169218283318525_3179621657761613023_n-1200x1200.jpg 1200w, https:\/\/havamall.vn\/wp-content\/uploads\/2022\/08\/295265118_3169218283318525_3179621657761613023_n-600x600.jpg 600w, https:\/\/havamall.vn\/wp-content\/uploads\/2022\/08\/295265118_3169218283318525_3179621657761613023_n-100x100.jpg 100w, https:\/\/havamall.vn\/wp-content\/uploads\/2022\/08\/295265118_3169218283318525_3179621657761613023_n.jpg 1876w\" sizes=\"(max-width: 608px) 100vw, 608px\" \/><\/p>\n<p>B\u01a1 matcha Golden Farm c\u00f3 th\u1ec3 d\u00f9ng v\u1edbi b\u00e1nh m\u00ec, l\u00e0m nh\u00e2n b\u00e1nh, l\u00e0m kem,&#8230;B\u1ea1n c\u0169ng c\u00f3 th\u1ec3 mang theo d\u1ec5 d\u00e0ng trong nh\u1eefng chuy\u1ebfn \u0111i ch\u01a1i, picnic \u0111\u1ec3 c\u00f9ng chia s\u1ebb v\u1edbi m\u1ecdi ng\u01b0\u1eddi hay d\u00e0nh l\u00e0m qu\u00e0 t\u1eb7ng cho b\u1ea1n b\u00e8, ng\u01b0\u1eddi th\u00e2n.<\/p>\n<h3><strong>\u0110\u1eb7c \u0111i\u1ec3m s\u1ea3n ph\u1ea9m:<\/strong><\/h3>\n<p>&gt; Kh\u00f4ng ch\u1ee9a h\u00f3a ch\u1ea5t, ch\u1ea5t b\u1ea3o qu\u1ea3n \u0111\u1ed9c h\u1ea1i<\/p>\n<p>&gt; \u0110\u1ea3m b\u1ea3o an to\u00e0n s\u1ee9c kh\u1ecfe ng\u01b0\u1eddi ti\u00eau d\u00f9ng<\/p>\n<p>&gt; \u0110\u01b0\u1ee3c s\u1ea3n xu\u1ea5t tr\u00ean d\u00e2y chuy\u1ec1n hi\u1ec7n \u0111\u1ea1i, an to\u00e0n<\/p>\n<p>S\u1ea3n ph\u1ea9m hi\u1ec7n \u0111\u00e3 c\u00f3 m\u1eb7t t\u1ea1i Havamall.<\/p>\n<p><img loading=\"lazy\" decoding=\"async\" class=\"wp-image-28393 aligncenter\" src=\"https:\/\/havamall.vn\/wp-content\/uploads\/2022\/08\/295055881_3169218266651860_1368217187021634081_n-300x300.jpg\" alt=\"\" width=\"616\" height=\"616\" srcset=\"https:\/\/havamall.vn\/wp-content\/uploads\/2022\/08\/295055881_3169218266651860_1368217187021634081_n-300x300.jpg 300w, https:\/\/havamall.vn\/wp-content\/uploads\/2022\/08\/295055881_3169218266651860_1368217187021634081_n-430x430.jpg 430w, https:\/\/havamall.vn\/wp-content\/uploads\/2022\/08\/295055881_3169218266651860_1368217187021634081_n-150x150.jpg 150w, https:\/\/havamall.vn\/wp-content\/uploads\/2022\/08\/295055881_3169218266651860_1368217187021634081_n-700x700.jpg 700w, https:\/\/havamall.vn\/wp-content\/uploads\/2022\/08\/295055881_3169218266651860_1368217187021634081_n-768x768.jpg 768w, https:\/\/havamall.vn\/wp-content\/uploads\/2022\/08\/295055881_3169218266651860_1368217187021634081_n-1024x1024.jpg 1024w, https:\/\/havamall.vn\/wp-content\/uploads\/2022\/08\/295055881_3169218266651860_1368217187021634081_n-1200x1200.jpg 1200w, https:\/\/havamall.vn\/wp-content\/uploads\/2022\/08\/295055881_3169218266651860_1368217187021634081_n-600x600.jpg 600w, https:\/\/havamall.vn\/wp-content\/uploads\/2022\/08\/295055881_3169218266651860_1368217187021634081_n-100x100.jpg 100w, https:\/\/havamall.vn\/wp-content\/uploads\/2022\/08\/295055881_3169218266651860_1368217187021634081_n.jpg 1876w\" sizes=\"(max-width: 616px) 100vw, 616px\" \/><\/p>","protected":false},"excerpt":{"rendered":"<p>Th\u00f4ng tin s\u1ea3n ph\u1ea9m Th\u01b0\u01a1ng hi\u1ec7u Golden Farm Xu\u1ea5t x\u1ee9 Vi\u1ec7t Nam Th\u00e0nh ph\u1ea7n \u0110\u01b0\u1eddng m\u00eda, d\u1ea7u th\u1ef1c v\u1eadt, s\u1eefa<\/p>","protected":false},"featured_media":28394,"comment_status":"open","ping_status":"closed","template":"","meta":[],"product_brand":[],"product_cat":[36],"product_tag":[],"class_list":{"0":"post-28390","1":"product","2":"type-product","3":"status-publish","4":"has-post-thumbnail","6":"product_cat-thuc-pham-tieu-dung","7":"pa_brand-golden-farm","9":"first","10":"instock","11":"sale","12":"shipping-taxable","13":"purchasable","14":"product-type-simple"},"_links":{"self":[{"href":"https:\/\/havamall.vn\/en\/wp-json\/wp\/v2\/product\/28390"}],"collection":[{"href":"https:\/\/havamall.vn\/en\/wp-json\/wp\/v2\/product"}],"about":[{"href":"https:\/\/havamall.vn\/en\/wp-json\/wp\/v2\/types\/product"}],"replies":[{"embeddable":true,"href":"https:\/\/havamall.vn\/en\/wp-json\/wp\/v2\/comments?post=28390"}],"version-history":[{"count":0,"href":"https:\/\/havamall.vn\/en\/wp-json\/wp\/v2\/product\/28390\/revisions"}],"wp:featuredmedia":[{"embeddable":true,"href":"https:\/\/havamall.vn\/en\/wp-json\/wp\/v2\/media\/28394"}],"wp:attachment":[{"href":"https:\/\/havamall.vn\/en\/wp-json\/wp\/v2\/media?parent=28390"}],"wp:term":[{"taxonomy":"product_brand","embeddable":true,"href":"https:\/\/havamall.vn\/en\/wp-json\/wp\/v2\/product_brand?post=28390"},{"taxonomy":"product_cat","embeddable":true,"href":"https:\/\/havamall.vn\/en\/wp-json\/wp\/v2\/product_cat?post=28390"},{"taxonomy":"product_tag","embeddable":true,"href":"https:\/\/havamall.vn\/en\/wp-json\/wp\/v2\/product_tag?post=28390"}],"curies":[{"name":"wp","href":"https:\/\/api.w.org\/{rel}","templated":true}]}}