{"id":28375,"date":"2022-08-09T11:01:58","date_gmt":"2022-08-09T04:01:58","guid":{"rendered":"https:\/\/havamall.vn\/?post_type=product&#038;p=28375"},"modified":"2022-08-09T11:01:59","modified_gmt":"2022-08-09T04:01:59","slug":"muong-muc-ca-phe-bang-thep-khong-gi-2-trong-1-co-kep-niem-phong-tui","status":"publish","type":"product","link":"https:\/\/havamall.vn\/en\/shop\/muong-muc-ca-phe-bang-thep-khong-gi-2-trong-1-co-kep-niem-phong-tui\/","title":{"rendered":"Mu\u1ed7ng M\u00fac C\u00e0 Ph\u00ea B\u1eb1ng Th\u00e9p Kh\u00f4ng G\u1ec9 2 Trong 1 C\u00f3 K\u1eb9p Ni\u00eam Phong T\u00fai"},"content":{"rendered":"<p>Th\u00eca \u0111ong c\u00e0 ph\u00ea k\u00e8m \u0111\u1ed3 k\u1eb9p t\u00fai, m\u1ed9t d\u1ee5ng c\u1ee5 nh\u1ecf nh\u01b0ng gi\u1ea3i quy\u1ebft v\u1ea5n \u0111\u1ec1 thi\u1ebfu ch\u00ednh x\u00e1c v\u00e0 t\u1ed1n th\u1eddi gian c\u1ee7a vi\u1ec7c \u01b0u\u1edbc ch\u1eebng l\u01b0\u1ee3ng c\u00e0 ph\u00ea, b\u1ed9t s\u1eefa, \u0111\u01b0\u1eddng trong l\u00fac pha ch\u1ebf.<\/p>\n<p>Th\u00edch h\u1ee3p v\u1edbi c\u00e1c qu\u00e1n c\u00e0 ph\u00ea, nh\u00e0 h\u00e0ng c\u1ea7n \u0111\u1ed9 ch\u00ednh x\u00e1c cao v\u00e0 nhanh ch\u00f3ng trong \u0111\u1ecbng l\u01b0\u1ee3ng c\u00e1c th\u00e0nh ph\u1ea7n pha ch\u1ebf. Chi\u1ebfc th\u00eca n\u00e0y ph\u00f9 h\u1ee3p \u0111\u1ec3 s\u1eed d\u1ee5ng v\u1edbi t\u1ea5t c\u1ea3 c\u00e1c lo\u1ea1i m\u00e1y pha c\u00e0 ph\u00ea v\u00e0 c\u00e0 ph\u00ea h\u00f2a tan.<\/p>\n<p><img fetchpriority=\"high\" decoding=\"async\" class=\"wp-image-28376 aligncenter\" src=\"https:\/\/havamall.vn\/wp-content\/uploads\/2022\/08\/Icafilas-cuchara-de-caf-de-acero-inoxidable-con-Clip-de-bolsa-herramienta-de-cocina-multifuncional-para-300x261.png\" alt=\"\" width=\"558\" height=\"485\" srcset=\"https:\/\/havamall.vn\/wp-content\/uploads\/2022\/08\/Icafilas-cuchara-de-caf-de-acero-inoxidable-con-Clip-de-bolsa-herramienta-de-cocina-multifuncional-para-300x261.png 300w, https:\/\/havamall.vn\/wp-content\/uploads\/2022\/08\/Icafilas-cuchara-de-caf-de-acero-inoxidable-con-Clip-de-bolsa-herramienta-de-cocina-multifuncional-para-430x375.png 430w, https:\/\/havamall.vn\/wp-content\/uploads\/2022\/08\/Icafilas-cuchara-de-caf-de-acero-inoxidable-con-Clip-de-bolsa-herramienta-de-cocina-multifuncional-para-150x131.png 150w, https:\/\/havamall.vn\/wp-content\/uploads\/2022\/08\/Icafilas-cuchara-de-caf-de-acero-inoxidable-con-Clip-de-bolsa-herramienta-de-cocina-multifuncional-para-700x610.png 700w, https:\/\/havamall.vn\/wp-content\/uploads\/2022\/08\/Icafilas-cuchara-de-caf-de-acero-inoxidable-con-Clip-de-bolsa-herramienta-de-cocina-multifuncional-para-768x669.png 768w, https:\/\/havamall.vn\/wp-content\/uploads\/2022\/08\/Icafilas-cuchara-de-caf-de-acero-inoxidable-con-Clip-de-bolsa-herramienta-de-cocina-multifuncional-para-600x523.png 600w, https:\/\/havamall.vn\/wp-content\/uploads\/2022\/08\/Icafilas-cuchara-de-caf-de-acero-inoxidable-con-Clip-de-bolsa-herramienta-de-cocina-multifuncional-para.png 1000w\" sizes=\"(max-width: 558px) 100vw, 558px\" \/><\/p>\n<p>S\u1ea3n ph\u1ea9m v\u1edbi k\u1eb9p t\u00fai t\u00edch h\u1ee3p, chi\u1ebfc th\u00eca n\u00e0y gi\u1eef cho c\u00e0 ph\u00ea t\u01b0\u01a1i ngon v\u00e0 c\u00f3 h\u01b0\u01a1ng v\u1ecb tuy\u1ec7t v\u1eddi b\u1eb1ng c\u00e1ch ni\u00eam phong t\u00fai sau khi s\u1eed d\u1ee5ng. C\u0169ng c\u00f3 th\u1ec3 \u0111\u01b0\u1ee3c s\u1eed d\u1ee5ng \u0111\u1ec3 \u0111o s\u1eefa b\u1ed9t v\u00e0 l\u00e1 tr\u00e0,&#8230;<\/p>\n<p id=\"tw-target-text\" class=\"tw-data-text tw-text-large tw-ta\" dir=\"ltr\"><span class=\"Y2IQFc\" lang=\"vi\">Chi\u1ebfc th\u00eca ch\u1ee9c n\u0103ng k\u00e9p n\u00e0y c\u00f3 th\u1ec3 \u0111\u01b0\u1ee3c s\u1eed d\u1ee5ng \u0111\u1ec3 \u0111ong c\u00e0 ph\u00ea m\u1ed7i khi b\u1ea1n l\u1ea5y c\u00e0 ph\u00ea v\u00e0 bu\u1ed9c ch\u1eb7t t\u00fai \u0111\u1ec3 \u0111\u1ea3m b\u1ea3o ch\u1ea5t l\u01b0\u1ee3ng c\u1ee7a c\u00e0 ph\u00ea sau khi m\u1edf g\u00f3i.<\/span><\/p>\n<p dir=\"ltr\"><img decoding=\"async\" class=\"wp-image-28377 aligncenter\" src=\"https:\/\/havamall.vn\/wp-content\/uploads\/2022\/08\/c7d759a8c15d4439b078d28adf6ac9ec-300x300.jpg\" alt=\"\" width=\"561\" height=\"561\" srcset=\"https:\/\/havamall.vn\/wp-content\/uploads\/2022\/08\/c7d759a8c15d4439b078d28adf6ac9ec-300x300.jpg 300w, https:\/\/havamall.vn\/wp-content\/uploads\/2022\/08\/c7d759a8c15d4439b078d28adf6ac9ec-430x430.jpg 430w, https:\/\/havamall.vn\/wp-content\/uploads\/2022\/08\/c7d759a8c15d4439b078d28adf6ac9ec-150x150.jpg 150w, https:\/\/havamall.vn\/wp-content\/uploads\/2022\/08\/c7d759a8c15d4439b078d28adf6ac9ec-700x700.jpg 700w, https:\/\/havamall.vn\/wp-content\/uploads\/2022\/08\/c7d759a8c15d4439b078d28adf6ac9ec-768x768.jpg 768w, https:\/\/havamall.vn\/wp-content\/uploads\/2022\/08\/c7d759a8c15d4439b078d28adf6ac9ec-600x600.jpg 600w, https:\/\/havamall.vn\/wp-content\/uploads\/2022\/08\/c7d759a8c15d4439b078d28adf6ac9ec-100x100.jpg 100w, https:\/\/havamall.vn\/wp-content\/uploads\/2022\/08\/c7d759a8c15d4439b078d28adf6ac9ec.jpg 800w\" sizes=\"(max-width: 561px) 100vw, 561px\" \/><\/p>\n<h3><strong>\u0110\u1eb7c \u0111i\u1ec3m n\u1ed5i b\u1eadt<\/strong><\/h3>\n<ul>\n<li>Ch\u1ea5t li\u1ec7u: Inox 304 cao c\u1ea5p ch\u1ed1ng g\u1ec9<\/li>\n<li>Thi\u1ebft k\u1ebf nh\u1ecf g\u1ecdn, ch\u1eafc ch\u1eafn<\/li>\n<li>D\u00f9ng \u0111\u1ec3 \u0111ong c\u00e0 ph\u00ea, c\u00e1c lo\u1ea1i h\u1ea1t v\u00e0 k\u1eb9p mi\u1ec7ng t\u00fai c\u00e0 ph\u00ea n\u1ebfu c\u1ea7n, m\u00fac c\u00e1c lo\u1ea1i tr\u00e1i c\u00e2y nh\u01b0 d\u01b0a h\u1ea5u, thanh long v\u00f4 c\u00f9ng ti\u1ec7n l\u1ee3i.<\/li>\n<li>Ph\u00f9 h\u1ee3p: \u0111ong c\u00e0 ph\u00ea \u0111\u00fang chu\u1ea9n v\u00e0 m\u00fac tr\u00e1i c\u00e2y<\/li>\n<\/ul>\n<p>S\u1ea3n ph\u1ea9m hi\u1ec7n \u0111\u00e3 c\u00f3 m\u1eb7t t\u1ea1i Havamall.<\/p>\n<p><img decoding=\"async\" class=\"aligncenter\" src=\"https:\/\/havamall.vn\/wp-content\/uploads\/2022\/08\/Hc6b5b8f9964047d5ac7ca2a106524ee3g.jpg\" alt='2 Trong 1 Th\u00eca C\u00e0 Ph\u00ea Ni\u00eam Phong K\u1eb9p Th\u00e9p Kh\u00f4ng G\u1ec9 C\u00e0 Ph\u00ea H\u1ea1t Espresso B\u1ed9t  Mu\u1ed7ng Cafe Ph\u1ee5 Ki\u1ec7n D\u1ee5ng C\u1ee5 Nh\u00e0 B\u1ebfp \u041b\u043e\u0436\u043a\u0430 \u0414\u043b\u044f \u043a\u043e\u0444\u0435 \/ Nh\u00e0 b\u1ebfp, \u0103n &amp; Bar' width=\"571\" height=\"571\" \/><\/p>","protected":false},"excerpt":{"rendered":"<p>Th\u00eca \u0111ong c\u00e0 ph\u00ea k\u00e8m \u0111\u1ed3 k\u1eb9p t\u00fai, m\u1ed9t d\u1ee5ng c\u1ee5 nh\u1ecf nh\u01b0ng gi\u1ea3i quy\u1ebft v\u1ea5n \u0111\u1ec1 thi\u1ebfu ch\u00ednh x\u00e1c<\/p>","protected":false},"featured_media":28378,"comment_status":"open","ping_status":"closed","template":"","meta":[],"product_brand":[],"product_cat":[393,35],"product_tag":[],"class_list":{"0":"post-28375","1":"product","2":"type-product","3":"status-publish","4":"has-post-thumbnail","6":"product_cat-bep-phong-an","7":"product_cat-nha-cua-doi-song","9":"first","10":"instock","11":"sale","12":"shipping-taxable","13":"purchasable","14":"product-type-simple"},"_links":{"self":[{"href":"https:\/\/havamall.vn\/en\/wp-json\/wp\/v2\/product\/28375"}],"collection":[{"href":"https:\/\/havamall.vn\/en\/wp-json\/wp\/v2\/product"}],"about":[{"href":"https:\/\/havamall.vn\/en\/wp-json\/wp\/v2\/types\/product"}],"replies":[{"embeddable":true,"href":"https:\/\/havamall.vn\/en\/wp-json\/wp\/v2\/comments?post=28375"}],"version-history":[{"count":0,"href":"https:\/\/havamall.vn\/en\/wp-json\/wp\/v2\/product\/28375\/revisions"}],"wp:featuredmedia":[{"embeddable":true,"href":"https:\/\/havamall.vn\/en\/wp-json\/wp\/v2\/media\/28378"}],"wp:attachment":[{"href":"https:\/\/havamall.vn\/en\/wp-json\/wp\/v2\/media?parent=28375"}],"wp:term":[{"taxonomy":"product_brand","embeddable":true,"href":"https:\/\/havamall.vn\/en\/wp-json\/wp\/v2\/product_brand?post=28375"},{"taxonomy":"product_cat","embeddable":true,"href":"https:\/\/havamall.vn\/en\/wp-json\/wp\/v2\/product_cat?post=28375"},{"taxonomy":"product_tag","embeddable":true,"href":"https:\/\/havamall.vn\/en\/wp-json\/wp\/v2\/product_tag?post=28375"}],"curies":[{"name":"wp","href":"https:\/\/api.w.org\/{rel}","templated":true}]}}