{"id":28329,"date":"2022-08-04T11:54:49","date_gmt":"2022-08-04T04:54:49","guid":{"rendered":"https:\/\/havamall.vn\/?post_type=product&#038;p=28329"},"modified":"2025-06-08T14:47:27","modified_gmt":"2025-06-08T07:47:27","slug":"ot-bot-paprika-noble-sweet-havafood-goi-100g","status":"publish","type":"product","link":"https:\/\/havamall.vn\/en\/shop\/ot-bot-paprika-noble-sweet-havafood-goi-100g\/","title":{"rendered":"\u1edat B\u1ed9t Paprika Noble Sweet Havafood G\u00f3i 100g"},"content":{"rendered":"<p class=\"title-head\">\u1edat B\u1ed9t Paprika Noble Sweet c\u00f3 m\u00e0u \u0111\u1ecf \u0111\u1eb7c tr\u01b0ng v\u00e0 \u0111\u1ed9 cay v\u1eeba ph\u1ea3i, thanh v\u1ecb ng\u1ecdt ng\u00e0o, m\u00e0u s\u1eafc \u1ed5n \u0111\u1ecbnh. S\u1ea3n ph\u1ea9m \u0111\u01b0\u1ee3c ch\u1ebf bi\u1ebfn b\u1eb1ng c\u00e1ch thu ho\u1ea1ch \u1edbt b\u1eb1ng tay sau \u0111\u00f3 ph\u01a1i kh\u00f4 t\u1ef1 nhi\u00ean ho\u1eb7c s\u1ea5y kh\u00f4 \u0111\u1ebfn khi \u0111\u1ed9 \u1ea9m c\u1ee7a \u1edbt \u0111\u1ea1t kh\u00f4ng qu\u00e1 14%. Cu\u1ed1i c\u00f9ng \u1edbt \u0111\u01b0\u1ee3c \u0111em \u0111i xay nhuy\u1ec5n th\u00e0nh d\u1ea1ng b\u1ed9t m\u1ecbn v\u00e0 \u0111\u00f3ng th\u00e0nh g\u00f3i v\u1edbi c\u00e1c kh\u1ed1i l\u01b0\u1ee3ng kh\u00e1c nhau.<\/p>\n<p><img fetchpriority=\"high\" decoding=\"async\" class=\"aligncenter\" src=\"https:\/\/havamall.com\/wp-content\/uploads\/2025\/06\/paprika-benefits-1296x728-feature.jpg\" alt=\"8 L\u1ee3i \u00edch, T\u00e1c d\u1ee5ng tuy\u1ec7t v\u1eddi c\u1ee7a \u1edbt b\u1ed9t Paprika! | BSTT\" width=\"543\" height=\"305\" \/><\/p>\n<p>\u1edat B\u1ed9t Paprika Noble Sweet l\u00e0 s\u1ea3n ph\u1ea9m an to\u00e0n v\u00ec kh\u00f4ng c\u00f3 ch\u1ee9a c\u00e1c ph\u1ee5 gia, ph\u1ea9m m\u00e0u c\u0169ng nh\u01b0 h\u00f3a ch\u1ea5t b\u1ea3o qu\u1ea3n. S\u1ea3n ph\u1ea9m c\u00f3 ch\u1ee9a nhi\u1ec1u lo\u1ea1i vitamin c\u0169ng nh\u01b0 c\u00e1c kho\u00e1ng ch\u1ea5t v\u00e0 ch\u1ea5t ch\u1ed1ng oxy h\u00f3a c\u00f3 kh\u1ea3 n\u0103ng ch\u1ed1ng ung th\u01b0, gi\u00fap x\u01b0\u01a1ng kh\u1edbp ch\u1eafc kh\u1ecfe, th\u1ea7n kinh \u1ed5n \u0111\u1ecbnh.<\/p>\n<p>\u1edat B\u1ed9t Paprika Noble Sweet l\u00e0 nguy\u00ean li\u1ec7u kh\u00f4ng th\u1ec3 thi\u1ebfu khi ch\u1ebf bi\u1ebfn c\u00e1c m\u00f3n \u0103n \u0111\u1eb7c tr\u01b0ng h\u01b0\u01a1ng v\u1ecb Hungary nh\u01b0 c\u00e1c m\u00f3n c\u01a1m, h\u1ea7m, s\u00fap, x\u00fac x\u00edch&#8230;.<\/p>\n<p><img decoding=\"async\" class=\"aligncenter\" src=\"https:\/\/havamall.com\/wp-content\/uploads\/2025\/06\/Canh-kim-chi-Han-Quoc.jpg\" alt=\"Top c\u00e1c m\u00f3n \u0103n n\u1ea5u v\u1edbi b\u1ed9t \u1edbt th\u01a1m ngon b\u1ed5 d\u01b0\u1ee1ng\" width=\"557\" height=\"371\" \/><\/p>\n<p>C\u00e1c \u0111\u1ea7u b\u1ebfp th\u01b0\u1eddng s\u1eed d\u1ee5ng b\u1ed9t \u1edbt paprika \u0111\u1ec3 t\u1ea1o ra m\u00e0u \u0111\u1ecf \u0111\u1eb9p m\u1eaft \u0111\u1eb7c tr\u01b0ng t\u0103ng\u00a0h\u01b0\u01a1ng v\u1ecb cay ng\u1ecdt\u00a0cho c\u00e1c m\u00f3n h\u1ea7m, canh v\u00e0 s\u00fap. Ngo\u00e0i ra, Paprika\u00a0c\u00f2n \u0111\u01b0\u1ee3c d\u00f9ng \u0111\u1ec3\u00a0\u01b0\u1edbp c\u00e1c lo\u1ea1i c\u00e1, th\u1ecbt tr\u01b0\u1edbc khi ch\u1ebf bi\u1ebfn, th\u1eadm ch\u00ed n\u1ebfu b\u1ea1n \u0111un lo\u1ea1i \u1edbt b\u1ed9t n\u00e0y ng\u1eadp d\u1ea7u tr\u00ean ch\u1ea3o s\u1ebd cho ra h\u1ed7n h\u1ee3p th\u01a1m ngon v\u00e0 v\u1ecb \u0111\u1eadm \u0111\u00e0.<\/p>\n<p><img decoding=\"async\" class=\"aligncenter\" src=\"https:\/\/havamall.com\/wp-content\/uploads\/2025\/06\/Budapest-GulyC3A1s.jpg\" alt=\"\u1edat B\u1ed9t Paprika Th\u01b0\u01a1ng Hi\u1ec7u Hava Foodies H\u1ee7 350g - Paprika Spicy - HavaMall - Si\u00eau Th\u1ecb H\u00e0ng Nh\u1eadp Kh\u1ea9u Uy T\u00edn\" width=\"562\" height=\"442\" \/><\/p>\n<h3><strong>L\u1ee3i \u00edch s\u1ee9c kh\u1ecfe:<\/strong><\/h3>\n<ul>\n<li>Cung c\u1ea5p l\u01b0\u1ee3ng vitamin C\u00a0cao<\/li>\n<li>Cung c\u1ea5p c\u00e1c lo\u1ea1i vitamin kh\u00e1c\u00a0(B2, B6, A, E) c\u00f9ng v\u1edbi\u00a0nhi\u1ec1u ch\u1ea5t kho\u00e1ng\u00a0nh\u01b0 ph\u1ed1t pho, canxi, kali, niacin, beta carotene, bioflavonoids v\u00e0 ch\u1ea5t x\u01a1 c\u00f3 t\u00e1c d\u1ee5ng ch\u1ed1ng oxy h\u00f3a m\u1ea1nh m\u1ebd, gi\u00fap ng\u0103n ng\u1eeba ung th\u01b0 c\u0169ng nh\u01b0 h\u1ed7 tr\u1ee3 s\u1ef1 h\u00ecnh th\u00e0nh, ph\u00e1t tri\u1ec3n c\u1ee7a x\u01b0\u01a1ng, c\u01a1 b\u1eafp v\u00e0 d\u00e2y th\u1ea7n kinh.<\/li>\n<li>C\u00f3 l\u1ee3i cho h\u1ec7 ti\u00eau h\u00f3a, k\u00edch th\u00edch d\u1ea1 d\u00e0y v\u00e0 m\u1eadt ho\u1ea1t \u0111\u1ed9ng t\u1ed1t.<\/li>\n<\/ul>\n<h3><img loading=\"lazy\" decoding=\"async\" class=\"aligncenter\" src=\"https:\/\/havamall.com\/wp-content\/uploads\/2025\/06\/img-product-100009.jpg\" alt=\"\u1edat b\u1ed9t Paprika B\u1ed9t \u1edbt Paprika B\u00e1n \u1edbt b\u1ed9t B\u00e1n b\u1ed9t \u1edbt nh\u1eadp kh\u1ea9u Mua b\u1ed9t \u1edbt \u1edf \u0111\u00e2u Mua \u1edbt b\u1ed9t \u1edf \u0111\u00e2u\" width=\"570\" height=\"321\" \/><\/h3>\n<h3><strong>H\u01b0\u1edbng d\u1eabn s\u1eed d\u1ee5ng:<\/strong><\/h3>\n<p>&#8211; D\u00f9ng trong ch\u1ebf bi\u1ebfn c\u00e1c m\u00f3n \u0103n.<\/p>\n<p>&#8211; Paprika l\u00e0 m\u1ed9t lo\u1ea1i \u1edbt n\u1ed5i ti\u1ebfng c\u1ee7a Hungary. V\u1edbi nhi\u1ec1u h\u01b0\u01a1ng v\u1ecb kh\u00e1c nhau, \u1edbt paprika \u0111\u01b0\u1ee3c s\u1eed d\u1ee5ng ph\u1ed5 bi\u1ebfn trong nhi\u1ec1u n\u1ec1n \u1ea9m th\u1ef1c tr\u00ean th\u1ebf gi\u1edbi.<\/p>\n<p>&#8211; C\u00e1c \u0111\u1ea7u b\u1ebfp th\u01b0\u1eddng s\u1eed d\u1ee5ng b\u1ed9t \u1edbt Smoke paprika \u0111\u1ec3 t\u1ea1o ra m\u00e0u \u0111\u1ecf \u0111\u1eb9p m\u1eaft \u0111\u1eb7c tr\u01b0ng t\u0103ng h\u01b0\u01a1ng v\u1ecb cay ng\u1ecdt cho c\u00e1c m\u00f3n h\u1ea7m, canh v\u00e0 s\u00fap.<\/p>\n<p>&#8211; Ngo\u00e0i ra, Paprika c\u00f2n \u0111\u01b0\u1ee3c d\u00f9ng \u0111\u1ec3 \u01b0\u1edbp c\u00e1c lo\u1ea1i c\u00e1, th\u1ecbt tr\u01b0\u1edbc khi ch\u1ebf bi\u1ebfn, th\u1eadm ch\u00ed n\u1ebfu b\u1ea1n \u0111un lo\u1ea1i \u1edbt b\u1ed9t n\u00e0y ng\u1eadp d\u1ea7u tr\u00ean ch\u1ea3o s\u1ebd cho ra h\u1ed7n h\u1ee3p th\u01a1m ngon v\u00e0 v\u1ecb \u0111\u1eadm \u0111\u00e0.<\/p>","protected":false},"excerpt":{"rendered":"<p>\u1edat B\u1ed9t Paprika Noble Sweet c\u00f3 m\u00e0u \u0111\u1ecf \u0111\u1eb7c tr\u01b0ng v\u00e0 \u0111\u1ed9 cay v\u1eeba ph\u1ea3i, thanh v\u1ecb ng\u1ecdt ng\u00e0o, m\u00e0u<\/p>","protected":false},"featured_media":39238,"comment_status":"open","ping_status":"closed","template":"","meta":[],"product_brand":[],"product_cat":[595,36,134],"product_tag":[],"class_list":{"0":"post-28329","1":"product","2":"type-product","3":"status-publish","4":"has-post-thumbnail","6":"product_cat-gia-vi-va-che-bien","7":"product_cat-thuc-pham-tieu-dung","8":"product_cat-thucpham-saykho","9":"pa_brand-skx","11":"first","12":"instock","13":"sale","14":"shipping-taxable","15":"purchasable","16":"product-type-simple"},"_links":{"self":[{"href":"https:\/\/havamall.vn\/en\/wp-json\/wp\/v2\/product\/28329"}],"collection":[{"href":"https:\/\/havamall.vn\/en\/wp-json\/wp\/v2\/product"}],"about":[{"href":"https:\/\/havamall.vn\/en\/wp-json\/wp\/v2\/types\/product"}],"replies":[{"embeddable":true,"href":"https:\/\/havamall.vn\/en\/wp-json\/wp\/v2\/comments?post=28329"}],"version-history":[{"count":0,"href":"https:\/\/havamall.vn\/en\/wp-json\/wp\/v2\/product\/28329\/revisions"}],"wp:featuredmedia":[{"embeddable":true,"href":"https:\/\/havamall.vn\/en\/wp-json\/wp\/v2\/media\/39238"}],"wp:attachment":[{"href":"https:\/\/havamall.vn\/en\/wp-json\/wp\/v2\/media?parent=28329"}],"wp:term":[{"taxonomy":"product_brand","embeddable":true,"href":"https:\/\/havamall.vn\/en\/wp-json\/wp\/v2\/product_brand?post=28329"},{"taxonomy":"product_cat","embeddable":true,"href":"https:\/\/havamall.vn\/en\/wp-json\/wp\/v2\/product_cat?post=28329"},{"taxonomy":"product_tag","embeddable":true,"href":"https:\/\/havamall.vn\/en\/wp-json\/wp\/v2\/product_tag?post=28329"}],"curies":[{"name":"wp","href":"https:\/\/api.w.org\/{rel}","templated":true}]}}