{"id":28267,"date":"2022-08-03T15:02:27","date_gmt":"2022-08-03T08:02:27","guid":{"rendered":"https:\/\/havamall.vn\/?post_type=product&#038;p=28267"},"modified":"2025-03-18T14:31:12","modified_gmt":"2025-03-18T07:31:12","slug":"bot-mi-farina-polselli-chuyen-lam-pizza-1kg","status":"publish","type":"product","link":"https:\/\/havamall.vn\/en\/shop\/bot-mi-farina-polselli-chuyen-lam-pizza-1kg\/","title":{"rendered":"B\u1ed9t M\u00ec Farina Polselli Chuy\u00ean L\u00e0m Pizza 1kg"},"content":{"rendered":"<p>Pizza kh\u00f4ng ch\u1ec9 l\u00e0 m\u1ed9t lo\u1ea1i b\u00e1nh r\u1ea5t \u0111\u01b0\u1ee3c y\u00eau th\u00edch tr\u00ean th\u1ebf gi\u1edbi m\u00e0 n\u00f3 c\u00f2n tr\u1edf th\u00e0nh th\u01b0\u01a1ng hi\u1ec7u c\u1ee7a \u00dd m\u1ed7i khi nh\u1eafc \u0111\u1ebfn \u0111\u1ea5t n\u01b0\u1edbc n\u00e0y. C\u0169ng gi\u1ed1ng nh\u01b0 Ph\u1edf \u2013 m\u1ed9t m\u00f3n \u0103n truy\u1ec1n th\u1ed1ng c\u1ee7a Vi\u1ec7t Nam, pizza \u0111ang kh\u1eb3ng \u0111\u1ecbnh v\u1ecb tr\u00ed top nh\u1eefng m\u00f3n \u0103n ngon v\u00e0 ph\u1ed5 bi\u1ebfn nh\u1ea5t th\u1ebf gi\u1edbi.<\/p>\n<p>V\u00e0 t\u1ea5t nhi\u00ean, kh\u00f4ng th\u1ec3 thi\u1ebfu b\u1ed9t m\u00ec \u2013 m\u1ed9t ph\u1ea7n c\u1ed1t y\u1ebfu t\u1ea1o n\u00ean s\u1ef1 th\u00e0nh c\u00f4ng cho chi\u1ebfc b\u00e1nh pizza.<\/p>\n<p>B\u1ed9t Farina Polselli &#8220;00&#8221; 1kg\u00a000\u00a0nh\u1eb9 v\u00e0 tho\u00e1ng n\u00ean t\u1ea1o ra k\u1ebft c\u1ea5u t\u1ed1t nh\u1ea5t cho c\u00e1c lo\u1ea1i b\u00e1nh n\u01b0\u1edbng nh\u01b0 pizza, focaccia, b\u00e1nh ph\u1ed3ng. 1kg b\u1ed9t m\u00ec m\u1ec1m n\u00e0y c\u00f3 th\u1ec3 l\u00e0m \u0111\u01b0\u1ee3c kho\u1ea3ng 8 chi\u1ebfc b\u1ed9t b\u00e1nh pizza (k\u00edch th\u01b0\u1edbc ti\u00eau chu\u1ea9n c\u1ee7a \u00dd).<\/p>\n<p><img fetchpriority=\"high\" decoding=\"async\" class=\"wp-image-28280 aligncenter\" src=\"https:\/\/havamall.vn\/wp-content\/uploads\/2025\/03\/65114896_1053624731494074_7332576739933028352_n-300x225.png\" alt=\"\" width=\"628\" height=\"471\" \/><\/p>\n<p>B\u1ed9t Farina Polselli 1kg\u00a0lu\u00f4n h\u1ea5p d\u1eabn c\u00e1c t\u00edn \u0111\u1ed3 b\u00e1nh tr\u00e1i b\u1edfi c\u00e1c l\u1edbp v\u1ecf v\u00e0ng r\u1ee5m, gi\u00f2n tan khi c\u1eafn l\u00e0m b\u1eadt ph\u1ea7n ru\u1ed9t b\u00e1nh m\u1ec1m th\u01a1m n\u1ee9c m\u0169i b\u00ean trong. L\u00e0m b\u00e1nh pizza kh\u00f3 nh\u1ea5t \u1edf kh\u00e2u tr\u1ed9n, nh\u00e0o v\u00e0 \u1ee7 b\u1ed9t. B\u1edfi v\u1eady v\u1edbi s\u1ea3n ph\u1ea9m n\u00e0y, b\u1ea1n s\u1ebd kh\u00f4ng c\u00f2n ph\u1ea3i lo l\u1eafng v\u1ec1 \u0111i\u1ec1u n\u00e0y n\u1eefa.<\/p>\n<p>B\u1ed9t tr\u1ed9n s\u1eb5n\u00a0t\u00edch h\u1ee3p \u0111\u1ea7y \u0111\u1ee7 c\u00e1c lo\u1ea1i lo\u1ea1i tinh b\u1ed9t v\u00e0 nguy\u00ean li\u1ec7u \u0111\u00e3 \u0111\u01b0\u1ee3c pha ch\u1ebf theo \u0111\u1ecbnh l\u01b0\u1ee3ng nh\u1ea5t \u0111\u1ecbnh \u0111\u1ec3 b\u1ea1n c\u00f3 th\u1ec3 d\u1ec5 d\u00e0ng l\u00e0m ra nh\u1eefng chi\u1ebfc b\u00e1nh pizza th\u01a1m ngon, chu\u1ea9n v\u1ecb nh\u1ea5t.<\/p>\n<p><img decoding=\"async\" class=\"wp-image-28281 aligncenter\" src=\"https:\/\/havamall.vn\/wp-content\/uploads\/2025\/03\/19388766_640686979454520_6606431660810452801_o-300x225.jpg\" alt=\"\" width=\"624\" height=\"468\" \/><\/p>\n<p>B\u1ed9t Farina Polselli 1kg \u0111\u01b0\u1ee3c s\u1ea3n xu\u1ea5t b\u1eb1ng c\u00e1ch nghi\u1ec1n t\u1eeb h\u1ea1t l\u00faa m\u00ec truy\u1ec1n th\u1ed1ng c\u1ee7a n\u01b0\u1edbc \u00dd v\u00e0 k\u1ebft h\u1ee3p v\u1edbi b\u1ed9t nh\u1eadp ngo\u1ea1i c\u00f3 h\u00e0m l\u01b0\u1ee3ng protein cao. S\u1ea3n ph\u1ea9m ph\u00f9 h\u1ee3p \u0111\u1ec3 l\u00e0m b\u00e1nh v\u00e0 m\u00ec pasta t\u1ea1i nh\u00e0 nh\u01b0 l\u00e0 \u201cGnocchi\u201d ho\u1eb7c m\u1ee5c \u0111\u00edch kh\u00e1c.<\/p>\n<p>S\u1eed d\u1ee5ng b\u1ed9t tr\u1ed9n s\u1eb5n s\u1ebd gi\u00fap b\u1ea1n ti\u1ebft ki\u1ec7m \u0111\u01b0\u1ee3c nhi\u1ec1u th\u1eddi gian c\u00f4ng s\u1ee9c trong nh\u00e0o v\u00e0 \u1ee7 b\u1ed9t \u0111\u1ec3 l\u00e0m c\u00e1c c\u00f4ng vi\u1ec7c kh\u00e1c. V\u1edbi c\u00e1c gia \u0111\u00ecnh hi\u1ec7n \u0111\u1ea1i kh\u00f4ng c\u00f3 nhi\u1ec1u th\u1eddi gian, b\u1ed9t tr\u1ed9n s\u1eb5n farina s\u1ebd l\u00e0 s\u1ef1 l\u1ef1a ch\u1ecdn s\u1ed1 1<\/p>\n<p>S\u1ea3n ph\u1ea9m \u0111\u01b0\u1ee3c s\u1ea3n xu\u1ea5t tr\u00ean d\u00e2y chuy\u1ec1n c\u00f4ng ngh\u1ec7 hi\u1ec7n \u0111\u1ea1i c\u1ee7a Italia, k\u1ebft h\u1ee3p v\u1edbi s\u1ef1 h\u1ed7 tr\u1ee3 c\u1ee7a c\u00e1c chuy\u00ean gia h\u00e0ng \u0111\u1ea7u th\u1ebf gi\u1edbi, \u0111\u1ea3m b\u1ea3o uy t\u00edn, ch\u1ea5t l\u01b0\u1ee3ng tuy\u1ec7t \u0111\u1ed1i.<\/p>\n<p><img decoding=\"async\" class=\"wp-image-28282 aligncenter\" src=\"https:\/\/havamall.vn\/wp-content\/uploads\/2025\/03\/81SG-oUZaL._SL1500_-300x235.jpg\" alt=\"\" width=\"601\" height=\"471\" \/><\/p>\n<h3><b>G\u1ee2I \u00dd CH\u1ebe BI\u1ebeN<\/b><\/h3>\n<ul>\n<li>Chu\u1ea9n b\u1ecb 225gr b\u1ed9t, 150ml n\u01b0\u1edbc v\u00e0 3gr men n\u1edf instant v\u00e0o b\u00e1t l\u1edbn.<\/li>\n<li>L\u01b0\u1ee3ng b\u1ed9t v\u00e0 n\u01b0\u1edbc theo t\u1ec9 l\u1ec7 2:1<\/li>\n<li>Sau \u0111\u00f3, tr\u1ed9n h\u1ed7n h\u1ee3p \u0111\u1ec1u tay. Sau khi \u0111\u00e3 th\u00e0nh m\u1ed9t kh\u1ed1i, ta cho b\u1ed9t ngh\u1ec9 kho\u1ea3ng 20 ph\u00fat.<\/li>\n<\/ul>\n<p><img loading=\"lazy\" decoding=\"async\" class=\"wp-image-28283 aligncenter\" src=\"https:\/\/havamall.vn\/wp-content\/uploads\/2025\/03\/19388766_640686979454520_6606431660810452801_o-1-300x225.jpg\" alt=\"\" width=\"611\" height=\"458\" \/><\/p>","protected":false},"excerpt":{"rendered":"<p>Pizza kh\u00f4ng ch\u1ec9 l\u00e0 m\u1ed9t lo\u1ea1i b\u00e1nh r\u1ea5t \u0111\u01b0\u1ee3c y\u00eau th\u00edch tr\u00ean th\u1ebf gi\u1edbi m\u00e0 n\u00f3 c\u00f2n tr\u1edf th\u00e0nh th\u01b0\u01a1ng<\/p>","protected":false},"featured_media":32519,"comment_status":"open","ping_status":"closed","template":"","meta":[],"product_brand":[],"product_cat":[672,130,36],"product_tag":[],"class_list":{"0":"post-28267","1":"product","2":"type-product","3":"status-publish","4":"has-post-thumbnail","6":"product_cat-nhap-khau-y","7":"product_cat-khuyen-mai","8":"product_cat-thuc-pham-tieu-dung","9":"pa_brand-lasicilia","11":"first","12":"instock","13":"sale","14":"shipping-taxable","15":"purchasable","16":"product-type-simple"},"_links":{"self":[{"href":"https:\/\/havamall.vn\/en\/wp-json\/wp\/v2\/product\/28267"}],"collection":[{"href":"https:\/\/havamall.vn\/en\/wp-json\/wp\/v2\/product"}],"about":[{"href":"https:\/\/havamall.vn\/en\/wp-json\/wp\/v2\/types\/product"}],"replies":[{"embeddable":true,"href":"https:\/\/havamall.vn\/en\/wp-json\/wp\/v2\/comments?post=28267"}],"version-history":[{"count":0,"href":"https:\/\/havamall.vn\/en\/wp-json\/wp\/v2\/product\/28267\/revisions"}],"wp:featuredmedia":[{"embeddable":true,"href":"https:\/\/havamall.vn\/en\/wp-json\/wp\/v2\/media\/32519"}],"wp:attachment":[{"href":"https:\/\/havamall.vn\/en\/wp-json\/wp\/v2\/media?parent=28267"}],"wp:term":[{"taxonomy":"product_brand","embeddable":true,"href":"https:\/\/havamall.vn\/en\/wp-json\/wp\/v2\/product_brand?post=28267"},{"taxonomy":"product_cat","embeddable":true,"href":"https:\/\/havamall.vn\/en\/wp-json\/wp\/v2\/product_cat?post=28267"},{"taxonomy":"product_tag","embeddable":true,"href":"https:\/\/havamall.vn\/en\/wp-json\/wp\/v2\/product_tag?post=28267"}],"curies":[{"name":"wp","href":"https:\/\/api.w.org\/{rel}","templated":true}]}}