{"id":28254,"date":"2022-08-01T16:28:46","date_gmt":"2022-08-01T09:28:46","guid":{"rendered":"https:\/\/havamall.vn\/?post_type=product&#038;p=28254"},"modified":"2023-06-09T09:31:03","modified_gmt":"2023-06-09T02:31:03","slug":"ha-lan-vang-nguyen-hat-hop-nhua-cao-cap-havafood-200g","status":"publish","type":"product","link":"https:\/\/havamall.vn\/en\/shop\/ha-lan-vang-nguyen-hat-hop-nhua-cao-cap-havafood-200g\/","title":{"rendered":"H\u00e0 Lan v\u00e0ng Nguy\u00ean H\u1ea1t H\u1ed9p Nh\u1ef1a Cao C\u1ea5p Havafood 200g"},"content":{"rendered":"<p>H\u1ea1t \u0111\u1eadu H\u00e0 Lan v\u00e0ng \u0111\u01b0\u1ee3c nh\u1eadp kh\u1ea9u t\u1eeb \u1ea4n \u0110\u1ed9 minh ch\u1ee9ng chu\u1ea9n m\u1ef1c v\u1ec1 An to\u00e0n v\u1ec7 sinh th\u1ef1c ph\u1ea9m; C\u00f4ng ngh\u1ec7 gieo tr\u1ed3ng thu\u1ea7n khi\u1ebft t\u1ef1 nhi\u00ean, sinh h\u1ecdc; Kh\u00f4ng bi\u1ebfn \u0111\u1ed5i Gen; Kh\u00f4ng s\u1eed d\u1ee5ng thu\u1ed1c b\u1ea3o qu\u1ea3n th\u1ef1c v\u1eadt; Kh\u00f4ng s\u1eed d\u1ee5ng ph\u00e2n h\u00f3a h\u1ecdc v\u00e0 k\u00edch th\u00edch sinh tr\u01b0\u1edfng.<\/p>\n<p>\u0110\u1eadu h\u00e0 lan v\u00e0ng\u00a0l\u00e0 m\u1ed9t s\u1ef1 b\u1ed5 sung tuy\u1ec7t v\u1eddi cho th\u1ef1c \u0111\u01a1n c\u1ee7a b\u1ea1n b\u1edfi v\u00ec ngo\u00e0i n\u1ed3ng \u0111\u1ed9 vitamin v\u00e0 kho\u00e1ng ch\u1ea5t, ch\u00fang c\u00f2n cung c\u1ea5p c\u00e1c ch\u1ea5t dinh d\u01b0\u1ee1ng carotenoid, lutein v\u00e0 zeaxanthin, \u0110\u01b0\u1ee3c bi\u1ebft \u0111\u1ebfn \u0111\u1ec3 th\u00fac \u0111\u1ea9y t\u1ea7m nh\u00ecn v\u00e0 s\u1ee9c kho\u1ebb m\u1eaft.<\/p>\n<p><img fetchpriority=\"high\" decoding=\"async\" class=\"wp-image-28255 aligncenter\" src=\"https:\/\/havamall.vn\/wp-content\/uploads\/2022\/08\/Whole-Yellow-Peas-300x201.png\" alt=\"\" width=\"637\" height=\"427\" srcset=\"https:\/\/havamall.vn\/wp-content\/uploads\/2022\/08\/Whole-Yellow-Peas-300x201.png 300w, https:\/\/havamall.vn\/wp-content\/uploads\/2022\/08\/Whole-Yellow-Peas-430x289.png 430w, https:\/\/havamall.vn\/wp-content\/uploads\/2022\/08\/Whole-Yellow-Peas-150x101.png 150w, https:\/\/havamall.vn\/wp-content\/uploads\/2022\/08\/Whole-Yellow-Peas-700x470.png 700w, https:\/\/havamall.vn\/wp-content\/uploads\/2022\/08\/Whole-Yellow-Peas-768x516.png 768w, https:\/\/havamall.vn\/wp-content\/uploads\/2022\/08\/Whole-Yellow-Peas-1024x687.png 1024w, https:\/\/havamall.vn\/wp-content\/uploads\/2022\/08\/Whole-Yellow-Peas-1200x806.png 1200w, https:\/\/havamall.vn\/wp-content\/uploads\/2022\/08\/Whole-Yellow-Peas-600x403.png 600w, https:\/\/havamall.vn\/wp-content\/uploads\/2022\/08\/Whole-Yellow-Peas.png 1366w\" sizes=\"(max-width: 637px) 100vw, 637px\" \/><\/p>\n<p>L\u00e0 m\u1ed9t ngu\u1ed3n \u0111\u00e1ng tin c\u1eady c\u00e1c ch\u1ea5t b\u00e9o, omega-3 d\u01b0\u1edbi d\u1ea1ng axit alpha-linolenic (ALA). Trong m\u1ed9t ch\u00e9n \u0111\u1eadu h\u00e0 lan c\u00f3 ch\u1ee9a 30 miligam ALA, 130 miligam axit b\u00e9o, omega-6 c\u1ea7n thi\u1ebft v\u00e0 axit linoleic. M\u1eb7c d\u00f9 h\u00e0m l\u01b0\u1ee3ng ch\u1ea5t b\u00e9o th\u1ea5p, nh\u01b0ng ch\u00fang l\u00e0 lo\u1ea1i ch\u1ea5t b\u00e9o quan tr\u1ecdng r\u1ea5t t\u1ed1t cho c\u01a1 th\u1ec3.<\/p>\n<h2><strong>C\u00f4ng d\u1ee5ng<\/strong><\/h2>\n<div>Theo c\u00e1c nh\u00e0 nghi\u00ean c\u1ee9u thu\u1ed9c Tr\u01b0\u1eddng \u0110H Manitoba (Canada), b\u1ed9t \u0111\u1eadu H\u00e0 Lan v\u00e0ng c\u00f3 th\u1ec3 gi\u00fap ng\u0103n ng\u1eeba v\u00e0 \u0111i\u1ec1u tr\u1ecb b\u1ec7nh \u0111\u00e1i th\u00e1o \u0111\u01b0\u1eddng type 2, r\u1ea5t c\u00f3 l\u1ee3i cho s\u1ee9c kh\u1ecfe b\u1edfi th\u00e0nh ph\u1ea7n ch\u1ee9a nhi\u1ec1u ch\u1ea5t x\u01a1, \u0111\u1ea1m, ch\u1ea5t ch\u1ed1ng oxy h\u00f3a, \u00edt ch\u1ea5t b\u00e9o.<\/div>\n<div><\/div>\n<div>B\u00ean c\u1ea1nh \u0111\u00f3, \u0110\u1eadu H\u00e0 Lan v\u00e0ng b\u1ed5 sung dinh d\u01b0\u1ee1ng h\u1eb1ng ng\u00e0y cho m\u1ed7i c\u01a1 th\u1ec3 s\u1ed1ng \u1edf m\u1ecdi l\u1ee9a tu\u1ed5i, m\u1ecdi gi\u1edbi t\u00ednh\u2026\u0110\u1eb7c bi\u1ec7t h\u01a1n n\u1eefa l\u00e0 ch\u0103m s\u00f3c tr\u1ebb em c\u00f2i c\u1ecdc, b\u00e9o ph\u00ec, ph\u1ee5 n\u1eef mang thai, ph\u1ee5 n\u1eef \u0111ang cho con b\u00fa, \u00a0ng\u01b0\u1eddi b\u1ec7nh, ng\u01b0\u1eddi gi\u00e0\u2026.S\u1eed d\u1ee5ng H\u1ea1t \u0110\u1eadu H\u00e0 Lan l\u00e0 m\u1ed9t l\u1ef1a ch\u1ecdn th\u00f4ng th\u00e1i trong m\u1ecdi th\u1eddi \u0111\u1ea1i.<\/div>\n<div><img decoding=\"async\" class=\"wp-image-28256 aligncenter\" src=\"https:\/\/havamall.vn\/wp-content\/uploads\/2022\/08\/Mexican-Split-Pea-Soup-300x200.jpg\" alt=\"\" width=\"638\" height=\"425\" srcset=\"https:\/\/havamall.vn\/wp-content\/uploads\/2022\/08\/Mexican-Split-Pea-Soup-300x200.jpg 300w, https:\/\/havamall.vn\/wp-content\/uploads\/2022\/08\/Mexican-Split-Pea-Soup-430x287.jpg 430w, https:\/\/havamall.vn\/wp-content\/uploads\/2022\/08\/Mexican-Split-Pea-Soup-150x100.jpg 150w, https:\/\/havamall.vn\/wp-content\/uploads\/2022\/08\/Mexican-Split-Pea-Soup-700x467.jpg 700w, https:\/\/havamall.vn\/wp-content\/uploads\/2022\/08\/Mexican-Split-Pea-Soup-768x513.jpg 768w, https:\/\/havamall.vn\/wp-content\/uploads\/2022\/08\/Mexican-Split-Pea-Soup-1024x683.jpg 1024w, https:\/\/havamall.vn\/wp-content\/uploads\/2022\/08\/Mexican-Split-Pea-Soup-1200x801.jpg 1200w, https:\/\/havamall.vn\/wp-content\/uploads\/2022\/08\/Mexican-Split-Pea-Soup-600x400.jpg 600w, https:\/\/havamall.vn\/wp-content\/uploads\/2022\/08\/Mexican-Split-Pea-Soup.jpg 1840w\" sizes=\"(max-width: 638px) 100vw, 638px\" \/><\/div>\n<h2><strong>H\u01b0\u1edbng d\u1eabn s\u1eed d\u1ee5ng<\/strong><\/h2>\n<div>\u2013 Lu\u1ed9c \u0111\u1eadu s\u00f4i kho\u1ea3ng 30 ph\u00fat \u0111\u1ec3 \u0111\u1eadu m\u1ec1m v\u1eeba \u00fd.<\/div>\n<p>\u2013 D\u00f9ng ch\u1ebf bi\u1ebfn c\u00e1c m\u00f3n \u0103n t\u00f9y th\u00edch: Salads, n\u1ea5u x\u00f4i, n\u1ea5u s\u00fap, n\u1ea5u ch\u00e8, x\u00e0o th\u1eadp c\u1ea9m, s\u1eefa \u0111\u1eadu H\u00e0 Lan, nghi\u1ec1n nhuy\u1ec5n + d\u1ea7u Oliu \u0103n v\u1edbi b\u00e1nh m\u1ef3, b\u1ed9t dinh d\u01b0\u1ee1ng, l\u00e0m b\u00e1nh, xay h\u1ea1t t\u01b0\u01a1i s\u1ed1ng th\u00e0nh sinh t\u1ed1 n\u1ea5u c\u00e1c m\u00f3n canh, pha b\u1ed9t cho b\u00e9, ch\u00e1o dinh d\u01b0\u1ee1ng.<\/p>\n<p><img decoding=\"async\" class=\"wp-image-28257 aligncenter\" src=\"https:\/\/havamall.vn\/wp-content\/uploads\/2022\/08\/split-pea-soup-3-200x300.jpg\" alt=\"\" width=\"639\" height=\"959\" srcset=\"https:\/\/havamall.vn\/wp-content\/uploads\/2022\/08\/split-pea-soup-3-200x300.jpg 200w, https:\/\/havamall.vn\/wp-content\/uploads\/2022\/08\/split-pea-soup-3-430x645.jpg 430w, https:\/\/havamall.vn\/wp-content\/uploads\/2022\/08\/split-pea-soup-3-150x225.jpg 150w, https:\/\/havamall.vn\/wp-content\/uploads\/2022\/08\/split-pea-soup-3-700x1050.jpg 700w, https:\/\/havamall.vn\/wp-content\/uploads\/2022\/08\/split-pea-soup-3-768x1152.jpg 768w, https:\/\/havamall.vn\/wp-content\/uploads\/2022\/08\/split-pea-soup-3-683x1024.jpg 683w, https:\/\/havamall.vn\/wp-content\/uploads\/2022\/08\/split-pea-soup-3.jpg 1200w, https:\/\/havamall.vn\/wp-content\/uploads\/2022\/08\/split-pea-soup-3-600x900.jpg 600w\" sizes=\"(max-width: 639px) 100vw, 639px\" \/><\/p>","protected":false},"excerpt":{"rendered":"<p>H\u1ea1t \u0111\u1eadu H\u00e0 Lan v\u00e0ng \u0111\u01b0\u1ee3c nh\u1eadp kh\u1ea9u t\u1eeb \u1ea4n \u0110\u1ed9 minh ch\u1ee9ng chu\u1ea9n m\u1ef1c v\u1ec1 An to\u00e0n v\u1ec7 sinh<\/p>","protected":false},"featured_media":28258,"comment_status":"open","ping_status":"closed","template":"","meta":[],"product_brand":[],"product_cat":[595,36,134],"product_tag":[],"class_list":{"0":"post-28254","1":"product","2":"type-product","3":"status-publish","4":"has-post-thumbnail","6":"product_cat-gia-vi-va-che-bien","7":"product_cat-thuc-pham-tieu-dung","8":"product_cat-thucpham-saykho","9":"pa_brand-skx","11":"first","12":"instock","13":"sale","14":"shipping-taxable","15":"purchasable","16":"product-type-simple"},"_links":{"self":[{"href":"https:\/\/havamall.vn\/en\/wp-json\/wp\/v2\/product\/28254"}],"collection":[{"href":"https:\/\/havamall.vn\/en\/wp-json\/wp\/v2\/product"}],"about":[{"href":"https:\/\/havamall.vn\/en\/wp-json\/wp\/v2\/types\/product"}],"replies":[{"embeddable":true,"href":"https:\/\/havamall.vn\/en\/wp-json\/wp\/v2\/comments?post=28254"}],"version-history":[{"count":0,"href":"https:\/\/havamall.vn\/en\/wp-json\/wp\/v2\/product\/28254\/revisions"}],"wp:featuredmedia":[{"embeddable":true,"href":"https:\/\/havamall.vn\/en\/wp-json\/wp\/v2\/media\/28258"}],"wp:attachment":[{"href":"https:\/\/havamall.vn\/en\/wp-json\/wp\/v2\/media?parent=28254"}],"wp:term":[{"taxonomy":"product_brand","embeddable":true,"href":"https:\/\/havamall.vn\/en\/wp-json\/wp\/v2\/product_brand?post=28254"},{"taxonomy":"product_cat","embeddable":true,"href":"https:\/\/havamall.vn\/en\/wp-json\/wp\/v2\/product_cat?post=28254"},{"taxonomy":"product_tag","embeddable":true,"href":"https:\/\/havamall.vn\/en\/wp-json\/wp\/v2\/product_tag?post=28254"}],"curies":[{"name":"wp","href":"https:\/\/api.w.org\/{rel}","templated":true}]}}