{"id":28225,"date":"2022-07-26T16:39:14","date_gmt":"2022-07-26T09:39:14","guid":{"rendered":"https:\/\/havamall.vn\/?post_type=product&#038;p=28225"},"modified":"2025-09-15T11:29:27","modified_gmt":"2025-09-15T04:29:27","slug":"long-den-trung-thu-giay-kieng-mini-khung-nhua-mau-ngau-nhien","status":"publish","type":"product","link":"https:\/\/havamall.vn\/en\/shop\/long-den-trung-thu-giay-kieng-mini-khung-nhua-mau-ngau-nhien\/","title":{"rendered":"L\u1ed3ng \u0110\u00e8n Trung Thu Gi\u1ea5y Ki\u1ebfng Mini Khung Nh\u1ef1a M\u1eabu Ng\u1eabu Nhi\u00ean"},"content":{"rendered":"<p>Mo\u0323\u0302t mu\u0300a Te\u0302\u0301t trung thu nu\u031b\u0303a la\u0323i sa\u0306\u0301p ve\u0302\u0300&#8230; Nhu\u031b\u0303ng nga\u0300y na\u0300y, ra \u0111u\u031bo\u031b\u0300ng \u0111a\u0303 la\u0301c \u0111a\u0301c ca\u0301c qua\u0302\u0300y sa\u0323p ba\u0300y ba\u0301n ba\u0301nh trung thu. Lo\u0300ng la\u0323i bo\u0302\u0300i ho\u0302\u0300i, nho\u031b\u0301 ve\u0302\u0300 mo\u0323\u0302t tuo\u0302\u0309i tho\u031b na\u0306m na\u0300o cu\u0303ng ha\u0301o hu\u031b\u0301c \u0111o\u0301n cho\u031b\u0300 ra\u0306\u0300m tha\u0301ng Ta\u0301m&#8230; Co\u0301 le\u0303 bo\u0323n tre\u0309 nga\u0300y nay thie\u0323\u0302t tho\u0300i ho\u031bn nhie\u0302\u0300u vi\u0300 nhu\u031b\u0303ng tra\u0309i nghie\u0323\u0302m ly\u0301 thu\u0301 ve\u0302\u0300 trung thu nhu\u031b nga\u0306\u0301m tra\u0306ng, pha\u0301 co\u0302\u0303, cho\u031bi ha\u0323t bu\u031bo\u031b\u0309i, \u0111i ru\u031bo\u031b\u0301c \u0111e\u0300n kha\u0306\u0301p xo\u0301m nhu\u031b xu\u031ba cha\u0306\u0309ng bao gio\u031b\u0300 ti\u0300m tha\u0302\u0301y nu\u031b\u0303a.<\/p>\n<p><img fetchpriority=\"high\" decoding=\"async\" class=\"wp-image-28227 aligncenter\" src=\"https:\/\/havamall.com\/wp-content\/uploads\/2025\/09\/289188281_4750677081700911_4976957778776706960_n-300x256.jpg\" alt=\"\" width=\"557\" height=\"475\" \/><\/p>\n<p>L\u1ed3ng \u0111en mini c\u00f3 k\u00edch th\u01b0\u1edbc t\u00ed hon nh\u01b0ng nh\u1eefng chi\u1ebfc \u0111\u00e8n n\u00e0y nh\u01b0 m\u1ed9t phi\u00ean b\u1ea3n thu nh\u1ecf c\u1ee7a \u0111\u00e8n l\u1edbn, v\u1eabn \u0111\u1ea7y \u0111\u1ee7 c\u00e1c b\u1ed9 ph\u1eadn v\u00e0 r\u1ea5t b\u1eaft m\u1eaft. S\u1ea3n ph\u1ea9m \u0111\u00e3 \u0111\u01b0\u1ee3c c\u1ea5u t\u1ea1o khung b\u1eb1ng nh\u1ef1a, bao b\u1ecdc gi\u1ea5y b\u00f3ng ki\u1ebfng b\u00ean ngo\u00e0i.<\/p>\n<h3><strong>Th\u00f4ng tin s\u1ea3n ph\u1ea9m:<\/strong><\/h3>\n<ul>\n<li>Ch\u1ea5t li\u1ec7u: khung nh\u1ef1a, gi\u1ea5y ki\u1ebfng.<\/li>\n<li>K\u00edch th\u01b0\u1edbc: t\u1eeb 10 \u0111\u1ebfn 15cm.<\/li>\n<li>M\u00e0u s\u1eafc: ng\u1eabu nhi\u00ean\u00a0(li\u00ean h\u1ec7 shop \u0111\u1ec3 ch\u1ecdn m\u00e0u).<\/li>\n<li>S\u1ea3n ph\u1ea9m c\u00f3 th\u1ec3 g\u1eafn th\u00eam \u0111\u00e8n c\u1ea7y, \u0111\u00e8n led (3V).<\/li>\n<li>M\u00e0u s\u1eafc: V\u00e0ng &#8211; \u0110\u1ecf &#8211; Xanh &#8211; H\u1ed3ng &#8211; T\u00edm<\/li>\n<\/ul>\n<h3><img decoding=\"async\" class=\"wp-image-28229 aligncenter\" src=\"https:\/\/havamall.com\/wp-content\/uploads\/2025\/09\/e4bac78344f78b6289fc377ef3b7a032-300x246.jpg\" alt=\"\" width=\"550\" height=\"451\" \/><\/h3>\n<h3><strong>C\u00f4ng d\u1ee5ng c\u1ee7a s\u1ea3n ph\u1ea9m:<\/strong><\/h3>\n<ul>\n<li>D\u00f9ng cho em b\u00e9 nh\u1ecf ch\u01a1i, tr\u01b0ng b\u00e0y b\u00e0n h\u1ecdc, treo c\u1eeda s\u1ed5,&#8230;<\/li>\n<li>D\u00f9ng trang tr\u00ed ti\u1ec3u c\u1ea3nh c\u00e1c concept mini t\u1ea1i s\u1ea3nh nh\u00e0 h\u00e0ng, qu\u00e1n \u0103n, kh\u00e1ch s\u1ea1n, ho\u1eb7c b\u00e0n c\u1ee7a nh\u00e0 \u1edf<\/li>\n<li>D\u00f9ng trang tr\u00ed tr\u00ean c\u00e1c m\u00e2m qu\u1ea3 tr\u01b0ng b\u00e0y, t\u00f9y theo c\u00e1ch tr\u01b0ng b\u00e0y \u00fd mu\u1ed1n c\u1ee7a qu\u00fd kh\u00e1ch, d\u00f9ng \u0111\u1ec3 tr\u01b0ng b\u00e0y, trang tr\u00ed g\u00f3c h\u1ecdc t\u1eadp, g\u00f3c b\u00e0n l\u00e0m vi\u1ec7c, l\u00e0m qu\u00e0 t\u1eb7ng d\u1ecbp Trung thu, trang tr\u00ed khu v\u01b0\u1eddn, c\u1eeda s\u1ed5&#8230;<\/li>\n<\/ul>\n<p><img decoding=\"async\" class=\"wp-image-28232 aligncenter\" src=\"https:\/\/havamall.com\/wp-content\/uploads\/2025\/09\/67166505_2010596442375669_8698341744099459072_n-300x295.jpg\" alt=\"\" width=\"556\" height=\"547\" \/><\/p>","protected":false},"excerpt":{"rendered":"<p>Mo\u0323\u0302t mu\u0300a Te\u0302\u0301t trung thu nu\u031b\u0303a la\u0323i sa\u0306\u0301p ve\u0302\u0300&#8230; Nhu\u031b\u0303ng nga\u0300y na\u0300y, ra \u0111u\u031bo\u031b\u0300ng \u0111a\u0303 la\u0301c \u0111a\u0301c ca\u0301c qua\u0302\u0300y sa\u0323p<\/p>","protected":false},"featured_media":28234,"comment_status":"open","ping_status":"closed","template":"","meta":[],"product_brand":[],"product_cat":[394,35],"product_tag":[],"class_list":{"0":"post-28225","1":"product","2":"type-product","3":"status-publish","4":"has-post-thumbnail","6":"product_cat-trang-tri-nha-cua","7":"product_cat-nha-cua-doi-song","9":"first","10":"instock","11":"sale","12":"shipping-taxable","13":"purchasable","14":"product-type-simple"},"_links":{"self":[{"href":"https:\/\/havamall.vn\/en\/wp-json\/wp\/v2\/product\/28225"}],"collection":[{"href":"https:\/\/havamall.vn\/en\/wp-json\/wp\/v2\/product"}],"about":[{"href":"https:\/\/havamall.vn\/en\/wp-json\/wp\/v2\/types\/product"}],"replies":[{"embeddable":true,"href":"https:\/\/havamall.vn\/en\/wp-json\/wp\/v2\/comments?post=28225"}],"version-history":[{"count":0,"href":"https:\/\/havamall.vn\/en\/wp-json\/wp\/v2\/product\/28225\/revisions"}],"wp:featuredmedia":[{"embeddable":true,"href":"https:\/\/havamall.vn\/en\/wp-json\/wp\/v2\/media\/28234"}],"wp:attachment":[{"href":"https:\/\/havamall.vn\/en\/wp-json\/wp\/v2\/media?parent=28225"}],"wp:term":[{"taxonomy":"product_brand","embeddable":true,"href":"https:\/\/havamall.vn\/en\/wp-json\/wp\/v2\/product_brand?post=28225"},{"taxonomy":"product_cat","embeddable":true,"href":"https:\/\/havamall.vn\/en\/wp-json\/wp\/v2\/product_cat?post=28225"},{"taxonomy":"product_tag","embeddable":true,"href":"https:\/\/havamall.vn\/en\/wp-json\/wp\/v2\/product_tag?post=28225"}],"curies":[{"name":"wp","href":"https:\/\/api.w.org\/{rel}","templated":true}]}}